{"id":1409,"date":"2025-11-24T13:00:54","date_gmt":"2025-11-24T12:00:54","guid":{"rendered":"https:\/\/semmelweis.hu\/vizilabda\/?page_id=1409"},"modified":"2025-11-24T13:01:08","modified_gmt":"2025-11-24T12:01:08","slug":"budapest-gyermek-iv-1","status":"publish","type":"page","link":"https:\/\/semmelweis.hu\/vizilabda\/utanpotlas\/budapesti-gyermek-iv\/budapest-gyermek-iv-1\/","title":{"rendered":"Budapest Gyermek IV. (1)"},"content":{"rendered":"<div class=\"w-100 keretes\" style=\"text-align: justify\">Gyermek IV. csapatunk a Budapesti K\u0151nigh Gy\u00f6rgy Gyermek IV. Fi\u00fa Bajnoks\u00e1g (2014) versenysorozatban indul. Ebben a koroszt\u00e1lyban k\u00e9t csapattal versenyz\u00fcnk.<\/div>\n<p>H\u00edrek a csapattal kapcsolatban:<\/p>\n<script type=\"text\/javascript\" src=\"https:\/\/semmelweis.hu\/vizilabda\/wp-content\/themes\/se18\/dist\/scripts\/carousel.js\"><\/script>    <section class=\"post-cards shortcode-wrapper\">\r\n        <div id=\"news-container\" class=\" d-none d-sm-flex flex-column  full-width-post-cards-shortcode-card news-container-for-card-code\" style=\"\">\r\n            \r\n            <div class=\"row card-row my-2 pt-3 pb-0 mx-0 w-100 \">\r\n               \r\n                                \r\n            <\/div>\r\n        <\/div>\r\n\r\n                        <div class=\"post-slide-hirek row px-0\">\r\n            <style>\r\n                .post-slide-hirek .owl-nav button {\r\n                    margin: 0px !important;\r\n                    height: 100% !important;\r\n                }\r\n\r\n                .card-custom-title {\r\n                    font-size: 17px;\r\n                    line-height: 23px;\r\n                    overflow: hidden;\r\n                    text-overflow: ellipsis;\r\n                    display: -webkit-box;\r\n                    -webkit-line-clamp: 3;\r\n                    -webkit-box-orient: vertical;\r\n                    min-height: 72px;\r\n                }\r\n\r\n                .card-custom-max-h {\r\n                    max-height: 235px !important;\r\n                    object-fit: cover;\r\n                }\r\n\r\n                .post-slide-hirek .owl-item .card-img img {\r\n                    opacity: 1 !important;\r\n                    aspect-ratio: 3\/ 2;\r\n\r\n                }\r\n                .card:has(.card-date:not(.d-none)):not(:has(img)) {\r\n                    margin-top: 20px;\r\n                }\r\n            <\/style>\r\n            Nincsenek bejegyz\u00e9sek, vagy valami hiba t\u00f6rt\u00e9nt.        \r\n        <\/div><!-- owl-carousel -->\r\n    <\/section>\r\n\r\n\n<p>Vezet\u0151edz\u0151: Sz\u00e9p Brigitta<\/p>\n","protected":false},"excerpt":{"rendered":"<p>Gyermek IV. csapatunk a Budapesti K\u0151nigh Gy\u00f6rgy Gyermek IV. Fi\u00fa Bajnoks\u00e1g (2014) versenysorozatban indul. Ebben a koroszt\u00e1lyban k\u00e9t csapattal versenyz\u00fcnk.<br \/>\nH\u00edrek a csapattal kapcsolatban:<\/p>\n<p>Vezet\u0151edz\u0151: Sz\u00e9p Brigitta<\/p>\n","protected":false},"author":102504,"featured_media":0,"parent":310,"menu_order":0,"comment_status":"closed","ping_status":"closed","template":"","meta":{"_acf_changed":false,"footnotes":""},"categories":[8],"tags":[],"class_list":["post-1409","page","type-page","status-publish","hentry","category-utanpotlas-csapatok"],"acf":[],"_links":{"self":[{"href":"https:\/\/semmelweis.hu\/vizilabda\/wp-json\/wp\/v2\/pages\/1409","targetHints":{"allow":["GET"]}}],"collection":[{"href":"https:\/\/semmelweis.hu\/vizilabda\/wp-json\/wp\/v2\/pages"}],"about":[{"href":"https:\/\/semmelweis.hu\/vizilabda\/wp-json\/wp\/v2\/types\/page"}],"author":[{"embeddable":true,"href":"https:\/\/semmelweis.hu\/vizilabda\/wp-json\/wp\/v2\/users\/102504"}],"replies":[{"embeddable":true,"href":"https:\/\/semmelweis.hu\/vizilabda\/wp-json\/wp\/v2\/comments?post=1409"}],"version-history":[{"count":1,"href":"https:\/\/semmelweis.hu\/vizilabda\/wp-json\/wp\/v2\/pages\/1409\/revisions"}],"predecessor-version":[{"id":1410,"href":"https:\/\/semmelweis.hu\/vizilabda\/wp-json\/wp\/v2\/pages\/1409\/revisions\/1410"}],"up":[{"embeddable":true,"href":"https:\/\/semmelweis.hu\/vizilabda\/wp-json\/wp\/v2\/pages\/310"}],"wp:attachment":[{"href":"https:\/\/semmelweis.hu\/vizilabda\/wp-json\/wp\/v2\/media?parent=1409"}],"wp:term":[{"taxonomy":"category","embeddable":true,"href":"https:\/\/semmelweis.hu\/vizilabda\/wp-json\/wp\/v2\/categories?post=1409"},{"taxonomy":"post_tag","embeddable":true,"href":"https:\/\/semmelweis.hu\/vizilabda\/wp-json\/wp\/v2\/tags?post=1409"}],"curies":[{"name":"wp","href":"https:\/\/api.w.org\/{rel}","templated":true}]}}