{"id":99,"date":"2020-11-11T12:09:43","date_gmt":"2020-11-11T11:09:43","guid":{"rendered":"https:\/\/semmelweis.hu\/varosmajor\/?page_id=99"},"modified":"2024-09-10T11:17:03","modified_gmt":"2024-09-10T09:17:03","slug":"kutatolaboratoriumaink-hozzaferese","status":"publish","type":"page","link":"https:\/\/semmelweis.hu\/varosmajor\/kutatas\/kutatolaboratoriumaink-hozzaferese\/","title":{"rendered":"Kutat\u00f3laborat\u00f3riumaink hozz\u00e1f\u00e9r\u00e9se"},"content":{"rendered":"<p style=\"text-align: justify\">A Klinika Kardiol\u00f3giai CT Laborat\u00f3rium\u00e1nak, Kardiol\u00f3giai MR Laborat\u00f3rium\u00e1nak, \u00c1llatk\u00eds\u00e9rletes Hemodinamikai Laborat\u00f3rium\u00e1nak \u00e9s Biobankj\u00e1nak haszn\u00e1lata k\u00fcls\u0151 felhaszn\u00e1l\u00f3k sz\u00e1m\u00e1ra kutat\u00e1si egy\u00fcttm\u0171k\u00f6d\u00e9s keret\u00e9ben, illetve egyedi megbesz\u00e9l\u00e9s alapj\u00e1n lehets\u00e9ges.<\/p>\n<p style=\"text-align: justify\"><strong>Tov\u00e1bbi inform\u00e1ci\u00f3t az al\u00e1bbi dokumentumokban tal\u00e1l:<\/strong><\/p>\n<p><a href=\"https:\/\/semmelweis.hu\/varosmajor\/files\/2020\/12\/Hozz\u00e1f\u00e9r\u00e9si-szab\u00e1lyzat-Biobank.pdf\">Hozz\u00e1f\u00e9r\u00e9si szab\u00e1lyzat Biobank (pdf)<\/a><\/p>\n<p><a href=\"https:\/\/semmelweis.hu\/varosmajor\/files\/2020\/12\/Hozz\u00e1f\u00e9r\u00e9si-szab\u00e1lyzat-CT.pdf\">Hozz\u00e1f\u00e9r\u00e9si szab\u00e1lyzat CT (pdf)<\/a><\/p>\n<p><a href=\"https:\/\/semmelweis.hu\/varosmajor\/files\/2020\/12\/Hozz\u00e1f\u00e9r\u00e9si-szab\u00e1lyzat-MR.pdf\">Hozz\u00e1f\u00e9r\u00e9si szab\u00e1lyzat MR (pdf)<\/a><\/p>\n<p><a href=\"https:\/\/semmelweis.hu\/varosmajor\/files\/2020\/12\/Hozz\u00e1f\u00e9r\u00e9si-szab\u00e1lyzat-\u00c1llatk\u00eds\u00e9rletes-Laborat\u00f3rium.pdf\">Hozz\u00e1f\u00e9r\u00e9si szab\u00e1lyzat \u00c1llatk\u00eds\u00e9rletes Laborat\u00f3rium (pdf)<\/a><\/p>\n","protected":false},"excerpt":{"rendered":"<p>A Klinika Kardiol\u00f3giai CT Laborat\u00f3rium\u00e1nak, Kardiol\u00f3giai MR Laborat\u00f3rium\u00e1nak, \u00c1llatk\u00eds\u00e9rletes Hemodinamikai Laborat\u00f3rium\u00e1nak \u00e9s Biobankj\u00e1nak haszn\u00e1lata k\u00fcls\u0151 felhaszn\u00e1l\u00f3k sz\u00e1m\u00e1ra kutat\u00e1si egy\u00fcttm\u0171k\u00f6d\u00e9s keret\u00e9ben, illetve egyedi megbesz\u00e9l\u00e9s alapj\u00e1n lehets\u00e9ges.<br \/>\nTov\u00e1bbi inform\u00e1ci\u00f3t az al\u00e1bbi dokumentumokban tal\u00e1l:<br \/>\n<a href=\"https:\/\/semmelweis.hu\/varosmajor\/files\/2020\/12\/Hozz\u00e1f\u00e9r\u00e9si-szab\u00e1lyzat-Biobank.pdf\">Hozz\u00e1f\u00e9r\u00e9si szab\u00e1lyzat Biobank (pdf)<\/a><br \/>\n<a href=\"https:\/\/semmelweis.hu\/varosmajor\/files\/2020\/12\/Hozz\u00e1f\u00e9r\u00e9si-szab\u00e1lyzat-CT.pdf\">Hozz\u00e1f\u00e9r\u00e9si szab\u00e1lyzat CT (pdf)<\/a><br \/>\n<a href=\"https:\/\/semmelweis.hu\/varosmajor\/files\/2020\/12\/Hozz\u00e1f\u00e9r\u00e9si-szab\u00e1lyzat-MR.pdf\">Hozz\u00e1f\u00e9r\u00e9si szab\u00e1lyzat MR (pdf)<\/a><br \/>\n<a href=\"https:\/\/semmelweis.hu\/varosmajor\/files\/2020\/12\/Hozz\u00e1f\u00e9r\u00e9si-szab\u00e1lyzat-\u00c1llatk\u00eds\u00e9rletes-Laborat\u00f3rium.pdf\">Hozz\u00e1f\u00e9r\u00e9si szab\u00e1lyzat \u00c1llatk\u00eds\u00e9rletes Laborat\u00f3rium (pdf)<\/a><\/p>\n","protected":false},"author":101737,"featured_media":0,"parent":25,"menu_order":7,"comment_status":"closed","ping_status":"closed","template":"","meta":{"_acf_changed":false,"footnotes":""},"categories":[],"tags":[],"class_list":["post-99","page","type-page","status-publish","hentry"],"acf":[],"_links":{"self":[{"href":"https:\/\/semmelweis.hu\/varosmajor\/wp-json\/wp\/v2\/pages\/99","targetHints":{"allow":["GET"]}}],"collection":[{"href":"https:\/\/semmelweis.hu\/varosmajor\/wp-json\/wp\/v2\/pages"}],"about":[{"href":"https:\/\/semmelweis.hu\/varosmajor\/wp-json\/wp\/v2\/types\/page"}],"author":[{"embeddable":true,"href":"https:\/\/semmelweis.hu\/varosmajor\/wp-json\/wp\/v2\/users\/101737"}],"replies":[{"embeddable":true,"href":"https:\/\/semmelweis.hu\/varosmajor\/wp-json\/wp\/v2\/comments?post=99"}],"version-history":[{"count":7,"href":"https:\/\/semmelweis.hu\/varosmajor\/wp-json\/wp\/v2\/pages\/99\/revisions"}],"predecessor-version":[{"id":5848,"href":"https:\/\/semmelweis.hu\/varosmajor\/wp-json\/wp\/v2\/pages\/99\/revisions\/5848"}],"up":[{"embeddable":true,"href":"https:\/\/semmelweis.hu\/varosmajor\/wp-json\/wp\/v2\/pages\/25"}],"wp:attachment":[{"href":"https:\/\/semmelweis.hu\/varosmajor\/wp-json\/wp\/v2\/media?parent=99"}],"wp:term":[{"taxonomy":"category","embeddable":true,"href":"https:\/\/semmelweis.hu\/varosmajor\/wp-json\/wp\/v2\/categories?post=99"},{"taxonomy":"post_tag","embeddable":true,"href":"https:\/\/semmelweis.hu\/varosmajor\/wp-json\/wp\/v2\/tags?post=99"}],"curies":[{"name":"wp","href":"https:\/\/api.w.org\/{rel}","templated":true}]}}