{"id":781,"date":"2020-12-03T15:15:59","date_gmt":"2020-12-03T14:15:59","guid":{"rendered":"https:\/\/semmelweis.hu\/varosmajor\/?page_id=781"},"modified":"2024-09-10T11:12:59","modified_gmt":"2024-09-10T09:12:59","slug":"orvosi-3d","status":"publish","type":"page","link":"https:\/\/semmelweis.hu\/varosmajor\/kutatas\/orvosi-3d\/","title":{"rendered":"3D K\u00f6zpont"},"content":{"rendered":"<p style=\"text-align: justify\">A Semmelweis Egyetem 3D k\u00f6zpontj\u00e1nak c\u00e9lja a modern sza\u0301mi\u0301ta\u0301stechnika nyu\u0301jtotta leheto\u030bse\u0301gek kutat\u00e1sa orvosi szempontb\u00f3l, illetve az \u00edgy megszerzett tud\u00e1s felhaszn\u00e1l\u00e1sa a betegell\u00e1t\u00e1sban. CT, MRI vagy ultrahang ke\u0301pekbo\u030bl sza\u0301rmazo\u0301 DICOM a\u0301lloma\u0301nyok haszna\u0301lata\u0301val. A 3D terveze\u0301sen ki\u0301vu\u0308l leheto\u030bse\u0301gu\u0308nk van dinamikus v\u00e1ltoz\u00f3k &#8211; \u00fagynevezett v\u00e9geselem &#8211; modelleze\u0301se\u0301re is. A ke\u0301szi\u0301tett modellek segi\u0301tse\u0301ge\u0301vel (interdiszciplina\u0301ris orvosi konzulta\u0301cio\u0301) sora\u0301n az egyes szakteru\u0308letek k\u00f6zti kommunik\u00e1ci\u00f3t seg\u00edthetj\u00fck, s\u0151t ak\u00e1r seb\u00e9szi d\u00f6nt\u00e9st\u00e1mogat\u00f3 eszk\u00f6zk\u00e9nt is lehet haszn\u00e1lni az elk\u00e9sz\u00edtett modelleket, \u00edgy segi\u0301tve el\u0151 a\u00a0<b>szeme\u0301lyre szabott<\/b>\u00a0tera\u0301pia\u0301s do\u0308nte\u0301sek meghoza\u0301sa\u0301t. Az Orvosi3D honlap az elk\u00e9sz\u00edtett modellek virtu\u00e1lis megjelen\u00edt\u00e9s\u00e9re \u00e9s a Semmelweis Egyetemen 3D K\u00f6zpont munk\u00e1inak bemutat\u00e1sa c\u00e9lj\u00e1b\u00f3l j\u00f6tt l\u00e9tre. A 3D modelleket gradua\u0301lis e\u0301s posztgradua\u0301lis ke\u0301pze\u0301sben is elkezdt\u00fck alkalmazni a 2019-es tan\u00e9vt\u0151l. F\u00f6bb orvosi ter\u00fcletek ahol rendszeresen haszn\u00e1lj\u00e1k a 3D modelleket:<\/p>\n<ul>\n<li><a href=\"http:\/\/orvosi3d.hu\/gyerekszivseb.html\" target=\"_blank\" rel=\"noopener noreferrer\">Gyermeksz\u00edvseb\u00e9szet<\/a><\/li>\n<li><a href=\"http:\/\/orvosi3d.hu\/mellkasseb.html\" target=\"_blank\" rel=\"noopener noreferrer\">Mellkasseb\u00e9szet<\/a><\/li>\n<li><a href=\"http:\/\/orvosi3d.hu\/ersebeszet.html\" target=\"_blank\" rel=\"noopener noreferrer\">\u00c9rseb\u00e9szet<\/a><\/li>\n<li><a href=\"http:\/\/orvosi3d.hu\/kardiologia.html\" target=\"_blank\" rel=\"noopener noreferrer\">Kardiol\u00f3gia<\/a><\/li>\n<li><a href=\"http:\/\/orvosi3d.hu\/szivsebeszet.html\" target=\"_blank\" rel=\"noopener noreferrer\">Sz\u00edvseb\u00e9szet<\/a><\/li>\n<\/ul>\n","protected":false},"excerpt":{"rendered":"<p>A Semmelweis Egyetem 3D k\u00f6zpontj\u00e1nak c\u00e9lja a modern sza\u0301mi\u0301ta\u0301stechnika nyu\u0301jtotta leheto\u030bse\u0301gek kutat\u00e1sa orvosi szempontb\u00f3l, illetve az \u00edgy megszerzett tud\u00e1s felhaszn\u00e1l\u00e1sa a betegell\u00e1t\u00e1sban. CT, MRI vagy ultrahang ke\u0301pekbo\u030bl sza\u0301rmazo\u0301 DICOM a\u0301lloma\u0301nyok haszna\u0301lata\u0301val. A 3D terveze\u0301sen ki\u0301vu\u0308l leheto\u030bse\u0301gu\u0308nk van dinamikus v\u00e1ltoz\u00f3k &#8211; \u00fagynevezett v\u00e9geselem &#8211; modelleze\u0301se\u0301re is. A ke\u0301szi\u0301tett modellek segi\u0301tse\u0301ge\u0301vel (interdiszciplina\u0301ris orvosi konzulta\u0301cio\u0301) sora\u0301n az egyes &hellip;<\/p>\n","protected":false},"author":101737,"featured_media":0,"parent":25,"menu_order":6,"comment_status":"closed","ping_status":"closed","template":"","meta":{"_acf_changed":false,"footnotes":""},"categories":[],"tags":[],"class_list":["post-781","page","type-page","status-publish","hentry"],"acf":[],"_links":{"self":[{"href":"https:\/\/semmelweis.hu\/varosmajor\/wp-json\/wp\/v2\/pages\/781","targetHints":{"allow":["GET"]}}],"collection":[{"href":"https:\/\/semmelweis.hu\/varosmajor\/wp-json\/wp\/v2\/pages"}],"about":[{"href":"https:\/\/semmelweis.hu\/varosmajor\/wp-json\/wp\/v2\/types\/page"}],"author":[{"embeddable":true,"href":"https:\/\/semmelweis.hu\/varosmajor\/wp-json\/wp\/v2\/users\/101737"}],"replies":[{"embeddable":true,"href":"https:\/\/semmelweis.hu\/varosmajor\/wp-json\/wp\/v2\/comments?post=781"}],"version-history":[{"count":6,"href":"https:\/\/semmelweis.hu\/varosmajor\/wp-json\/wp\/v2\/pages\/781\/revisions"}],"predecessor-version":[{"id":5846,"href":"https:\/\/semmelweis.hu\/varosmajor\/wp-json\/wp\/v2\/pages\/781\/revisions\/5846"}],"up":[{"embeddable":true,"href":"https:\/\/semmelweis.hu\/varosmajor\/wp-json\/wp\/v2\/pages\/25"}],"wp:attachment":[{"href":"https:\/\/semmelweis.hu\/varosmajor\/wp-json\/wp\/v2\/media?parent=781"}],"wp:term":[{"taxonomy":"category","embeddable":true,"href":"https:\/\/semmelweis.hu\/varosmajor\/wp-json\/wp\/v2\/categories?post=781"},{"taxonomy":"post_tag","embeddable":true,"href":"https:\/\/semmelweis.hu\/varosmajor\/wp-json\/wp\/v2\/tags?post=781"}],"curies":[{"name":"wp","href":"https:\/\/api.w.org\/{rel}","templated":true}]}}