{"id":696,"date":"2020-12-03T11:06:15","date_gmt":"2020-12-03T10:06:15","guid":{"rendered":"https:\/\/semmelweis.hu\/varosmajor\/?page_id=696"},"modified":"2020-12-31T15:38:33","modified_gmt":"2020-12-31T14:38:33","slug":"kilatasok","status":"publish","type":"page","link":"https:\/\/semmelweis.hu\/varosmajor\/gyogyitas\/szivtranszplantacio\/kilatasok\/","title":{"rendered":"Kil\u00e1t\u00e1sok"},"content":{"rendered":"<p class=\"bold\">Ahogy a transzplant\u00e1ci\u00f3t k\u00f6vet\u0151en az \u00e9vek mennek, az akut rejekci\u00f3 kock\u00e1zata valamelyest m\u00e9rs\u00e9kl\u0151dik, s ezzel \u00f6sszhangban az immunszupressz\u00edv gy\u00f3gyszerek mennyis\u00e9ge is cs\u00f6kkenthet\u0151. A transzplant\u00e1lt immunrendszere \u00edgy hat\u00e9konyabban tud v\u00e9dekezni a k\u00f3rokoz\u00f3k ellen, \u00e1m egyfajta s\u00e9r\u00fcl\u00e9kenys\u00e9g eg\u00e9sz \u00e9letre megmarad.<\/p>\n<p>A transzplant\u00e1ltak \u00e9letsz\u00ednvonala \u00e1tlagosnak mondhat\u00f3, amennyiben az immunszupressz\u00edv gy\u00f3gyszerek mell\u00e9khat\u00e1sait a minimumon lehet tartani. A mell\u00e9khat\u00e1sok minimaliz\u00e1l\u00e1s\u00e1ra azonban elengedhetetlen a kifog\u00e1stalan egy\u00fcttm\u0171k\u00f6d\u00e9s az orvosokkal \u00e9s a kezel\u0151szem\u00e9lyzettel. A transzplant\u00e1lt \u00e9s \u00faj sz\u00edv\u00e9nek eg\u00e9szs\u00e9ge, l\u00e9nyeg\u00e9ben azon m\u00falik, hogy k\u00e9pes-e r\u00e9szt venni ebben az \u00e9lethosszig tart\u00f3 egy\u00fcttm\u0171k\u00f6d\u00e9sben, amely \u00e9let\u00e9nek j\u00f3 min\u0151s\u00e9g\u0171 fenntart\u00e1s\u00e1t \u00e9s v\u00e9delm\u00e9t c\u00e9lozza.<br \/>A transzplant\u00e1ltak hossz\u00fa t\u00e1von norm\u00e1lis \u00e9letvezet\u00e9sre v\u00e1lnak \u00fajra k\u00e9pess\u00e9, visszat\u00e9rhetnek a munkaer\u0151 piacra vagy tov\u00e1bbi k\u00e9pzetts\u00e9geket szerezhetnek, mindemellett sok transzplant\u00e1lt szem\u00e9ly k\u00e9pes akt\u00edv sporttev\u00e9kenys\u00e9gekben is r\u00e9szt venni.<\/p>\n<p>Mit tehet egy transzplant\u00e1lt, hogy eg\u00e9szs\u00e9ges maradjon?<br \/>\u2022\u00a0\u00a0\u00a0 Szedje a gy\u00f3gyszereit pontosan az el\u0151\u00edrtak szerint, ez az egyik legfontosabb szab\u00e1ly!<br \/>\u2022\u00a0\u00a0\u00a0 A transzplant\u00e1lt jelenjen meg a sz\u00fcks\u00e9ges kontrollvizsg\u00e1latokon \u00e9s konzult\u00e1nsi alkalmakon!<br \/>\u2022\u00a0\u00a0\u00a0 \u00c9rtes\u00edtse a kezel\u0151orvos\u00e1t minden olyan helyzetr\u0151l, amely megakad\u00e1lyozza vagy lehetetlenn\u00e9 teszi az orvos tal\u00e1lkoz\u00f3kon val\u00f3 megjelen\u00e9st vagy megfelel\u0151 gy\u00f3gyszerszed\u00e9st!<br \/>\u2022\u00a0\u00a0\u00a0 Egyeztessen orvos\u00e1val minden k\u00e9rd\u00e9ses estben, \u00e9s eg\u00e9szs\u00e9g\u00fcgyi panaszok eset\u00e9n!<br \/>\u2022\u00a0\u00a0\u00a0 A transzplant\u00e1lton m\u00falik, hogy betartja-e a di\u00e9t\u00e1t \u00e9s v\u00e9gez-e rendszeres testmozg\u00e1st. Ez az \u0151 felel\u0151ss\u00e9ge, s k\u00f6vetkezm\u00e9nyeit is neki kell viselni. Tan\u00e1csos azonban a tests\u00falykontrollra odafigyelni, az elh\u00edz\u00e1st megel\u0151zni!<\/p>\n<p>IRODALOM<\/p>\n<ol>\n<li>MayoClinic. HearttransplantBasics.<br \/>\u00a0\u00a0 \u00a0<\/li>\n<li>Patient&#8217;s GuidetoHeartTransplantSurgery<br \/>\u00a0\u00a0\u00a0<a href=\"http:\/\/www.cts.usc.edu\/ht-pg-factsabouthearttransplants.html\" target=\"_blank\" rel=\"noopener noreferrer\">\u00a0http:\/\/www.cts.usc.edu\/ht-pg-factsabouthearttransplants.html<\/a>\u00a0 let\u00f6ltve: 2014.06.17.<\/li>\n<li>ToTransplant and Beyond.<br \/>\u00a0\u00a0\u00a0<a href=\"http:\/\/www.heart-transplant.co.uk\/faqs.html\" target=\"_blank\" rel=\"noopener noreferrer\">\u00a0http:\/\/www.heart-transplant.co.uk\/faqs.html<\/a>\u00a0\u00a0\u00a0 let\u00f6ltve: 2014.06.17.<\/li>\n<li>Whattoexpectafter a hearttransplant<br \/>\u00a0\u00a0\u00a0<a href=\"http:\/\/www.nhlbi.nih.gov\/health\/health-topics\/topics\/ht\/after.html\" target=\"_blank\" rel=\"noopener noreferrer\">\u00a0http:\/\/www.nhlbi.nih.gov\/health\/health-topics\/topics\/ht\/after.html<\/a>\u00a0\u00a0\u00a0 let\u00f6ltve: 2014.06.17.<\/li>\n<li>Sz\u00edvtranszplant\u00e1ci\u00f3ra val\u00f3 alkalmass\u00e1g meg\u00e1llap\u00edt\u00e1s\u00e1nak szakmai szab\u00e1lyair\u00f3l. Eg\u00e9szs\u00e9g\u00fcgyi K\u00f6zl\u00f6ny 2008; 3: 1547-1548<\/li>\n<li>Chris BarnardPerforms World\u2019s FirstHeartTransplant.\u00a0\u00a0\u00a0\u00a0\u00a0\u00a0\u00a0\u00a0\u00a0 Western CapeGovernment\u00a0<a href=\"http:\/\/www.westerncape.gov.za\/general-publication\/chris-barnard-performs-worlds-first-heart-transplant#letltve:2014.06.20.\" target=\"_blank\" rel=\"noopener noreferrer\">http:\/\/www.westerncape.gov.za\/general-publication\/chris-barnard-performs-worlds-first-heart-transplant#\u00a0\u00a0\u00a0 let\u00f6ltve: 2014.06.20.<\/a><\/li>\n<li>Wikipedia. Sz\u00edv\u00e1t\u00fcltet\u00e9s.<br \/>\u00a0\u00a0\u00a0\u00a0<a href=\"http:\/\/hu.wikipedia.org\/wiki\/Sz%C3%ADv%C3%A1t%C3%BCltet%C3%A9s\" target=\"_blank\" rel=\"noopener noreferrer\">http:\/\/hu.wikipedia.org\/wiki\/Sz%C3%ADv%C3%A1t%C3%BCltet%C3%A9s<\/a><br \/>\u00a0\u00a0 \u00a0let\u00f6ltve: 2014.06.15.<\/li>\n<li>A V\u00e1rosmajori Klinika Els\u0151 100 \u00e9ve. M\u00edtosz \u00e9s val\u00f3s\u00e1g (2012). Semmelweis Kiad\u00f3, Budapest<\/li>\n<li>Laederach-Hofmann, K.,Bunzel, B. Noncomplianceinorgantransplantrecipients: a LiteratureReview. General HospitalPsychiatry 2000; 22: 412-424<\/li>\n<li><a href=\"http:\/\/www.ovsz.hu\/sziv-transzplantacios-varolista\" target=\"_blank\" rel=\"noopener noreferrer\">http:\/\/www.ovsz.hu\/sziv-transzplantacios-varolista<\/a><\/li>\n<li>T\u00e1j\u00e9koztat\u00f3 sz\u00edvtranszplant\u00e1lt betegeknek (2011). Semmelweis Egyetem, Sz\u00edvseb\u00e9szeti Klinika, Budapest<\/li>\n<\/ol>\n","protected":false},"excerpt":{"rendered":"<p>Ahogy a transzplant\u00e1ci\u00f3t k\u00f6vet\u0151en az \u00e9vek mennek, az akut rejekci\u00f3 kock\u00e1zata valamelyest m\u00e9rs\u00e9kl\u0151dik, s ezzel \u00f6sszhangban az immunszupressz\u00edv gy\u00f3gyszerek mennyis\u00e9ge is cs\u00f6kkenthet\u0151. A transzplant\u00e1lt immunrendszere \u00edgy hat\u00e9konyabban tud v\u00e9dekezni a k\u00f3rokoz\u00f3k ellen, \u00e1m egyfajta s\u00e9r\u00fcl\u00e9kenys\u00e9g eg\u00e9sz \u00e9letre megmarad. A transzplant\u00e1ltak \u00e9letsz\u00ednvonala \u00e1tlagosnak mondhat\u00f3, amennyiben az immunszupressz\u00edv gy\u00f3gyszerek mell\u00e9khat\u00e1sait a minimumon lehet tartani. A mell\u00e9khat\u00e1sok minimaliz\u00e1l\u00e1s\u00e1ra &hellip;<\/p>\n","protected":false},"author":101737,"featured_media":0,"parent":673,"menu_order":8,"comment_status":"closed","ping_status":"closed","template":"","meta":{"_acf_changed":false,"footnotes":""},"categories":[],"tags":[],"class_list":["post-696","page","type-page","status-publish","hentry"],"acf":[],"_links":{"self":[{"href":"https:\/\/semmelweis.hu\/varosmajor\/wp-json\/wp\/v2\/pages\/696","targetHints":{"allow":["GET"]}}],"collection":[{"href":"https:\/\/semmelweis.hu\/varosmajor\/wp-json\/wp\/v2\/pages"}],"about":[{"href":"https:\/\/semmelweis.hu\/varosmajor\/wp-json\/wp\/v2\/types\/page"}],"author":[{"embeddable":true,"href":"https:\/\/semmelweis.hu\/varosmajor\/wp-json\/wp\/v2\/users\/101737"}],"replies":[{"embeddable":true,"href":"https:\/\/semmelweis.hu\/varosmajor\/wp-json\/wp\/v2\/comments?post=696"}],"version-history":[{"count":2,"href":"https:\/\/semmelweis.hu\/varosmajor\/wp-json\/wp\/v2\/pages\/696\/revisions"}],"predecessor-version":[{"id":2100,"href":"https:\/\/semmelweis.hu\/varosmajor\/wp-json\/wp\/v2\/pages\/696\/revisions\/2100"}],"up":[{"embeddable":true,"href":"https:\/\/semmelweis.hu\/varosmajor\/wp-json\/wp\/v2\/pages\/673"}],"wp:attachment":[{"href":"https:\/\/semmelweis.hu\/varosmajor\/wp-json\/wp\/v2\/media?parent=696"}],"wp:term":[{"taxonomy":"category","embeddable":true,"href":"https:\/\/semmelweis.hu\/varosmajor\/wp-json\/wp\/v2\/categories?post=696"},{"taxonomy":"post_tag","embeddable":true,"href":"https:\/\/semmelweis.hu\/varosmajor\/wp-json\/wp\/v2\/tags?post=696"}],"curies":[{"name":"wp","href":"https:\/\/api.w.org\/{rel}","templated":true}]}}