{"id":692,"date":"2020-12-03T11:04:57","date_gmt":"2020-12-03T10:04:57","guid":{"rendered":"https:\/\/semmelweis.hu\/varosmajor\/?page_id=692"},"modified":"2020-12-22T14:44:21","modified_gmt":"2020-12-22T13:44:21","slug":"hazamenetel-es-steril-szoba","status":"publish","type":"page","link":"https:\/\/semmelweis.hu\/varosmajor\/gyogyitas\/szivtranszplantacio\/hazamenetel-es-steril-szoba\/","title":{"rendered":"Hazamenetel \u00e9s \u201esteril szoba\u201d"},"content":{"rendered":"<p class=\"bold\">A transzplant\u00e1lt haza\u00e9rkez\u00e9se el\u0151tt a csal\u00e1d feladata, hogy maxim\u00e1lis tisztas\u00e1got teremtsen otthonukban. J\u00e1r\u00f3lap, parketta stb. fert\u0151tlen\u00edt\u0151szeres tiszt\u00edt\u00e1sa, b\u00fatorzat fert\u0151tlen\u00edt\u0151szeres lemos\u00e1sa, ha sz\u00fcks\u00e9ges tisztas\u00e1gi fest\u00e9s, tap\u00e9t\u00e1z\u00e1s az transzplant\u00e1lt szob\u00e1j\u00e1ban \u00e9s a mell\u00e9khelyis\u00e9gekben.<\/p>\n<p>Sok transzplant\u00e1lt otthon\u00e1ba bocs\u00e1that\u00f3 a m\u0171t\u00e9tet k\u00f6vet\u0151 4., 5. h\u00e9tben, \u00e1m bizonyos esetekben a k\u00f3rh\u00e1zi tart\u00f3zkod\u00e1s elh\u00faz\u00f3dhat. Az els\u0151 egy \u00e9vben a transzplant\u00e1lt szem\u00e9lyekre szoros k\u00f3rh\u00e1zi kontroll vonatkozik, ami k\u00f6r\u00fclbel\u00fcl havi ellen\u0151rz\u00e9st \u00e9s vizsg\u00e1latokat jelent. A transzplant\u00e1ltak otthonukba bocs\u00e1t\u00e1s\u00e1t k\u00f6vet\u0151en nagyon fontos, hogy olyan k\u00f6r\u00fclm\u00e9nyek k\u00f6z\u00f6tt legyenek, melyek k\u00f6z\u00f6tt a fert\u0151z\u00e9sek kock\u00e1zata a lehet\u0151 legminim\u00e1lisabb. A transzplant\u00e1ltak otthoni elhelyez\u00e9s\u00e9re c\u00e9lszer\u0171 egy \u00fagynevezett \u201etiszta vagy steril szob\u00e1t\u201d kialak\u00edtani, ennek felt\u00e9telei a k\u00f6vetkez\u0151k:<\/p>\n<ol>\n<li>\u00a0a szoba friss fest\u00e9se &#8211; ha van r\u00e1 m\u00f3d &#8211; moshat\u00f3 fest\u00e9kkel.<\/li>\n<li>parketta, lamin\u00e1lt parketta lerak\u00e1sa, amennyiben ez nem megoldhat\u00f3 gyakori porsz\u00edv\u00f3z\u00e1s \u00e9s a sz\u0151nyeg nedves ruh\u00e1s \u00e1tt\u00f6rl\u00e9se javasolt. Aj\u00e1nlott a transzplant\u00e1lt szob\u00e1j\u00e1t minden m\u00e1snap felmosni vagy kiporsz\u00edv\u00f3zni.<\/li>\n<li>c\u00e9lszer\u0171 a red\u0151ny, illetve reluxa alkalmaz\u00e1sa vagy a f\u00fcgg\u00f6ny\u00f6k k\u00e9thetente t\u00f6rt\u00e9n\u0151 mos\u00e1sa.<\/li>\n<li>a szob\u00e1ban minden sz\u00fcks\u00e9ges t\u00e1rgy bent lehet, azonban praktikus az apr\u00f3bb, \u201eporfog\u00f3\u201d t\u00e1rgyakat kivinni a k\u00f6nnyebb portalan\u00edt\u00e1s miatt, melyet minden m\u00e1snap \u00e9rdemes elv\u00e9gezni.<\/li>\n<li>a transzplant\u00e1lt szob\u00e1j\u00e1ban n\u00f6v\u00e9ny tart\u00e1s\u00e1ra van m\u00f3d, de lehet\u0151leg nagy level\u0171 legyen, amit k\u00f6nny\u0171 portalan\u00edtani. Fontos azonban, hogy a szob\u00e1ban h\u00e1zi\u00e1llat ne tart\u00f3zkodjon!<\/li>\n<\/ol>\n<p>A lak\u00e1s egy\u00e9b helys\u00e9geit &#8211; amennyiben nincs m\u00f3d k\u00fcl\u00f6n f\u00fcrd\u0151 \u00e9s WC kialak\u00edt\u00e1s\u00e1ra &#8211; a transzplant\u00e1lt a k\u00f6vetkez\u0151 felt\u00e9telek mellett haszn\u00e1lja: a csal\u00e1d t\u00f6bbi tagja maga ut\u00e1n fert\u0151tlen\u00edt\u0151 kend\u0151vel t\u00f6r\u00f6lje \u00e1t az \u00e1ltala haszn\u00e1lt t\u00e1rgyakat (pl.: WC \u00fcl\u0151k\u00e9t, f\u00fcrd\u0151k\u00e1dat, t\u00e1voz\u00e1skor a kilincset, stb.). A transzplant\u00e1lt haszn\u00e1lat el\u0151tt is tegye meg ugyanezt!<br \/>Otthon p\u00e1r h\u00e9t ut\u00e1n a maszk haszn\u00e1lata elhagyhat\u00f3, azonban tov\u00e1bbra is ker\u00fclni kell a t\u00f6megk\u00f6zleked\u00e9st \u00e9s a poros helyeket (\u00e9p\u00edtkez\u00e9s, fel\u00faj\u00edt\u00e1sok stb.).<\/p>\n<p>(A sz\u00edvtranszplant\u00e1ci\u00f3 higi\u00e9ni\u00e1val kapcsolatos vonatkoz\u00e1sainak \u00f6sszefoglal\u00e1s\u00e1ban Rieth Judit, intenz\u00edv ter\u00e1pi\u00e1s szak\u00e1pol\u00f3 \u00e9s Dr. Sax Bal\u00e1zs belgy\u00f3gy\u00e1sz szakorvos ny\u00fajtott seg\u00edts\u00e9get.)<\/p>\n","protected":false},"excerpt":{"rendered":"<p>A transzplant\u00e1lt haza\u00e9rkez\u00e9se el\u0151tt a csal\u00e1d feladata, hogy maxim\u00e1lis tisztas\u00e1got teremtsen otthonukban. J\u00e1r\u00f3lap, parketta stb. fert\u0151tlen\u00edt\u0151szeres tiszt\u00edt\u00e1sa, b\u00fatorzat fert\u0151tlen\u00edt\u0151szeres lemos\u00e1sa, ha sz\u00fcks\u00e9ges tisztas\u00e1gi fest\u00e9s, tap\u00e9t\u00e1z\u00e1s az transzplant\u00e1lt szob\u00e1j\u00e1ban \u00e9s a mell\u00e9khelyis\u00e9gekben. Sok transzplant\u00e1lt otthon\u00e1ba bocs\u00e1that\u00f3 a m\u0171t\u00e9tet k\u00f6vet\u0151 4., 5. h\u00e9tben, \u00e1m bizonyos esetekben a k\u00f3rh\u00e1zi tart\u00f3zkod\u00e1s elh\u00faz\u00f3dhat. Az els\u0151 egy \u00e9vben a transzplant\u00e1lt szem\u00e9lyekre &hellip;<\/p>\n","protected":false},"author":101737,"featured_media":0,"parent":673,"menu_order":6,"comment_status":"closed","ping_status":"closed","template":"","meta":{"_acf_changed":false,"footnotes":""},"categories":[],"tags":[],"class_list":["post-692","page","type-page","status-publish","hentry"],"acf":[],"_links":{"self":[{"href":"https:\/\/semmelweis.hu\/varosmajor\/wp-json\/wp\/v2\/pages\/692","targetHints":{"allow":["GET"]}}],"collection":[{"href":"https:\/\/semmelweis.hu\/varosmajor\/wp-json\/wp\/v2\/pages"}],"about":[{"href":"https:\/\/semmelweis.hu\/varosmajor\/wp-json\/wp\/v2\/types\/page"}],"author":[{"embeddable":true,"href":"https:\/\/semmelweis.hu\/varosmajor\/wp-json\/wp\/v2\/users\/101737"}],"replies":[{"embeddable":true,"href":"https:\/\/semmelweis.hu\/varosmajor\/wp-json\/wp\/v2\/comments?post=692"}],"version-history":[{"count":1,"href":"https:\/\/semmelweis.hu\/varosmajor\/wp-json\/wp\/v2\/pages\/692\/revisions"}],"predecessor-version":[{"id":693,"href":"https:\/\/semmelweis.hu\/varosmajor\/wp-json\/wp\/v2\/pages\/692\/revisions\/693"}],"up":[{"embeddable":true,"href":"https:\/\/semmelweis.hu\/varosmajor\/wp-json\/wp\/v2\/pages\/673"}],"wp:attachment":[{"href":"https:\/\/semmelweis.hu\/varosmajor\/wp-json\/wp\/v2\/media?parent=692"}],"wp:term":[{"taxonomy":"category","embeddable":true,"href":"https:\/\/semmelweis.hu\/varosmajor\/wp-json\/wp\/v2\/categories?post=692"},{"taxonomy":"post_tag","embeddable":true,"href":"https:\/\/semmelweis.hu\/varosmajor\/wp-json\/wp\/v2\/tags?post=692"}],"curies":[{"name":"wp","href":"https:\/\/api.w.org\/{rel}","templated":true}]}}