{"id":688,"date":"2020-12-03T11:03:41","date_gmt":"2020-12-03T10:03:41","guid":{"rendered":"https:\/\/semmelweis.hu\/varosmajor\/?page_id=688"},"modified":"2020-12-22T14:43:56","modified_gmt":"2020-12-22T13:43:56","slug":"a-szivtranszplantacio-menete","status":"publish","type":"page","link":"https:\/\/semmelweis.hu\/varosmajor\/gyogyitas\/szivtranszplantacio\/a-szivtranszplantacio-menete\/","title":{"rendered":"A sz\u00edvtranszplant\u00e1ci\u00f3 menete"},"content":{"rendered":"<p class=\"bold\">A sz\u00edvtranszplant\u00e1ci\u00f3 egy bonyolult sz\u00edvseb\u00e9szeti beavatkoz\u00e1s, melyet nagy tapasztalattal rendelkez\u0151 sz\u00edvseb\u00e9sz team v\u00e9gez. A sz\u00edvtranszplant\u00e1ci\u00f3s riad\u00f3 sor\u00e1n p\u00e1rhuzamosan k\u00e9t team kezd dolgozni. A csapat egyik fele elindul a szervdon\u00e1ci\u00f3 hely\u00e9re, ami Eurotransplant don\u00e1ci\u00f3 eset\u00e9n ak\u00e1r N\u00e9metorsz\u00e1gban is lehet, \u0151k a donor, vagy szervkivev\u0151 team. A csapat m\u00e1sik fele elkezdi a klinik\u00e1nkra \u00e9rkez\u0151, sz\u00edvtranszplant\u00e1ci\u00f3ra v\u00e1r\u00f3 recipiens el\u0151k\u00e9sz\u00edt\u00e9s\u00e9t, \u0151k a recipiens, vagy be\u00fcltet\u0151 team.<\/p>\n<p>A ki\u00e9rtes\u00edtett beteg klinik\u00e1nkra val\u00f3 be\u00e9rkez\u00e9s\u00e9t k\u00f6vet\u0151 szok\u00e1sos orvosi felv\u00e9tel \u00e9s n\u00e9h\u00e1ny rutin vizsg\u00e1lat, mint friss labor, mellkas r\u00f6ntgen elv\u00e9gz\u00e9se ut\u00e1n megkezd\u0151dik a m\u0171t\u00e9ti el\u0151k\u00e9sz\u00edt\u00e9s. Term\u00e9szetesen a k\u00e9t csapat p\u00e1rhuzamos munk\u00e1j\u00e1t folyamatosan \u00f6sszehangoljuk \u00fagy, hogy figyelembe vessz\u00fck a szervkiv\u00e9telhez \u00e9s a szerv klinik\u00e1nkra sz\u00e1ll\u00edt\u00e1s\u00e1hoz sz\u00fcks\u00e9ges id\u0151t. A be\u00fcltet\u00e9sre v\u00e1r\u00f3, recipiens beteg m\u0171t\u0151be ker\u00fcl\u00e9se ennek megfelel\u0151en \u00e1ltal\u00e1ban a donor team vissza\u00e9rkez\u00e9se el\u0151tt 2 \u00f3r\u00e1val t\u00f6rt\u00e9nik. K\u00f6r\u00fclbel\u00fcl ennyi id\u0151 sz\u00fcks\u00e9ges ahhoz, hogy a beteget az \u00faj sz\u00edv fogad\u00e1s\u00e1ra el\u0151k\u00e9sz\u00edts\u00fck. Term\u00e9szetesen ez alatt az id\u0151 alatt is felmer\u00fclhetnek olyan probl\u00e9m\u00e1k, melyek alapj\u00e1n a donor team \u00fagy \u00edt\u00e9li meg, hogy az adott szerv transzplant\u00e1ci\u00f3ra nem alkalmas. Ilyenkor a transzplant\u00e1ci\u00f3s riad\u00f3 folyamat\u00e1t meg kell szak\u00edtanunk \u00e9s v\u00e9g\u00fcl a beteget hazabocs\u00e1tjuk.<br \/>Ez term\u00e9szetesen betegk\u00e9nt, hozz\u00e1tartoz\u00f3k\u00e9nt lelkileg megterhel\u0151 lehet, \u00e1m ez garant\u00e1lja, hogy a transzplant\u00e1ci\u00f3ra v\u00e1r\u00f3 beteg a lehet\u0151 legjobb \u00e9s legbiztons\u00e1gosabb kezel\u00e9sben r\u00e9szes\u00fclj\u00f6n.<br \/>A m\u0171t\u00e9ti el\u0151k\u00e9sz\u00edt\u00e9s \u00e9s az altat\u00e1s folyam\u00e1n perif\u00e9ri\u00e1s \u00e9s centr\u00e1lis v\u00e9n\u00e1s \u00e9s art\u00e9ri\u00e1s kan\u00fcl\u00f6ket vezet\u00fcnk a k\u00f6ny\u00f6k \u00e9s a nyak v\u00e9n\u00e1iba \u00e9s a csukl\u00f3 art\u00e9ri\u00e1j\u00e1ba, majd a beteg elaltat\u00e1s\u00e1t k\u00f6vet\u0151en egy puha cs\u00f6vet a l\u00e9gcs\u0151be, amit az altat\u00f3g\u00e9phez kapcsolunk. Ezen a cs\u00f6v\u00f6n kereszt\u00fcl v\u00e9gezz\u00fck a l\u00e9legeztet\u00e9st a m\u0171t\u00e9t alatt \u00e9s ut\u00e1n. A sz\u00edvseb\u00e9sz csapat ezut\u00e1n m\u0171t\u00e9ti izol\u00e1l\u00e1st k\u00f6vet\u0151en megnyitja a beteg mellkas\u00e1t \u00e9s kan\u00fcl\u00f6k seg\u00edts\u00e9g\u00e9vel a v\u00e9rkering\u00e9st \u00f6sszek\u00f6ti a sz\u00edv-t\u00fcd\u0151 motorral, amely biztos\u00edtja a v\u00e9r\u00e1raml\u00e1st \u00e9s a test oxig\u00e9nd\u00fas v\u00e9rrel val\u00f3 ell\u00e1t\u00e1s\u00e1t a m\u0171t\u00e9t id\u0151tartama alatt.<br \/>Mindek\u00f6zben, p\u00e1rhuzamosan zajlik a donor sz\u00edv elb\u00edr\u00e1l\u00e1sa. Amennyiben a sz\u00edv megfelel\u0151nek bizonyul, a kiemel\u00e9st k\u00f6vet\u0151 4-5 \u00f3r\u00e1n bel\u00fcl be\u00fcltet\u00e9sre kell ker\u00fclnie. Term\u00e9szetesen mindk\u00e9t team azon dolgozik, hogy ez a lehet\u0151 legr\u00f6videbb id\u0151n bel\u00fcl megt\u00f6rt\u00e9njen. Ez\u00e9rt is van id\u0151nk\u00e9nt sz\u00fcks\u00e9g a l\u00e9gi \u00faton, helikopterrel vagy rep\u00fcl\u0151g\u00e9ppel val\u00f3 sz\u00e1ll\u00edt\u00e1sra. Azt az id\u0151tartamot, ami a szervkiv\u00e9tel \u00e9s az \u00faj sz\u00edv be\u00fcltet\u00e9se \u00e9s \u00fajraind\u00edt\u00e1sa k\u00f6z\u00f6tt telik el, iszk\u00e9mi\u00e1s id\u0151nek nevezz\u00fck. Term\u00e9szetesen a recipiens sz\u00edv\u00e9t nem vessz\u00fck ki addig, am\u00edg a donor sz\u00edv meg nem \u00e9rkezik a k\u00f3rh\u00e1zba. A donor csapat vissza\u00e9rkez\u00e9sekor veszi kezdet\u00e9t a sz\u00edvm\u0171t\u00e9t azon r\u00e9sze, ami a sz\u00edv be\u00fcltet\u00e9s\u00e9t jelenti. Ennek sor\u00e1n a beteg sz\u00edvet kiemelj\u00fck, majd a donor sz\u00edvet pontosan a r\u00e9gi hely\u00e9re varrjuk vissza. A test \u00e9s az \u00faj sz\u00edv ereinek \u00f6sszekapcsol\u00e1s\u00e1val a v\u00e9rkering\u00e9s helyre\u00e1ll, az \u00faj sz\u00edv elindul \u00e9s fokozatosan \u00e1tveszi a szerepet a sz\u00edvmotort\u00f3l. A motort fokozatosan le\u00e1ll\u00edtjuk \u00e9s a kan\u00fcl\u00f6ket elt\u00e1vol\u00edtjuk. N\u00e9h\u00e1ny mellkasi sz\u00edv\u00f3 drain h\u00e1trahagy\u00e1s\u00e1val, melyeket k\u00e9s\u0151bb az intenz\u00edv oszt\u00e1lyon t\u00e1vol\u00edtunk el, r\u00f6videsen bez\u00e1rjuk a mellkast \u00e9s a beteget az intenz\u00edv oszt\u00e1lyra sz\u00e1ll\u00edtjuk. A teljes m\u0171t\u00e9t \u00e1ltal\u00e1ban 4-6 \u00f3r\u00e1t tart.<\/p>\n","protected":false},"excerpt":{"rendered":"<p>A sz\u00edvtranszplant\u00e1ci\u00f3 egy bonyolult sz\u00edvseb\u00e9szeti beavatkoz\u00e1s, melyet nagy tapasztalattal rendelkez\u0151 sz\u00edvseb\u00e9sz team v\u00e9gez. A sz\u00edvtranszplant\u00e1ci\u00f3s riad\u00f3 sor\u00e1n p\u00e1rhuzamosan k\u00e9t team kezd dolgozni. A csapat egyik fele elindul a szervdon\u00e1ci\u00f3 hely\u00e9re, ami Eurotransplant don\u00e1ci\u00f3 eset\u00e9n ak\u00e1r N\u00e9metorsz\u00e1gban is lehet, \u0151k a donor, vagy szervkivev\u0151 team. A csapat m\u00e1sik fele elkezdi a klinik\u00e1nkra \u00e9rkez\u0151, sz\u00edvtranszplant\u00e1ci\u00f3ra v\u00e1r\u00f3 recipiens &hellip;<\/p>\n","protected":false},"author":101737,"featured_media":0,"parent":673,"menu_order":4,"comment_status":"closed","ping_status":"closed","template":"","meta":{"_acf_changed":false,"footnotes":""},"categories":[],"tags":[],"class_list":["post-688","page","type-page","status-publish","hentry"],"acf":[],"_links":{"self":[{"href":"https:\/\/semmelweis.hu\/varosmajor\/wp-json\/wp\/v2\/pages\/688","targetHints":{"allow":["GET"]}}],"collection":[{"href":"https:\/\/semmelweis.hu\/varosmajor\/wp-json\/wp\/v2\/pages"}],"about":[{"href":"https:\/\/semmelweis.hu\/varosmajor\/wp-json\/wp\/v2\/types\/page"}],"author":[{"embeddable":true,"href":"https:\/\/semmelweis.hu\/varosmajor\/wp-json\/wp\/v2\/users\/101737"}],"replies":[{"embeddable":true,"href":"https:\/\/semmelweis.hu\/varosmajor\/wp-json\/wp\/v2\/comments?post=688"}],"version-history":[{"count":1,"href":"https:\/\/semmelweis.hu\/varosmajor\/wp-json\/wp\/v2\/pages\/688\/revisions"}],"predecessor-version":[{"id":689,"href":"https:\/\/semmelweis.hu\/varosmajor\/wp-json\/wp\/v2\/pages\/688\/revisions\/689"}],"up":[{"embeddable":true,"href":"https:\/\/semmelweis.hu\/varosmajor\/wp-json\/wp\/v2\/pages\/673"}],"wp:attachment":[{"href":"https:\/\/semmelweis.hu\/varosmajor\/wp-json\/wp\/v2\/media?parent=688"}],"wp:term":[{"taxonomy":"category","embeddable":true,"href":"https:\/\/semmelweis.hu\/varosmajor\/wp-json\/wp\/v2\/categories?post=688"},{"taxonomy":"post_tag","embeddable":true,"href":"https:\/\/semmelweis.hu\/varosmajor\/wp-json\/wp\/v2\/tags?post=688"}],"curies":[{"name":"wp","href":"https:\/\/api.w.org\/{rel}","templated":true}]}}