{"id":686,"date":"2020-12-03T11:03:20","date_gmt":"2020-12-03T10:03:20","guid":{"rendered":"https:\/\/semmelweis.hu\/varosmajor\/?page_id=686"},"modified":"2021-03-11T11:18:20","modified_gmt":"2021-03-11T10:18:20","slug":"szivtraszplantacio-elott-felkeszules-a-mutetre","status":"publish","type":"page","link":"https:\/\/semmelweis.hu\/varosmajor\/gyogyitas\/szivtranszplantacio\/szivtraszplantacio-elott-felkeszules-a-mutetre\/","title":{"rendered":"Sz\u00edvtraszplant\u00e1ci\u00f3 el\u0151tt \u2013 felk\u00e9sz\u00fcl\u00e9s a m\u0171t\u00e9tre"},"content":{"rendered":"<p>A v\u00e1r\u00f3lista a szerv \u00e1t\u00fcltet\u00e9s\u00e9re v\u00e1r\u00f3 betegek list\u00e1ja. A v\u00e1r\u00f3list\u00e1k l\u00e9trehoz\u00e1s\u00e1t \u00e9s fenntart\u00e1s\u00e1t az is indokolja, hogy a szerv\u00e1t\u00fcltet\u00e9si programok eset\u00e9n, az \u00e9ppen rendelkez\u00e9sre \u00e1ll\u00f3 donorszervhez kell recipienst keresni (v\u00e9rcsoport kompatibilit\u00e1s, testm\u00e9retek, immunol\u00f3giai egyez\u00e9s alapj\u00e1n), vagyis olyan beteget, akinek szervezete a legnagyobb es\u00e9llyel tudja befogadni a be\u00fcltet\u00e9sre v\u00e1r\u00f3 szervet. A transzplant\u00e1ci\u00f3ra val\u00f3 alkalmass\u00e1g meg\u00e1llap\u00edt\u00e1sa eset\u00e9n a Sz\u00edvtranszplant\u00e1ci\u00f3s Bizotts\u00e1g a beteget transzplant\u00e1ci\u00f3s v\u00e1r\u00f3list\u00e1ra helyezi.<\/p>\n<p>Az OVSZK meghat\u00e1rozza a beteg egyedi azonos\u00edt\u00f3j\u00e1t, amelyet z\u00e1rt bor\u00edt\u00e9kban, szem\u00e9lyesen vagy a kezel\u0151orvos \u00fatj\u00e1n k\u00f6z\u00f6l a beteggel. Az egyedi azonos\u00edt\u00f3t az OVSZK a k\u00f6zponti v\u00e1r\u00f3lista keret\u00e9ben k\u00f6zz\u00e9teszi \u00e9s a beteg \u00e1llapot\u00e1ban bek\u00f6vetkezett v\u00e1ltoz\u00e1st aktualiz\u00e1lja. A Sz\u00edvtranszplant\u00e1ci\u00f3s Bizotts\u00e1g a v\u00e1r\u00f3list\u00e1ra t\u00f6rt\u00e9n\u0151 felv\u00e9telr\u0151l, t\u00f6rl\u00e9sr\u0151l \u00e9s minden egy\u00e9b, a v\u00e1r\u00f3list\u00e1val kapcsolatban a beteget \u00e9rint\u0151 d\u00f6nt\u00e9sr\u0151l a beteget \u00e9s kezel\u0151orvos\u00e1t, valamint az OVSZK-t \u00edr\u00e1sban t\u00e1j\u00e9koztatja. A v\u00e1r\u00f3list\u00e1n megjelen\u0151 adatok vonatkoz\u00e1s\u00e1ban az Orsz\u00e1gos V\u00e9rell\u00e1t\u00f3 Szolg\u00e1lat K\u00f6zpontja jelenleg az \u00e1tadott \u00e9s megjelentetett adatok egyez\u0151s\u00e9g\u00e9\u00e9rt felel\u0151s.<br \/>Tov\u00e1bbi inform\u00e1ci\u00f3k az Orsz\u00e1gos V\u00e9rell\u00e1t\u00f3 Szolg\u00e1lat honlapj\u00e1n el\u00e9rhet\u0151k: www.ovsz.hu<br \/>A v\u00e1r\u00f3list\u00e1ra val\u00f3 felhelyez\u00e9st k\u00f6vet\u0151en megkezd\u0151dik a v\u00e1rakoz\u00e1s arra, hogy a recipiens sz\u00e1m\u00e1ra megtal\u00e1lj\u00e1k a megfelel\u0151 donort. Ez az id\u0151szak p\u00e1r napt\u00f3l, \u00e9vekig terjedhet, \u00e9s sokak szerint ennek az id\u0151szaknak a meg\u00e9l\u00e9se a legnehezebb az eg\u00e9sz folyamatban.<\/p>\n<p>Am\u00edg a beteg a list\u00e1n van az orvosi team folyamatosan nyomon k\u00f6veti a beteg sz\u00edv\u00e9nek \u00e9s m\u00e1s szerveinek \u00e1llapot\u00e1t \u00e9s az aktu\u00e1lis eredm\u00e9nyeknek megfelel\u0151en v\u00e1ltoztatj\u00e1k a sz\u00fcks\u00e9ges kezel\u00e9seket. A betegek egy r\u00e9sze otthon\u00e1ban t\u00f6lti a v\u00e1rakoz\u00e1si id\u0151t, ez\u00e9rt eset\u00fckben kiemelten fontos, hogy a transzplant\u00e1ci\u00f3ra v\u00e1r\u00f3 szem\u00e9ly, a transzplant\u00e1ci\u00f3s koordin\u00e1tornak megadott \u00e9rv\u00e9nyes telefonsz\u00e1mhoz tartoz\u00f3 telefont mindig hordja mag\u00e1n\u00e1l! Az ismeretlen sz\u00e1mokat is vegye fel \u00e9s h\u00edvja vissza! A riad\u00f3 ugyanis b\u00e1rmelyik napon vagy napszakban megt\u00f6rt\u00e9nhet.<br \/>\u00c9rdemes m\u00e1r a list\u00e1ra helyez\u00e9st k\u00f6vet\u0151 napokban beszerezni \u00e9s \u00f6sszerakni az \u201e\u00fati csomagot\u201d, hogy ne a riad\u00f3 ut\u00e1ni percekben kelljen kapkodni. A csomagba a k\u00f6vetkez\u0151 dolgok ker\u00fcljenek:<\/p>\n<ol>\n<li>bontatlan csomagol\u00e1s\u00fa fogkefe, fogkr\u00e9m<\/li>\n<li>borotva (egyszer haszn\u00e1latos)<\/li>\n<li>\u00faj papucs zacsk\u00f3ban (k\u00f6nnyen lemoshat\u00f3, nem cs\u00fasz\u00f3s talp\u00fa)<\/li>\n<li>\u00faj vagy kimosott, magas h\u0151fokon kivasalt pizsama vagy h\u00e1l\u00f3ing (lehet\u0151leg el\u0151l gombos) bezacsk\u00f3zva.<\/li>\n<\/ol>\n<p>A transzplant\u00e1ci\u00f3ra v\u00e1r\u00f3k k\u00f6z\u00fcl azonban minden 3. beteg olyan rossz \u00e1llapotban van, hogy m\u00e1r nem bocs\u00e1that\u00f3 otthon\u00e1ba, \u00edgy a m\u0171t\u00e9t id\u0151pontj\u00e1t k\u00f3rh\u00e1zban t\u00f6ltve kell megv\u00e1rnia. \u00c1llapotuk s\u00falyoss\u00e1g\u00e1nak figyelembe v\u00e9tel\u00e9vel ezek a betegek a v\u00e1r\u00f3lista elej\u00e9n kapnak besorol\u00e1st megel\u0151zve a v\u00e1r\u00f3list\u00e1n stabil \u00e1llapot\u00fa betegt\u00e1rsaikat. \u0150k a v\u00e1rakoz\u00e1si id\u0151 nagy r\u00e9sz\u00e9t az intenz\u00edv oszt\u00e1lyon t\u00f6ltik, s \u00e1ltal\u00e1ban nagy mennyis\u00e9g\u0171 gy\u00f3gyszerre van sz\u00fcks\u00e9g\u00fck ahhoz, hogy t\u00e1mogass\u00e1k kering\u00e9s\u00fcket. Ez az id\u0151szak azonban csak \u00e1tmeneti, mert \u00e1llapotuk s\u00falyoss\u00e1ga ellen\u00e9re ezek a betegek is ugyanolyan j\u00f3 kil\u00e1t\u00e1sokkal rendelkezhetnek a transzplant\u00e1ci\u00f3 ut\u00e1ni id\u0151szakra vonatkoz\u00f3an, mint a stabilabb \u00e1llapotban l\u00e9v\u0151 t\u00e1rsaik.<\/p>\n<h2>M\u0170T\u00c9TI FELK\u00c9SZ\u00cdT\u00c9S\u00a0\u00a0\u00a0<\/h2>\n<p>B\u00e1r a v\u00e1rakoz\u00e1si id\u0151 sokszor hossz\u00fanak t\u0171nik, s a betegeknek rengeteg ideje van a m\u0171t\u00e9ten \u00e9s az azt k\u00f6vet\u0151 id\u0151szakon gondolkodni, m\u00e9gis a legt\u00f6bbj\u00fck \u00fagy \u00e9rzi, mikor elj\u00f6n a m\u0171t\u00e9t napja, hogy nem volt el\u00e9g ideje felk\u00e9sz\u00fclni. Annak \u00e9rz\u00e9se ugyanis, hogy valaki biztos d\u00f6nt\u00e9s\u00e9ben \u00e9s teljes tudat\u00e1ban van annak, hogy pontosan mi v\u00e1r r\u00e1 egyfajta ment\u00e1lis r\u00e1k\u00e9sz\u00fcl\u00e9s, az esem\u00e9nyhez kapcsol\u00f3d\u00f3 tud\u00e1sanyag kognit\u00edv \u00e9s \u00e9rzelmi elsaj\u00e1t\u00edt\u00e1sa, a felt\u00e9tele.<\/p>\n<p>Hogyan is lehetne ezt megtenni?! A jel\u00f6ltek az id\u0151 nagy r\u00e9sz\u00e9ben k\u00f3rh\u00e1zr\u00f3l k\u00f3rh\u00e1zra j\u00e1rnak, vizsg\u00e1latok sorozat\u00e1n esnek \u00e1t, s csak az utols\u00f3 pillanatban \u201e\u00e9rnek r\u00e1\u201d a ment\u00e1lis felk\u00e9sz\u00fcl\u00e9sre, amikor azonban m\u00e1r csak nagyon kev\u00e9s id\u0151 \u00e1ll rendelkez\u00e9s\u00fckre. Klinik\u00e1nk, ezt felismerve hozta l\u00e9tre komplex transzplant\u00e1ci\u00f3s programj\u00e1t, melyben a hagyom\u00e1nyos orvosi el\u0151k\u00e9sz\u00edt\u00e9s mellett hangs\u00falyt kap a betegek pszich\u00e9s vezet\u00e9se \u00e9s a transzplant\u00e1ci\u00f3ra val\u00f3 ment\u00e1lis felk\u00e9sz\u00edt\u00e9s.<br \/>A sz\u00edvtranszplant\u00e1ci\u00f3ba val\u00f3 beleegyez\u00e9s az \u00e9let nagy d\u00f6nt\u00e9sei k\u00f6z\u00e9 tartozik, melyet nem lehet meghozni an\u00e9lk\u00fcl, hogy a transzplant\u00e1ci\u00f3 el\u0151tt \u00e1ll\u00f3 szem\u00e9ly \u00e9s csal\u00e1dja ne m\u00e9rlegeln\u00e9 alaposan, hiszen ennek a d\u00f6nt\u00e9snek a k\u00f6vetkezm\u00e9nyeivel nekik kell egy\u00fctt \u00e9lni\u00fck. A sz\u00edvtranszplant\u00e1ci\u00f3ugyanis egy komoly \u00e9s hat\u00e1rozott elk\u00f6telez\u0151d\u00e9s a jel\u00f6lt \u00e9s csal\u00e1dja r\u00e9sz\u00e9r\u0151l, hogy mind m\u0171t\u00e9t el\u0151tt, mind ut\u00e1na egy\u00fcttm\u0171k\u00f6dnek az orvosokkal \u00e9s betartj\u00e1k &#8211; a sokszor szigor\u00fa &#8211; utas\u00edt\u00e1sokat a kezel\u00e9sre \u00e9s az \u00e9letm\u00f3dra vonatkoz\u00f3an.<\/p>\n<h2>TRANSZPLANT\u00c1CI\u00d3S RIAD\u00d3<\/h2>\n<p>Magyarorsz\u00e1g 2013-\u00f3ta az Eurotransplant (link: eurotransplant.org) szervezet teljes jog\u00fa tagja, \u00edgy a Magyar Nemzeti Sz\u00edvtranszplant\u00e1ci\u00f3s V\u00e1r\u00f3list\u00e1ra felker\u00fcl\u0151 betegek sz\u00e1m\u00e1ra az Eurotransplant mintegy 130 milli\u00f3 lakosa k\u00f6z\u00fcl van elvi lehet\u0151s\u00e9g donor sz\u00edvet tal\u00e1lni. A szervek oda\u00edt\u00e9l\u00e9se a Leidenben sz\u00e9kel\u0151 k\u00f6zponton kereszt\u00fcl minden esetben szigor\u00fa szakmai elvek ment\u00e9n t\u00f6rt\u00e9nik. Amennyiben egy beteg\u00fcnk sz\u00e1m\u00e1ra megfelel\u0151nek t\u0171n\u0151 donorsz\u00edvet tal\u00e1lunk, klinik\u00e1nk transzplant\u00e1ci\u00f3s koordin\u00e1tora telefonon \u00e9rtes\u00edti a sz\u00edvre v\u00e1r\u00f3 beteget.<\/p>\n","protected":false},"excerpt":{"rendered":"<p>A v\u00e1r\u00f3lista a szerv \u00e1t\u00fcltet\u00e9s\u00e9re v\u00e1r\u00f3 betegek list\u00e1ja. A v\u00e1r\u00f3list\u00e1k l\u00e9trehoz\u00e1s\u00e1t \u00e9s fenntart\u00e1s\u00e1t az is indokolja, hogy a szerv\u00e1t\u00fcltet\u00e9si programok eset\u00e9n, az \u00e9ppen rendelkez\u00e9sre \u00e1ll\u00f3 donorszervhez kell recipienst keresni (v\u00e9rcsoport kompatibilit\u00e1s, testm\u00e9retek, immunol\u00f3giai egyez\u00e9s alapj\u00e1n), vagyis olyan beteget, akinek szervezete a legnagyobb es\u00e9llyel tudja befogadni a be\u00fcltet\u00e9sre v\u00e1r\u00f3 szervet. A transzplant\u00e1ci\u00f3ra val\u00f3 alkalmass\u00e1g meg\u00e1llap\u00edt\u00e1sa eset\u00e9n &hellip;<\/p>\n","protected":false},"author":101737,"featured_media":0,"parent":673,"menu_order":3,"comment_status":"closed","ping_status":"closed","template":"","meta":{"_acf_changed":false,"footnotes":""},"categories":[],"tags":[],"class_list":["post-686","page","type-page","status-publish","hentry"],"acf":[],"_links":{"self":[{"href":"https:\/\/semmelweis.hu\/varosmajor\/wp-json\/wp\/v2\/pages\/686","targetHints":{"allow":["GET"]}}],"collection":[{"href":"https:\/\/semmelweis.hu\/varosmajor\/wp-json\/wp\/v2\/pages"}],"about":[{"href":"https:\/\/semmelweis.hu\/varosmajor\/wp-json\/wp\/v2\/types\/page"}],"author":[{"embeddable":true,"href":"https:\/\/semmelweis.hu\/varosmajor\/wp-json\/wp\/v2\/users\/101737"}],"replies":[{"embeddable":true,"href":"https:\/\/semmelweis.hu\/varosmajor\/wp-json\/wp\/v2\/comments?post=686"}],"version-history":[{"count":2,"href":"https:\/\/semmelweis.hu\/varosmajor\/wp-json\/wp\/v2\/pages\/686\/revisions"}],"predecessor-version":[{"id":2868,"href":"https:\/\/semmelweis.hu\/varosmajor\/wp-json\/wp\/v2\/pages\/686\/revisions\/2868"}],"up":[{"embeddable":true,"href":"https:\/\/semmelweis.hu\/varosmajor\/wp-json\/wp\/v2\/pages\/673"}],"wp:attachment":[{"href":"https:\/\/semmelweis.hu\/varosmajor\/wp-json\/wp\/v2\/media?parent=686"}],"wp:term":[{"taxonomy":"category","embeddable":true,"href":"https:\/\/semmelweis.hu\/varosmajor\/wp-json\/wp\/v2\/categories?post=686"},{"taxonomy":"post_tag","embeddable":true,"href":"https:\/\/semmelweis.hu\/varosmajor\/wp-json\/wp\/v2\/tags?post=686"}],"curies":[{"name":"wp","href":"https:\/\/api.w.org\/{rel}","templated":true}]}}