{"id":676,"date":"2020-12-03T10:59:07","date_gmt":"2020-12-03T09:59:07","guid":{"rendered":"https:\/\/semmelweis.hu\/varosmajor\/?page_id=676"},"modified":"2021-03-11T11:20:04","modified_gmt":"2021-03-11T10:20:04","slug":"kiemelt-informaciok","status":"publish","type":"page","link":"https:\/\/semmelweis.hu\/varosmajor\/gyogyitas\/szivtranszplantacio\/kiemelt-informaciok\/","title":{"rendered":"Kiemelt inform\u00e1ci\u00f3k"},"content":{"rendered":"<p>Az aloldalakon kifejtett t\u00e9mak\u00f6r\u00f6k mellett \u00f6sszeszedt\u00fck a legfontosabb inform\u00e1ci\u00f3kat t\u00f6m\u00f6r azonnal \u00e1ttekinthet\u0151 form\u00e1ban is<\/p>\n<h3>A sz\u00edvtranszplant\u00e1ci\u00f3r\u00f3l<\/h3>\n<p>Azok a betegek profit\u00e1lhatnak a legt\u00f6bbet a sz\u00edvtranszplant\u00e1ci\u00f3b\u00f3l, akiknek sz\u00edve olyan \u00e1llapotban van, amelyen m\u00e1s kezel\u00e9s m\u00e1r nem jav\u00edthat \u00e9s \u00f6sszess\u00e9g\u00e9ben el\u00e9g \u00e9lettani, illetve ment\u00e1lis tartal\u00e9kkal rendelkeznek az igen megterhel\u0151 m\u0171t\u00e9thez, a m\u0171t\u00e9t ut\u00e1ni korai id\u0151szakhoz, valamint az \u00faj \u00e9letm\u00f3ddal j\u00e1r\u00f3 v\u00e1ltoztat\u00e1sokhoz. A transzplant\u00e1ci\u00f3 felt\u00e9tele, hogy a jel\u00f6lt mentes legyen az olyan k\u00e1ros szenved\u00e9lyekt\u0151l, mint a doh\u00e1nyz\u00e1s, alkohol- vagy drogfogyaszt\u00e1s.<\/p>\n<h3>V\u00e1r\u00f3lista \u00e9s v\u00e1rakoz\u00e1si id\u0151<\/h3>\n<p>A v\u00e1r\u00f3list\u00e1ra val\u00f3 felhelyez\u00e9st k\u00f6vet\u0151en a riad\u00f3 b\u00e1rmelyik napon vagy napszakban megt\u00f6rt\u00e9nhet, ez\u00e9rt m\u00e1r a list\u00e1ra helyez\u00e9st k\u00f6vet\u0151 napokban \u00e9rdemes beszerezni \u00e9s \u00f6sszerakni az \u201e\u00fati csomagot\u201d. A csomagba a k\u00f6vetkez\u0151 dolgok ker\u00fcljenek:<\/p>\n<ol>\n<li>bontatlan csomagol\u00e1s\u00fa fogkefe, fogkr\u00e9m<\/li>\n<li>borotva (egyszer haszn\u00e1latos)<\/li>\n<li>\u00faj papucs zacsk\u00f3ban (k\u00f6nnyen lemoshat\u00f3, nem cs\u00fasz\u00f3s talp\u00fa)<\/li>\n<li>\u00faj vagy kimosott, magas h\u0151fokon kivasalt pizsama vagy h\u00e1l\u00f3ing (lehet\u0151leg el\u0151l gombos) bezacsk\u00f3zva.<\/li>\n<\/ol>\n<h3>M\u0171t\u00e9ti felk\u00e9sz\u00edt\u00e9s<\/h3>\n<p>A sz\u00edvtranszplant\u00e1ci\u00f3ba val\u00f3 beleegyez\u00e9s az \u00e9let nagy d\u00f6nt\u00e9sei k\u00f6z\u00e9 tartozik, melyet nem lehet meghozni an\u00e9lk\u00fcl, hogy a transzplant\u00e1ci\u00f3 el\u0151tt \u00e1ll\u00f3 szem\u00e9ly \u00e9s csal\u00e1dja ne m\u00e9rlegeln\u00e9 alaposan. Ennek a d\u00f6nt\u00e9snek a k\u00f6vetkezm\u00e9nyeivel nekik kell egy\u00fctt \u00e9lni\u00fck \u00e9s v\u00e1llalni a felel\u0151ss\u00e9get.<\/p>\n<h3>Transzplant\u00e1ci\u00f3s riad\u00f3<\/h3>\n<p>A transzplant\u00e1ci\u00f3s riad\u00f3 b\u00e1rmikor \u2013 b\u00e1rmelyik napon vagy napszakban \u2013 megt\u00f6rt\u00e9nhet, s\u0151t a riad\u00f3k t\u00f6bbs\u00e9ge k\u00e9s\u0151 este, \u00e9jszaka t\u00f6rt\u00e9nik. Kiemelten fontos ez\u00e9rt, hogy a transzplant\u00e1ci\u00f3ra v\u00e1r\u00f3 szem\u00e9ly, a transzplant\u00e1ci\u00f3s koordin\u00e1tornak megadott \u00e9rv\u00e9nyes telefonsz\u00e1mhoz tartoz\u00f3 telefont mindig hordja mag\u00e1n\u00e1l, az ismeretlen sz\u00e1mokat is vegye fel \u00e9s h\u00edvja vissza!<\/p>\n<h3>A sz\u00edvtranszplant\u00e1ci\u00f3 menete<\/h3>\n<p>A transzplant\u00e1ci\u00f3 el\u0151k\u00e9sz\u00edt\u00e9se alatt is felmer\u00fclhetnek olyan probl\u00e9m\u00e1k, melyek alapj\u00e1n a donor team \u00fagy \u00edt\u00e9li meg, hogy az adott szerv transzplant\u00e1ci\u00f3ra nem alkalmas. Ilyenkor a transzplant\u00e1ci\u00f3s riad\u00f3 folyamat\u00e1t meg kell szak\u00edtanunk \u00e9s v\u00e9g\u00fcl a beteget hazabocs\u00e1tjuk. Ez term\u00e9szetesen betegk\u00e9nt, hozz\u00e1tartoz\u00f3k\u00e9nt lelkileg megterhel\u0151 lehet, \u00e1m ez garant\u00e1lja, hogy a transzplant\u00e1ci\u00f3ra v\u00e1r\u00f3 beteg a lehet\u0151 legjobb \u00e9s legbiztons\u00e1gosabb kezel\u00e9sben r\u00e9szes\u00fclj\u00f6n.<\/p>\n<h3>M\u0171t\u00e9t ut\u00e1ni k\u00f6zvetlen posztiperat\u00edv id\u0151szak<\/h3>\n<p>Az intenz\u00edv oszt\u00e1lyos kezel\u00e9s, megk\u00f6zel\u00edt\u0151leg egy h\u00e9t, melynek sor\u00e1n megt\u00f6rt\u00e9nik a sz\u00edvtranszplant\u00e1ci\u00f3ra specifikus gy\u00f3gyszerek (\u00fagynevezett immunszupressz\u00edv gy\u00f3gyszerek) be\u00e1ll\u00edt\u00e1sa \u00e9s a transzplant\u00e1lt mobiliz\u00e1l\u00e1sa szakk\u00e9pzett gy\u00f3gytorn\u00e1szok seg\u00edts\u00e9g\u00e9vel.<\/p>\n<h3>Gy\u00f3gyszerek<\/h3>\n<p>A sz\u00edvtranszplant\u00e1ltakra szigor\u00fa gy\u00f3gyszerszed\u00e9si szab\u00e1lyok vonatkoznak, melyek betart\u00e1sa elengedhetetlen. Ezek a szab\u00e1lyok a k\u00f6vetkez\u0151k.<\/p>\n<ul>\n<li><strong>id\u0151:<\/strong>\u00a0a transzplant\u00e1lt minden nap ugyanabban az id\u0151ben vegye be gy\u00f3gyszereit!<\/li>\n<li><strong>adag:<\/strong>\u00a0ha v\u00e9letlen\u00fcl nagyobb adagot vett be gy\u00f3gyszer\u00e9b\u0151l, azonnal konzult\u00e1ljon az orvos\u00e1val! Ha elfelejtette bevenni a gy\u00f3gyszer\u00e9t, azonnal p\u00f3tolja, amint esz\u00e9be jutott, kiv\u00e9ve, ha a k\u00f6vetkez\u0151 adagot m\u00e1r \u00f6t \u00f3r\u00e1n bel\u00fcl be kellene vennie! saj\u00e1t d\u00f6nt\u00e9se alapj\u00e1n soha ne cs\u00f6kkentse, vagy hagyja abba gy\u00f3gyszereinek szed\u00e9s\u00e9t, m\u00e9g akkor sem, ha jobban \u00e9rzi mag\u00e1t! Mindig ellen\u0151rizze, hogy elegend\u0151 gy\u00f3gyszere legyen h\u00e9tv\u00e9g\u00e9re \u00e9s az \u00fcnnepnapokra, ha megv\u00e1ltozott a d\u00f3zis, n\u00e9zze meg, hogy van-e elegend\u0151 gy\u00f3gyszere az emelt d\u00f3zisok biztos\u00edt\u00e1s\u00e1ra!<\/li>\n<li><strong>egy\u00e9b:<\/strong>\u00a0ne adjon m\u00e1snak a gy\u00f3gyszer\u00e9b\u0151l! A dobozon felt\u00fcntetett lej\u00e1rati id\u0151 ut\u00e1n ne vegyen be a gy\u00f3gyszerb\u0151l, fel nem haszn\u00e1lt gy\u00f3gyszer\u00e9t ne dobja ki, hanem juttassa vissza a gy\u00f3gyszert\u00e1rba! Orvosa tudta \u00e9s beleegyez\u00e9se n\u00e9lk\u00fcl ne szedjen semmif\u00e9le v\u00e9ny n\u00e9lk\u00fcl kaphat\u00f3 gy\u00f3gyszert! Ha b\u00e1rmilyen szokatlan t\u00fcnetet tapasztal, \u00e9rtes\u00edtse orvos\u00e1t! Gy\u00f3gyszereit sz\u00e1raz, h\u0171v\u00f6s helyen, f\u00e9nyt\u0151l v\u00e9dve, gyermekek el\u0151l elz\u00e1rva t\u00e1rolja!<\/li>\n<\/ul>\n<h3>Infekci\u00f3<\/h3>\n<p>N\u00e9h\u00e1ny egyszer\u0171 szab\u00e1ly betart\u00e1s\u00e1val a transzplant\u00e1lt szem\u00e9ly \u00e9s csal\u00e1dja k\u00e9pes cs\u00f6kkenteni a fert\u0151z\u00e9sek megjelen\u00e9s\u00e9nek val\u00f3sz\u00edn\u0171s\u00e9g\u00e9t, ezek a k\u00f6vetkez\u0151k:<\/p>\n<ul>\n<li>A transzplant\u00e1lt pihenjen eleget, t\u00e1pl\u00e1lkozzon eg\u00e9szs\u00e9gesen, \u00e9trendje legyen kiegyens\u00falyozott!<\/li>\n<li>Mozogjon rendszeresen, tartsa s\u00faly\u00e1t elfogadhat\u00f3 hat\u00e1ron bel\u00fcl!<\/li>\n<li>Ker\u00fclje a zs\u00fafolt helyeket az influenz\u00e1s id\u0151szakban!<\/li>\n<li>Rutinszer\u0171en mosson kezet a tev\u00e9kenys\u00e9gek el\u0151tt \u00e9s ut\u00e1n!<\/li>\n<li>Viseljen keszty\u0171t, ha kert\u00e9szkedik, vagy m\u00e1s, f\u00f6lddel kapcsolatos munk\u00e1t v\u00e9gez!<\/li>\n<li>Ne doh\u00e1nyozzon!<\/li>\n<li>Ker\u00fclje a falbont\u00e1ssal j\u00e1r\u00f3 ter\u00fcleteket, \u00e9p\u00edtkez\u00e9seket!<\/li>\n<\/ul>\n<h3>Biopszia<\/h3>\n<p>A transzplant\u00e1ci\u00f3t k\u00f6vet\u0151 els\u0151 \u00e9vben cs\u00f6kken\u0151 id\u0151k\u00f6z\u00f6nk\u00e9nt, de mintegy 12-14 alkalommal t\u00f6rt\u00e9nik biopszia, amely egy napos k\u00f3rh\u00e1zi bentfekv\u00e9ssel j\u00e1r.<\/p>\n<h3>Rejekci\u00f3<\/h3>\n<p>A rejekci\u00f3nak t\u00f6bb fokozata van, melyek a k\u00f6vetkez\u0151k:<\/p>\n<ul>\n<li>Grade 0 (nincs rejekci\u00f3)<\/li>\n<li>Grade 1 (enyhe)<\/li>\n<li>Grade 2 (k\u00f6zepes)<\/li>\n<li>Grade 3 (s\u00falyos)<\/li>\n<\/ul>\n<p>Az enyh\u00e9bb rejekci\u00f3 \u00e1ltal\u00e1ban t\u00fcnetmentes s\u00falyosabb esetben azonban a k\u00f6vetkez\u0151 panaszok jelenhetnek meg: l\u00e9gv\u00e9tel ler\u00f6vid\u00fcl\u00e9se, zih\u00e1l\u00e1s, h\u0151emelked\u00e9s\/l\u00e1z, s\u00falygyarapod\u00e1s v\u00edzvisszatart\u00e1s miatt (vizesed\u00e9s), megszokottn\u00e1l kevesebb mennyis\u00e9g\u0171 vizelet \u00fcr\u00edt\u00e9se, kimer\u00fclts\u00e9g, nyugtalans\u00e1g, fesz\u00fclts\u00e9g, pulzusemelked\u00e9s, v\u00e9rnyom\u00e1s emelked\u00e9s\/cs\u00f6kken\u00e9s.<\/p>\n<h3>Higi\u00e9nia<\/h3>\n<p>A megfelel\u0151 higi\u00e9niai szab\u00e1lyok betart\u00e1sa a transzplant\u00e1lt szem\u00e9lyn\u00e9l elengedhetetlen\u00fcl fontos! A k\u00f6vetkez\u0151ket kell mindenk\u00e9ppen betartania:<\/p>\n<p>Tiszt\u00e1lkodjon rendszeresen \u00e9s alaposan (k\u00fcl\u00f6n\u00f6sen fontos az intim higi\u00e9nia), a zuhanyz\u00e1st r\u00e9szes\u00edtse ink\u00e1bb el\u0151nyben, mint a k\u00e1dban val\u00f3 f\u00fcrd\u00e9st! Mosakod\u00e1shoz haszn\u00e1ljon foly\u00e9kony szappant (a hagyom\u00e1nyos szappant lehet\u0151leg ker\u00fclje el)!<br \/>Minden tev\u00e9kenys\u00e9g el\u0151tt \u00e9s ut\u00e1n mosson kezet, k\u00f6r\u00f6mkef\u00e9vel alaposan tiszt\u00edtsa meg k\u00f6rmeit!<\/p>\n<h3>Hazamenetel \u00e9s steril szoba<\/h3>\n<p>A transzplant\u00e1ltak otthonukba bocs\u00e1t\u00e1sa el\u0151tt a csal\u00e1dnak egy \u201etiszta vagy steril szob\u00e1t\u201d \u00e9rdemes kialak\u00edtani, melynek felt\u00e9telei a k\u00f6vetkez\u0151k:<\/p>\n<ol>\n<li>a szoba friss fest\u00e9se &#8211; ha van r\u00e1 m\u00f3d &#8211; moshat\u00f3 fest\u00e9kkel.<\/li>\n<li>parketta, lamin\u00e1lt parketta lerak\u00e1sa, amennyiben ez nem megoldhat\u00f3 gyakori porsz\u00edv\u00f3z\u00e1s \u00e9s a sz\u0151nyeg nedves ruh\u00e1s \u00e1tt\u00f6rl\u00e9se javasolt. Aj\u00e1nlott a transzplant\u00e1lt szob\u00e1j\u00e1t minden m\u00e1snap felmosni vagy kiporsz\u00edv\u00f3zni.<\/li>\n<li>c\u00e9lszer\u0171 a red\u0151ny, illetve reluxa alkalmaz\u00e1sa vagy a f\u00fcgg\u00f6ny\u00f6k k\u00e9thetente t\u00f6rt\u00e9n\u0151 mos\u00e1sa.<\/li>\n<li>a szob\u00e1ban minden sz\u00fcks\u00e9ges t\u00e1rgy bent lehet, azonban praktikus az apr\u00f3bb, \u201eporfog\u00f3\u201d t\u00e1rgyakat kivinni a k\u00f6nnyebb portalan\u00edt\u00e1s miatt, melyet minden m\u00e1snap \u00e9rdemes elv\u00e9gezni.<\/li>\n<li>a transzplant\u00e1lt szob\u00e1j\u00e1ban n\u00f6v\u00e9ny tart\u00e1s\u00e1ra van m\u00f3d, de lehet\u0151leg nagy level\u0171 legyen, amit k\u00f6nny\u0171 portalan\u00edtani. Fontos azonban, hogy a szob\u00e1ban h\u00e1zi\u00e1llat ne tart\u00f3zkodjon!<\/li>\n<\/ol>\n<p>&nbsp;<\/p>\n<h3>Eg\u00e9szs\u00e9gmeg\u0151rz\u00e9s<\/h3>\n<p>A transzplant\u00e1ltak sz\u00e1m\u00e1ra rendk\u00edv\u00fcl fontos a testh\u0151m\u00e9rs\u00e9klet rendszeres ellen\u0151rz\u00e9se. Amennyiben a beteg l\u00e1zat, hidegr\u00e1z\u00e1st, vagy f\u00e1jdalmat tapasztal vagy testh\u0151m\u00e9rs\u00e9klete egy alkalommal 38\u00baC-n\u00e1l magasabb vagy egy teljes napon \u00e1t 37,5\u00baC-n\u00e1l magasabb, azonnal fel kell keresni a kezel\u0151orvost, vagy a transzplant\u00e1ci\u00f3s munkacsoportot!<\/p>\n<h3>Testmozg\u00e1s<\/h3>\n<p>A transzplant\u00e1ltak sz\u00e1m\u00e1ra nagyon fontos a rendszeres testmozg\u00e1s, azonban a terhel\u00e9s m\u00e9rt\u00e9k\u00e9t lassan kell emelni, ez\u00e1ltal a mozg\u00e1s pozit\u00edv hat\u00e1sai teljes m\u00e9rt\u00e9kben \u00e9rv\u00e9nyes\u00fclnek majd an\u00e9lk\u00fcl, hogy a testi \u00e9ps\u00e9get vesz\u00e9lyeztetn\u00e9. M\u0171t\u00e9t ut\u00e1n 3-4 h\u00f3napig ker\u00fclni kell a hasizmokat ig\u00e9nybe vev\u0151 testmozg\u00e1st a hasfali s\u00e9rv kialakul\u00e1s\u00e1nak megel\u0151z\u00e9se \u00e9rdek\u00e9ben,ez\u00e9rt az \u00e1ll\u00f3k\u00e9pess\u00e9g jav\u00edt\u00e1s\u00e1ra \u00e9s az \u00e1ltal\u00e1nos izomt\u00f3nus jav\u00edt\u00e1s\u00e1r a ker\u00e9kp\u00e1roz\u00e1s \u00e9s a gyalogl\u00e1s aj\u00e1nlott.<\/p>\n<h3>T\u00e1pl\u00e1lkoz\u00e1s<\/h3>\n<p>A transzplant\u00e1ltnak otthon\u00e1ba bocs\u00e1t\u00e1s\u00e1t k\u00f6vet\u0151en fokozottan \u00fcgyelnie kell az \u00e9trendj\u00e9re! A t\u00e1pl\u00e1l\u00e9kkal elfogyasztott bakt\u00e9riumok, gomb\u00e1k, szennyez\u0151d\u00e9sek k\u00fcl\u00f6nb\u00f6z\u0151 fert\u0151z\u00e9sek kialakul\u00e1s\u00e1nak forr\u00e1sai lehetnek, melynek lehet\u0151 legteljesebb kik\u00fcsz\u00f6b\u00f6l\u00e9se a c\u00e9l. Ez\u00e9rt csak otthon, a lehet\u0151 legtiszt\u00e1bb felt\u00e9telek k\u00f6z\u00f6tt elk\u00e9sz\u00edtett \u00e9teleket fogyaszt\u00e1sa, az \u00e9ttermek \u00e9s kif\u0151zd\u00e9ket ker\u00fcl\u00e9se aj\u00e1nlott.<\/p>\n","protected":false},"excerpt":{"rendered":"<p>Az aloldalakon kifejtett t\u00e9mak\u00f6r\u00f6k mellett \u00f6sszeszedt\u00fck a legfontosabb inform\u00e1ci\u00f3kat t\u00f6m\u00f6r azonnal \u00e1ttekinthet\u0151 form\u00e1ban is A sz\u00edvtranszplant\u00e1ci\u00f3r\u00f3l Azok a betegek profit\u00e1lhatnak a legt\u00f6bbet a sz\u00edvtranszplant\u00e1ci\u00f3b\u00f3l, akiknek sz\u00edve olyan \u00e1llapotban van, amelyen m\u00e1s kezel\u00e9s m\u00e1r nem jav\u00edthat \u00e9s \u00f6sszess\u00e9g\u00e9ben el\u00e9g \u00e9lettani, illetve ment\u00e1lis tartal\u00e9kkal rendelkeznek az igen megterhel\u0151 m\u0171t\u00e9thez, a m\u0171t\u00e9t ut\u00e1ni korai id\u0151szakhoz, valamint az \u00faj &hellip;<\/p>\n","protected":false},"author":101737,"featured_media":0,"parent":673,"menu_order":1,"comment_status":"closed","ping_status":"closed","template":"","meta":{"_acf_changed":false,"footnotes":""},"categories":[],"tags":[],"class_list":["post-676","page","type-page","status-publish","hentry"],"acf":[],"_links":{"self":[{"href":"https:\/\/semmelweis.hu\/varosmajor\/wp-json\/wp\/v2\/pages\/676","targetHints":{"allow":["GET"]}}],"collection":[{"href":"https:\/\/semmelweis.hu\/varosmajor\/wp-json\/wp\/v2\/pages"}],"about":[{"href":"https:\/\/semmelweis.hu\/varosmajor\/wp-json\/wp\/v2\/types\/page"}],"author":[{"embeddable":true,"href":"https:\/\/semmelweis.hu\/varosmajor\/wp-json\/wp\/v2\/users\/101737"}],"replies":[{"embeddable":true,"href":"https:\/\/semmelweis.hu\/varosmajor\/wp-json\/wp\/v2\/comments?post=676"}],"version-history":[{"count":2,"href":"https:\/\/semmelweis.hu\/varosmajor\/wp-json\/wp\/v2\/pages\/676\/revisions"}],"predecessor-version":[{"id":2870,"href":"https:\/\/semmelweis.hu\/varosmajor\/wp-json\/wp\/v2\/pages\/676\/revisions\/2870"}],"up":[{"embeddable":true,"href":"https:\/\/semmelweis.hu\/varosmajor\/wp-json\/wp\/v2\/pages\/673"}],"wp:attachment":[{"href":"https:\/\/semmelweis.hu\/varosmajor\/wp-json\/wp\/v2\/media?parent=676"}],"wp:term":[{"taxonomy":"category","embeddable":true,"href":"https:\/\/semmelweis.hu\/varosmajor\/wp-json\/wp\/v2\/categories?post=676"},{"taxonomy":"post_tag","embeddable":true,"href":"https:\/\/semmelweis.hu\/varosmajor\/wp-json\/wp\/v2\/tags?post=676"}],"curies":[{"name":"wp","href":"https:\/\/api.w.org\/{rel}","templated":true}]}}