{"id":6185,"date":"2024-09-30T17:44:22","date_gmt":"2024-09-30T15:44:22","guid":{"rendered":"https:\/\/semmelweis.hu\/varosmajor\/?page_id=6185"},"modified":"2024-10-31T15:07:44","modified_gmt":"2024-10-31T14:07:44","slug":"nyiroksebeszet","status":"publish","type":"page","link":"https:\/\/semmelweis.hu\/varosmajor\/kutatas\/nyiroksebeszet\/","title":{"rendered":"Rekonstrukci\u00f3s nyirokseb\u00e9szet"},"content":{"rendered":"<p style=\"text-align: justify\"><img loading=\"lazy\" decoding=\"async\" class=\"alignright\" src=\"https:\/\/semmelweis.hu\/varosmajor\/files\/2024\/09\/varosmajori-klinika-fejlesztes-atado-2_muto.jpg\" alt=\"\" width=\"320\" height=\"201\" \/>2022-ben \u00faj, rekonstrukci\u00f3s nyirokseb\u00e9szeti profilt hoztunk l\u00e9tre a Semmelweis Egyetem Sz\u00edv- \u00e9s \u00c9rgy\u00f3gy\u00e1szati Klinik\u00e1j\u00e1n. Ennek kapcs\u00e1n \u00f6r\u00f6mmel szervezz\u00fck meg a szimp\u00f3ziumot plasztikai- \u00e9s \u00e9rseb\u00e9szek, angiol\u00f3gusok, rehabilit\u00e1ci\u00f3s orvosok, b\u0151rgy\u00f3gy\u00e1szok, kardiol\u00f3gusok \u00e9s lymphoterapeut\u00e1k sz\u00e1m\u00e1ra. A szimp\u00f3zium f\u0151 c\u00e9lja a hazai nyirok\u00f6d\u00e9m\u00e1s betegek ell\u00e1t\u00e1s\u00e1nak \u00f6sszehangol\u00e1sa, tov\u00e1bb\u00e1 fontos hangs\u00falyt helyez\u00fcnk a nemzetk\u00f6zi inform\u00e1ci\u00f3cser\u00e9re is.<\/p>\n<h2 style=\"text-align: left\"><span style=\"font-size: 18pt\">REKONSTRUKCI\u00d3S NYIROKSEB\u00c9SZETI \u00c9S LYMPHOLOGIAI SZIMP\u00d3ZIUM<\/span><\/h2>\n<ul>\n<li>\n<p>A 2024-es m\u00e1sodik szimp\u00f3zium programja <a href=\"https:\/\/semmelweis.hu\/varosmajor\/2024\/09\/30\/masodik-nyiroksebeszeti-szimpozium-program\/\">ITT<\/a> olvashat\u00f3.<\/p>\n<\/li>\n<li>\n<p>A 2022-ben rendezett els\u0151 szimp\u00f3ziumr\u00f3l <a href=\"https:\/\/semmelweis.hu\/hirek\/2023\/01\/09\/eloszor-rendeztek-nemzetkozi-nyiroksebeszeti-szimpoziumot-magyarorszagon\/\">ITT<\/a> olvashatnak.\u00a0<\/p>\n<\/li>\n<\/ul>\n","protected":false},"excerpt":{"rendered":"<p>2022-ben \u00faj, rekonstrukci\u00f3s nyirokseb\u00e9szeti profilt hoztunk l\u00e9tre a Semmelweis Egyetem Sz\u00edv- \u00e9s \u00c9rgy\u00f3gy\u00e1szati Klinik\u00e1j\u00e1n. Ennek kapcs\u00e1n \u00f6r\u00f6mmel szervezz\u00fck meg a szimp\u00f3ziumot plasztikai- \u00e9s \u00e9rseb\u00e9szek, angiol\u00f3gusok, rehabilit\u00e1ci\u00f3s orvosok, b\u0151rgy\u00f3gy\u00e1szok, kardiol\u00f3gusok \u00e9s lymphoterapeut\u00e1k sz\u00e1m\u00e1ra. A szimp\u00f3zium f\u0151 c\u00e9lja a hazai nyirok\u00f6d\u00e9m\u00e1s betegek ell\u00e1t\u00e1s\u00e1nak \u00f6sszehangol\u00e1sa, tov\u00e1bb\u00e1 fontos hangs\u00falyt helyez\u00fcnk a nemzetk\u00f6zi inform\u00e1ci\u00f3cser\u00e9re is. REKONSTRUKCI\u00d3S NYIROKSEB\u00c9SZETI \u00c9S LYMPHOLOGIAI SZIMP\u00d3ZIUM &hellip;<\/p>\n","protected":false},"author":102080,"featured_media":0,"parent":25,"menu_order":11,"comment_status":"closed","ping_status":"closed","template":"","meta":{"_acf_changed":false,"footnotes":""},"categories":[],"tags":[],"class_list":["post-6185","page","type-page","status-publish","hentry"],"acf":[],"_links":{"self":[{"href":"https:\/\/semmelweis.hu\/varosmajor\/wp-json\/wp\/v2\/pages\/6185","targetHints":{"allow":["GET"]}}],"collection":[{"href":"https:\/\/semmelweis.hu\/varosmajor\/wp-json\/wp\/v2\/pages"}],"about":[{"href":"https:\/\/semmelweis.hu\/varosmajor\/wp-json\/wp\/v2\/types\/page"}],"author":[{"embeddable":true,"href":"https:\/\/semmelweis.hu\/varosmajor\/wp-json\/wp\/v2\/users\/102080"}],"replies":[{"embeddable":true,"href":"https:\/\/semmelweis.hu\/varosmajor\/wp-json\/wp\/v2\/comments?post=6185"}],"version-history":[{"count":10,"href":"https:\/\/semmelweis.hu\/varosmajor\/wp-json\/wp\/v2\/pages\/6185\/revisions"}],"predecessor-version":[{"id":6236,"href":"https:\/\/semmelweis.hu\/varosmajor\/wp-json\/wp\/v2\/pages\/6185\/revisions\/6236"}],"up":[{"embeddable":true,"href":"https:\/\/semmelweis.hu\/varosmajor\/wp-json\/wp\/v2\/pages\/25"}],"wp:attachment":[{"href":"https:\/\/semmelweis.hu\/varosmajor\/wp-json\/wp\/v2\/media?parent=6185"}],"wp:term":[{"taxonomy":"category","embeddable":true,"href":"https:\/\/semmelweis.hu\/varosmajor\/wp-json\/wp\/v2\/categories?post=6185"},{"taxonomy":"post_tag","embeddable":true,"href":"https:\/\/semmelweis.hu\/varosmajor\/wp-json\/wp\/v2\/tags?post=6185"}],"curies":[{"name":"wp","href":"https:\/\/api.w.org\/{rel}","templated":true}]}}