{"id":5660,"date":"2024-09-03T13:05:42","date_gmt":"2024-09-03T11:05:42","guid":{"rendered":"https:\/\/semmelweis.hu\/varosmajor\/?page_id=5660"},"modified":"2024-10-31T14:47:29","modified_gmt":"2024-10-31T13:47:29","slug":"urorvostan","status":"publish","type":"page","link":"https:\/\/semmelweis.hu\/varosmajor\/oktatas\/urorvostan\/","title":{"rendered":"\u0170rorvostan"},"content":{"rendered":"<p style=\"text-align: justify\">A Tansz\u00e9k oktat\u00e1si tev\u00e9kenys\u00e9g\u00e9nek c\u00e9lja az \u00e1ltal\u00e1nos orvostudom\u00e1nyi k\u00e9pz\u00e9sben r\u00e9sztvev\u0151k megismertet\u00e9se a rep\u00fcl\u0151orvosl\u00e1s \u00e9s az \u0171rorvosl\u00e1s alapjaival, a kutat\u00e1sorient\u00e1lt alaptudom\u00e1nyt\u00f3l az operat\u00edv \u00e9s klinikai felhaszn\u00e1l\u00e1sig. C\u00e9lunk tov\u00e1bb\u00e1 az alap- \u00e9s klinikai t\u00e1rgyak sor\u00e1n elsaj\u00e1t\u00edtott ismereteknek a rep\u00fcl\u0151- \u00e9s \u0171rorvosl\u00e1sban val\u00f3 felhaszn\u00e1l\u00e1si ter\u00fcleteinek ismertet\u00e9se, az \u0171rutaz\u00e1s kih\u00edv\u00e1sainak \u00e9s ezek megold\u00e1si lehet\u0151s\u00e9geinek interakt\u00edv bemutat\u00e1sa. C\u00e9lunk a hallgat\u00f3k probl\u00e9ma-orient\u00e1lt gondolkod\u00e1s\u00e1nak, probl\u00e9mamegold\u00f3 k\u00e9pess\u00e9g\u00e9nek fejleszt\u00e9se az \u0171rorvosl\u00e1s mindennapi kih\u00edv\u00e1sain kereszt\u00fcl.<\/p>\n<p><img decoding=\"async\" class=\"aligncenter\" src=\"https:\/\/semmelweis.hu\/varosmajor\/files\/2024\/09\/Hunor.png\" alt=\"\" \/><\/p>\n<p>&nbsp;<\/p>\n","protected":false},"excerpt":{"rendered":"<p>A Tansz\u00e9k oktat\u00e1si tev\u00e9kenys\u00e9g\u00e9nek c\u00e9lja az \u00e1ltal\u00e1nos orvostudom\u00e1nyi k\u00e9pz\u00e9sben r\u00e9sztvev\u0151k megismertet\u00e9se a rep\u00fcl\u0151orvosl\u00e1s \u00e9s az \u0171rorvosl\u00e1s alapjaival, a kutat\u00e1sorient\u00e1lt alaptudom\u00e1nyt\u00f3l az operat\u00edv \u00e9s klinikai felhaszn\u00e1l\u00e1sig. C\u00e9lunk tov\u00e1bb\u00e1 az alap- \u00e9s klinikai t\u00e1rgyak sor\u00e1n elsaj\u00e1t\u00edtott ismereteknek a rep\u00fcl\u0151- \u00e9s \u0171rorvosl\u00e1sban val\u00f3 felhaszn\u00e1l\u00e1si ter\u00fcleteinek ismertet\u00e9se, az \u0171rutaz\u00e1s kih\u00edv\u00e1sainak \u00e9s ezek megold\u00e1si lehet\u0151s\u00e9geinek interakt\u00edv bemutat\u00e1sa. C\u00e9lunk a hallgat\u00f3k &hellip;<\/p>\n","protected":false},"author":102080,"featured_media":0,"parent":21,"menu_order":6,"comment_status":"closed","ping_status":"closed","template":"","meta":{"_acf_changed":false,"footnotes":""},"categories":[],"tags":[],"class_list":["post-5660","page","type-page","status-publish","hentry"],"acf":[],"_links":{"self":[{"href":"https:\/\/semmelweis.hu\/varosmajor\/wp-json\/wp\/v2\/pages\/5660","targetHints":{"allow":["GET"]}}],"collection":[{"href":"https:\/\/semmelweis.hu\/varosmajor\/wp-json\/wp\/v2\/pages"}],"about":[{"href":"https:\/\/semmelweis.hu\/varosmajor\/wp-json\/wp\/v2\/types\/page"}],"author":[{"embeddable":true,"href":"https:\/\/semmelweis.hu\/varosmajor\/wp-json\/wp\/v2\/users\/102080"}],"replies":[{"embeddable":true,"href":"https:\/\/semmelweis.hu\/varosmajor\/wp-json\/wp\/v2\/comments?post=5660"}],"version-history":[{"count":4,"href":"https:\/\/semmelweis.hu\/varosmajor\/wp-json\/wp\/v2\/pages\/5660\/revisions"}],"predecessor-version":[{"id":5822,"href":"https:\/\/semmelweis.hu\/varosmajor\/wp-json\/wp\/v2\/pages\/5660\/revisions\/5822"}],"up":[{"embeddable":true,"href":"https:\/\/semmelweis.hu\/varosmajor\/wp-json\/wp\/v2\/pages\/21"}],"wp:attachment":[{"href":"https:\/\/semmelweis.hu\/varosmajor\/wp-json\/wp\/v2\/media?parent=5660"}],"wp:term":[{"taxonomy":"category","embeddable":true,"href":"https:\/\/semmelweis.hu\/varosmajor\/wp-json\/wp\/v2\/categories?post=5660"},{"taxonomy":"post_tag","embeddable":true,"href":"https:\/\/semmelweis.hu\/varosmajor\/wp-json\/wp\/v2\/tags?post=5660"}],"curies":[{"name":"wp","href":"https:\/\/api.w.org\/{rel}","templated":true}]}}