{"id":5612,"date":"2024-09-03T09:39:34","date_gmt":"2024-09-03T07:39:34","guid":{"rendered":"https:\/\/semmelweis.hu\/varosmajor\/?page_id=5612"},"modified":"2024-10-31T14:44:55","modified_gmt":"2024-10-31T13:44:55","slug":"kotelezoen-valaszthato-tantargy","status":"publish","type":"page","link":"https:\/\/semmelweis.hu\/varosmajor\/oktatas\/kardiologiai-tanszek\/kotelezoen-valaszthato-tantargy\/","title":{"rendered":"K\u00f6telez\u0151en v\u00e1laszthat\u00f3 tant\u00e1rgy"},"content":{"rendered":"<p><a href=\"https:\/\/semmelweis.hu\/varosmajor\/files\/2024\/02\/Ko%CC%88vetelme%CC%81nyrendszer-Hypertonia-Hypertonias-szivbetegseg.pdf\">K\u00f6vetelm\u00e9nyrendszer &#8211; Hypertonia, hypertoni\u00e1s sz\u00edvbetegs\u00e9g<\/a><\/p>\n","protected":false},"excerpt":{"rendered":"<p><a href=\"https:\/\/semmelweis.hu\/varosmajor\/files\/2024\/02\/Ko%CC%88vetelme%CC%81nyrendszer-Hypertonia-Hypertonias-szivbetegseg.pdf\">K\u00f6vetelm\u00e9nyrendszer &#8211; Hypertonia, hypertoni\u00e1s sz\u00edvbetegs\u00e9g<\/a><\/p>\n","protected":false},"author":102080,"featured_media":0,"parent":485,"menu_order":5,"comment_status":"closed","ping_status":"closed","template":"","meta":{"_acf_changed":false,"footnotes":""},"categories":[],"tags":[],"class_list":["post-5612","page","type-page","status-publish","hentry"],"acf":[],"_links":{"self":[{"href":"https:\/\/semmelweis.hu\/varosmajor\/wp-json\/wp\/v2\/pages\/5612","targetHints":{"allow":["GET"]}}],"collection":[{"href":"https:\/\/semmelweis.hu\/varosmajor\/wp-json\/wp\/v2\/pages"}],"about":[{"href":"https:\/\/semmelweis.hu\/varosmajor\/wp-json\/wp\/v2\/types\/page"}],"author":[{"embeddable":true,"href":"https:\/\/semmelweis.hu\/varosmajor\/wp-json\/wp\/v2\/users\/102080"}],"replies":[{"embeddable":true,"href":"https:\/\/semmelweis.hu\/varosmajor\/wp-json\/wp\/v2\/comments?post=5612"}],"version-history":[{"count":1,"href":"https:\/\/semmelweis.hu\/varosmajor\/wp-json\/wp\/v2\/pages\/5612\/revisions"}],"predecessor-version":[{"id":5613,"href":"https:\/\/semmelweis.hu\/varosmajor\/wp-json\/wp\/v2\/pages\/5612\/revisions\/5613"}],"up":[{"embeddable":true,"href":"https:\/\/semmelweis.hu\/varosmajor\/wp-json\/wp\/v2\/pages\/485"}],"wp:attachment":[{"href":"https:\/\/semmelweis.hu\/varosmajor\/wp-json\/wp\/v2\/media?parent=5612"}],"wp:term":[{"taxonomy":"category","embeddable":true,"href":"https:\/\/semmelweis.hu\/varosmajor\/wp-json\/wp\/v2\/categories?post=5612"},{"taxonomy":"post_tag","embeddable":true,"href":"https:\/\/semmelweis.hu\/varosmajor\/wp-json\/wp\/v2\/tags?post=5612"}],"curies":[{"name":"wp","href":"https:\/\/api.w.org\/{rel}","templated":true}]}}