{"id":5606,"date":"2024-09-03T09:22:58","date_gmt":"2024-09-03T07:22:58","guid":{"rendered":"https:\/\/semmelweis.hu\/varosmajor\/?page_id=5606"},"modified":"2024-10-31T14:42:14","modified_gmt":"2024-10-31T13:42:14","slug":"nyari-gyakorlat","status":"publish","type":"page","link":"https:\/\/semmelweis.hu\/varosmajor\/oktatas\/kardiologiai-tanszek\/nyari-gyakorlat\/","title":{"rendered":"Ny\u00e1ri gyakorlat"},"content":{"rendered":"<h4>\u00c1pol\u00e1stan gyakorlat \u2013 els\u0151 \u00e9v<\/h4>\n<p style=\"text-align: justify\">A ny\u00e1ri \u00e1pol\u00e1stani gyakorlat 4-hetes, munkaideje heti 35 \u00f3ra, k\u00e9thetenk\u00e9nt egy alkalommal 24 \u00f3r\u00e1s \u00fcgyeleti szolg\u00e1lattal. A gyakorlatra t\u00f6rt\u00e9n\u0151 jelentkez\u00e9s k\u00f6zvetlen\u00fcl az int\u00e9zm\u00e9nyekben (tanulm\u00e1nyi felel\u0151sn\u00e9l \u00e9s\/vagy az int\u00e9zet vezet\u0151 f\u0151n\u00f6v\u00e9rn\u00e9l) t\u00f6rt\u00e9nik. Jelentkez\u00e9st csak az erre a c\u00e9lra ki\u00e1ll\u00edtott \u201cl\u00e1togat\u00e1si bizony\u00edtv\u00e1nnyal\u201d, valamint az \u00e9rv\u00e9nyes\u00edtett di\u00e1kigazolv\u00e1nnyal fogadjuk el.<\/p>\n<h4>Belgy\u00f3gy\u00e1szat gyakorlat \u2013 harmad\u00e9v<\/h4>\n<p style=\"text-align: justify\">A ny\u00e1ri belgy\u00f3gy\u00e1szat gyakorlat 4-hetes, munkaideje heti 35 \u00f3ra, k\u00e9thetenk\u00e9nt egy alkalommal 24 \u00f3r\u00e1s \u00fcgyeleti szolg\u00e1lattal, melyet Int\u00e9zet\u00fcnk Kardiol\u00f3giai Oszt\u00e1lyain t\u00f6lthetnek a hallgat\u00f3k. A gyakorlatra t\u00f6rt\u00e9n\u0151 jelentkez\u00e9s k\u00f6zvetlen\u00fcl az int\u00e9zm\u00e9nyekben (tanulm\u00e1nyi felel\u0151sn\u00e9l \u00e9s\/vagy az int\u00e9zet vezet\u0151 f\u0151n\u00f6v\u00e9rn\u00e9l) t\u00f6rt\u00e9nik. Jelentkez\u00e9st csak az erre a c\u00e9lra ki\u00e1ll\u00edtott \u201cl\u00e1togat\u00e1si bizony\u00edtv\u00e1nnyal\u201d, valamint az \u00e9rv\u00e9nyes\u00edtett di\u00e1kigazolv\u00e1nnyal fogadjuk el.<\/p>\n<h4>Seb\u00e9szet gyakorlat \u2013 negyed\u00e9v<\/h4>\n<p style=\"text-align: justify\">A ny\u00e1ri seb\u00e9szet gyakorlat 4-hetes, munkaideje heti 35 \u00f3ra, k\u00e9thetenk\u00e9nt egy alkalommal 24 \u00f3r\u00e1s \u00fcgyeleti szolg\u00e1lattal, melyet Int\u00e9zet\u00fcnk \u00c9r- \u00e9s Sz\u00edvseb\u00e9szeti Oszt\u00e1ly\u00e1n t\u00f6lthetnek a hallgat\u00f3k. A gyakorlatra t\u00f6rt\u00e9n\u0151 jelentkez\u00e9s k\u00f6zvetlen\u00fcl az int\u00e9zm\u00e9nyekben (tanulm\u00e1nyi felel\u0151sn\u00e9l \u00e9s\/vagy az int\u00e9zet vezet\u0151 f\u0151n\u00f6v\u00e9rn\u00e9l) t\u00f6rt\u00e9nik. Jelentkez\u00e9st csak az erre a c\u00e9lra ki\u00e1ll\u00edtott \u201cl\u00e1togat\u00e1si bizony\u00edtv\u00e1nnyal\u201d, valamint az \u00e9rv\u00e9nyes\u00edtett di\u00e1kigazolv\u00e1nnyal fogadjuk el.<\/p>\n","protected":false},"excerpt":{"rendered":"<p>\u00c1pol\u00e1stan gyakorlat \u2013 els\u0151 \u00e9v A ny\u00e1ri \u00e1pol\u00e1stani gyakorlat 4-hetes, munkaideje heti 35 \u00f3ra, k\u00e9thetenk\u00e9nt egy alkalommal 24 \u00f3r\u00e1s \u00fcgyeleti szolg\u00e1lattal. A gyakorlatra t\u00f6rt\u00e9n\u0151 jelentkez\u00e9s k\u00f6zvetlen\u00fcl az int\u00e9zm\u00e9nyekben (tanulm\u00e1nyi felel\u0151sn\u00e9l \u00e9s\/vagy az int\u00e9zet vezet\u0151 f\u0151n\u00f6v\u00e9rn\u00e9l) t\u00f6rt\u00e9nik. Jelentkez\u00e9st csak az erre a c\u00e9lra ki\u00e1ll\u00edtott \u201cl\u00e1togat\u00e1si bizony\u00edtv\u00e1nnyal\u201d, valamint az \u00e9rv\u00e9nyes\u00edtett di\u00e1kigazolv\u00e1nnyal fogadjuk el. Belgy\u00f3gy\u00e1szat gyakorlat \u2013 harmad\u00e9v &hellip;<\/p>\n","protected":false},"author":102080,"featured_media":0,"parent":485,"menu_order":3,"comment_status":"closed","ping_status":"closed","template":"","meta":{"_acf_changed":false,"footnotes":""},"categories":[],"tags":[],"class_list":["post-5606","page","type-page","status-publish","hentry"],"acf":[],"_links":{"self":[{"href":"https:\/\/semmelweis.hu\/varosmajor\/wp-json\/wp\/v2\/pages\/5606","targetHints":{"allow":["GET"]}}],"collection":[{"href":"https:\/\/semmelweis.hu\/varosmajor\/wp-json\/wp\/v2\/pages"}],"about":[{"href":"https:\/\/semmelweis.hu\/varosmajor\/wp-json\/wp\/v2\/types\/page"}],"author":[{"embeddable":true,"href":"https:\/\/semmelweis.hu\/varosmajor\/wp-json\/wp\/v2\/users\/102080"}],"replies":[{"embeddable":true,"href":"https:\/\/semmelweis.hu\/varosmajor\/wp-json\/wp\/v2\/comments?post=5606"}],"version-history":[{"count":2,"href":"https:\/\/semmelweis.hu\/varosmajor\/wp-json\/wp\/v2\/pages\/5606\/revisions"}],"predecessor-version":[{"id":5812,"href":"https:\/\/semmelweis.hu\/varosmajor\/wp-json\/wp\/v2\/pages\/5606\/revisions\/5812"}],"up":[{"embeddable":true,"href":"https:\/\/semmelweis.hu\/varosmajor\/wp-json\/wp\/v2\/pages\/485"}],"wp:attachment":[{"href":"https:\/\/semmelweis.hu\/varosmajor\/wp-json\/wp\/v2\/media?parent=5606"}],"wp:term":[{"taxonomy":"category","embeddable":true,"href":"https:\/\/semmelweis.hu\/varosmajor\/wp-json\/wp\/v2\/categories?post=5606"},{"taxonomy":"post_tag","embeddable":true,"href":"https:\/\/semmelweis.hu\/varosmajor\/wp-json\/wp\/v2\/tags?post=5606"}],"curies":[{"name":"wp","href":"https:\/\/api.w.org\/{rel}","templated":true}]}}