{"id":5602,"date":"2024-09-03T09:16:34","date_gmt":"2024-09-03T07:16:34","guid":{"rendered":"https:\/\/semmelweis.hu\/varosmajor\/?page_id=5602"},"modified":"2024-10-31T14:41:32","modified_gmt":"2024-10-31T13:41:32","slug":"hatodev","status":"publish","type":"page","link":"https:\/\/semmelweis.hu\/varosmajor\/oktatas\/kardiologiai-tanszek\/hatodev\/","title":{"rendered":"Hatod\u00e9v"},"content":{"rendered":"<p style=\"font-weight: 400;text-align: justify\">A\u00a0<em>hatod\u00e9ves belgy\u00f3gy\u00e1szati gyakorlatra<\/em>\u00a0Klinik\u00e1nkra jelentkez\u0151k a negyed\u00e9vben megszerzett tud\u00e1st \u00e9s k\u00e9szs\u00e9geket tudj\u00e1k begyakorolni \u00e9s belgy\u00f3gy\u00e1szati szempontb\u00f3l integr\u00e1lni a t\u00f6bbi szakm\u00e1ban eddigre megszerzett ismeretekkel, mentor fel\u00fcgyelete mellett. A gyakorlat d\u00f6nt\u0151en a beteg\u00e1gy melletti oszt\u00e1lyos orvosi munka gyakorl\u00e1s\u00e1r\u00f3l, mint betegvizsg\u00e1lat, betegfelv\u00e9tel, leletek \u00e9rt\u00e9kel\u00e9se, diagnosztikai \u00e9s ter\u00e1pi\u00e1s tervek alkot\u00e1sa, refer\u00e1l\u00e1s, t\u00e1rsszakm\u00e1kkal val\u00f3 kommunik\u00e1ci\u00f3- \u00e9s egy\u00fcttm\u0171k\u00f6d\u00e9sr\u0151l sz\u00f3l. E mellett term\u00e9szetesen az \u00e1ltaluk vitt betegek kapcs\u00e1n mind az adott oszt\u00e1lyon v\u00e9gzett beavatkoz\u00e1sok, mind a megfelel\u0151 invaz\u00edv labor, m\u0171t\u0151 vagy diagnosztikai modalit\u00e1s munk\u00e1j\u00e1ba is rendszeresen betekint\u00e9st nyernek.<\/p>\n<p style=\"font-weight: 400;text-align: justify\">A hatod\u00e9ven int\u00e9zet\u00fcnkben is elt\u00f6lthet\u0151\u00a0<em>v\u00e1laszthat\u00f3 klinikai gyakorlat<\/em>\u00a0pedig p\u00e1r hetes ciklusokban egy-egy adott laborban vagy ell\u00e1t\u00f3 helysz\u00ednen val\u00f3 r\u00e9szv\u00e9telr\u0151l \u00e9s az ottani indik\u00e1ci\u00f3k, munkamenetek, rutinok meg\u00e9rt\u00e9s\u00e9r\u0151l valamint ezt k\u00f6vet\u0151en az ottani adott r\u00e9szfeladatokba val\u00f3 akt\u00edv, seg\u00edt\u0151 bekapcsol\u00f3d\u00e1sr\u00f3l sz\u00f3l.<\/p>\n<p style=\"text-align: justify\">A hatod\u00e9ves belgy\u00f3gy\u00e1szati gyakorlat 8 hetes (ebb\u0151l 6 h\u00e9t zajlik a v\u00e1lasztott Klinik\u00e1n), a m\u00edg a v\u00e1laszthat\u00f3 klinikai gyakorlat 6 hetes id\u0151tartam\u00fa, munkaideje heti 35 \u00f3ra, k\u00e9thetenk\u00e9nt egy alkalommal 24 \u00f3r\u00e1s \u00fcgyeleti szolg\u00e1lattal. A gyakorlatra t\u00f6rt\u00e9n\u0151 jelentkez\u00e9s k\u00f6zvetlen\u00fcl az int\u00e9zm\u00e9nyekben (tanulm\u00e1nyi felel\u0151sn\u00e9l \u00e9s\/vagy az int\u00e9zet vezet\u0151 f\u0151n\u00f6v\u00e9rn\u00e9l) t\u00f6rt\u00e9nik. Jelentkez\u00e9st csak az erre a c\u00e9lra ki\u00e1ll\u00edtott \u201cl\u00e1togat\u00e1si bizony\u00edtv\u00e1nnyal\u201d, valamint az \u00e9rv\u00e9nyes\u00edtett di\u00e1kigazolv\u00e1nnyal fogadjuk el.<\/p>\n<p style=\"text-align: justify\"><a href=\"https:\/\/semmelweis.hu\/varosmajor\/files\/2020\/12\/Belgyo\u0301gya\u0301szat-Szigorlati-Te\u0301telek-2022_23.pdf\">Belgy\u00f3gy\u00e1szat szigorlati t\u00e9telek 2022_23<\/a><\/p>\n","protected":false},"excerpt":{"rendered":"<p>A\u00a0hatod\u00e9ves belgy\u00f3gy\u00e1szati gyakorlatra\u00a0Klinik\u00e1nkra jelentkez\u0151k a negyed\u00e9vben megszerzett tud\u00e1st \u00e9s k\u00e9szs\u00e9geket tudj\u00e1k begyakorolni \u00e9s belgy\u00f3gy\u00e1szati szempontb\u00f3l integr\u00e1lni a t\u00f6bbi szakm\u00e1ban eddigre megszerzett ismeretekkel, mentor fel\u00fcgyelete mellett. A gyakorlat d\u00f6nt\u0151en a beteg\u00e1gy melletti oszt\u00e1lyos orvosi munka gyakorl\u00e1s\u00e1r\u00f3l, mint betegvizsg\u00e1lat, betegfelv\u00e9tel, leletek \u00e9rt\u00e9kel\u00e9se, diagnosztikai \u00e9s ter\u00e1pi\u00e1s tervek alkot\u00e1sa, refer\u00e1l\u00e1s, t\u00e1rsszakm\u00e1kkal val\u00f3 kommunik\u00e1ci\u00f3- \u00e9s egy\u00fcttm\u0171k\u00f6d\u00e9sr\u0151l sz\u00f3l. E mellett term\u00e9szetesen &hellip;<\/p>\n","protected":false},"author":102080,"featured_media":0,"parent":485,"menu_order":2,"comment_status":"closed","ping_status":"closed","template":"","meta":{"_acf_changed":false,"footnotes":""},"categories":[],"tags":[],"class_list":["post-5602","page","type-page","status-publish","hentry"],"acf":[],"_links":{"self":[{"href":"https:\/\/semmelweis.hu\/varosmajor\/wp-json\/wp\/v2\/pages\/5602","targetHints":{"allow":["GET"]}}],"collection":[{"href":"https:\/\/semmelweis.hu\/varosmajor\/wp-json\/wp\/v2\/pages"}],"about":[{"href":"https:\/\/semmelweis.hu\/varosmajor\/wp-json\/wp\/v2\/types\/page"}],"author":[{"embeddable":true,"href":"https:\/\/semmelweis.hu\/varosmajor\/wp-json\/wp\/v2\/users\/102080"}],"replies":[{"embeddable":true,"href":"https:\/\/semmelweis.hu\/varosmajor\/wp-json\/wp\/v2\/comments?post=5602"}],"version-history":[{"count":4,"href":"https:\/\/semmelweis.hu\/varosmajor\/wp-json\/wp\/v2\/pages\/5602\/revisions"}],"predecessor-version":[{"id":5811,"href":"https:\/\/semmelweis.hu\/varosmajor\/wp-json\/wp\/v2\/pages\/5602\/revisions\/5811"}],"up":[{"embeddable":true,"href":"https:\/\/semmelweis.hu\/varosmajor\/wp-json\/wp\/v2\/pages\/485"}],"wp:attachment":[{"href":"https:\/\/semmelweis.hu\/varosmajor\/wp-json\/wp\/v2\/media?parent=5602"}],"wp:term":[{"taxonomy":"category","embeddable":true,"href":"https:\/\/semmelweis.hu\/varosmajor\/wp-json\/wp\/v2\/categories?post=5602"},{"taxonomy":"post_tag","embeddable":true,"href":"https:\/\/semmelweis.hu\/varosmajor\/wp-json\/wp\/v2\/tags?post=5602"}],"curies":[{"name":"wp","href":"https:\/\/api.w.org\/{rel}","templated":true}]}}