{"id":5563,"date":"2024-09-02T13:58:38","date_gmt":"2024-09-02T11:58:38","guid":{"rendered":"https:\/\/semmelweis.hu\/varosmajor\/?page_id=5563"},"modified":"2024-10-23T15:02:40","modified_gmt":"2024-10-23T13:02:40","slug":"harmadev","status":"publish","type":"page","link":"https:\/\/semmelweis.hu\/varosmajor\/oktatas\/kardiologiai-tanszek\/harmadev\/","title":{"rendered":"Harmad\u00e9v &#8211; EKG a klinikumban (klinikai modul)"},"content":{"rendered":"<p style=\"text-align: justify\">A Transzl\u00e1ci\u00f3s Medicina Int\u00e9zettel k\u00f6z\u00f6s t\u00e1rgy c\u00e9lja az EKG elemz\u00e9s alapjainak megismertet\u00e9se a hallgat\u00f3kkal. Az els\u0151 7 h\u00e9t elm\u00e9leti oktat\u00e1s\u00e1t k\u00f6vet\u0151en a 8-13.-ik oktat\u00e1si h\u00e9ten az el\u0151ad\u00e1sok \u00e9s gyakorlatok Klinik\u00e1nkon zajlanak. Az el\u0151ad\u00e1sokon Int\u00e9zet\u00fcnk oktat\u00f3i klinikum-orient\u00e1ltan mutatj\u00e1k be a t\u00e9mak\u00f6r\u00f6ket. Ezt k\u00f6vet\u0151en a gyakorlatokon a csoportok k\u00e9t gyakorlatvezet\u0151 seg\u00edts\u00e9g\u00e9vel h\u00e9tr\u0151l-h\u00e9tre v\u00e1ltoz\u00f3 helysz\u00edneken az adott oszt\u00e1ly\/m\u0171t\u0151 aktu\u00e1lis betegeinek EKG regisztr\u00e1tumai seg\u00edts\u00e9g\u00e9vel dolgozz\u00e1k fel a tematik\u00e1t.<\/p>\n<p><a href=\"https:\/\/semmelweis.hu\/varosmajor\/files\/2024\/02\/Az_EKG_klinikuma-kovetelmenyrendszer-magyar.pdf\">EKG klinikuma k\u00f6vetelm\u00e9nyrendszer<\/a><\/p>\n<p><a href=\"https:\/\/semmelweis.hu\/varosmajor\/files\/2023\/10\/Intezkedesi-terv_Kardiologiai-Tanszek.pdf\">Int\u00e9zked\u00e9si terv &#8211; Kardiol\u00f3giai Tansz\u00e9k<\/a><\/p>\n","protected":false},"excerpt":{"rendered":"<p>A Transzl\u00e1ci\u00f3s Medicina Int\u00e9zettel k\u00f6z\u00f6s t\u00e1rgy c\u00e9lja az EKG elemz\u00e9s alapjainak megismertet\u00e9se a hallgat\u00f3kkal. Az els\u0151 7 h\u00e9t elm\u00e9leti oktat\u00e1s\u00e1t k\u00f6vet\u0151en a 8-13.-ik oktat\u00e1si h\u00e9ten az el\u0151ad\u00e1sok \u00e9s gyakorlatok Klinik\u00e1nkon zajlanak. Az el\u0151ad\u00e1sokon Int\u00e9zet\u00fcnk oktat\u00f3i klinikum-orient\u00e1ltan mutatj\u00e1k be a t\u00e9mak\u00f6r\u00f6ket. Ezt k\u00f6vet\u0151en a gyakorlatokon a csoportok k\u00e9t gyakorlatvezet\u0151 seg\u00edts\u00e9g\u00e9vel h\u00e9tr\u0151l-h\u00e9tre v\u00e1ltoz\u00f3 helysz\u00edneken az adott oszt\u00e1ly\/m\u0171t\u0151 &hellip;<\/p>\n","protected":false},"author":102080,"featured_media":0,"parent":485,"menu_order":0,"comment_status":"closed","ping_status":"closed","template":"","meta":{"_acf_changed":false,"footnotes":""},"categories":[],"tags":[],"class_list":["post-5563","page","type-page","status-publish","hentry"],"acf":[],"_links":{"self":[{"href":"https:\/\/semmelweis.hu\/varosmajor\/wp-json\/wp\/v2\/pages\/5563","targetHints":{"allow":["GET"]}}],"collection":[{"href":"https:\/\/semmelweis.hu\/varosmajor\/wp-json\/wp\/v2\/pages"}],"about":[{"href":"https:\/\/semmelweis.hu\/varosmajor\/wp-json\/wp\/v2\/types\/page"}],"author":[{"embeddable":true,"href":"https:\/\/semmelweis.hu\/varosmajor\/wp-json\/wp\/v2\/users\/102080"}],"replies":[{"embeddable":true,"href":"https:\/\/semmelweis.hu\/varosmajor\/wp-json\/wp\/v2\/comments?post=5563"}],"version-history":[{"count":3,"href":"https:\/\/semmelweis.hu\/varosmajor\/wp-json\/wp\/v2\/pages\/5563\/revisions"}],"predecessor-version":[{"id":5810,"href":"https:\/\/semmelweis.hu\/varosmajor\/wp-json\/wp\/v2\/pages\/5563\/revisions\/5810"}],"up":[{"embeddable":true,"href":"https:\/\/semmelweis.hu\/varosmajor\/wp-json\/wp\/v2\/pages\/485"}],"wp:attachment":[{"href":"https:\/\/semmelweis.hu\/varosmajor\/wp-json\/wp\/v2\/media?parent=5563"}],"wp:term":[{"taxonomy":"category","embeddable":true,"href":"https:\/\/semmelweis.hu\/varosmajor\/wp-json\/wp\/v2\/categories?post=5563"},{"taxonomy":"post_tag","embeddable":true,"href":"https:\/\/semmelweis.hu\/varosmajor\/wp-json\/wp\/v2\/tags?post=5563"}],"curies":[{"name":"wp","href":"https:\/\/api.w.org\/{rel}","templated":true}]}}