{"id":551,"date":"2020-12-01T14:53:02","date_gmt":"2020-12-01T13:53:02","guid":{"rendered":"https:\/\/semmelweis.hu\/varosmajor\/?page_id=551"},"modified":"2024-09-10T11:02:13","modified_gmt":"2024-09-10T09:02:13","slug":"sportkardiologia","status":"publish","type":"page","link":"https:\/\/semmelweis.hu\/varosmajor\/kutatas\/sportkardiologia\/","title":{"rendered":"Sportkardiol\u00f3gia"},"content":{"rendered":"<h1>Publik\u00e1ci\u00f3k<\/h1>\n<p style=\"text-align: justify\">Sportkardiol\u00f3gi\u00e1val foglalkoz\u00f3 munkat\u00e1rsaink sz\u00e1mos hazai \u00e9s nemzetk\u00f6zi publik\u00e1ci\u00f3, el\u0151ad\u00e1s szerz\u0151i. A teljess\u00e9g ig\u00e9nye n\u00e9lk\u00fcl al\u00e1bb megtal\u00e1lhat\u00f3k hivatkoz\u00e1saik:<\/p>\n<p style=\"text-align: justify\"><strong>Detailed heart rate variability analysis in athletes<\/strong><\/p>\n<p style=\"text-align: justify\">Orsolya Kiss, N\u00f3ra Syd\u00f3, P\u00e9ter Vargha, Hajnalka V\u00e1g\u00f3, Csilla Czimbalmos, Eszter \u00c9des, Endre Zima, Gy\u00f6rgyi Apponyi, Gerg\u0151 Merkely, Tibor Syd\u00f3, D\u00e1vid Becker, Thomas G. Allison &amp; B\u00e9la Merkely<\/p>\n<p style=\"text-align: justify\"><em>Clinical Autonomic Research volume 26, pages 245\u2013252 (2016)<\/em><\/p>\n<p style=\"text-align: justify\"><a href=\"https:\/\/link.springer.com\/article\/10.1007\/s10286-016-0360-z\">https:\/\/link.springer.com\/article\/10.1007\/s10286-016-0360-z<\/a><\/p>\n<p style=\"text-align: justify\"><strong>Cardiac magnetic resonance based deformation imaging: role of feature tracking in athletes with suspected arrhythmogenic right ventricular cardiomyopathy<\/strong><\/p>\n<p style=\"text-align: justify\">Csilla Czimbalmos, Ibolya Csecs, Zsofia Dohy, Attila Toth, Ferenc Imre Suhai, Andreas M\u00fcssigbrodt, Orsolya Kiss, Laszlo Geller, Bela Merkely &amp; Hajnalka Vago<\/p>\n<p style=\"text-align: justify\"><em>The International Journal of Cardiovascular Imaging volume 35, pages 529\u2013538 (2019)<\/em><\/p>\n<p style=\"text-align: justify\"><a href=\"https:\/\/link.springer.com\/article\/10.1007\/s10554-018-1478-y\">https:\/\/link.springer.com\/article\/10.1007\/s10554-018-1478-y<\/a><\/p>\n<p style=\"text-align: justify\"><strong>Left ventricular untwisting in athlete&#8217;s heart: key role in early diastolic filling?<\/strong><\/p>\n<p style=\"text-align: justify\">Attila Kov\u00e1cs, Astrid Apor, Andrea Nagy, Hajnalka V\u00e1g\u00f3, Attila T\u00f3th, Anik\u00f3 Ilona Nagy, T\u00edmea Kov\u00e1ts, Bal\u00e1zs Sax, G\u00e1bor Sz\u00e9plaki, D\u00e1vid Becker, B\u00e9la Merkely<\/p>\n<p style=\"text-align: justify\"><em>International Journal of Sports Medicine. 2014 Mar;35(3):259-64. <\/em><\/p>\n<p style=\"text-align: justify\"><a href=\"https:\/\/pubmed.ncbi.nlm.nih.gov\/23900895\/\">https:\/\/pubmed.ncbi.nlm.nih.gov\/23900895\/<\/a><\/p>\n<p style=\"text-align: justify\"><strong>\u00a0<\/strong><strong>The influence of vigorous training on the structure and cardiorespiratory fitness in adolescent athletes<\/strong><\/p>\n<p style=\"text-align: justify\">L Szabo, N Sydo, O Kiss, E Csulak, Z Dohy, C Czimbalmos, V Juhasz, V Horvath, F.I Suhai, B Merkely, H Vago<\/p>\n<p style=\"text-align: justify\"><em>European Heart Journal, Volume 41, Issue Supplement_2, November 2020<\/em><\/p>\n<p style=\"text-align: justify\"><a href=\"https:\/\/academic.oup.com\/eurheartj\/article\/41\/Supplement_2\/ehaa946.3131\/6002781\">https:\/\/academic.oup.com\/eurheartj\/article\/41\/Supplement_2\/ehaa946.3131\/6002781<\/a><\/p>\n<p style=\"text-align: justify\"><strong>The impact of sex, age and training on biventricular cardiac adaptation in healthy adult and adolescent athletes: Cardiac magnetic resonance imaging study<\/strong><\/p>\n<p style=\"text-align: justify\">Ibolya Csecs, Csilla Czimbalmos, Attila Toth, Zsofia Dohy, Imre F Suhai, Liliana Szabo, Attila Kovacs, Balint Lakatos, Nora Sydo, Mobin Kheirkhahan, David Peritz, Orsolya Kiss, Bela Merkely, Hajnalka Vago<\/p>\n<p style=\"text-align: justify\"><em>European Journal of Preventive Cardiology Volume: 27 issue: 5, page(s): 540-549<\/em><\/p>\n<p style=\"text-align: justify\"><a href=\"https:\/\/journals.sagepub.com\/doi\/abs\/10.1177\/2047487319866019\">https:\/\/journals.sagepub.com\/doi\/abs\/10.1177\/2047487319866019<\/a><\/p>\n<p style=\"text-align: justify\"><strong>Relationship between Cardiac Remodeling and Exercise Capacity in Elite Athletes: Incremental Value of Left Atrial Morphology and Function Assessed by Three-Dimensional Echocardiography<\/strong><\/p>\n<p style=\"text-align: justify\">B\u00e1lint K\u00e1roly Lakatos MD, Andrea \u00c1gnes Moln\u00e1r MD PhD, Orsolya Kiss MD PhD, N\u00f3ra Syd\u00f3 MD PhD, M\u00e1rton Tokodi MD, Bal\u00e1zs Solymossi, Alexandra F\u00e1bi\u00e1n, Zs\u00f3fia Dohy MD, Hajnalka V\u00e1g\u00f3 MD PhD, M\u00e1t\u00e9 Babity, Csaba Bogn\u00e1r, Attila Kov\u00e1cs MD PhD, B\u00e9la Merkely MD PhD DSc<\/p>\n<p style=\"text-align: justify\"><em>Journal of the American Society of Echocardiography Volume 33, Issue 1, January 2020, Pages 101-109.e1<\/em><\/p>\n<p style=\"text-align: justify\"><a href=\"https:\/\/www.sciencedirect.com\/science\/article\/pii\/S0894731719308752\">https:\/\/www.sciencedirect.com\/science\/article\/pii\/S0894731719308752#<\/a>!<\/p>\n<p style=\"text-align: justify\"><strong>How are ECG parameters related to cardiac magnetic resonance images? Electrocardiographic predictors of left ventricular hypertrophy and myocardial fibrosis in hypertrophic cardiomyopathy<\/strong><\/p>\n<p style=\"text-align: justify\">Zsofia Dohy MD,\u00a0 Andras Vereckei MD, PhD\u00a0 Viktor Horvath Medical student,\u00a0 Csilla Czimbalmos MD,\u00a0 Liliana Szabo MD,\u00a0 Attila Toth MD,\u00a0 Ferenc I. Suhai MD,\u00a0 Ibolya Csecs MD,\u00a0 David Becker MD, PhD,\u00a0 Bela Merkely MD, PhD, DSc,\u00a0 Hajnalka Vago MD, PhD<\/p>\n<p style=\"text-align: justify\"><em>Annals of Noninvasive Electrocardiology &#8211; Volume25, Issue5 September 2020 e12763<\/em><\/p>\n<p style=\"text-align: justify\"><a href=\"https:\/\/onlinelibrary.wiley.com\/doi\/full\/10.1111\/anec.12763\">https:\/\/onlinelibrary.wiley.com\/doi\/full\/10.1111\/anec.12763<\/a><\/p>\n<p style=\"text-align: justify\"><strong>Early cardiac magnetic resonance imaging in troponin-positive acute chest pain and non-obstructed coronary arteries<\/strong><\/p>\n<p style=\"text-align: justify\">Hajnalka V\u00e1g\u00f3, Lili\u00e1na Szab\u00f3, Zs\u00f3fia Dohy, Csilla Czimbalmos, Attila T\u00f3th, Ferenc Imre Suhai, Gy\u00f6rgy B\u00e1rczi, V. Anna Gyarmathy, D\u00e1vid Becker, B\u00e9la Merkely<\/p>\n<p style=\"text-align: justify\"><em>Heart 2020;106:992-1000<\/em>.<\/p>\n<p style=\"text-align: justify\"><a href=\"https:\/\/heart.bmj.com\/content\/106\/13\/992.info\">https:\/\/heart.bmj.com\/content\/106\/13\/992.info<\/a><\/p>\n<p style=\"text-align: justify\"><strong>Mechanical diversity in the adaptation of left and right ventricular function to long-term exercise: 3D echocardiographic study in a large cohort of competitive athletes<\/strong><\/p>\n<p style=\"text-align: justify\">A Fabian, B.K Lakatos, M Tokodi, O Kiss, M Babity, C Bognar, N Sydo, E Csulak, H Vago, B Merkely, A Kovacs<\/p>\n<p style=\"text-align: justify\"><em>European Heart Journal, Volume 41, Issue Supplement_2, November 2020<\/em><\/p>\n<p style=\"text-align: justify\"><a href=\"https:\/\/academic.oup.com\/eurheartj\/article\/41\/Supplement_2\/ehaa946.3130\/6002771\">https:\/\/academic.oup.com\/eurheartj\/article\/41\/Supplement_2\/ehaa946.3130\/6002771<\/a><\/p>\n<p style=\"text-align: justify\"><strong>\u00a0<\/strong><strong>A mappingtechnik\u00e1k \u00e1ltal ny\u00fajtott lehet\u0151s\u00e9gek a sz\u00edv-MR-vizsg\u00e1latok sor\u00e1n: indik\u00e1ci\u00f3k, diagnosztikus \u00e9rt\u00e9k, limit\u00e1ci\u00f3k \u00e9s centrumunk kezdeti tapasztalatai<\/strong><\/p>\n<p style=\"text-align: justify\">Krist\u00f3f Hirschberg, Zs\u00f3fia Dohy, Attila T\u00f3th, Lili\u00e1na Szab\u00f3, Csilla Czimbalmos, Marius Finster, Ferenc Suhai, B\u00e9la Merkely, Hajnalka V\u00e1g\u00f3<\/p>\n<p style=\"text-align: justify\"><em>Cardiologia Hungarica 50. K\u00f6tet, 1. sz\u00e1m, Oldal 45-53<\/em><\/p>\n<p style=\"text-align: justify\"><a href=\"http:\/\/real.mtak.hu\/107640\/1\/Hirschberg_A_mappingtechnikak.pdf\">http:\/\/real.mtak.hu\/107640\/1\/Hirschberg_A_mappingtechnikak.pdf<\/a><\/p>\n<p style=\"text-align: justify\"><strong>Morphological and Functional Assessment of the Right Ventricle Using 3D Echocardiography<\/strong><\/p>\n<p style=\"text-align: justify\">Lakatos BK, Tokodi M, Kisp\u00e1l E, Merkely B, Kov\u00e1cs A<\/p>\n<p style=\"text-align: justify\"><em>Journal of Visualized Experiments : Jove, 28 Oct 2020, (164)<\/em><\/p>\n<p style=\"text-align: justify\"><a href=\"https:\/\/europepmc.org\/article\/med\/33191942\">https:\/\/europepmc.org\/article\/med\/33191942<\/a><\/p>\n<h2 style=\"text-align: justify\">Egy\u00e9b projektek<\/h2>\n<p style=\"text-align: justify\"><em>Sportol\u00f3k visszat\u00e9r\u00e9s\u00e9nek optimaliz\u00e1l\u00e1sa COVID-19 fert\u0151z\u00e9s lezajl\u00e1s\u00e1t k\u00f6vet\u0151en<\/em><\/p>\n<h2 style=\"text-align: justify\">Munkat\u00e1rsak<\/h2>\n<p style=\"text-align: justify\">Prof. Dr. Merkely B\u00e9la, egyetemi tan\u00e1r, Klinikaigazgat\u00f3<\/p>\n<p style=\"text-align: justify\">Prof. Dr. Zima Endre, egyetemi tan\u00e1r<\/p>\n<p style=\"text-align: justify\">Dr. V\u00e1g\u00f3 Hajnalka PhD, egyetemi docens<\/p>\n<p style=\"text-align: justify\">Dr. Kiss Orsolya PhD, egyetemi adjunktus<\/p>\n<p style=\"text-align: justify\">Dr. Moln\u00e1r Andrea \u00c1gnes PhD, egyetemi adjunktus<\/p>\n<p style=\"text-align: justify\">Dr. Kov\u00e1cs Attila PhD, egyetemi adjunktus<\/p>\n<p style=\"text-align: justify\">Dr. Osztheimer Istv\u00e1n PhD, egyetemi adjunktus<\/p>\n<p style=\"text-align: justify\">Dr. Syd\u00f3 N\u00f3ra PhD, egyetemi tan\u00e1rseg\u00e9d<\/p>\n<p style=\"text-align: justify\">Dr. Szegedi N\u00e1ndor PhD, egyetemi tan\u00e1rseg\u00e9d<\/p>\n<p style=\"text-align: justify\">Dr. Komka Zsolt PhD, egyetemi tan\u00e1rseg\u00e9d<\/p>\n<p style=\"text-align: justify\">Dr. F\u00fcl\u00f6p G\u00e1bor PhD, kardiol\u00f3gus rezidens<\/p>\n<p style=\"text-align: justify\">Dr. Csulak Emese, kardiol\u00f3gus rezidens, PhD hallgat\u00f3<\/p>\n<p style=\"text-align: justify\">Dr. Szab\u00f3 Lili\u00e1na Erzs\u00e9bet, PhD hallgat\u00f3<\/p>\n<p style=\"text-align: justify\">Dr. Dohy Zs\u00f3fia, PhD hallgat\u00f3<\/p>\n<p style=\"text-align: justify\">Dr. Lakatos B\u00e1lint K\u00e1roly PhD, kardiol\u00f3gus rezidens<\/p>\n<p style=\"text-align: justify\">Dr. Szilveszter B\u00e1lint PhD, kardiol\u00f3gus rezidens<\/p>\n<p style=\"text-align: justify\">Dr. Juh\u00e1sz Vencel, kardiol\u00f3gus rezidens, PhD hallgat\u00f3<\/p>\n<p style=\"text-align: justify\">Dr. Babity M\u00e1t\u00e9, PhD hallgat\u00f3<\/p>\n<p style=\"text-align: justify\">Dr. Tokodi M\u00e1rton, PhD hallgat\u00f3<\/p>\n<p style=\"text-align: justify\">Dr. F\u00e1bi\u00e1n Alexandra, PhD hallgat\u00f3<\/p>\n<p style=\"text-align: justify\">Dr. Gregor Zs\u00f3fia, PhD hallgat\u00f3<\/p>\n<p style=\"text-align: justify\">Dr. Horv\u00e1th M\u00e1rton, kardiol\u00f3gus rezidens, PhD hallgat\u00f3<\/p>\n","protected":false},"excerpt":{"rendered":"<p>Publik\u00e1ci\u00f3k Sportkardiol\u00f3gi\u00e1val foglalkoz\u00f3 munkat\u00e1rsaink sz\u00e1mos hazai \u00e9s nemzetk\u00f6zi publik\u00e1ci\u00f3, el\u0151ad\u00e1s szerz\u0151i. A teljess\u00e9g ig\u00e9nye n\u00e9lk\u00fcl al\u00e1bb megtal\u00e1lhat\u00f3k hivatkoz\u00e1saik: Detailed heart rate variability analysis in athletes Orsolya Kiss, N\u00f3ra Syd\u00f3, P\u00e9ter Vargha, Hajnalka V\u00e1g\u00f3, Csilla Czimbalmos, Eszter \u00c9des, Endre Zima, Gy\u00f6rgyi Apponyi, Gerg\u0151 Merkely, Tibor Syd\u00f3, D\u00e1vid Becker, Thomas G. Allison &amp; B\u00e9la Merkely Clinical Autonomic &hellip;<\/p>\n","protected":false},"author":101737,"featured_media":0,"parent":25,"menu_order":4,"comment_status":"closed","ping_status":"closed","template":"","meta":{"_acf_changed":false,"footnotes":""},"categories":[],"tags":[],"class_list":["post-551","page","type-page","status-publish","hentry"],"acf":[],"_links":{"self":[{"href":"https:\/\/semmelweis.hu\/varosmajor\/wp-json\/wp\/v2\/pages\/551","targetHints":{"allow":["GET"]}}],"collection":[{"href":"https:\/\/semmelweis.hu\/varosmajor\/wp-json\/wp\/v2\/pages"}],"about":[{"href":"https:\/\/semmelweis.hu\/varosmajor\/wp-json\/wp\/v2\/types\/page"}],"author":[{"embeddable":true,"href":"https:\/\/semmelweis.hu\/varosmajor\/wp-json\/wp\/v2\/users\/101737"}],"replies":[{"embeddable":true,"href":"https:\/\/semmelweis.hu\/varosmajor\/wp-json\/wp\/v2\/comments?post=551"}],"version-history":[{"count":7,"href":"https:\/\/semmelweis.hu\/varosmajor\/wp-json\/wp\/v2\/pages\/551\/revisions"}],"predecessor-version":[{"id":5840,"href":"https:\/\/semmelweis.hu\/varosmajor\/wp-json\/wp\/v2\/pages\/551\/revisions\/5840"}],"up":[{"embeddable":true,"href":"https:\/\/semmelweis.hu\/varosmajor\/wp-json\/wp\/v2\/pages\/25"}],"wp:attachment":[{"href":"https:\/\/semmelweis.hu\/varosmajor\/wp-json\/wp\/v2\/media?parent=551"}],"wp:term":[{"taxonomy":"category","embeddable":true,"href":"https:\/\/semmelweis.hu\/varosmajor\/wp-json\/wp\/v2\/categories?post=551"},{"taxonomy":"post_tag","embeddable":true,"href":"https:\/\/semmelweis.hu\/varosmajor\/wp-json\/wp\/v2\/tags?post=551"}],"curies":[{"name":"wp","href":"https:\/\/api.w.org\/{rel}","templated":true}]}}