{"id":5492,"date":"2024-08-27T10:38:11","date_gmt":"2024-08-27T08:38:11","guid":{"rendered":"https:\/\/semmelweis.hu\/varosmajor\/?page_id=5492"},"modified":"2025-11-12T11:46:55","modified_gmt":"2025-11-12T10:46:55","slug":"urorvostan","status":"publish","type":"page","link":"https:\/\/semmelweis.hu\/varosmajor\/kutatas\/urorvostan\/","title":{"rendered":"\u0170rorvostan"},"content":{"rendered":"<p style=\"text-align: justify\"><span lang=\"HU\"><img decoding=\"async\" class=\"alignright\" src=\"https:\/\/semmelweis.hu\/varosmajor\/files\/2024\/09\/Hunor.png\" alt=\"\" \/>A Tansz\u00e9k kutat\u00e1si tev\u00e9kenys\u00e9g\u00e9nek f\u0151 f\u00f3kusza a szervezet extr\u00e9m k\u00f6r\u00fclm\u00e9nyekhez (pl. mikrogravit\u00e1ci\u00f3) t\u00f6rt\u00e9n\u0151 alkalmazkod\u00e1si mechanizmusainak azonos\u00edt\u00e1sa, monitoroz\u00e1sa \u00e9s \u00e9rt\u00e9kel\u00e9se. A HUNOR \u2013 Magyar \u0170rhaj\u00f3s Program keret\u00e9ben az orvosi \u00e9s a pszichol\u00f3giai alkalmass\u00e1gi vizsg\u00e1latok sor\u00e1n az evidenci\u00e1k kutat\u00e1sa jelentette a vizsg\u00e1lati protokoll kidolgoz\u00e1s\u00e1nak alapjait. A kiv\u00e1laszt\u00e1st k\u00f6vet\u0151en az \u0171rhaj\u00f3sok kik\u00e9pz\u00e9si programj\u00e1nak \u00f6ssze\u00e1ll\u00edt\u00e1sa, kivitelez\u00e9se volt a c\u00e9l. Ennek eredm\u00e9nyek\u00e9nt egy olyan felk\u00e9sz\u00edt\u00e9si programot dolgoztunk ki \u00e9s val\u00f3s\u00edtottunk meg, amely mag\u00e1ban foglalta a rendszeres orvosi vizsg\u00e1latokon t\u00falmen\u0151en a folyamatos fizik\u00e1lis \u00e9s pszichol\u00f3giai felk\u00e9sz\u00edt\u00e9st is, a legmodernebb, innovat\u00edv m\u00f3dszerek felhaszn\u00e1l\u00e1s\u00e1val.<\/span><\/p>\n<p style=\"text-align: justify\"><span lang=\"HU\">A HUNOR Program alapj\u00e1t k\u00e9pezi a j\u00f6v\u0151beli magyar \u0171rmisszi\u00f3knak \u00e9s egyed\u00fcl\u00e1ll\u00f3 lehet\u0151s\u00e9get biztos\u00edt Egyetem\u00fcnknek, hogy elfoglalja m\u00e9lt\u00f3 hely\u00e9t a nemzetk\u00f6zi \u0171rkutat\u00e1s porondj\u00e1n, a jel\u00f6ltek kiv\u00e1laszt\u00e1s\u00e1t\u00f3l a vil\u00e1g\u0171rben v\u00e9gzett tudom\u00e1nyos k\u00eds\u00e9rletekig. A kutat\u00e1si tev\u00e9kenys\u00e9g szerves r\u00e9sz\u00e9t k\u00e9pezi a t\u00e1voli diagnosztik\u00e1t \u00e9s orvosi d\u00f6nt\u00e9shozatalt seg\u00edt\u0151 telemedicin\u00e1lis rendszerek fejleszt\u00e9se, amelyek mind a F\u00f6ld\u00f6n, mind a j\u00f6v\u0151beli \u0171rmisszi\u00f3k sor\u00e1n kiemelt jelent\u0151s\u00e9ggel b\u00edrnak.<\/span><\/p>\n<p style=\"text-align: justify\"><span lang=\"HU\">A Tansz\u00e9knek kiemelt c\u00e9lja a ter\u00fcleten tev\u00e9kenyked\u0151 nemzetk\u00f6zi szervezetekkel (pl. Eur\u00f3pai \u0170r\u00fcgyn\u00f6ks\u00e9g \u2013 ESA, Amerikai \u0170r\u00fcgyn\u00f6ks\u00e9g \u2013 NASA \u00e9s nemzeti \u0171r\u00fcgyn\u00f6ks\u00e9gek) val\u00f3 kapcsolat\u00e9p\u00edt\u00e9s \u00e9s szoros tudom\u00e1nyos kooper\u00e1ci\u00f3. A\u00a0tudom\u00e1nyter\u00fcleten n\u00f6vekv\u0151 sz\u00e1mban megrendez\u00e9sre ker\u00fcl\u0151 nemzetk\u00f6zi tudom\u00e1nyos f\u00f3rumokon tervezz\u00fck prezent\u00e1lni eredm\u00e9nyeinket,\u00a0ezzel\u00a0bekapcsol\u00f3dva\u00a0a\u00a0nemzetk\u00f6zi\u00a0tudom\u00e1nyos\u00a0eszmecser\u00e9be.\u00a0A\u00a0HUNOR\u00a0Program\u00a0keret\u00e9ben\u00a0lehet\u0151s\u00e9get\u00a0biztos\u00edtunk\u00a0jelenleg\u00a0is TDK \u00e9s PhD hallgat\u00f3k bekapcsol\u00f3d\u00e1s\u00e1ra, amelyet a jelent\u0151s \u00e9rdekl\u0151d\u00e9sre val\u00f3 tekintettel a j\u00f6v\u0151ben sz\u00e9les\u00edt\u00fcnk tov\u00e1bbi t\u00e9mavezet\u0151k bevon\u00e1s\u00e1val.<\/span><\/p>\n<div>\n<div class=\"gmail_signature\" dir=\"ltr\" data-smartmail=\"gmail_signature\">\n<div dir=\"ltr\">\n<div dir=\"ltr\">\n<div dir=\"ltr\">\n<div dir=\"ltr\">\n<div dir=\"ltr\">\n<div dir=\"ltr\">\n<div dir=\"ltr\">\n<div dir=\"ltr\">\n<div dir=\"ltr\">\n<div dir=\"ltr\">\n<div dir=\"ltr\"><span style=\"color: #313b40;font-family: Montserrat, sans-serif;font-size: 24px;font-weight: bold;text-transform: uppercase\">TDK T\u00c9M\u00c1K<\/span><\/div>\n<\/div>\n<\/div>\n<\/div>\n<\/div>\n<\/div>\n<\/div>\n<\/div>\n<\/div>\n<\/div>\n<\/div>\n<\/div>\n<\/div>\n<p>A 2025-26-os tan\u00e9vre meghirdetett TDK t\u00e9m\u00e1inkat az al\u00e1bbi linken \u00e9rheti el:<\/p>\n<p><a href=\"https:\/\/semmelweis.hu\/varosmajor\/files\/2025\/11\/Repulo-es-Urorvostani-Tanszek-TDK-temak-2025_26.pdf\">Rep\u00fcl\u0151- \u00e9s \u0170rorvostani Tansz\u00e9k TDK t\u00e9m\u00e1k 2025_26<\/a><\/p>\n<h1>Rektori P\u00e1ly\u00e1zatok<\/h1>\n<p>A 2025-26-os tan\u00e9vben meghirdetett rektori p\u00e1ly\u00e1zati t\u00e9m\u00e1inkat az al\u00e1bbi linkre kattintva t\u00f6ltheti le:<\/p>\n<p><a href=\"https:\/\/semmelweis.hu\/varosmajor\/files\/2025\/11\/Repulo-es-Urorvostani-Tanszek-rektori-temak-2025_26.pdf\">Rep\u00fcl\u0151- \u00e9s \u0170rorvostani Tansz\u00e9k Rektori p\u00e1ly\u00e1zati t\u00e9m\u00e1k 2025_26<\/a><\/p>\n","protected":false},"excerpt":{"rendered":"<p>A Tansz\u00e9k kutat\u00e1si tev\u00e9kenys\u00e9g\u00e9nek f\u0151 f\u00f3kusza a szervezet extr\u00e9m k\u00f6r\u00fclm\u00e9nyekhez (pl. mikrogravit\u00e1ci\u00f3) t\u00f6rt\u00e9n\u0151 alkalmazkod\u00e1si mechanizmusainak azonos\u00edt\u00e1sa, monitoroz\u00e1sa \u00e9s \u00e9rt\u00e9kel\u00e9se. A HUNOR \u2013 Magyar \u0170rhaj\u00f3s Program keret\u00e9ben az orvosi \u00e9s a pszichol\u00f3giai alkalmass\u00e1gi vizsg\u00e1latok sor\u00e1n az evidenci\u00e1k kutat\u00e1sa jelentette a vizsg\u00e1lati protokoll kidolgoz\u00e1s\u00e1nak alapjait. A kiv\u00e1laszt\u00e1st k\u00f6vet\u0151en az \u0171rhaj\u00f3sok kik\u00e9pz\u00e9si programj\u00e1nak \u00f6ssze\u00e1ll\u00edt\u00e1sa, kivitelez\u00e9se volt a c\u00e9l. &hellip;<\/p>\n","protected":false},"author":102080,"featured_media":0,"parent":25,"menu_order":11,"comment_status":"closed","ping_status":"closed","template":"","meta":{"_acf_changed":false,"footnotes":""},"categories":[],"tags":[],"class_list":["post-5492","page","type-page","status-publish","hentry"],"acf":[],"_links":{"self":[{"href":"https:\/\/semmelweis.hu\/varosmajor\/wp-json\/wp\/v2\/pages\/5492","targetHints":{"allow":["GET"]}}],"collection":[{"href":"https:\/\/semmelweis.hu\/varosmajor\/wp-json\/wp\/v2\/pages"}],"about":[{"href":"https:\/\/semmelweis.hu\/varosmajor\/wp-json\/wp\/v2\/types\/page"}],"author":[{"embeddable":true,"href":"https:\/\/semmelweis.hu\/varosmajor\/wp-json\/wp\/v2\/users\/102080"}],"replies":[{"embeddable":true,"href":"https:\/\/semmelweis.hu\/varosmajor\/wp-json\/wp\/v2\/comments?post=5492"}],"version-history":[{"count":8,"href":"https:\/\/semmelweis.hu\/varosmajor\/wp-json\/wp\/v2\/pages\/5492\/revisions"}],"predecessor-version":[{"id":12953,"href":"https:\/\/semmelweis.hu\/varosmajor\/wp-json\/wp\/v2\/pages\/5492\/revisions\/12953"}],"up":[{"embeddable":true,"href":"https:\/\/semmelweis.hu\/varosmajor\/wp-json\/wp\/v2\/pages\/25"}],"wp:attachment":[{"href":"https:\/\/semmelweis.hu\/varosmajor\/wp-json\/wp\/v2\/media?parent=5492"}],"wp:term":[{"taxonomy":"category","embeddable":true,"href":"https:\/\/semmelweis.hu\/varosmajor\/wp-json\/wp\/v2\/categories?post=5492"},{"taxonomy":"post_tag","embeddable":true,"href":"https:\/\/semmelweis.hu\/varosmajor\/wp-json\/wp\/v2\/tags?post=5492"}],"curies":[{"name":"wp","href":"https:\/\/api.w.org\/{rel}","templated":true}]}}