{"id":549,"date":"2020-12-01T14:52:26","date_gmt":"2020-12-01T13:52:26","guid":{"rendered":"https:\/\/semmelweis.hu\/varosmajor\/?page_id=549"},"modified":"2024-09-03T10:40:36","modified_gmt":"2024-09-03T08:40:36","slug":"sportorvostan-tanszek","status":"publish","type":"page","link":"https:\/\/semmelweis.hu\/varosmajor\/oktatas\/sportorvostan-tanszek\/","title":{"rendered":"Sportorvostan Tansz\u00e9k"},"content":{"rendered":"<p style=\"text-align: justify\">Klinik\u00e1nkon a sportkardiol\u00f3gia, az \u00fajonnan l\u00e9trej\u00f6tt <a href=\"https:\/\/semmelweis.hu\/sportorvostan\/\">Sportorvostani Tansz\u00e9k<\/a>, a Sportorvostan t\u00e1rgy\u00e1nak r\u00e9szek\u00e9nt ker\u00fcl oktat\u00e1sra az \u00e1ltal\u00e1nos orvosi gradu\u00e1lis k\u00e9pz\u00e9s 5. \u00e9v\u00e9ben. A t\u00e1rgy c\u00e9lja az alapvet\u0151 terhel\u00e9s\u00e9lettani, sportkardiol\u00f3giai, ortop\u00e9diai \u00e9s traumatol\u00f3giai ismeretek \u00e1tad\u00e1sa. Az 1 hetes t\u00e1rgy sor\u00e1n a hallgat\u00f3knak lehet\u0151s\u00e9ge van betekinteni a sportkardiol\u00f3gia vizsg\u00e1l\u00f3 modalit\u00e1saiba, gyakorlatorient\u00e1lt k\u00e9pz\u00e9ssel igyeksz\u00fcnk \u00e1tadni a sportol\u00f3k eg\u00e9szs\u00e9g\u00e9nek meg\u0151rz\u00e9s\u00e9hez \u00e9s fejleszt\u00e9s\u00e9hez sz\u00fcks\u00e9ges legfontosabb tud\u00e1sanyagot. A hallgat\u00f3k 3 helysz\u00ednen (V\u00e1rosmajori Sz\u00edv- \u00e9s \u00c9rgy\u00f3gy\u00e1szati Klinika, Orsz\u00e1gos Sporteg\u00e9szs\u00e9g\u00fcgyi Int\u00e9zet, sportol\u00f3i p\u00e1lyam\u00e9r\u00e9s) saj\u00e1t\u00edthatj\u00e1k el a sportorvostan alapjait.\u00a0<\/p>\n<p>A vizsg\u00e1ra bocs\u00e1jt\u00e1shoz sz\u00fcks\u00e9ges a gyakorlatokon val\u00f3 r\u00e9szv\u00e9tel.<\/p>\n<p>El\u00e9rhet\u0151s\u00e9g: 1122 Budapest, Ga\u00e1l J\u00f3zsef \u00fat 9-11, 1122 Budapest, Hat\u00e1r\u0151r \u00fat 18.<\/p>\n<p>E-mail: <a href=\"mailto:cvc.oktatas2@gmail.com\">cvc.oktatas2@gmail.com<\/a><\/p>\n<p>&nbsp;<\/p>\n","protected":false},"excerpt":{"rendered":"<p>Klinik\u00e1nkon a sportkardiol\u00f3gia, az \u00fajonnan l\u00e9trej\u00f6tt <a href=\"https:\/\/semmelweis.hu\/sportorvostan\/\">Sportorvostani Tansz\u00e9k<\/a> , a Sportorvostan t\u00e1rgy\u00e1nak r\u00e9szek\u00e9nt ker\u00fcl oktat\u00e1sra az \u00e1ltal\u00e1nos orvosi gradu\u00e1lis k\u00e9pz\u00e9s 5. \u00e9v\u00e9ben. A t\u00e1rgy c\u00e9lja az alapvet\u0151 terhel\u00e9s\u00e9lettani, sportkardiol\u00f3giai, ortop\u00e9diai \u00e9s traumatol\u00f3giai ismeretek \u00e1tad\u00e1sa. Az 1 hetes t\u00e1rgy sor\u00e1n a hallgat\u00f3knak lehet\u0151s\u00e9ge van betekinteni a sportkardiol\u00f3gia vizsg\u00e1l\u00f3 modalit\u00e1saiba, gyakorlatorient\u00e1lt k\u00e9pz\u00e9ssel igyeksz\u00fcnk \u00e1tadni a sportol\u00f3k eg\u00e9szs\u00e9g\u00e9nek meg\u0151rz\u00e9s\u00e9hez \u00e9s &hellip;<\/p>\n","protected":false},"author":101737,"featured_media":0,"parent":21,"menu_order":4,"comment_status":"closed","ping_status":"closed","template":"","meta":{"_acf_changed":false,"footnotes":""},"categories":[],"tags":[],"class_list":["post-549","page","type-page","status-publish","hentry"],"acf":[],"_links":{"self":[{"href":"https:\/\/semmelweis.hu\/varosmajor\/wp-json\/wp\/v2\/pages\/549","targetHints":{"allow":["GET"]}}],"collection":[{"href":"https:\/\/semmelweis.hu\/varosmajor\/wp-json\/wp\/v2\/pages"}],"about":[{"href":"https:\/\/semmelweis.hu\/varosmajor\/wp-json\/wp\/v2\/types\/page"}],"author":[{"embeddable":true,"href":"https:\/\/semmelweis.hu\/varosmajor\/wp-json\/wp\/v2\/users\/101737"}],"replies":[{"embeddable":true,"href":"https:\/\/semmelweis.hu\/varosmajor\/wp-json\/wp\/v2\/comments?post=549"}],"version-history":[{"count":11,"href":"https:\/\/semmelweis.hu\/varosmajor\/wp-json\/wp\/v2\/pages\/549\/revisions"}],"predecessor-version":[{"id":5625,"href":"https:\/\/semmelweis.hu\/varosmajor\/wp-json\/wp\/v2\/pages\/549\/revisions\/5625"}],"up":[{"embeddable":true,"href":"https:\/\/semmelweis.hu\/varosmajor\/wp-json\/wp\/v2\/pages\/21"}],"wp:attachment":[{"href":"https:\/\/semmelweis.hu\/varosmajor\/wp-json\/wp\/v2\/media?parent=549"}],"wp:term":[{"taxonomy":"category","embeddable":true,"href":"https:\/\/semmelweis.hu\/varosmajor\/wp-json\/wp\/v2\/categories?post=549"},{"taxonomy":"post_tag","embeddable":true,"href":"https:\/\/semmelweis.hu\/varosmajor\/wp-json\/wp\/v2\/tags?post=549"}],"curies":[{"name":"wp","href":"https:\/\/api.w.org\/{rel}","templated":true}]}}