{"id":499,"date":"2020-12-01T13:17:49","date_gmt":"2020-12-01T12:17:49","guid":{"rendered":"https:\/\/semmelweis.hu\/varosmajor\/?page_id=499"},"modified":"2024-09-10T10:50:29","modified_gmt":"2024-09-10T08:50:29","slug":"vascularis-mr-kutatocsoport","status":"publish","type":"page","link":"https:\/\/semmelweis.hu\/varosmajor\/kutatas\/radiologia\/vascularis-mr-kutatocsoport\/","title":{"rendered":"Vascularis MR kutat\u00f3csoport"},"content":{"rendered":"<p style=\"text-align: justify\">A V\u00e1rosmajori Sz\u00edv- \u00e9s \u00c9rgy\u00f3gy\u00e1szati Klinikai\u00a0MR laborj\u00e1ban a Radiol\u00f3giai R\u00e9szleg indul\u00e1sa \u00f3ta kiemelt szerepet kapott a kardiovaszkul\u00e1ris k\u00e9palkot\u00e1s \u00e9s az ezzel kapcsolatos kutat\u00e1s. Jelenleg is foly\u00f3 kutat\u00e1saink egy r\u00e9sze a\u00a0Siemens Healthineers-szel\u00a0 egy\u00fcttm\u0171k\u00f6d\u00e9sben\u00a0v\u00e9gezz\u00fck, melynek sor\u00e1n olyan \u00faj, innovat\u00edv szakmai \u00e9s\u00a0technol\u00f3giai \u00faj\u00edt\u00e1sokat alkalmazhatunk, amelyek nemcsak tudom\u00e1nyos \u00e9rt\u00e9k\u0171ek, de a rutinszer\u0171 klinikai felhaszn\u00e1l\u00e1st is forradalmas\u00edtj\u00e1k. Jelenleg zajl\u00f3 kutat\u00e1saink sor\u00e1n egy \u00faj non-kontraszt MR angiographi\u00e1s protokoll diagnosztikus teljes\u00edtm\u00e9ny\u00e9t hasonl\u00edtjuk \u00f6ssze a standard klinikai angiographi\u00e1s vizsg\u00e1lati protokolokkal. Az \u00e9rseb\u00e9szeti profillal egy\u00fcttm\u0171k\u00f6d\u00e9sben folyamatban van k\u00e9t zajl\u00f3 klinikai vizsg\u00e1lat, melynek sor\u00e1n a nyaki ver\u0151\u00e9r sz\u0171k\u00fcletes betegek cerebrovaszkul\u00e1ris esem\u00e9nyeinek \u00e9rt\u00e9kel\u00e9se\u00a0t\u00f6rt\u00e9nik morfol\u00f3giai, hemodinamikai saj\u00e1toss\u00e1gok, illetve a Willis-k\u00f6ri anat\u00f3miai vari\u00e1ci\u00f3nak \u00e9s a shunt alkalmaz\u00e1s\u00e1nak t\u00fckr\u00e9ben.<\/p>\n<p>&nbsp;<\/p>\n<ul>\n<li>Csobay-Nov\u00e1k Csaba<\/li>\n<li>Suhai Ferenc Imre<\/li>\n<li>Varga Andrea<\/li>\n<li>Cs\u0151re Judit<\/li>\n<li>Borzs\u00e1k Sarolta<\/li>\n<li>Nemes Bal\u00e1zs<\/li>\n<li>Gy\u00e1n\u00f3 Marcell<\/li>\n<li>D\u00f3sa Edit<\/li>\n<li>Tin Dat Nguyen<\/li>\n<li>B\u00e9rczi \u00c1kos<\/li>\n<\/ul>\n<p>&nbsp;<\/p>\n","protected":false},"excerpt":{"rendered":"<p>A V\u00e1rosmajori Sz\u00edv- \u00e9s \u00c9rgy\u00f3gy\u00e1szati Klinikai\u00a0MR laborj\u00e1ban a Radiol\u00f3giai R\u00e9szleg indul\u00e1sa \u00f3ta kiemelt szerepet kapott a kardiovaszkul\u00e1ris k\u00e9palkot\u00e1s \u00e9s az ezzel kapcsolatos kutat\u00e1s. Jelenleg is foly\u00f3 kutat\u00e1saink egy r\u00e9sze a\u00a0Siemens Healthineers-szel\u00a0 egy\u00fcttm\u0171k\u00f6d\u00e9sben\u00a0v\u00e9gezz\u00fck, melynek sor\u00e1n olyan \u00faj, innovat\u00edv szakmai \u00e9s\u00a0technol\u00f3giai \u00faj\u00edt\u00e1sokat alkalmazhatunk, amelyek nemcsak tudom\u00e1nyos \u00e9rt\u00e9k\u0171ek, de a rutinszer\u0171 klinikai felhaszn\u00e1l\u00e1st is forradalmas\u00edtj\u00e1k. Jelenleg zajl\u00f3 kutat\u00e1saink &hellip;<\/p>\n","protected":false},"author":101737,"featured_media":0,"parent":490,"menu_order":0,"comment_status":"closed","ping_status":"closed","template":"","meta":{"_acf_changed":false,"footnotes":""},"categories":[],"tags":[],"class_list":["post-499","page","type-page","status-publish","hentry"],"acf":[],"_links":{"self":[{"href":"https:\/\/semmelweis.hu\/varosmajor\/wp-json\/wp\/v2\/pages\/499","targetHints":{"allow":["GET"]}}],"collection":[{"href":"https:\/\/semmelweis.hu\/varosmajor\/wp-json\/wp\/v2\/pages"}],"about":[{"href":"https:\/\/semmelweis.hu\/varosmajor\/wp-json\/wp\/v2\/types\/page"}],"author":[{"embeddable":true,"href":"https:\/\/semmelweis.hu\/varosmajor\/wp-json\/wp\/v2\/users\/101737"}],"replies":[{"embeddable":true,"href":"https:\/\/semmelweis.hu\/varosmajor\/wp-json\/wp\/v2\/comments?post=499"}],"version-history":[{"count":2,"href":"https:\/\/semmelweis.hu\/varosmajor\/wp-json\/wp\/v2\/pages\/499\/revisions"}],"predecessor-version":[{"id":5834,"href":"https:\/\/semmelweis.hu\/varosmajor\/wp-json\/wp\/v2\/pages\/499\/revisions\/5834"}],"up":[{"embeddable":true,"href":"https:\/\/semmelweis.hu\/varosmajor\/wp-json\/wp\/v2\/pages\/490"}],"wp:attachment":[{"href":"https:\/\/semmelweis.hu\/varosmajor\/wp-json\/wp\/v2\/media?parent=499"}],"wp:term":[{"taxonomy":"category","embeddable":true,"href":"https:\/\/semmelweis.hu\/varosmajor\/wp-json\/wp\/v2\/categories?post=499"},{"taxonomy":"post_tag","embeddable":true,"href":"https:\/\/semmelweis.hu\/varosmajor\/wp-json\/wp\/v2\/tags?post=499"}],"curies":[{"name":"wp","href":"https:\/\/api.w.org\/{rel}","templated":true}]}}