{"id":497,"date":"2020-12-01T13:17:01","date_gmt":"2020-12-01T12:17:01","guid":{"rendered":"https:\/\/semmelweis.hu\/varosmajor\/?page_id=497"},"modified":"2024-09-13T14:16:22","modified_gmt":"2024-09-13T12:16:22","slug":"sziv-mr-kutatocsoport","status":"publish","type":"page","link":"https:\/\/semmelweis.hu\/varosmajor\/kutatas\/radiologia\/sziv-mr-kutatocsoport\/","title":{"rendered":"Sz\u00edv MR kutat\u00f3csoport"},"content":{"rendered":"<p style=\"text-align: justify\">Vezet\u0151: Prof. Dr. V\u00e1g\u00f3 Hajnalka habil. PhD, egyetemi tan\u00e1r<\/p>\n<p style=\"text-align: justify\">A V\u00e1rosmajori Sz\u00edv- \u00e9s \u00c9rgy\u00f3gy\u00e1szati Klinik\u00e1n m\u0171k\u00f6d\u0151 Sz\u00edv MR munkacsoport Dr. V\u00e1g\u00f3 Hajnalka vezet\u00e9s\u00e9vel a Sz\u00edv M\u00e1gneses Rezonanci\u00e1s vizsg\u00e1lat szerep\u00e9t tanulm\u00e1nyozza kardi\u00e1lis morfol\u00f3giai \u00e9s funkcion\u00e1lis v\u00e1ltoz\u00e1sok meghat\u00e1roz\u00e1s\u00e1ban mind fiziol\u00f3gi\u00e1s sportadapt\u00e1ci\u00f3ban, illetve patol\u00f3gi\u00e1s \u00e1llapotokban.<\/p>\n<p style=\"text-align: justify\">A kutat\u00f3csoport egy\u00fcttm\u0171k\u00f6d\u00e9st folytat a kardiol\u00f3gia t\u00f6bb ter\u00fclet\u00e9vel is, t\u00f6bbek k\u00f6z\u00f6tt a sportkardiol\u00f3gia, kardiogenetika, \u00e9s transzplant\u00e1ci\u00f3s kardiol\u00f3gia t\u00e9m\u00e1j\u00fa kollabor\u00e1ci\u00f3kban.<\/p>\n<p style=\"text-align: justify\">Munkacsoportunk szeretettel v\u00e1rja az \u00e9rdekl\u0151d\u0151 hallgat\u00f3kat! Jelentkezni az\u00a0<a href=\"mailto:se.cvc.cmr@gmail.com\">se.cvc.cmr@gmail.com<\/a>\u00a0e-mail c\u00edmen lehet.<\/p>\n<p>&nbsp;<\/p>\n","protected":false},"excerpt":{"rendered":"<p>Vezet\u0151: Prof. Dr. V\u00e1g\u00f3 Hajnalka habil. PhD, egyetemi tan\u00e1r A V\u00e1rosmajori Sz\u00edv- \u00e9s \u00c9rgy\u00f3gy\u00e1szati Klinik\u00e1n m\u0171k\u00f6d\u0151 Sz\u00edv MR munkacsoport Dr. V\u00e1g\u00f3 Hajnalka vezet\u00e9s\u00e9vel a Sz\u00edv M\u00e1gneses Rezonanci\u00e1s vizsg\u00e1lat szerep\u00e9t tanulm\u00e1nyozza kardi\u00e1lis morfol\u00f3giai \u00e9s funkcion\u00e1lis v\u00e1ltoz\u00e1sok meghat\u00e1roz\u00e1s\u00e1ban mind fiziol\u00f3gi\u00e1s sportadapt\u00e1ci\u00f3ban, illetve patol\u00f3gi\u00e1s \u00e1llapotokban. A kutat\u00f3csoport egy\u00fcttm\u0171k\u00f6d\u00e9st folytat a kardiol\u00f3gia t\u00f6bb ter\u00fclet\u00e9vel is, t\u00f6bbek k\u00f6z\u00f6tt a sportkardiol\u00f3gia, &hellip;<\/p>\n","protected":false},"author":101737,"featured_media":0,"parent":490,"menu_order":0,"comment_status":"closed","ping_status":"closed","template":"","meta":{"_acf_changed":false,"footnotes":""},"categories":[],"tags":[],"class_list":["post-497","page","type-page","status-publish","hentry"],"acf":[],"_links":{"self":[{"href":"https:\/\/semmelweis.hu\/varosmajor\/wp-json\/wp\/v2\/pages\/497","targetHints":{"allow":["GET"]}}],"collection":[{"href":"https:\/\/semmelweis.hu\/varosmajor\/wp-json\/wp\/v2\/pages"}],"about":[{"href":"https:\/\/semmelweis.hu\/varosmajor\/wp-json\/wp\/v2\/types\/page"}],"author":[{"embeddable":true,"href":"https:\/\/semmelweis.hu\/varosmajor\/wp-json\/wp\/v2\/users\/101737"}],"replies":[{"embeddable":true,"href":"https:\/\/semmelweis.hu\/varosmajor\/wp-json\/wp\/v2\/comments?post=497"}],"version-history":[{"count":5,"href":"https:\/\/semmelweis.hu\/varosmajor\/wp-json\/wp\/v2\/pages\/497\/revisions"}],"predecessor-version":[{"id":5913,"href":"https:\/\/semmelweis.hu\/varosmajor\/wp-json\/wp\/v2\/pages\/497\/revisions\/5913"}],"up":[{"embeddable":true,"href":"https:\/\/semmelweis.hu\/varosmajor\/wp-json\/wp\/v2\/pages\/490"}],"wp:attachment":[{"href":"https:\/\/semmelweis.hu\/varosmajor\/wp-json\/wp\/v2\/media?parent=497"}],"wp:term":[{"taxonomy":"category","embeddable":true,"href":"https:\/\/semmelweis.hu\/varosmajor\/wp-json\/wp\/v2\/categories?post=497"},{"taxonomy":"post_tag","embeddable":true,"href":"https:\/\/semmelweis.hu\/varosmajor\/wp-json\/wp\/v2\/tags?post=497"}],"curies":[{"name":"wp","href":"https:\/\/api.w.org\/{rel}","templated":true}]}}