{"id":493,"date":"2020-12-01T13:15:59","date_gmt":"2020-12-01T12:15:59","guid":{"rendered":"https:\/\/semmelweis.hu\/varosmajor\/?page_id=493"},"modified":"2024-09-10T10:47:17","modified_gmt":"2024-09-10T08:47:17","slug":"kinepict-kutatocsoport","status":"publish","type":"page","link":"https:\/\/semmelweis.hu\/varosmajor\/kutatas\/radiologia\/kinepict-kutatocsoport\/","title":{"rendered":"Kinepict kutat\u00f3csoport"},"content":{"rendered":"<p style=\"text-align: justify\">Projektvezet\u0151: Dr. Gy\u00e1n\u00f3 Marcell<\/p>\n<p style=\"text-align: justify\">Mint kutat\u00f3labor, a Kinepict startuppal k\u00f6z\u00f6sen fejlesztj\u00fck a digit\u00e1lis variancia angiogr\u00e1fi\u00e1nak\u00a0(DVA) nevezett m\u00f3dszert, mely az \u00e9rfest\u00e9sekn\u00e9l jelenleg haszn\u00e1lt digit\u00e1lis szubtrakci\u00f3s angiogr\u00e1fia (DSA) m\u00f3dszerhez k\u00e9pest jobb k\u00e9pmin\u0151s\u00e9get \u00e9s kisebb sug\u00e1rterhel\u00e9st eredm\u00e9nyez. Kutat\u00e1sunkban 3 PhD \u00e9s 2 TDK hallgat\u00f3 vesz r\u00e9szt.<\/p>\n<p style=\"text-align: justify\">Az eddigi eredm\u00e9nyek \u00e9s k\u00f6zlem\u00e9nyek r\u00e9szletesen:\u00a0<a href=\"http:\/\/kinepict.com\/\">kinepict.com<\/a><\/p>\n<p style=\"text-align: justify\"><a href=\"http:\/\/facebook.com\/KinepictGroup\">A projekt Facebook profilja<\/a><\/p>\n","protected":false},"excerpt":{"rendered":"<p>Projektvezet\u0151: Dr. Gy\u00e1n\u00f3 Marcell<br \/>\nMint kutat\u00f3labor, a Kinepict startuppal k\u00f6z\u00f6sen fejlesztj\u00fck a digit\u00e1lis variancia angiogr\u00e1fi\u00e1nak\u00a0(DVA) nevezett m\u00f3dszert, mely az \u00e9rfest\u00e9sekn\u00e9l jelenleg haszn\u00e1lt digit\u00e1lis szubtrakci\u00f3s angiogr\u00e1fia (DSA) m\u00f3dszerhez k\u00e9pest jobb k\u00e9pmin\u0151s\u00e9get \u00e9s kisebb sug\u00e1rterhel\u00e9st eredm\u00e9nyez. Kutat\u00e1sunkban 3 PhD \u00e9s 2 TDK hallgat\u00f3 vesz r\u00e9szt.<br \/>\nAz eddigi eredm\u00e9nyek \u00e9s k\u00f6zlem\u00e9nyek r\u00e9szletesen:\u00a0<a href=\"http:\/\/kinepict.com\/\">kinepict.com<\/a><br \/>\n<a href=\"http:\/\/facebook.com\/KinepictGroup\">A projekt Facebook profilja<\/a><\/p>\n","protected":false},"author":101737,"featured_media":0,"parent":490,"menu_order":0,"comment_status":"closed","ping_status":"closed","template":"","meta":{"_acf_changed":false,"footnotes":""},"categories":[],"tags":[],"class_list":["post-493","page","type-page","status-publish","hentry"],"acf":[],"_links":{"self":[{"href":"https:\/\/semmelweis.hu\/varosmajor\/wp-json\/wp\/v2\/pages\/493","targetHints":{"allow":["GET"]}}],"collection":[{"href":"https:\/\/semmelweis.hu\/varosmajor\/wp-json\/wp\/v2\/pages"}],"about":[{"href":"https:\/\/semmelweis.hu\/varosmajor\/wp-json\/wp\/v2\/types\/page"}],"author":[{"embeddable":true,"href":"https:\/\/semmelweis.hu\/varosmajor\/wp-json\/wp\/v2\/users\/101737"}],"replies":[{"embeddable":true,"href":"https:\/\/semmelweis.hu\/varosmajor\/wp-json\/wp\/v2\/comments?post=493"}],"version-history":[{"count":3,"href":"https:\/\/semmelweis.hu\/varosmajor\/wp-json\/wp\/v2\/pages\/493\/revisions"}],"predecessor-version":[{"id":5831,"href":"https:\/\/semmelweis.hu\/varosmajor\/wp-json\/wp\/v2\/pages\/493\/revisions\/5831"}],"up":[{"embeddable":true,"href":"https:\/\/semmelweis.hu\/varosmajor\/wp-json\/wp\/v2\/pages\/490"}],"wp:attachment":[{"href":"https:\/\/semmelweis.hu\/varosmajor\/wp-json\/wp\/v2\/media?parent=493"}],"wp:term":[{"taxonomy":"category","embeddable":true,"href":"https:\/\/semmelweis.hu\/varosmajor\/wp-json\/wp\/v2\/categories?post=493"},{"taxonomy":"post_tag","embeddable":true,"href":"https:\/\/semmelweis.hu\/varosmajor\/wp-json\/wp\/v2\/tags?post=493"}],"curies":[{"name":"wp","href":"https:\/\/api.w.org\/{rel}","templated":true}]}}