{"id":489,"date":"2020-12-01T13:15:07","date_gmt":"2020-12-01T12:15:07","guid":{"rendered":"https:\/\/semmelweis.hu\/varosmajor\/?page_id=489"},"modified":"2024-09-13T14:23:55","modified_gmt":"2024-09-13T12:23:55","slug":"aorta-kutatocsoport","status":"publish","type":"page","link":"https:\/\/semmelweis.hu\/varosmajor\/kutatas\/radiologia\/aorta-kutatocsoport\/","title":{"rendered":"Aorta kutat\u00f3csoport"},"content":{"rendered":"<p style=\"text-align: justify\">Vezet\u0151: Dr. Csobay-Nov\u00e1k Csaba PhD<\/p>\n<p style=\"text-align: justify\">Klinik\u00e1nk az egyetlen olyan eg\u00e9szs\u00e9g\u00fcgyi ell\u00e1t\u00f3hely haz\u00e1nkban, ahol az aortabetegs\u00e9gek teljes spektruma ell\u00e1that\u00f3 az aortabillenty\u0171t\u0151l az iliaca bifurk\u00e1ci\u00f3ig, bele\u00e9rtve a klasszikus \u00e9s modern nyitott m\u0171t\u00e9teket, a leg\u00fajabb endovaszkul\u00e1ris lehet\u0151s\u00e9geket, illetve az ezeket \u00f6tv\u00f6z\u0151 hibrid technik\u00e1kat. A kinik\u00e1n t\u00f6rt\u00e9nik haz\u00e1nk legnagyobb esetsz\u00e1m\u00fa aortabeteg ell\u00e1t\u00e1sa. Kiemelked\u0151 esetsz\u00e1mban v\u00e9gz\u00fcnk:<\/p>\n<ul>\n<li style=\"text-align: justify\">nyitott aortagy\u00f6ki m\u0171t\u00e9tet (pl. Bentall-m\u0171t\u00e9t)<\/li>\n<li style=\"text-align: justify\">aortabillenty\u0171 m\u0171t\u00e9tet nyitott \u00e9s kat\u00e9teres \u00faton (TAVI)<\/li>\n<li style=\"text-align: justify\">aorta\u00edv cser\u00e9t hagyom\u00e1nyos, \u201eelephant trunk\u201d, ill. \u201efrozen elephant trunk\u201d technik\u00e1val<\/li>\n<li style=\"text-align: justify\">aorta descendens m\u0171t\u00e9tet nyitott \u00e9s endovaszkul\u00e1ris technik\u00e1val<\/li>\n<li style=\"text-align: justify\">thoracoabdominalis m\u0171t\u00e9tet nyitott \u00e9s endovaszkul\u00e1ris technik\u00e1val<\/li>\n<li style=\"text-align: justify\">hasi aorta m\u0171t\u00e9tet nyitott \u00e9s endovaszkul\u00e1ris technik\u00e1val<\/li>\n<li style=\"text-align: justify\">az iliaca bifurk\u00e1ci\u00f3t \u00e9rint\u0151 m\u0171t\u00e9tet nyitott \u00e9s endovaszkul\u00e1ris technik\u00e1val<\/li>\n<li style=\"text-align: justify\">sz\u00edvtranszplant\u00e1ci\u00f3t, melynek tekintet\u00e9ben esetsz\u00e1mot tekintve Eur\u00f3pa m\u00e1sodik legnagyobb centruma vagyunk<\/li>\n<li style=\"text-align: justify\">kor\u00e1bbi endovaszkul\u00e1ris aortam\u0171t\u00e9tek ut\u00e1na kialakul\u00f3 sz\u00f6v\u0151dm\u00e9nyek m\u0171t\u00e9tj\u00e9t endovaszkul\u00e1ris \u00e9s nyitott technik\u00e1val<\/li>\n<li style=\"text-align: justify\">k\u00f6t\u0151sz\u00f6veti betegs\u00e9g (pl. Marfan-szindr\u00f3ma) kapcs\u00e1n kialakult aortabetegs\u00e9g miatti nyitott \u00e9s endovaszkul\u00e1ris m\u0171t\u00e9tet<\/li>\n<li style=\"text-align: justify\">a klinika haz\u00e1nk legnagyobb tapasztalat\u00fa Marfan-centruma<\/li>\n<\/ul>\n<p style=\"text-align: justify\">A t\u00f6bbszakm\u00e1s egy\u00fcttm\u0171k\u00f6d\u00e9st \u00e9s kutat\u00e1st radiol\u00f3giai oldalr\u00f3l Dr. Csobay-Nov\u00e1k Csaba PhD vezeti. Folyamatban l\u00e9v\u0151 kutat\u00e1sink sor\u00e1n az aorta betegs\u00e9geinek funkcion\u00e1lis \u00e9s morfol\u00f3giai anal\u00edzis\u00e9t, rupt\u00far\u00e1ra val\u00f3 hajlam\u00e1t vizsg\u00e1ljuk.<\/p>\n<p style=\"text-align: justify\">Szeretettel v\u00e1rjuk a kutat\u00e1s ir\u00e1nt \u00e9rdekl\u0151d\u0151 rezidenseket, hallgat\u00f3kat! Jelentkezni a <a href=\"mailto:major.rad@med.semmelweis-univ.hu\">major.rad@med.semmelweis-univ.hu<\/a> c\u00edmen lehet.<\/p>\n<p style=\"text-align: justify\"><a href=\"http:\/\/facebook.com\/semmelweisaortic\">Munkacsoportunk Facebook profilja<\/a><\/p>\n","protected":false},"excerpt":{"rendered":"<p>Vezet\u0151: Dr. Csobay-Nov\u00e1k Csaba PhD Klinik\u00e1nk az egyetlen olyan eg\u00e9szs\u00e9g\u00fcgyi ell\u00e1t\u00f3hely haz\u00e1nkban, ahol az aortabetegs\u00e9gek teljes spektruma ell\u00e1that\u00f3 az aortabillenty\u0171t\u0151l az iliaca bifurk\u00e1ci\u00f3ig, bele\u00e9rtve a klasszikus \u00e9s modern nyitott m\u0171t\u00e9teket, a leg\u00fajabb endovaszkul\u00e1ris lehet\u0151s\u00e9geket, illetve az ezeket \u00f6tv\u00f6z\u0151 hibrid technik\u00e1kat. A kinik\u00e1n t\u00f6rt\u00e9nik haz\u00e1nk legnagyobb esetsz\u00e1m\u00fa aortabeteg ell\u00e1t\u00e1sa. Kiemelked\u0151 esetsz\u00e1mban v\u00e9gz\u00fcnk: nyitott aortagy\u00f6ki m\u0171t\u00e9tet (pl. &hellip;<\/p>\n","protected":false},"author":101737,"featured_media":0,"parent":490,"menu_order":0,"comment_status":"closed","ping_status":"closed","template":"","meta":{"_acf_changed":false,"footnotes":""},"categories":[],"tags":[],"class_list":["post-489","page","type-page","status-publish","hentry"],"acf":[],"_links":{"self":[{"href":"https:\/\/semmelweis.hu\/varosmajor\/wp-json\/wp\/v2\/pages\/489","targetHints":{"allow":["GET"]}}],"collection":[{"href":"https:\/\/semmelweis.hu\/varosmajor\/wp-json\/wp\/v2\/pages"}],"about":[{"href":"https:\/\/semmelweis.hu\/varosmajor\/wp-json\/wp\/v2\/types\/page"}],"author":[{"embeddable":true,"href":"https:\/\/semmelweis.hu\/varosmajor\/wp-json\/wp\/v2\/users\/101737"}],"replies":[{"embeddable":true,"href":"https:\/\/semmelweis.hu\/varosmajor\/wp-json\/wp\/v2\/comments?post=489"}],"version-history":[{"count":5,"href":"https:\/\/semmelweis.hu\/varosmajor\/wp-json\/wp\/v2\/pages\/489\/revisions"}],"predecessor-version":[{"id":5914,"href":"https:\/\/semmelweis.hu\/varosmajor\/wp-json\/wp\/v2\/pages\/489\/revisions\/5914"}],"up":[{"embeddable":true,"href":"https:\/\/semmelweis.hu\/varosmajor\/wp-json\/wp\/v2\/pages\/490"}],"wp:attachment":[{"href":"https:\/\/semmelweis.hu\/varosmajor\/wp-json\/wp\/v2\/media?parent=489"}],"wp:term":[{"taxonomy":"category","embeddable":true,"href":"https:\/\/semmelweis.hu\/varosmajor\/wp-json\/wp\/v2\/categories?post=489"},{"taxonomy":"post_tag","embeddable":true,"href":"https:\/\/semmelweis.hu\/varosmajor\/wp-json\/wp\/v2\/tags?post=489"}],"curies":[{"name":"wp","href":"https:\/\/api.w.org\/{rel}","templated":true}]}}