{"id":485,"date":"2020-12-01T13:09:59","date_gmt":"2020-12-01T12:09:59","guid":{"rendered":"https:\/\/semmelweis.hu\/varosmajor\/?page_id=485"},"modified":"2024-10-23T15:02:03","modified_gmt":"2024-10-23T13:02:03","slug":"kardiologiai-tanszek","status":"publish","type":"page","link":"https:\/\/semmelweis.hu\/varosmajor\/oktatas\/kardiologiai-tanszek\/","title":{"rendered":"Kardiol\u00f3giai Tansz\u00e9k"},"content":{"rendered":"<p style=\"text-align: justify\"><img loading=\"lazy\" decoding=\"async\" class=\"alignright\" src=\"https:\/\/semmelweis.hu\/varosmajor\/files\/2023\/10\/RS160745_C19A4126-scr.jpg\" alt=\"\" width=\"378\" height=\"252\" \/>A <a href=\"https:\/\/semmelweis.hu\/varosmajor\/klinikankrol\/a-klinika-tortenete\/\">V\u00e1rosmajori Klinika<\/a> k\u00f6zel 120 \u00e9ves, kor\u00e1bban domin\u00e1l\u00f3an seb\u00e9szeti t\u00f6rt\u00e9net\u00e9ben\u00a0a kardiol\u00f3gia tansz\u00e9ki szint\u0171 oktat\u00e1sa viszonylag \u00faj fejezet, hiszen 2007-ben helyezte \u00e1t a Semmelweis Egyetem a Kardiol\u00f3giai Tansz\u00e9k m\u0171k\u00f6d\u00e9s\u00e9t Klinik\u00e1nkra. Ehhez a d\u00f6nt\u00e9shez az \u00faj tansz\u00e9kvezet\u0151 kinevez\u00e9s\u00e9n k\u00edv\u00fcl m\u00e9g k\u00e9t meghat\u00e1roz\u00f3 t\u00e9nyez\u0151 vezetett. Egyr\u00e9szt 2003-ban \u00e1tad\u00e1sra ker\u00fclt a Klinika Cardiovascularis Centruma (CVC), melyet a XX. sz\u00e1zadi modern magyar \u00e9p\u00edt\u00e9szet ikonikus alakja, dr. Finta J\u00f3zsef tervezett. M\u00e1sr\u00e9szt a heveny sz\u00edvinfarktusban szenved\u0151 betegek els\u0151dleges kat\u00e9teres intervenci\u00f3j\u00e1ra \u00e9p\u00fcl\u0151 korszakos szakmai szeml\u00e9letv\u00e1lt\u00e1s is szint\u00e9n ebben az id\u0151ben \u00e9rett rendszerszint\u0171v\u00e9 Budapesten \u00e9s a k\u00f6z\u00e9p-magyarorsz\u00e1gi r\u00e9gi\u00f3ban. A CVC-ben az akut, komplex kardiol\u00f3giai k\u00f3rk\u00e9pek diagn\u00f3zis\u00e1nak valamint intenz\u00edv- \u00e9s intervenci\u00f3s ell\u00e1t\u00e1s\u00e1nak felt\u00e9telei \u00edgy m\u00e1r nemcsak a munkat\u00e1rsak szem\u00e9ly\u00e9ben, hanem infrastruktur\u00e1lisan is adott\u00e1 v\u00e1ltak a nemzetk\u00f6zi norm\u00e1knak megfelel\u0151, kimagasl\u00f3 szinten. A v\u00e1ltoz\u00e1sok k\u00f6vetkezt\u00e9ben m\u00e1ra a teljes V\u00e1rosmajori Klinikai T\u00f6mb egys\u00e9ges int\u00e9zm\u00e9nny\u00e9 v\u00e1lt, <em>a betegell\u00e1t\u00e1s c\u00e9lj\u00e1b\u00f3l szervezett szakmai profilokkal <\/em>(Igazgat\u00f3: Merkely B\u00e9la egyetemi tan\u00e1r, Kardiol\u00f3gia Profil vezet\u0151 Becker D\u00e1vid egyetemi tan\u00e1r, Sz\u00edvseb\u00e9szet Profil vezet\u0151 Harty\u00e1nszky Istv\u00e1n egyetemi docens, \u00c9rseb\u00e9szet Profil vezet\u0151 Szeberin Zolt\u00e1n egyetemi tan\u00e1r, Noninvaz\u00edv Radiol\u00f3giai Profil vezet\u0151 Csobay-Nov\u00e1k Csaba egyetemi adjunktus, Intervenci\u00f3s Radiol\u00f3giai Profil vezet\u0151 Nemes Bal\u00e1zs egyetemi docens).<\/p>\n<p>A gradu\u00e1lis \u00e9s posztgradu\u00e1lis <em>oktat\u00e1s b\u00e1zis\u00e1t a \u00a0tansz\u00e9kek<\/em> k\u00e9pezik:<\/p>\n<table width=\"631\">\n<tbody>\n<tr>\n<td width=\"205\">\n<p>&nbsp;<\/p>\n<\/td>\n<td width=\"205\">\n<p><strong>Tansz\u00e9kvezet\u0151<\/strong><\/p>\n<\/td>\n<td width=\"222\">\n<p><strong>Oktat\u00e1si felel\u0151s<\/strong><\/p>\n<\/td>\n<\/tr>\n<tr>\n<td width=\"205\">\n<p>Kardiol\u00f3giai Tansz\u00e9k<\/p>\n<\/td>\n<td width=\"205\">\n<p>Dr. Merkely B\u00e9la egyetemi tan\u00e1r<\/p>\n<\/td>\n<td width=\"222\">\n<p>Dr. \u00c1brah\u00e1m P\u00e1l \u00e9s Dr Hizoh Istv\u00e1n (magyar)<\/p>\n<p>Dr. B\u00e1rczi Gy\u00f6rgy \u00e9s Dr. Papp Roland (angol)<\/p>\n<p>Dr. Osztheimer Istv\u00e1n \u00e9s Dr. Tanai Edit (n\u00e9met)<\/p>\n<p>&nbsp;<\/p>\n<p>EKG a Klinikumban t\u00e1rgy:<\/p>\n<p>Dr. Szegedi N\u00e1ndor (magyar) Dr. Nagy Klaudia Vivien (angol)<\/p>\n<p>Dr. \u00c9des Istv\u00e1n (n\u00e9met)<\/p>\n<\/td>\n<\/tr>\n<tr>\n<td width=\"205\">\n<p>Sz\u00edvseb\u00e9szeti Tansz\u00e9ki Csoport<\/p>\n<\/td>\n<td width=\"205\">\n<p>Dr. Harty\u00e1nszky Istv\u00e1n egyetemi docens<\/p>\n<\/td>\n<td width=\"222\">\n<p>Dr. P\u00f3los Mikl\u00f3s<\/p>\n<\/td>\n<\/tr>\n<tr>\n<td width=\"205\">\n<p>\u00c9rseb\u00e9szeti \u00e9s Endovaszkul\u00e1ris Tansz\u00e9k<\/p>\n<\/td>\n<td width=\"205\">\n<p>Dr. S\u00f3tonyi P\u00e9ter egyetemi tan\u00e1r<\/p>\n<\/td>\n<td width=\"222\">\n<p>Dr. Hidi L\u00e1szl\u00f3<\/p>\n<p>&nbsp;<\/p>\n<\/td>\n<\/tr>\n<tr>\n<td width=\"205\">\n<p>Angiol\u00f3giai Tansz\u00e9ki Csoport<\/p>\n<\/td>\n<td width=\"205\">\n<p>Dr. J\u00e1rai Zolt\u00e1n egyetemi tan\u00e1r<\/p>\n<\/td>\n<td width=\"222\">\n<p>Dr. J\u00e1rai Zolt\u00e1n<\/p>\n<\/td>\n<\/tr>\n<tr>\n<td width=\"205\">\n<p>Intervenci\u00f3s Radiol\u00f3giai Tansz\u00e9k<\/p>\n<\/td>\n<td width=\"205\">\n<p>Dr. Nemes Bal\u00e1zs egyetemi docens<\/p>\n<\/td>\n<td width=\"222\">\n<p>Dr. Nemes Bal\u00e1zs<\/p>\n<\/td>\n<\/tr>\n<tr>\n<td width=\"205\">\n<p>Sportorvostani Tansz\u00e9k<\/p>\n<\/td>\n<td width=\"205\">\n<p>Dr. V\u00e1g\u00f3 Hajnalka egyetemi tan\u00e1r<\/p>\n<\/td>\n<td width=\"222\">\n<p>Dr. Hirschberg Krist\u00f3f<\/p>\n<\/td>\n<\/tr>\n<tr>\n<td width=\"205\">\n<p>K\u00eds\u00e9rletes Kardiol\u00f3giai \u00e9s Seb\u00e9szeti M\u0171t\u00e9ttani Tansz\u00e9k<\/p>\n<\/td>\n<td width=\"205\">\n<p>Dr. Radovits Tam\u00e1s egyetemi tan\u00e1r<\/p>\n<\/td>\n<td width=\"222\">\n<p>Dr. Feh\u00e9r Daniella (magyar)<\/p>\n<p>Dr. Szab\u00f3 Gy\u00f6rgyi (angol)<\/p>\n<p>Dr. Toronyi \u00c9va (n\u00e9met)<\/p>\n<\/td>\n<\/tr>\n<tr>\n<td width=\"205\">\n<p>Rep\u00fcl\u0151- \u00e9s \u0170rorvostani Tansz\u00e9k<\/p>\n<\/td>\n<td width=\"205\">\n<p>Dr. Merkely B\u00e9la egyetemi tan\u00e1r<\/p>\n<\/td>\n<td width=\"222\">\n<p>Dr. Nagy Klaudia Vivien<\/p>\n<\/td>\n<\/tr>\n<\/tbody>\n<\/table>\n<p>&nbsp;<\/p>\n<p style=\"text-align: justify\">A V\u00e1rosmajori Sz\u00edv- \u00e9s \u00c9rgy\u00f3gy\u00e1szati Klinik\u00e1n \u00e9s oktat\u00e1si t\u00e1rsint\u00e9zm\u00e9nyeinkben dolgoz\u00f3 koll\u00e9g\u00e1ink (Szent R\u00f3kus Kardiol\u00f3giai Rehabilit\u00e1ci\u00f3, MH Kardiol\u00f3giai K\u00f6zpont, Szent Imre Oktat\u00f3k\u00f3rh\u00e1z, Gottsegen Gy\u00f6rgy Gyermekkardiol\u00f3giai Centrum) naprak\u00e9sz szakmai felk\u00e9sz\u00fclts\u00e9ge, az ell\u00e1t\u00e1si ig\u00e9nyek v\u00e1ltoz\u00e1s\u00e1t k\u00f6vet\u0151, folyamatosan fejl\u0151d\u0151 diagnosztikai \u00e9s ter\u00e1pi\u00e1s eszk\u00f6zt\u00e1r, a szoros egy\u00fcttm\u0171k\u00f6d\u00e9s a fenti t\u00e1rstansz\u00e9kek koll\u00e9g\u00e1ival, valamint az itt gy\u00f3gy\u00edtott, sokszor jelent\u0151s kih\u00edv\u00e1st jelent\u0151 k\u00f3rk\u00e9pekkel k\u00fczd\u0151 betegek nagy sz\u00e1ma egy\u00fcttesen ide\u00e1lis felt\u00e9teleket teremtenek Tansz\u00e9keinken a sz\u00edv- \u00e9s kering\u00e9si betegs\u00e9gek kimagasl\u00f3 szint\u0171 elm\u00e9leti \u00e9s gyakorlati oktat\u00e1s\u00e1ra mind gradu\u00e1lis mind posztgradu\u00e1lis szinten. Mindezeknek k\u00f6sz\u00f6nhet\u0151en a nemzetk\u00f6zi \u00e9rdekl\u0151d\u00e9s is jelent\u0151s oktat\u00e1si tev\u00e9kenys\u00e9g\u00fcnk ir\u00e1nt.<\/p>\n<p>Az aktu\u00e1lis oktat\u00e1ssal kapcsolatos dokumentumokat, inform\u00e1ci\u00f3kat a <a href=\"https:\/\/itc.semmelweis.hu\/moodle\/course\/view.php?id=150\">Moodle<\/a> rendszerben tal\u00e1lj\u00e1k.<\/p>\n<p>&nbsp;<\/p>\n","protected":false},"excerpt":{"rendered":"<p>A <a href=\"https:\/\/semmelweis.hu\/varosmajor\/klinikankrol\/a-klinika-tortenete\/\">V\u00e1rosmajori Klinika<\/a> k\u00f6zel 120 \u00e9ves, kor\u00e1bban domin\u00e1l\u00f3an seb\u00e9szeti t\u00f6rt\u00e9net\u00e9ben\u00a0a kardiol\u00f3gia tansz\u00e9ki szint\u0171 oktat\u00e1sa viszonylag \u00faj fejezet, hiszen 2007-ben helyezte \u00e1t a Semmelweis Egyetem a Kardiol\u00f3giai Tansz\u00e9k m\u0171k\u00f6d\u00e9s\u00e9t Klinik\u00e1nkra. Ehhez a d\u00f6nt\u00e9shez az \u00faj tansz\u00e9kvezet\u0151 kinevez\u00e9s\u00e9n k\u00edv\u00fcl m\u00e9g k\u00e9t meghat\u00e1roz\u00f3 t\u00e9nyez\u0151 vezetett. Egyr\u00e9szt 2003-ban \u00e1tad\u00e1sra ker\u00fclt a Klinika Cardiovascularis Centruma (CVC), melyet a XX. sz\u00e1zadi modern magyar &hellip;<\/p>\n","protected":false},"author":101844,"featured_media":0,"parent":21,"menu_order":0,"comment_status":"closed","ping_status":"closed","template":"","meta":{"_acf_changed":false,"footnotes":""},"categories":[],"tags":[],"class_list":["post-485","page","type-page","status-publish","hentry"],"acf":[],"_links":{"self":[{"href":"https:\/\/semmelweis.hu\/varosmajor\/wp-json\/wp\/v2\/pages\/485","targetHints":{"allow":["GET"]}}],"collection":[{"href":"https:\/\/semmelweis.hu\/varosmajor\/wp-json\/wp\/v2\/pages"}],"about":[{"href":"https:\/\/semmelweis.hu\/varosmajor\/wp-json\/wp\/v2\/types\/page"}],"author":[{"embeddable":true,"href":"https:\/\/semmelweis.hu\/varosmajor\/wp-json\/wp\/v2\/users\/101844"}],"replies":[{"embeddable":true,"href":"https:\/\/semmelweis.hu\/varosmajor\/wp-json\/wp\/v2\/comments?post=485"}],"version-history":[{"count":11,"href":"https:\/\/semmelweis.hu\/varosmajor\/wp-json\/wp\/v2\/pages\/485\/revisions"}],"predecessor-version":[{"id":5695,"href":"https:\/\/semmelweis.hu\/varosmajor\/wp-json\/wp\/v2\/pages\/485\/revisions\/5695"}],"up":[{"embeddable":true,"href":"https:\/\/semmelweis.hu\/varosmajor\/wp-json\/wp\/v2\/pages\/21"}],"wp:attachment":[{"href":"https:\/\/semmelweis.hu\/varosmajor\/wp-json\/wp\/v2\/media?parent=485"}],"wp:term":[{"taxonomy":"category","embeddable":true,"href":"https:\/\/semmelweis.hu\/varosmajor\/wp-json\/wp\/v2\/categories?post=485"},{"taxonomy":"post_tag","embeddable":true,"href":"https:\/\/semmelweis.hu\/varosmajor\/wp-json\/wp\/v2\/tags?post=485"}],"curies":[{"name":"wp","href":"https:\/\/api.w.org\/{rel}","templated":true}]}}