{"id":463,"date":"2020-11-26T13:45:14","date_gmt":"2020-11-26T12:45:14","guid":{"rendered":"https:\/\/semmelweis.hu\/varosmajor\/?page_id=463"},"modified":"2026-04-15T14:09:51","modified_gmt":"2026-04-15T12:09:51","slug":"intervencios-tanszek","status":"publish","type":"page","link":"https:\/\/semmelweis.hu\/varosmajor\/oktatas\/intervencios-tanszek\/","title":{"rendered":"Intervenci\u00f3s Radiol\u00f3gia Tansz\u00e9k"},"content":{"rendered":"<p style=\"text-align: justify\">Tansz\u00e9k\u00fcnk\u00f6n \u00f6n\u00e1ll\u00f3 t\u00e1rgyat nem oktatunk. A klinik\u00e1n jelenl\u00e9v\u0151 t\u00e1rsszakm\u00e1k, \u00edgy a kardiol\u00f3gia, \u00e9rseb\u00e9szet, sz\u00edvseb\u00e9szet elm\u00e9leti \u00e9s gyakorlati oktat\u00e1s\u00e1ba kapcsol\u00f3dunk be hat\u00e1rter\u00fcletk\u00e9nt. K\u00e9palkot\u00f3 t\u00e9m\u00e1j\u00fa hat\u00e1rter\u00fcleti oktat\u00e1st v\u00e9gz\u00fcnk az al\u00e1bbi t\u00e1rgyak keret\u00e9ben:<\/p>\n<ol style=\"text-align: justify\">\n<li>\u00e9vfolyam: kardiol\u00f3gia-angiol\u00f3gia<\/li>\n<li>\u00e9vfolyam: sportorvostan<\/li>\n<li>\u00e9vfolyam: \u00e9rseb\u00e9szet<\/li>\n<\/ol>\n<p style=\"text-align: justify\">2019 szeptember\u00e9ben megalakult a Semmelweis Egyetem Intervenci\u00f3s Radiol\u00f3giai Tansz\u00e9ke, mely az Egyetem intervenci\u00f3s radiol\u00f3gusainak oktat\u00e1si \u00e9s kutat\u00f3munk\u00e1j\u00e1t vezet\u0151 szervezeti egys\u00e9ge.<\/p>\n<p style=\"text-align: justify\">Tansz\u00e9kvezet\u0151: Dr. D\u00f3sa Edit egyetemi docens<\/p>\n<p style=\"text-align: justify\">Tagjai:<\/p>\n<ul style=\"text-align: justify\">\n<li>Dr. Csobay-Nov\u00e1k Csaba<\/li>\n<li>Dr. De\u00e1k P\u00e1l \u00c1kos<\/li>\n<li>Dr. Doros Attila<\/li>\n<li>Dr. Horv\u00e1thy D\u00e9nes<\/li>\n<li>Dr. Jermendy \u00c1d\u00e1m<\/li>\n<li>Dr. Nemes Bal\u00e1zs<\/li>\n<\/ul>\n<p style=\"text-align: justify\">Oktat\u00e1si seg\u00e9danyagok:<\/p>\n<p style=\"text-align: justify\"><a href=\"https:\/\/semmelweis.hu\/varosmajor\/files\/2020\/12\/Cardiology_angiology_CMRpractice.pdf\">Cardiology_angiology_CMRpractice<\/a><\/p>\n<p style=\"text-align: justify\"><a href=\"https:\/\/semmelweis.hu\/varosmajor\/files\/2020\/12\/Cardiovascularis_CT_oktatas_2021_EN.pptx.pdf\">Cardiovascularis_CT_oktatas_2021_EN.pptx<\/a><\/p>\n<p style=\"text-align: justify\"><a href=\"https:\/\/semmelweis.hu\/varosmajor\/files\/2020\/12\/Cardiovascularis_CT_oktatas_2021_HU.pptx.pdf\">Cardiovascularis_CT_oktatas_2021_HU.pptx<\/a><\/p>\n<p style=\"text-align: justify\"><a href=\"https:\/\/semmelweis.hu\/varosmajor\/files\/2020\/12\/kardio-_angio_gyakorlat-magyar_sz\u00edv.pdf\">kardio _angio_gyakorlat magyar_sz\u00edv<\/a><\/p>\n<p style=\"text-align: justify\"><a href=\"https:\/\/semmelweis.hu\/varosmajor\/files\/2020\/12\/Vascular-MRA-indik\u00e1ci\u00f3.pdf\">Vascular MRA indik\u00e1ci\u00f3<\/a><\/p>\n<p style=\"text-align: justify\">\u00a0<\/p>\n","protected":false},"excerpt":{"rendered":"<p>Tansz\u00e9k\u00fcnk\u00f6n \u00f6n\u00e1ll\u00f3 t\u00e1rgyat nem oktatunk. A klinik\u00e1n jelenl\u00e9v\u0151 t\u00e1rsszakm\u00e1k, \u00edgy a kardiol\u00f3gia, \u00e9rseb\u00e9szet, sz\u00edvseb\u00e9szet elm\u00e9leti \u00e9s gyakorlati oktat\u00e1s\u00e1ba kapcsol\u00f3dunk be hat\u00e1rter\u00fcletk\u00e9nt. K\u00e9palkot\u00f3 t\u00e9m\u00e1j\u00fa hat\u00e1rter\u00fcleti oktat\u00e1st v\u00e9gz\u00fcnk az al\u00e1bbi t\u00e1rgyak keret\u00e9ben: \u00e9vfolyam: kardiol\u00f3gia-angiol\u00f3gia \u00e9vfolyam: sportorvostan \u00e9vfolyam: \u00e9rseb\u00e9szet 2019 szeptember\u00e9ben megalakult a Semmelweis Egyetem Intervenci\u00f3s Radiol\u00f3giai Tansz\u00e9ke, mely az Egyetem intervenci\u00f3s radiol\u00f3gusainak oktat\u00e1si \u00e9s kutat\u00f3munk\u00e1j\u00e1t vezet\u0151 szervezeti &hellip;<\/p>\n","protected":false},"author":101737,"featured_media":0,"parent":21,"menu_order":4,"comment_status":"closed","ping_status":"closed","template":"","meta":{"_acf_changed":false,"footnotes":""},"categories":[],"tags":[],"class_list":["post-463","page","type-page","status-publish","hentry"],"acf":[],"_links":{"self":[{"href":"https:\/\/semmelweis.hu\/varosmajor\/wp-json\/wp\/v2\/pages\/463","targetHints":{"allow":["GET"]}}],"collection":[{"href":"https:\/\/semmelweis.hu\/varosmajor\/wp-json\/wp\/v2\/pages"}],"about":[{"href":"https:\/\/semmelweis.hu\/varosmajor\/wp-json\/wp\/v2\/types\/page"}],"author":[{"embeddable":true,"href":"https:\/\/semmelweis.hu\/varosmajor\/wp-json\/wp\/v2\/users\/101737"}],"replies":[{"embeddable":true,"href":"https:\/\/semmelweis.hu\/varosmajor\/wp-json\/wp\/v2\/comments?post=463"}],"version-history":[{"count":10,"href":"https:\/\/semmelweis.hu\/varosmajor\/wp-json\/wp\/v2\/pages\/463\/revisions"}],"predecessor-version":[{"id":15807,"href":"https:\/\/semmelweis.hu\/varosmajor\/wp-json\/wp\/v2\/pages\/463\/revisions\/15807"}],"up":[{"embeddable":true,"href":"https:\/\/semmelweis.hu\/varosmajor\/wp-json\/wp\/v2\/pages\/21"}],"wp:attachment":[{"href":"https:\/\/semmelweis.hu\/varosmajor\/wp-json\/wp\/v2\/media?parent=463"}],"wp:term":[{"taxonomy":"category","embeddable":true,"href":"https:\/\/semmelweis.hu\/varosmajor\/wp-json\/wp\/v2\/categories?post=463"},{"taxonomy":"post_tag","embeddable":true,"href":"https:\/\/semmelweis.hu\/varosmajor\/wp-json\/wp\/v2\/tags?post=463"}],"curies":[{"name":"wp","href":"https:\/\/api.w.org\/{rel}","templated":true}]}}