{"id":457,"date":"2020-11-26T12:35:24","date_gmt":"2020-11-26T11:35:24","guid":{"rendered":"https:\/\/semmelweis.hu\/varosmajor\/?page_id=457"},"modified":"2024-11-29T11:51:48","modified_gmt":"2024-11-29T10:51:48","slug":"vizsgalat-kerese","status":"publish","type":"page","link":"https:\/\/semmelweis.hu\/varosmajor\/gyogyitas\/radiologia\/vizsgalat-kerese\/","title":{"rendered":"Vizsg\u00e1lat k\u00e9r\u00e9se"},"content":{"rendered":"<p>Az al\u00e1bbi nyomtatv\u00e1ny kit\u00f6lt\u00e9s\u00e9vel jelentkezhet NEAK \u00e1ltal finansz\u00edrozott \u00e9s t\u00e9r\u00edt\u00e9ses Sz\u00edv-CT vizsg\u00e1latra is. A NEAK \u00e1ltal finansz\u00edrozott vizsg\u00e1latokn\u00e1l a beutal\u00f3 k\u00f6telez\u0151, a t\u00e9r\u00edt\u00e9ses vizsg\u00e1latokn\u00e1l javasolt.<\/p>\n<p><a class=\"button\" href=\"https:\/\/semmelweis.hu\/varosmajor\/files\/2021\/06\/Sz\u00edv-CT-vizsg\u00e1latk\u00e9r\u0151-lap.pdf\" target=\"_blank\" rel=\"noopener noreferrer\">RADIOL\u00d3GIA VIZSG\u00c1LATK\u00c9R\u0150 LAP<\/a><\/p>\n<p>T\u00e9r\u00edt\u00e9ses vizsg\u00e1latainkr\u00f3l a <a href=\"https:\/\/semmelweispremium.hu\/\">www.semmelweispremium.hu<\/a> oldalon tal\u00e1l b\u0151vebb inform\u00e1ci\u00f3t, id\u0151pontot 8-16 \u00f3ra k\u00f6z\u00f6tt a <span style=\"font-size: 1rem\">06 1\/458 68 78-as telefonsz\u00e1mon k\u00e9rhet.<\/span><\/p>\n","protected":false},"excerpt":{"rendered":"<p>Az al\u00e1bbi nyomtatv\u00e1ny kit\u00f6lt\u00e9s\u00e9vel jelentkezhet NEAK \u00e1ltal finansz\u00edrozott \u00e9s t\u00e9r\u00edt\u00e9ses Sz\u00edv-CT vizsg\u00e1latra is. A NEAK \u00e1ltal finansz\u00edrozott vizsg\u00e1latokn\u00e1l a beutal\u00f3 k\u00f6telez\u0151, a t\u00e9r\u00edt\u00e9ses vizsg\u00e1latokn\u00e1l javasolt.<br \/>\n<a class=\"button\" href=\"https:\/\/semmelweis.hu\/varosmajor\/files\/2021\/06\/Sz\u00edv-CT-vizsg\u00e1latk\u00e9r\u0151-lap.pdf\" target=\"_blank\" rel=\"noopener noreferrer\">RADIOL\u00d3GIA VIZSG\u00c1LATK\u00c9R\u0150 LAP<\/a><br \/>\nT\u00e9r\u00edt\u00e9ses vizsg\u00e1latainkr\u00f3l a <a href=\"https:\/\/semmelweispremium.hu\/\">www.semmelweispremium.hu<\/a> oldalon tal\u00e1l b\u0151vebb inform\u00e1ci\u00f3t, id\u0151pontot 8-16 \u00f3ra k\u00f6z\u00f6tt a 06 1\/458 68 78-as telefonsz\u00e1mon k\u00e9rhet.<\/p>\n","protected":false},"author":101737,"featured_media":0,"parent":425,"menu_order":8,"comment_status":"closed","ping_status":"closed","template":"","meta":{"_acf_changed":false,"footnotes":""},"categories":[],"tags":[],"class_list":["post-457","page","type-page","status-publish","hentry"],"acf":[],"_links":{"self":[{"href":"https:\/\/semmelweis.hu\/varosmajor\/wp-json\/wp\/v2\/pages\/457","targetHints":{"allow":["GET"]}}],"collection":[{"href":"https:\/\/semmelweis.hu\/varosmajor\/wp-json\/wp\/v2\/pages"}],"about":[{"href":"https:\/\/semmelweis.hu\/varosmajor\/wp-json\/wp\/v2\/types\/page"}],"author":[{"embeddable":true,"href":"https:\/\/semmelweis.hu\/varosmajor\/wp-json\/wp\/v2\/users\/101737"}],"replies":[{"embeddable":true,"href":"https:\/\/semmelweis.hu\/varosmajor\/wp-json\/wp\/v2\/comments?post=457"}],"version-history":[{"count":10,"href":"https:\/\/semmelweis.hu\/varosmajor\/wp-json\/wp\/v2\/pages\/457\/revisions"}],"predecessor-version":[{"id":7192,"href":"https:\/\/semmelweis.hu\/varosmajor\/wp-json\/wp\/v2\/pages\/457\/revisions\/7192"}],"up":[{"embeddable":true,"href":"https:\/\/semmelweis.hu\/varosmajor\/wp-json\/wp\/v2\/pages\/425"}],"wp:attachment":[{"href":"https:\/\/semmelweis.hu\/varosmajor\/wp-json\/wp\/v2\/media?parent=457"}],"wp:term":[{"taxonomy":"category","embeddable":true,"href":"https:\/\/semmelweis.hu\/varosmajor\/wp-json\/wp\/v2\/categories?post=457"},{"taxonomy":"post_tag","embeddable":true,"href":"https:\/\/semmelweis.hu\/varosmajor\/wp-json\/wp\/v2\/tags?post=457"}],"curies":[{"name":"wp","href":"https:\/\/api.w.org\/{rel}","templated":true}]}}