{"id":447,"date":"2020-11-26T11:55:20","date_gmt":"2020-11-26T10:55:20","guid":{"rendered":"https:\/\/semmelweis.hu\/varosmajor\/?page_id=447"},"modified":"2024-09-10T09:45:42","modified_gmt":"2024-09-10T07:45:42","slug":"ultrahang-labor","status":"publish","type":"page","link":"https:\/\/semmelweis.hu\/varosmajor\/gyogyitas\/radiologia\/ultrahang-labor\/","title":{"rendered":"Ultrahang-labor"},"content":{"rendered":"<h1 style=\"text-align: center\"><strong>Ultrahang-labor<\/strong><\/h1>\n<p style=\"text-align: justify\"><strong>Laborvezet\u0151: Dr. D\u00f3sa Edit egyetemi docens<\/strong><\/p>\n<p style=\"text-align: justify\"><strong>El\u0151jegyz\u00e9si telefonsz\u00e1m: 06-1-458-6800<\/strong><\/p>\n<p style=\"text-align: justify\"><strong>\u00a0<\/strong><\/p>\n<p style=\"text-align: justify\">Int\u00e9zet\u00fcnk ultrahang-laborat\u00f3riuma f\u0151k\u00e9nt az erek ultrahangvizsg\u00e1lat\u00e1ra szakosodott. Egy\u00e9b szervek vizsg\u00e1latait csak fekv\u0151betegek sz\u00e1m\u00e1ra v\u00e9gz\u00fcnk, a kezel\u0151orvos ezir\u00e1ny\u00fa k\u00e9r\u00e9s\u00e9re.<\/p>\n<p style=\"text-align: justify\"><strong>\u00a0<\/strong><\/p>\n<p style=\"text-align: justify\"><strong>Mi az \u00e9rrendszeri ultrahangvizsg\u00e1lat?<\/strong><\/p>\n<p style=\"text-align: justify\">A ver\u0151erek \u00e9s visszerek betegs\u00e9geinek sz\u00e9les k\u00f6rben alkalmazott vizsg\u00e1l\u00f3m\u00f3dszere az \u00fagynevezett vaszkul\u00e1ris ultrahangvizsg\u00e1lat. A m\u00f3dszer l\u00e9nyege, hogy magas frekvenci\u00e1j\u00fa mechanikus rezg\u00e9sekkel (ultrahanggal) letapogatjuk a vizsg\u00e1lni k\u00edv\u00e1nt testr\u00e9szt vagy szervet, majd azt a visszaver\u0151d\u0151 hanghull\u00e1mok seg\u00edts\u00e9g\u00e9vel val\u00f3s id\u0151ben, szeletenk\u00e9nt lek\u00e9pezz\u00fck. Ez a leggyakrabban haszn\u00e1lt, \u00fagynevezett B-m\u00f3d\u00fa (brightness) k\u00e9palkot\u00e1s. (<em>1. \u00e1bra<\/em>)<\/p>\n<p style=\"text-align: justify\"><a href=\"https:\/\/semmelweis.hu\/varosmajor\/files\/2020\/12\/uh-labor-1.png\"><img loading=\"lazy\" decoding=\"async\" class=\"size-full wp-image-1605 alignnone\" src=\"https:\/\/semmelweis.hu\/varosmajor\/files\/2020\/12\/uh-labor-1.png\" alt=\"\" width=\"300\" height=\"175\" \/><\/a><\/p>\n<ol style=\"text-align: justify\">\n<li><em> \u00e1bra: B-k\u00e9p <\/em><\/li>\n<\/ol>\n<p style=\"text-align: justify\">Speci\u00e1lis ultrahang-nyal\u00e1bokkal, a Doppler-jelens\u00e9get kihaszn\u00e1lva lehet\u0151s\u00e9g van a mozg\u00f3 k\u00e9pletek, p\u00e9ld\u00e1ul a v\u00f6r\u00f6sv\u00e9rtestek sebess\u00e9g\u00e9nek a meg\u00e1llap\u00edt\u00e1s\u00e1ra is. Ez a fizikai alapja a vaszkul\u00e1ris k\u00e9palkot\u00e1snak, mert lehet\u0151v\u00e9 teszi az \u00e1raml\u00e1si akad\u00e1lyok pontos megjelen\u00edt\u00e9s\u00e9t \u00e9s az \u00e9rsz\u0171k\u00fclet s\u00falyoss\u00e1g\u00e1nak m\u00e9r\u00e9s\u00e9t. (<em>2. \u00e1bra<\/em>) A m\u00f3dszer alkalmas t\u00f6bbek k\u00f6z\u00f6tt a sz\u00e9l\u00fct\u00e9shez, stroke-hoz vezet\u0151 nyaki ver\u0151\u00e9rsz\u0171k\u00fcletek, a k\u00f3ros hasi \u00e9rt\u00e1gulatok, valamint a m\u00e9lyv\u00e9n\u00e1s v\u00e9rr\u00f6gk\u00e9pz\u0151d\u00e9s (tromb\u00f3zis) kimutat\u00e1s\u00e1ra, ez\u00e1ltal pedig a s\u00falyos sz\u00f6v\u0151dm\u00e9nyek elker\u00fcl\u00e9s\u00e9re.<\/p>\n<p style=\"text-align: justify\"><a href=\"https:\/\/semmelweis.hu\/varosmajor\/files\/2020\/12\/uh-labor-2.png\"><img loading=\"lazy\" decoding=\"async\" class=\"size-full wp-image-1607 alignnone\" src=\"https:\/\/semmelweis.hu\/varosmajor\/files\/2020\/12\/uh-labor-2.png\" alt=\"\" width=\"271\" height=\"300\" \/><\/a><\/p>\n<ol style=\"text-align: justify\" start=\"2\">\n<li><em> \u00e1bra: Doppler-m\u00f3d<\/em><\/li>\n<\/ol>\n<p style=\"text-align: justify\"><strong>\u00a0<\/strong><strong>J\u00e1r-e kellemetlens\u00e9ggel az ultrahangvizsg\u00e1lat?<\/strong><\/p>\n<p style=\"text-align: justify\">A rutin ultrahangvizsg\u00e1lat f\u00e1jdalommal nem j\u00e1r. A megfelel\u0151 diagnosztikai pontoss\u00e1g el\u00e9r\u00e9s\u00e9hez sz\u00fcks\u00e9g van a p\u00e1ciens egy\u00fcttm\u0171k\u00f6d\u00e9s\u00e9re, t\u00f6bbek k\u00f6z\u00f6tt a vizsg\u00e1lt ter\u00fclet mozdulatlanul tart\u00e1s\u00e1val, valamint sz\u00fcks\u00e9g eset\u00e9n a leveg\u0151 r\u00f6vid idej\u0171 visszatart\u00e1s\u00e1val.<\/p>\n<p style=\"text-align: justify\"><strong>Milyen vizsg\u00e1latokat v\u00e9geznek a klinik\u00e1n?<\/strong><\/p>\n<p style=\"text-align: justify\">Int\u00e9zet\u00fcnkben az ultrahangvizsg\u00e1latok d\u00f6nt\u0151 r\u00e9sz\u00e9t a nyaki, als\u00f3 v\u00e9gtagi \u00e9s hasi erek vizsg\u00e1lata teszi ki. Gyakoriak a m\u0171t\u00e9ti vagy intervenci\u00f3s beavatkoz\u00e1sok ut\u00e1ni kontrollvizsg\u00e1latok is. Int\u00e9zet\u00fcnkben nem \u00e9rrendszeri vizsg\u00e1latokat (pl. idegi, \u00edz\u00fcleti, pajzsmirigy) rutinszer\u0171en nem v\u00e9gz\u00fcnk. Az \u00e9rultrahangos ellen\u0151rz\u00e9sre el\u0151jegyz\u00e9s d\u00f6nt\u0151en angiol\u00f3gus vagy \u00e9rseb\u00e9sz orvosok javaslata alapj\u00e1n t\u00f6rt\u00e9nik. A vizsg\u00e1latokat szonogr\u00e1fusok \u00e9s radiol\u00f3gusok v\u00e9gzik.<\/p>\n<p style=\"text-align: justify\">Az ambulanci\u00e1kon jelenleg <em>Philips Epiq 5 <\/em>\u00e9s <em>Philips HD15 <\/em>ultrahang-k\u00e9sz\u00fcl\u00e9kekkel dolgozunk.\u00a0<\/p>\n<p style=\"text-align: justify\"><a href=\"https:\/\/semmelweis.hu\/varosmajor\/files\/2020\/12\/uh-labor-3.png\"><img loading=\"lazy\" decoding=\"async\" class=\"alignleft size-full wp-image-1608\" src=\"https:\/\/semmelweis.hu\/varosmajor\/files\/2020\/12\/uh-labor-3.png\" alt=\"\" width=\"128\" height=\"300\" \/><\/a><a href=\"https:\/\/semmelweis.hu\/varosmajor\/files\/2020\/12\/uh-labor-3_2.png\"><img loading=\"lazy\" decoding=\"async\" class=\"size-full wp-image-1609 alignnone\" src=\"https:\/\/semmelweis.hu\/varosmajor\/files\/2020\/12\/uh-labor-3_2.png\" alt=\"\" width=\"159\" height=\"300\" \/><\/a><\/p>\n<p style=\"text-align: justify\"><strong>Mikor van a rendel\u00e9si id\u0151?<\/strong><\/p>\n<ol style=\"text-align: justify\">\n<li><u>V\u00e1rosmajor u. 68. alagsori ambulancia: <\/u><\/li>\n<\/ol>\n<p style=\"text-align: justify\">H\u00e9tf\u0151t\u0151l cs\u00fct\u00f6rt\u00f6kig: 8-16 \u00f3ra<\/p>\n<p style=\"text-align: justify\">P\u00e9ntek: 8-14 \u00f3ra<\/p>\n<ol style=\"text-align: justify\" start=\"2\">\n<li><u>Hat\u00e1r\u0151r \u00fat 18. f\u00f6ldszinti ambulancia:<\/u><\/li>\n<\/ol>\n<p style=\"text-align: justify\">Kedd: 12-18 \u00f3ra<\/p>\n<ol style=\"text-align: justify\" start=\"3\">\n<li><u>Kontrasztanyagos ultrahangvizsg\u00e1latok<\/u> (A V\u00e1rosmajor utcai ambulanci\u00e1n):<\/li>\n<\/ol>\n<p style=\"text-align: justify\">P\u00e9ntek: 14-16 \u00f3ra<\/p>\n<p style=\"text-align: justify\"><strong>Hol lehet id\u0151pontot egyeztetni?<\/strong><\/p>\n<p style=\"text-align: justify\">Koll\u00e9g\u00e1ink v\u00e1rj\u00e1k a h\u00edv\u00e1s\u00e1t h\u00e9tk\u00f6znapokon 8 \u00e9s 16 \u00f3ra k\u00f6z\u00f6tt az al\u00e1bbi telefonsz\u00e1mon:<\/p>\n<p style=\"text-align: justify\">+36-20-825-6800<\/p>\n<p style=\"text-align: justify\">\u00a0<\/p>\n<p style=\"text-align: justify\"><strong>\u00a0Hogyan k\u00e9sz\u00fcljek fel a vizsg\u00e1latra? <\/strong><strong>FONTOS!<\/strong><\/p>\n<p style=\"text-align: justify\">Vizsg\u00e1lat-t\u00edpust\u00f3l f\u00fcgg\u0151en az al\u00e1bbi szempontok a m\u00e9rvad\u00f3k:<\/p>\n<p style=\"text-align: justify\"><u>Nyaki erek ultrahangvizsg\u00e1lata:<\/u> K\u00e9rj\u00fck, hogy lehet\u0151s\u00e9g szerint b\u0151 nyak\u00fa vagy kigombolhat\u00f3 p\u00f3l\u00f3ban, vagy ingben \u00e9rkezzen a vizsg\u00e1latra! K\u00e9rj\u00fck, hogy a nyakl\u00e1nc\u00e1t vegye le a vizsg\u00e1lat el\u0151tt!<\/p>\n<p style=\"text-align: justify\"><u>Als\u00f3 v\u00e9gtagi ultrahangvizsg\u00e1lat:<\/u> A vizsg\u00e1lathoz szabadd\u00e1 kell tenni mind a k\u00e9t l\u00e1bat, ez\u00e9rt c\u00e9lszer\u0171 olyan ruh\u00e1ban \u00e9rkezni, amelyben ez k\u00f6nnyen \u00e9s k\u00e9nyelmesen kivitelezhet\u0151. F\u00e9rfiaknak r\u00f6vid als\u00f3nadr\u00e1g visel\u00e9se aj\u00e1nlott.<\/p>\n<p style=\"text-align: justify\"><u>Fels\u0151 v\u00e9gtagi ultrahangvizsg\u00e1lat:<\/u> A vizsg\u00e1lathoz szabadd\u00e1 kell tenni a panaszos kart, ez\u00e9rt c\u00e9lszer\u0171 olyan ruh\u00e1ban \u00e9rkezni, amelyben ez k\u00f6nnyen \u00e9s k\u00e9nyelmesen kivitelezhet\u0151. Mivel ezt a t\u00edpus\u00fa vizsg\u00e1latot gyakran eg\u00e9sz\u00edtik ki a nyaki erek vizsg\u00e1lat\u00e1val, ez\u00e9rt annak a szempontjait is aj\u00e1nlott figyelembe venni.<\/p>\n<p style=\"text-align: justify\"><u>Has, hasi erek ultrahangvizsg\u00e1lata:<\/u> K\u00e9rj\u00fck, hogy a vizsg\u00e1lat tervezett id\u0151pontja el\u0151tt legal\u00e1bb 6 \u00f3r\u00e1val m\u00e1r ne egyen semmit! A vizsg\u00e1lat el\u0151tt csak tiszta vizet fogyasszon! Tart\u00f3zkodjon a cukros vagy sz\u00e9nsavas italok, valamint a k\u00e1v\u00e9 fogyaszt\u00e1s\u00e1t\u00f3l! A vizsg\u00e1lat sor\u00e1n el\u0151ny, ha a h\u00fagyh\u00f3lyagban van valamennyi vizelet (akusztikus \u201eablakk\u00e9nt\u201d szolg\u00e1l a kismedencei szervek vizsg\u00e1lat\u00e1hoz).<\/p>\n<p style=\"text-align: justify\"><u>Kontrasztanyagos ultrahangvizsg\u00e1lat:<\/u> A hasi erek ellen\u0151rz\u00e9s\u00e9hez hasonl\u00f3an erre a vizsg\u00e1latra is \u00e9hgyomorra kell \u00e9rkezni. Az alkalmazott kontrasztanyagr\u00f3l \u00e9s a vizsg\u00e1lat menet\u00e9r\u0151l az al\u00e1bbi linken let\u00f6lthet\u0151 betegt\u00e1j\u00e9koztat\u00f3ban olvashat r\u00e9szletesen: (<strong>LINK<\/strong>)<\/p>\n<p style=\"text-align: justify\">\u00a0<\/p>\n<p style=\"text-align: justify\"><strong>K\u00e9rj\u00fck, hogy minden esetben hozza mag\u00e1val a legutols\u00f3 ultrahangvizsg\u00e1latr\u00f3l sz\u00f3l\u00f3 le\u00edr\u00e1sokat, valamint a kor\u00e1bbi m\u0171t\u00e9ti vagy intervenci\u00f3s beavatkoz\u00e1sok ut\u00e1n kapott z\u00e1r\u00f3jelent\u00e9seket!<\/strong><\/p>\n","protected":false},"excerpt":{"rendered":"<p>Ultrahang-labor Laborvezet\u0151: Dr. D\u00f3sa Edit egyetemi docens El\u0151jegyz\u00e9si telefonsz\u00e1m: 06-1-458-6800 \u00a0 Int\u00e9zet\u00fcnk ultrahang-laborat\u00f3riuma f\u0151k\u00e9nt az erek ultrahangvizsg\u00e1lat\u00e1ra szakosodott. Egy\u00e9b szervek vizsg\u00e1latait csak fekv\u0151betegek sz\u00e1m\u00e1ra v\u00e9gz\u00fcnk, a kezel\u0151orvos ezir\u00e1ny\u00fa k\u00e9r\u00e9s\u00e9re. \u00a0 Mi az \u00e9rrendszeri ultrahangvizsg\u00e1lat? A ver\u0151erek \u00e9s visszerek betegs\u00e9geinek sz\u00e9les k\u00f6rben alkalmazott vizsg\u00e1l\u00f3m\u00f3dszere az \u00fagynevezett vaszkul\u00e1ris ultrahangvizsg\u00e1lat. A m\u00f3dszer l\u00e9nyege, hogy magas frekvenci\u00e1j\u00fa mechanikus rezg\u00e9sekkel &hellip;<\/p>\n","protected":false},"author":101737,"featured_media":0,"parent":425,"menu_order":6,"comment_status":"closed","ping_status":"closed","template":"","meta":{"_acf_changed":false,"footnotes":""},"categories":[],"tags":[],"class_list":["post-447","page","type-page","status-publish","hentry"],"acf":[],"_links":{"self":[{"href":"https:\/\/semmelweis.hu\/varosmajor\/wp-json\/wp\/v2\/pages\/447","targetHints":{"allow":["GET"]}}],"collection":[{"href":"https:\/\/semmelweis.hu\/varosmajor\/wp-json\/wp\/v2\/pages"}],"about":[{"href":"https:\/\/semmelweis.hu\/varosmajor\/wp-json\/wp\/v2\/types\/page"}],"author":[{"embeddable":true,"href":"https:\/\/semmelweis.hu\/varosmajor\/wp-json\/wp\/v2\/users\/101737"}],"replies":[{"embeddable":true,"href":"https:\/\/semmelweis.hu\/varosmajor\/wp-json\/wp\/v2\/comments?post=447"}],"version-history":[{"count":4,"href":"https:\/\/semmelweis.hu\/varosmajor\/wp-json\/wp\/v2\/pages\/447\/revisions"}],"predecessor-version":[{"id":5803,"href":"https:\/\/semmelweis.hu\/varosmajor\/wp-json\/wp\/v2\/pages\/447\/revisions\/5803"}],"up":[{"embeddable":true,"href":"https:\/\/semmelweis.hu\/varosmajor\/wp-json\/wp\/v2\/pages\/425"}],"wp:attachment":[{"href":"https:\/\/semmelweis.hu\/varosmajor\/wp-json\/wp\/v2\/media?parent=447"}],"wp:term":[{"taxonomy":"category","embeddable":true,"href":"https:\/\/semmelweis.hu\/varosmajor\/wp-json\/wp\/v2\/categories?post=447"},{"taxonomy":"post_tag","embeddable":true,"href":"https:\/\/semmelweis.hu\/varosmajor\/wp-json\/wp\/v2\/tags?post=447"}],"curies":[{"name":"wp","href":"https:\/\/api.w.org\/{rel}","templated":true}]}}