{"id":4461,"date":"2024-05-24T11:12:22","date_gmt":"2024-05-24T09:12:22","guid":{"rendered":"https:\/\/semmelweis.hu\/varosmajor\/?page_id=4461"},"modified":"2025-06-27T09:24:45","modified_gmt":"2025-06-27T07:24:45","slug":"parkolas","status":"publish","type":"page","link":"https:\/\/semmelweis.hu\/varosmajor\/beteginformacio\/parkolas\/","title":{"rendered":"Parkol\u00e1s"},"content":{"rendered":"<h2 style=\"text-align: center\">T\u00c1J\u00c9KOZTAT\u00c1S PARKOL\u00c1SR\u00d3L<\/h2>\n<p><img loading=\"lazy\" decoding=\"async\" class=\"aligncenter\" src=\"https:\/\/semmelweis.hu\/varosmajor\/files\/2024\/05\/parking.jpg\" alt=\"\" width=\"179\" height=\"180\" \/><\/p>\n<p style=\"text-align: justify\">Felh\u00edvjuk tisztelt betegeink \u00e9s hozz\u00e1tartoz\u00f3ik figyelm\u00e9t, hogy a V\u00e1rosmajori Klinikai T\u00f6mb\u00f6t hat\u00e1rol\u00f3 utc\u00e1kban<\/p>\n<p style=\"text-align: justify\"><strong><span style=\"color: #ff0000\">A PARKOL\u00c1S D\u00cdJK\u00d6TELES<\/span><\/strong><\/p>\n<p style=\"text-align: justify\">Amennyiben a vizsg\u00e1latra illetve betegell\u00e1t\u00e1sra \u00e9rkez\u0151 beteg g\u00e9pkocsija (illetve az \u0151t sz\u00e1ll\u00edt\u00f3 g\u00e9pkocsi) a k\u00f6rny\u00e9ken fizet\u0151 parkol\u00f3ban v\u00e1rakozik, \u00e9s lej\u00e1rt parkol\u00f3jegy miatt p\u00f3td\u00edjfizet\u00e9si felsz\u00f3l\u00edt\u00e1st kap, az \u00d6nkorm\u00e1nyzat 37\/2024.(XI.21) rendelete alapj\u00e1n 2025.01.01-t\u0151l semmilyen ilyen jelleg\u0171 panasz eset\u00e9n nincsen lehet\u0151s\u00e9g a p\u00f3td\u00edj elenged\u00e9s\u00e9re.<\/p>\n<p style=\"text-align: justify\">\u00a0<\/p>\n<p style=\"text-align: justify\"><strong><span style=\"color: #ff0000\">E RENDELET A P\u00d3TD\u00cdJ M\u00c9G EGYEDI M\u00c9LT\u00c1NYOSS\u00c1GI OKB\u00d3L T\u00d6RT\u00c9N\u0150 ELT\u00d6RL\u00c9S\u00c9RE SEM AD LEHET\u0150-S\u00c9GET, A P\u00d3TD\u00cdJ \u00d6SSZEG\u00c9T MINDEN ESETBEN BE KELL FIZETNI!<\/span><\/strong><\/p>\n<p style=\"text-align: justify\">\u00a0<\/p>\n<p style=\"text-align: justify\">Meg\u00e9rt\u00e9s\u00fcket k\u00f6sz\u00f6nj\u00fck!<\/p>\n","protected":false},"excerpt":{"rendered":"<p>T\u00c1J\u00c9KOZTAT\u00c1S PARKOL\u00c1SR\u00d3L Felh\u00edvjuk tisztelt betegeink \u00e9s hozz\u00e1tartoz\u00f3ik figyelm\u00e9t, hogy a V\u00e1rosmajori Klinikai T\u00f6mb\u00f6t hat\u00e1rol\u00f3 utc\u00e1kban A PARKOL\u00c1S D\u00cdJK\u00d6TELES Amennyiben a vizsg\u00e1latra illetve betegell\u00e1t\u00e1sra \u00e9rkez\u0151 beteg g\u00e9pkocsija (illetve az \u0151t sz\u00e1ll\u00edt\u00f3 g\u00e9pkocsi) a k\u00f6rny\u00e9ken fizet\u0151 parkol\u00f3ban v\u00e1rakozik, \u00e9s lej\u00e1rt parkol\u00f3jegy miatt p\u00f3td\u00edjfizet\u00e9si felsz\u00f3l\u00edt\u00e1st kap, az \u00d6nkorm\u00e1nyzat 37\/2024.(XI.21) rendelete alapj\u00e1n 2025.01.01-t\u0151l semmilyen ilyen jelleg\u0171 panasz eset\u00e9n nincsen &hellip;<\/p>\n","protected":false},"author":102080,"featured_media":0,"parent":3361,"menu_order":6,"comment_status":"closed","ping_status":"closed","template":"","meta":{"_acf_changed":false,"footnotes":""},"categories":[],"tags":[],"class_list":["post-4461","page","type-page","status-publish","hentry"],"acf":[],"_links":{"self":[{"href":"https:\/\/semmelweis.hu\/varosmajor\/wp-json\/wp\/v2\/pages\/4461","targetHints":{"allow":["GET"]}}],"collection":[{"href":"https:\/\/semmelweis.hu\/varosmajor\/wp-json\/wp\/v2\/pages"}],"about":[{"href":"https:\/\/semmelweis.hu\/varosmajor\/wp-json\/wp\/v2\/types\/page"}],"author":[{"embeddable":true,"href":"https:\/\/semmelweis.hu\/varosmajor\/wp-json\/wp\/v2\/users\/102080"}],"replies":[{"embeddable":true,"href":"https:\/\/semmelweis.hu\/varosmajor\/wp-json\/wp\/v2\/comments?post=4461"}],"version-history":[{"count":8,"href":"https:\/\/semmelweis.hu\/varosmajor\/wp-json\/wp\/v2\/pages\/4461\/revisions"}],"predecessor-version":[{"id":10754,"href":"https:\/\/semmelweis.hu\/varosmajor\/wp-json\/wp\/v2\/pages\/4461\/revisions\/10754"}],"up":[{"embeddable":true,"href":"https:\/\/semmelweis.hu\/varosmajor\/wp-json\/wp\/v2\/pages\/3361"}],"wp:attachment":[{"href":"https:\/\/semmelweis.hu\/varosmajor\/wp-json\/wp\/v2\/media?parent=4461"}],"wp:term":[{"taxonomy":"category","embeddable":true,"href":"https:\/\/semmelweis.hu\/varosmajor\/wp-json\/wp\/v2\/categories?post=4461"},{"taxonomy":"post_tag","embeddable":true,"href":"https:\/\/semmelweis.hu\/varosmajor\/wp-json\/wp\/v2\/tags?post=4461"}],"curies":[{"name":"wp","href":"https:\/\/api.w.org\/{rel}","templated":true}]}}