{"id":441,"date":"2020-11-26T11:53:39","date_gmt":"2020-11-26T10:53:39","guid":{"rendered":"https:\/\/semmelweis.hu\/varosmajor\/?page_id=441"},"modified":"2024-11-29T11:52:45","modified_gmt":"2024-11-29T10:52:45","slug":"mr-labor","status":"publish","type":"page","link":"https:\/\/semmelweis.hu\/varosmajor\/gyogyitas\/radiologia\/mr-labor\/","title":{"rendered":"MR-labor"},"content":{"rendered":"<h1 style=\"text-align: center\"><strong>MR-labor<\/strong><\/h1>\n<p style=\"text-align: justify\"><strong>Laborvezet\u0151:<\/strong> Dr. Suhai Ferenc Imre PhD, klinikai szakorvos, egyetemi tan\u00e1rseg\u00e9d<br \/>\n<strong>Sz\u00edv MR-munkacsoport vezet\u0151:<\/strong> Prof. Dr. V\u00e1g\u00f3 Hajnalka habil. PhD, egyetemi tan\u00e1r<\/p>\n<p style=\"text-align: justify\"><strong>El\u0151jegyz\u00e9si telefonsz\u00e1m:<\/strong> 06-1-458-6878<br \/>\n<strong>Lelettel kapcsolatos inform\u00e1ci\u00f3<\/strong>: 06-1-458-6863<\/p>\n<p style=\"text-align: justify\"><strong>\u00a0<\/strong><\/p>\n<p style=\"text-align: justify\"><strong>Mi is az az MR-vizsg\u00e1lat?<\/strong><\/p>\n<p style=\"text-align: justify\">Az MR-berendez\u00e9s igen er\u0151s m\u00e1gneses t\u00e9r \u00e9s r\u00e1di\u00f3frekvenci\u00e1s hull\u00e1mok felhaszn\u00e1l\u00e1s\u00e1val m\u0171k\u00f6dik, aminek hat\u00e1s\u00e1ra a szervezet folyad\u00e9ktereinek viselked\u00e9se megv\u00e1ltozik. Az egyes sz\u00f6vetek a vizsg\u00e1lat sor\u00e1n k\u00fcl\u00f6nb\u00f6z\u0151 m\u00f3don viselkednek, \u00edgy a szervekr\u0151l r\u00e9szletes szerkezeti inform\u00e1ci\u00f3 nyerhet\u0151, seg\u00edtve a szervezetben zajl\u00f3 k\u00f3rjelz\u0151 folyamatok felt\u00e1r\u00e1s\u00e1t \u00e9s a prec\u00edz diagn\u00f3zis fel\u00e1ll\u00edt\u00e1s\u00e1t. A k\u00e9palkot\u00f3 elj\u00e1r\u00e1ssal egyes test-t\u00e1j\u00e9kok, sz\u00e1mos esetben bizonyos szervek c\u00e9lzott vizsg\u00e1lat\u00e1t v\u00e9gezhetj\u00fck el k\u00e1ros sug\u00e1rz\u00e1s alkalmaz\u00e1sa n\u00e9lk\u00fcl. A vizsg\u00e1lat \u2013 a sz\u00f6vetek pontos elk\u00fcl\u00f6n\u00edt\u00e9s\u00e9hez \u00e9s az \u00e9rk\u00e9pletek st\u00e1tusz\u00e1nak meg\u00edt\u00e9l\u00e9s\u00e9hez \u2013 sz\u00fcks\u00e9g eset\u00e9n kontrasztanyag ad\u00e1s\u00e1val eg\u00e9sz\u00edthet\u0151 ki.<\/p>\n<p style=\"text-align: justify\">Az MR-vizsg\u00e1lat kiv\u00e1l\u00f3an alkalmazhat\u00f3 a fejf\u00e1j\u00e1s, sz\u00e9d\u00fcl\u00e9s eredet\u00e9nek meghat\u00e1roz\u00e1s\u00e1ra, agyi t\u00f6rt\u00e9n\u00e9sek, daganatos folyamatok diagnosztik\u00e1j\u00e1ban, gerinc vagy \u00edz\u00fcleti panaszok eset\u00e9n. A l\u00e1gyr\u00e9szek meg\u00edt\u00e9l\u00e9s\u00e9re v\u00e9gezhet\u0151 p\u00e9ld\u00e1ul nyaki, hasi, kismedencei MR- vagy mellkasi MR- vizsg\u00e1lat is; emellett az MR a sz\u00edv- \u00e9s \u00e9rrendszeri megbeteged\u00e9sek diagnosztik\u00e1j\u00e1ban is kiemelked\u0151 jelent\u0151s\u00e9g\u0171.<\/p>\n<p style=\"text-align: justify\"><strong>\u00a0<\/strong><\/p>\n<p style=\"text-align: justify\"><strong>Az MR-labor m\u0171k\u00f6d\u00e9se klinik\u00e1nkon:<\/strong><\/p>\n<p style=\"text-align: justify\">Klinik\u00e1nkon az MR-labor m\u0171k\u00f6d\u00e9s\u00e9nek t\u00f6rt\u00e9nete t\u00f6bb \u00e9vtizedre ny\u00falik vissza \u2013 int\u00e9zet\u00fcnk radiol\u00f3giai r\u00e9szleg\u00e9n helyezt\u00e9k ugyanis \u00fczembe 1987-ben az orsz\u00e1g \u00e9s Kelet-Eur\u00f3pa els\u0151 MR- k\u00e9sz\u00fcl\u00e9k\u00e9t. 2019 j\u00faniusa \u00f3ta egy cs\u00facskateg\u00f3ri\u00e1j\u00fa, 1,5 T Siemens Magnetom Aera MR- berendez\u00e9ssel zajlik a p\u00e1ciensek vizsg\u00e1lata, \u00edgy a betegell\u00e1t\u00e1shoz a legmodernebb technika \u00e1ll rendelkez\u00e9s\u00fcnkre. Napjainkban ezen a g\u00e9pen t\u00f6rt\u00e9nik az orsz\u00e1g let\u00f6bb sz\u00edv MR-vizsg\u00e1lata.<\/p>\n<p style=\"text-align: justify\">A Hat\u00e1r\u0151r \u00fati \u00e9p\u00fclet MR-diagnosztikai r\u00e9szleg\u00e9n nagy hangs\u00falyt kap a sz\u00edv- \u00e9s \u00e9rrendszert \u00e9rint\u0151 k\u00e9palkot\u00e1s. Napjainkban a betegell\u00e1t\u00e1s kicsit t\u00f6bb mint fel\u00e9t sz\u00edv MR-vizsg\u00e1latok teszik ki, emellett nagysz\u00e1m\u00fa idegrendszeri (koponya, szemg\u00f6d\u00f6r, bels\u0151f\u00fcl, gerinc) \u00e9s MR-\u00e9rfest\u00e9ses (az \u00e9rfejl\u0151d\u00e9si rendelleness\u00e9geket, esetleges \u00e9rsz\u0171k\u00fcleteket \u00e9s -t\u00e1gulatokat kimutat\u00f3 k\u00e9palkot\u00f3 elj\u00e1r\u00e1s) vizsg\u00e1latot v\u00e9gz\u00fcnk, mindezek mellett hasi \u00e9s kismedencei, mellkasi megbeteged\u00e9sek diagnosztik\u00e1ja \u00e9s gyermekek kivizsg\u00e1l\u00e1sa is zajlik. A kardiol\u00f3giai h\u00e1tt\u00e9rre val\u00f3 tekintettel viszonylag nagy sz\u00e1mban v\u00e9gz\u00fcnk MR-vizsg\u00e1latokat sz\u00edvritmus-szab\u00e1lyoz\u00f3 k\u00e9sz\u00fcl\u00e9kkel (pacemaker, ICD) rendelkez\u0151 betegekn\u00e9l.<\/p>\n<p style=\"text-align: justify\">A r\u00e9szleg a gradu\u00e1lis \u00e9s posztgradu\u00e1lis k\u00e9pz\u00e9sben is akt\u00edvan r\u00e9szt vesz (medikus, rezidens, szakorvosjel\u00f6lt), tov\u00e1bb\u00e1 kardiol\u00f3giai \u00e9s radiol\u00f3giai gyakorlatok, valamint \u00a0tantermi el\u0151ad\u00e1sok megtart\u00e1s\u00e1ban is akt\u00edv szerepet v\u00e1llal.<\/p>\n<p style=\"text-align: justify\"><strong>\u00a0<\/strong><\/p>\n<p style=\"text-align: justify\"><strong>Sz\u00edv MR-vizsg\u00e1lat:<\/strong><\/p>\n<p style=\"text-align: justify\">A sz\u00edv \u00e9s az azt k\u00f6r\u00fclvev\u0151 szervek k\u00e9palkot\u00e1s\u00e1ra az egyik legmodernebb elj\u00e1r\u00e1s a sz\u00edv MR- vizsg\u00e1lata, melynek sor\u00e1n nem-invaz\u00edv m\u00f3don, r\u00e9szletes \u00e1ll\u00f3- \u00e9s mozg\u00f3k\u00e9peket k\u00e9sz\u00edt\u00fcnk a sz\u00edvr\u0151l \u00e9s a k\u00f6rnyez\u0151 r\u00e9gi\u00f3kr\u00f3l. A felv\u00e9telekkel kimutathat\u00f3k a sz\u00edvizomzatot \u00e9rint\u0151 k\u00f3rfolyamatok \u00e9s az esetleges kor\u00e1bbi betegs\u00e9gek (infarktus, sz\u00edvizomgyullad\u00e1s) maradv\u00e1nyai, a sz\u00edvburok betegs\u00e9gei, a velesz\u00fcletett fejl\u0151d\u00e9si rendelleness\u00e9gek, meg\u00edt\u00e9lhet\u0151k az esetleges daganatok. A pontos diagn\u00f3zis fel\u00e1ll\u00edt\u00e1s\u00e1hoz \u00e1ltal\u00e1ban sz\u00fcks\u00e9g van kontrasztanyag ad\u00e1s\u00e1ra is. A vizsg\u00e1lat folyamat\u00e1t \u00e9s az esetleges kock\u00e1zatokat tekintve a m\u00f3dszer l\u00e9nyeg\u00e9ben nem k\u00fcl\u00f6nb\u00f6zik az egy\u00e9b, MR-ben alkalmazott vizsg\u00e1l\u00f3-elj\u00e1r\u00e1sokt\u00f3l.<\/p>\n<p style=\"text-align: justify\"><strong>A V\u00e1rosmajori Sz\u00edv \u00e9s \u00c9rgy\u00f3gy\u00e1szati Klinika MR-berendez\u00e9se: <\/strong>Siemens Magnetom Area<\/p>\n<p style=\"text-align: justify\"><strong>\u00a0<\/strong><\/p>\n<p style=\"text-align: justify\"><strong>Hogyan zajlik az MR vizsg\u00e1lat?<\/strong><\/p>\n<p style=\"text-align: justify\">A vizsg\u00e1lat fekv\u0151 helyzetben zajlik (\u00e1ltal\u00e1ban hanyatt, kiv\u00e9teles esetekben hason) egy henger alak\u00fa, viszonylag sz\u0171k t\u00e9rben, ami egyesekben bez\u00e1rts\u00e1g\u00e9rzetet kelthet. A vizsg\u00e1lat ideje alatt hangos, kopog\u00f3 \u00e9s z\u00fag\u00f3 jelleg\u0171 g\u00e9pz\u00f6rejek hallhat\u00f3k, ezek intenzit\u00e1s\u00e1nak cs\u00f6kkent\u00e9s\u00e9re a felv\u00e9tel elk\u00e9sz\u00edt\u00e9s\u00e9nek idej\u00e9re f\u00fclv\u00e9d\u0151t biztos\u00edtunk. A vizsg\u00e1lat alatt mozdulatlanul kell fek\u00fcdni, bizonyos vizsg\u00e1latokn\u00e1l a l\u00e9gz\u00e9st vissza kell tartani a hangsz\u00f3r\u00f3n kereszt\u00fcl kapott utas\u00edt\u00e1soknak megfelel\u0151en. A vizsg\u00e1l\u00f3helyis\u00e9g kamer\u00e1val felszerelt, az oper\u00e1tor \u00e9s a vizsg\u00e1l\u00f3 orvos v\u00e9gig figyelemmel k\u00f6veti a vizsg\u00e1latot. A vizsg\u00e1lt szem\u00e9ly sz\u00fcks\u00e9g eset\u00e9n mikrofonon kereszt\u00fcl tud kommunik\u00e1lni a szem\u00e9lyzettel, a kez\u00e9be helyezett v\u00e9szjelz\u0151 megnyom\u00e1s\u00e1val pedig probl\u00e9ma eset\u00e9n b\u00e1rmikor jelezhet. A vizsg\u00e1lat t\u00edpus\u00e1t\u00f3l f\u00fcgg\u0151en a felv\u00e9tel elk\u00e9sz\u00edt\u00e9s\u00e9nek id\u0151tartama 15-60 perc k\u00f6z\u00f6tt v\u00e1ltozhat.<\/p>\n<p style=\"text-align: justify\">A vizsg\u00e1l\u00f3helyis\u00e9gben \u00e1lland\u00f3 er\u0151s m\u00e1gneses t\u00e9r van. Fontos, hogy miel\u0151tt \u00d6n bel\u00e9p ebbe a helyis\u00e9gbe, meg kell gy\u0151z\u0151dni arr\u00f3l, hogy semmilyen m\u00e1gnesezhet\u0151 anyag, f\u00e9m nincs az \u00d6n ruh\u00e1zat\u00e1ban vagy szervezet\u00e9ben (\u00f3ra, mobiltelefon, m\u0171v\u00e9gtag, m\u0171fogsor, f\u00e9mkapocs, apr\u00f3p\u00e9nz). Ha a test\u00e9be egy kor\u00e1bbi m\u0171t\u00e9t sor\u00e1n b\u00e1rmilyen f\u00e9met tartalmaz\u00f3 anyagot \u00fcltettek be, k\u00e9rj\u00fck, mindenk\u00e9ppen jelezze a vizsg\u00e1l\u00f3 szem\u00e9lyzetnek.<\/p>\n<p style=\"text-align: justify\"><strong>\u00a0<\/strong><\/p>\n<p style=\"text-align: justify\"><strong>Mit kell tennem a vizsg\u00e1latot megel\u0151z\u0151en?<\/strong><\/p>\n<p style=\"text-align: justify\">\u00c9rkez\u00e9skor a betegfelv\u00e9teli pultn\u00e1l a sz\u00fcks\u00e9ges iratok (TAJ, szem\u00e9lyi igazolv\u00e1ny, lakc\u00edmk\u00e1rtya), valamint a kezel\u0151orvosa \u00e1ltal ki\u00e1ll\u00edtott r\u00e9szletes beutal\u00f3 birtok\u00e1ban tud bejelentkezni a bej\u00e1rati szinten tal\u00e1lhat\u00f3 recepci\u00f3s pultn\u00e1l. A vizsg\u00e1lat megkezd\u00e9se el\u0151tt minden betegnek el kell olvasnia egy t\u00e1j\u00e9koztat\u00f3t, v\u00e1laszolni az abban feltett k\u00e9rd\u00e9sekre \u00e9s hozz\u00e1j\u00e1rul\u00e1s\u00e1t kell adnia a vizsg\u00e1lat elv\u00e9gz\u00e9s\u00e9hez \u2013 kontrasztanyag alkalmaz\u00e1sa eset\u00e9n annak ad\u00e1s\u00e1hoz is.<\/p>\n<p style=\"text-align: justify\">A fent eml\u00edtett iratokon k\u00edv\u00fcl k\u00e9rj\u00fck, felt\u00e9tlen\u00fcl hozza mag\u00e1val kor\u00e1bbi \u2013 a vizsg\u00e1lt betegs\u00e9g szempontj\u00e1b\u00f3l fontos \u2013 orvosi dokument\u00e1ci\u00f3j\u00e1t, ambul\u00e1ns lapot, z\u00e1r\u00f3jelent\u00e9st. Ha v\u00e9geztek m\u00e1r \u00d6nn\u00e9l m\u00e1s int\u00e9zm\u00e9nyben k\u00e9palkot\u00f3 vizsg\u00e1latot, hozza mag\u00e1val annak lelet\u00e9t \u00e9s az elk\u00e9sz\u00fclt vizsg\u00e1lat k\u00e9panyag\u00e1t tartalmaz\u00f3 CD-t!<\/p>\n<p style=\"text-align: justify\">A vizsg\u00e1lat sor\u00e1n el\u0151fordulhat, hogy kontrasztanyag ad\u00e1s\u00e1ra lesz sz\u00fcks\u00e9g, \u00edgy minden esetben hozzon mag\u00e1val ismert vesebetegs\u00e9g eset\u00e9n egy h\u00e9ten bel\u00fcli, m\u00e1sk\u00e9ppen 3 h\u00f3napn\u00e1l nem r\u00e9gebbi, vesefunkci\u00f3s \u00e9rt\u00e9keket is tartalmaz\u00f3 laborleletet!<\/p>\n<p style=\"text-align: justify\">Rendszeresen szedett gy\u00f3gyszereit a vizsg\u00e1lat napj\u00e1n is nyugodtan vegye be, folyad\u00e9kot nyugodtan fogyaszthat. Hasi MR-vizsg\u00e1lat eset\u00e9n az azt megel\u0151z\u0151 4-6 \u00f3r\u00e1ban k\u00e9rj\u00fck, ne fogyasszon semmilyen \u00e9telt, k\u00e1v\u00e9t, cukrozott \u00e9s sz\u00e9nsavas \u00fcd\u00edt\u0151t! A kontrasztanyagos vizsg\u00e1latot megel\u0151z\u0151 2-3 \u00f3r\u00e1ban lehet\u0151leg ne fogyasszon neh\u00e9z \u00e9telt! Ig\u00e9ny szerint k\u00f6nny\u0171 \u00e9tel, p\u00e9ld\u00e1ul keksz vagy cukorka fogyaszthat\u00f3.<\/p>\n<p style=\"text-align: justify\">Sz\u00edv MR-vizsg\u00e1latok eset\u00e9n a sz\u00edv CT-vizsg\u00e1latokkal ellent\u00e9tben nem sz\u00fcks\u00e9ges a sz\u00edvfrekvencia (pulzussz\u00e1m) cs\u00f6kkent\u00e9se. Amennyiben \u00d6n terhel\u00e9ses sz\u00edv MR-vizsg\u00e1latra \u00e9rkezik, az el\u0151k\u00e9sz\u00edt\u00e9ssel kapcsolatos pontos inform\u00e1ci\u00f3kr\u00f3l \u00e9rdekl\u0151dj\u00f6n kezel\u0151orvos\u00e1n\u00e1l vagy int\u00e9zm\u00e9ny\u00fcnkben a fent megadott el\u0151jegyz\u00e9si telefonsz\u00e1mon! Adenozin-terhel\u00e9ses sz\u00edv MR- vizsg\u00e1latok eset\u00e9n, a vizsg\u00e1latot megel\u0151z\u0151 12 \u00f3r\u00e1ban a koffein- \u00e9s teofilin-tartalm\u00fa italok \u00e9s \u00e9telek fogyaszt\u00e1sa nem megengedett (k\u00e1v\u00e9, tea, k\u00f3la, csokol\u00e1d\u00e9, energiaital, kaka\u00f3 stb.)!<\/p>\n<p style=\"text-align: justify\"><strong>\u00a0<\/strong><\/p>\n<p style=\"text-align: justify\"><strong>Mi is az a kontrasztanyag? J\u00e1rhat-e b\u00e1rmilyen vesz\u00e9llyel az ad\u00e1sa?<\/strong><\/p>\n<p style=\"text-align: justify\">A kontrasztanyag egy olyan speci\u00e1lis vegy\u00fclet, melyet egy fel\u00fcletes v\u00e9n\u00e1n kereszt\u00fcl juttatunk a p\u00e1ciens szervezet\u00e9be. Seg\u00edts\u00e9g\u00e9vel k\u00f6nnyebben l\u00e1that\u00f3v\u00e1 v\u00e1lik a l\u00e1gyr\u00e9szek \u00e9s az erek \u00e1llapota, pontosabb k\u00e9pet kaphatunk egy elv\u00e1ltoz\u00e1s jelleg\u00e9r\u0151l, helyzet\u00e9r\u0151l, annak kiterjed\u00e9s\u00e9r\u0151l. Bizonyos vizsg\u00e1latokn\u00e1l el\u00e9g a kontrasztanyag n\u00e9lk\u00fcli \u00fagynevezett nat\u00edv vizsg\u00e1lat, m\u00e1s vizsg\u00e1latok csak kontrasztanyag felhaszn\u00e1l\u00e1s\u00e1val v\u00e9gezhet\u0151k el. A sz\u00fcks\u00e9ges vizsg\u00e1lat jelleg\u00e9t minden esetben kezel\u0151orvosa, \u00e9s a vizsg\u00e1latot v\u00e9gz\u0151 orvosa hat\u00e1rozza meg.<\/p>\n<p style=\"text-align: justify\">Ha a vizsg\u00e1lathoz intrav\u00e9n\u00e1s kontrasztanyag ad\u00e1sa v\u00e1lik sz\u00fcks\u00e9gess\u00e9, ez a legt\u00f6bb esetben a bead\u00e1skor \u00e9rdemi \u00e9rezhet\u0151 hat\u00e1ssal nincs (hidegs\u00e9g \u00e9rz\u00e9s, f\u00e9mes sz\u00e1j\u00edz ritk\u00e1n h\u00e1nyinger, h\u00e1ny\u00e1s el\u0151fordulhat). Az MR-ben haszn\u00e1lt kontrasztanyag speci\u00e1lis gadol\u00edniumalap\u00fa, nem tartalmaz j\u00f3dot, teljesen m\u00e1s, mint a r\u00f6ntgen-vizsg\u00e1latokn\u00e1l \u00e9s a CT-vizsg\u00e1latn\u00e1l haszn\u00e1lt kontrasztanyagok. Ad\u00e1sakor nagyon ritk\u00e1n l\u00e9p fel allergi\u00e1s reakci\u00f3, ennek kezel\u00e9s\u00e9re a szakk\u00e9pzett vizsg\u00e1l\u00f3szem\u00e9lyzet teljes m\u00e9rt\u00e9kben felk\u00e9sz\u00fclt. Ez leggyakrabban enyhe b\u0151rki\u00fct\u00e9s, viszket\u00e9s form\u00e1j\u00e1ban jelentkezik, \u00e9s r\u00f6vid id\u0151 alatt elm\u00falik. Nagyon ritk\u00e1n el\u0151fordulhat, hogy er\u0151sebb rosszull\u00e9t, t\u00edpusos allergi\u00e1s t\u00fcnetek (pl. neh\u00e9zl\u00e9gz\u00e9s, nyelv-\/ajakduzzanat, intenz\u00edv viszket\u0151 \u00e9rz\u00e9s) jelentkeznek. K\u00e9rj\u00fck, ilyen esetben azonnal \u00e9rtes\u00edtse a vizsg\u00e1latot v\u00e9gz\u0151 szem\u00e9lyzetet! Amennyiben kor\u00e1bban MR-vizsg\u00e1lat sor\u00e1n kontrasztanyag ad\u00e1s\u00e1t k\u00f6vet\u0151en allergi\u00e1s reakci\u00f3t \u00e9szlelt, azt mindenk\u00e9ppen jelezze beutal\u00f3 kezel\u0151orvos\u00e1nak, valamint a vizsg\u00e1latot v\u00e9gz\u0151 szem\u00e9lyzetnek!<\/p>\n<p style=\"text-align: justify\">A kontrasztanyag a vizelettel kb. egy nap alatt ki\u00fcr\u00fcl a szervezetb\u0151l. Mivel a kontrasztanyag ves\u00e9n kereszt\u00fcl v\u00e1laszt\u00f3dik ki, ez\u00e9rt csak megfelel\u0151 vesefunkci\u00f3 eset\u00e9n alkalmazhat\u00f3, \u00edgy k\u00e9rj\u00fck ha MR-vizsg\u00e1latra \u00e9rkezik, minden esetben hozzon mag\u00e1val 1 h\u00f3napn\u00e1l nem r\u00e9gebbi, vesefunkci\u00f3s \u00e9rt\u00e9keket is tartalmaz\u00f3 laborvizsg\u00e1lati eredm\u00e9nyt! Kontrasztanyag ad\u00e1s\u00e1nak hozz\u00e1j\u00e1rul\u00e1s\u00e1r\u00f3l \u00d6nnek a vizsg\u00e1lat el\u0151tt \u00edr\u00e1sban nyilatkoznia kell.<\/p>\n<p style=\"text-align: justify\"><strong>\u00a0<\/strong><\/p>\n<p style=\"text-align: justify\"><strong>Van-e az MR-vizsg\u00e1latnak b\u00e1rmilyen kock\u00e1zata?<\/strong><\/p>\n<p style=\"text-align: justify\">Az MR-vizsg\u00e1latnak ismert k\u00e1ros hat\u00e1sa nincs, f\u00e1jdalommal nem j\u00e1r. Kontrasztanyag ad\u00e1sa eset\u00e9n a m\u0171anyag kan\u00fcl behelyez\u00e9s\u00e9hez egy v\u00e9rv\u00e9telhez hasonl\u00f3 sz\u00far\u00e1sra van sz\u00fcks\u00e9g. A CT- \u00e9s r\u00f6ntgen-vizsg\u00e1latokkal szemben itt semmilyen k\u00e1ros sug\u00e1rz\u00e1s nem \u00e9ri a p\u00e1cienst. A vizsg\u00e1lat sor\u00e1n egyes p\u00e1ciensekben bez\u00e1rts\u00e1g\u00e9rz\u00e9st kelthet a sz\u0171k t\u00e9r, fesz\u00fclts\u00e9get okozhatnak a kattog\u00f3, hangos g\u00e9pzajok.<\/p>\n<p style=\"text-align: justify\">Az MR-vizsg\u00e1lat minden esetben er\u0151s m\u00e1gneses t\u00e9rben t\u00f6rt\u00e9nik. A f\u00e9mt\u00e1rgyak a m\u00e1gneses t\u00e9rben elmozdulhatnak, felforr\u00f3sodhatnak, m\u0171k\u00f6d\u00e9s\u00fck k\u00e1rosodhat, vagy elmozdul\u00e1sukkal a p\u00e1cienst vagy a berendez\u00e9st k\u00e1ros\u00edthatj\u00e1k. Ha egy kor\u00e1bbi m\u0171t\u00e9t sor\u00e1n az \u00f6n szervezet\u00e9be be\u00fcltettek b\u00e1rmilyen f\u00e9mtartalm\u00fa anyagot (ortop\u00e9diai f\u00e9manyag, implant\u00e1tum, prot\u00e9zis, f\u00e9mh\u00e1l\u00f3, stent, klip stb.), ker\u00fclhetett a szervezet\u00e9be f\u00e9met tartalmaz\u00f3 idegentest (pl. l\u00f6ved\u00e9k, szil\u00e1nk) esetleg inzulinpump\u00e1val, vagy sz\u00edvritmus szab\u00e1lyoz\u00f3val \u00e9l, k\u00e9rj\u00fck, felt\u00e9tlen\u00fcl jelezze a vizsg\u00e1latot v\u00e9gz\u0151 szem\u00e9lynek! Minden esetben hozza mag\u00e1val az ezzel kapcsolatos orvosi dokument\u00e1ci\u00f3t, valamint ha rendelkez\u00e9s\u00e9re \u00e1ll, a k\u00e9sz\u00fcl\u00e9k le\u00edr\u00e1s\u00e1t, annak MR-vizsg\u00e1latra val\u00f3 alkalmass\u00e1g\u00e1r\u00f3l sz\u00f3l\u00f3 hiteles\u00edtett, \u00edr\u00e1sbeli igazol\u00e1st! A modern elj\u00e1r\u00e1sok sor\u00e1n m\u00e1r olyan f\u00e9mekkel dolgoznak, amelyek m\u00e1gnesezhet\u0151k, az implant\u00e1tum vagy inzulinpumpa MR-biztons\u00e1goss\u00e1g\u00e1nak meg\u00edt\u00e9l\u00e9se a kezel\u0151orvos \u00e9s vizsg\u00e1latot v\u00e9gz\u0151 orvos feladata. Ut\u00f3bbi eset\u00e9ben \u00e1ltal\u00e1ban elegend\u0151, ha a vizsg\u00e1lat idej\u00e9re \u00e1tmenetileg lev\u00e1lasztja a pump\u00e1t, a t\u00e1vad\u00f3t \u00e9s a gl\u00fck\u00f3zszenzort, miel\u0151tt bel\u00e9pne abba a terembe, ahol a vizsg\u00e1latot v\u00e9gzik.<\/p>\n<p style=\"text-align: justify\">A vizsg\u00e1lat gyermekek, kismam\u00e1k eset\u00e9ben, a terhess\u00e9g els\u0151 trimeszter\u00e9t k\u00f6vet\u0151en pedig indokolt esetben v\u00e1rand\u00f3sokn\u00e1l is alkalmazhat\u00f3, ism\u00e9telhet\u0151. Ha csecsem\u0151t szoptat, a szoptat\u00e1st sem a vizsg\u00e1lat el\u0151tt, sem a vizsg\u00e1latot k\u00f6vet\u0151en nem kell felf\u00fcggesztenie.<\/p>\n<p style=\"text-align: justify\"><strong>\u00a0<\/strong><\/p>\n<p style=\"text-align: justify\"><strong>Sz\u00edvritmus-szab\u00e1lyoz\u00f3val (pacemakerrel) \u00e9l\u0151 betegn\u00e9l elv\u00e9gezhet\u0151-e a vizsg\u00e1lat?<\/strong><\/p>\n<p style=\"text-align: justify\">Ha \u00d6n sz\u00edvritmus-szab\u00e1lyoz\u00f3val (pacemakerrel, ICD-vel) \u00e9l, k\u00e9rj\u00fck, felt\u00e9tlen\u00fcl jelezze ezt az MR vizsg\u00e1latot indik\u00e1l\u00f3 kezel\u0151orvos\u00e1nak \u00e9s a vizsg\u00e1latot v\u00e9gz\u0151 orvosnak is! Azokn\u00e1l a betegekn\u00e9l, akikn\u00e9l sz\u00edvritmus-szab\u00e1lyoz\u00f3t \u00fcltettek be, az MRI-berendez\u00e9sn\u00e9l haszn\u00e1lt m\u00e1gneses mez\u0151k k\u00e1ros\u00edthatj\u00e1k az eszk\u00f6z m\u0171k\u00f6d\u00e9s\u00e9t, vesz\u00e9lyeztethetik a beteg biztons\u00e1g\u00e1t. A haz\u00e1nkban 2010 ut\u00e1n be\u00fcltetett k\u00e9sz\u00fcl\u00e9kek t\u00falnyom\u00f3 r\u00e9sze speci\u00e1lis be\u00e1ll\u00edt\u00e1sokat k\u00f6vet\u0151en MR-ben is biztons\u00e1ggal vizsg\u00e1lhat\u00f3, azonban ennek pontos meg\u00edt\u00e9l\u00e9se a kardiol\u00f3gus-kezel\u0151orvos\u00e1nak feladata. Int\u00e9zet\u00fcnkben az ilyen betegek sz\u00e1m\u00e1ra kardiol\u00f3gus-szakorvos biztos\u00edtott, aki a vizsg\u00e1latot megel\u0151z\u0151en a k\u00e9sz\u00fcl\u00e9ket megfelel\u0151 \u00fczemm\u00f3dba \u00e1ll\u00edtja, majd a vizsg\u00e1latot k\u00f6vet\u0151en az eredeti \u00fczemm\u00f3dot vissza\u00e1ll\u00edtja, \u00edgy a vizsg\u00e1lat legt\u00f6bb esetben biztons\u00e1ggal elv\u00e9gezhet\u0151.<\/p>\n<p style=\"text-align: justify\">Visszat\u00e9r\u0151 probl\u00e9ma a sz\u00edvritmus-szab\u00e1lyoz\u00f3val (pacemaker vagy ICD) \u00e9l\u0151 betegek mozg\u00e1sszervi MR-vizsg\u00e1lata. Kor\u00e1bban ilyen vizsg\u00e1latot int\u00e9zet\u00fcnk sz\u00edv-\u00e9rrendszeri f\u0151profilja miatt nem v\u00e9gezt\u00fcnk, 2019 \u00f3ta azonban k\u00fcls\u0151 szak\u00e9rt\u0151 alkalmaz\u00e1s\u00e1val erre is van lehet\u0151s\u00e9g\u00fcnk.<\/p>\n<p style=\"text-align: justify\"><strong>\u00a0<\/strong><\/p>\n<p style=\"text-align: justify\"><strong>Hogyan jelentkezhetek be MR-vizsg\u00e1latra?<\/strong><\/p>\n<p style=\"text-align: justify\">A NEAK \u00e1ltal finansz\u00edrozott MR-vizsg\u00e1lat elv\u00e9gz\u00e9s\u00e9hez minden esetben szakorvos \u00e1ltal ki\u00e1ll\u00edtott, szab\u00e1lyos beutal\u00f3ra van sz\u00fcks\u00e9g. A beutal\u00f3 birtok\u00e1ban a fent megadott telefonsz\u00e1mon k\u00e9rhet id\u0151pontot a vizsg\u00e1lat elv\u00e9gz\u00e9s\u00e9hez. <strong>H\u00e1ziorvos \u00e1ltal ki\u00e1ll\u00edtott beutal\u00f3 eset\u00e9n nem \u00e1ll m\u00f3dunkban<\/strong> elv\u00e9gezni az MR-vizsg\u00e1latot.<\/p>\n<p style=\"text-align: justify\">Ha \u00d6n sz\u00edvritmus-szab\u00e1lyoz\u00f3val \u00e9l, az MR-vizsg\u00e1lat elv\u00e9gz\u00e9s\u00e9nek felt\u00e9tele az el\u0151zetes szakorvosi konzult\u00e1ci\u00f3. Ilyen esetben <strong>kiz\u00e1r\u00f3lag a kezel\u0151orvos k\u00e9rhet MR id\u0151pontot<\/strong>. K\u00e9rj\u00fck ezen esetben is a 06-1\/458-68-78-as el\u0151jegyz\u00e9si telefonsz\u00e1mot h\u00edvj\u00e1k, koll\u00e9gan\u0151nk t\u00e1j\u00e9koztat\u00e1st tud adni.<\/p>\n<p style=\"text-align: justify\"><strong>\u00a0<\/strong><\/p>\n<p style=\"text-align: justify\"><strong>Mikor kapom meg a leletemet?<\/strong><\/p>\n<p style=\"text-align: justify\">A felv\u00e9teleket koll\u00e9g\u00e1ink 10 munkanapon bel\u00fcl elemzik ki, ezt k\u00f6vet\u0151en felt\u00f6ltik az EESZT fel\u00fcletre, ahol \u00d6n is meg tudja tekinteni. Tov\u00e1bb\u00e1 az \u00d6n \u00e1ltal megadott e-mail c\u00edmre e-mail-t is kap t\u0151l\u00fcnk, melyben szint\u00e9n megtal\u00e1lhat\u00f3 a lelet. A lelet v\u00e9g\u00e9n tal\u00e1lhat\u00f3 inform\u00e1ci\u00f3k (azonos\u00edt\u00f3, bel\u00e9p\u00e9si k\u00f3d) seg\u00edts\u00e9g\u00e9vel online fel\u00fcleten<span style=\"font-size: 1rem\">\u00a0(<\/span><span style=\"font-size: 1rem\">leletek.semmelweis.hu) <\/span><span style=\"font-size: 1rem\">megtekinthet\u0151 az elk\u00e9sz\u00fclt k\u00e9panyag. Ezen a fel\u00fcleten 60 napig \u00e9rhet\u0151 el a f\u00e1jlok.\u00a0<\/span><\/p>\n<p style=\"text-align: justify\"><span style=\"font-size: 1rem\">Internettel nem rendelkez\u0151 betegeinknek sz\u00fcks\u00e9g eset\u00e9n a leletet \u00e9s a k\u00e9panyagot tartalmaz\u00f3 CD-t k\u00fcl\u00f6n k\u00e9r\u00e9sre tudjuk biztos\u00edtani. Ilyen esetben a lelet \u00e9s a CD a betegfelv\u00e9teli pultban csak el\u0151zetes megbesz\u00e9l\u00e9s alapj\u00e1n vehet\u0151 \u00e1t. <\/span><span style=\"font-size: 1rem\">Vid\u00e9ken \u00e9l\u0151 p\u00e1ciensek sz\u00e1m\u00e1ra lehet\u0151s\u00e9g van az eredm\u00e9ny post\u00e1z\u00e1s\u00e1ra is, ebben az esetben azonban hosszabb v\u00e1rakoz\u00e1si id\u0151vel kell sz\u00e1molni.<\/span><\/p>\n<p style=\"text-align: justify\">A leletekkel kapcsolatban a lelet@semmelweis.hu e-mailre \u00edrhatnak vagy a +36 1\/458 68 63-as telefonsz\u00e1mot h\u00edvhatj\u00e1k.\u00a0<\/p>\n<p style=\"text-align: justify\">R\u00f6vid\u00edtett hat\u00e1ridej\u0171 leletkiad\u00e1s csak abban az esetben lehets\u00e9ges, ha azt a vizsg\u00e1l\u00f3 orvossal egyeztett\u00e9k.\u00a0<\/p>\n","protected":false},"excerpt":{"rendered":"<p>MR-labor Laborvezet\u0151: Dr. Suhai Ferenc Imre PhD, klinikai szakorvos, egyetemi tan\u00e1rseg\u00e9d Sz\u00edv MR-munkacsoport vezet\u0151: Prof. Dr. V\u00e1g\u00f3 Hajnalka habil. PhD, egyetemi tan\u00e1r El\u0151jegyz\u00e9si telefonsz\u00e1m: 06-1-458-6878 Lelettel kapcsolatos inform\u00e1ci\u00f3: 06-1-458-6863 \u00a0 Mi is az az MR-vizsg\u00e1lat? Az MR-berendez\u00e9s igen er\u0151s m\u00e1gneses t\u00e9r \u00e9s r\u00e1di\u00f3frekvenci\u00e1s hull\u00e1mok felhaszn\u00e1l\u00e1s\u00e1val m\u0171k\u00f6dik, aminek hat\u00e1s\u00e1ra a szervezet folyad\u00e9ktereinek viselked\u00e9se megv\u00e1ltozik. Az egyes &hellip;<\/p>\n","protected":false},"author":101737,"featured_media":0,"parent":425,"menu_order":4,"comment_status":"closed","ping_status":"closed","template":"","meta":{"_acf_changed":false,"footnotes":""},"categories":[],"tags":[],"class_list":["post-441","page","type-page","status-publish","hentry"],"acf":[],"_links":{"self":[{"href":"https:\/\/semmelweis.hu\/varosmajor\/wp-json\/wp\/v2\/pages\/441","targetHints":{"allow":["GET"]}}],"collection":[{"href":"https:\/\/semmelweis.hu\/varosmajor\/wp-json\/wp\/v2\/pages"}],"about":[{"href":"https:\/\/semmelweis.hu\/varosmajor\/wp-json\/wp\/v2\/types\/page"}],"author":[{"embeddable":true,"href":"https:\/\/semmelweis.hu\/varosmajor\/wp-json\/wp\/v2\/users\/101737"}],"replies":[{"embeddable":true,"href":"https:\/\/semmelweis.hu\/varosmajor\/wp-json\/wp\/v2\/comments?post=441"}],"version-history":[{"count":8,"href":"https:\/\/semmelweis.hu\/varosmajor\/wp-json\/wp\/v2\/pages\/441\/revisions"}],"predecessor-version":[{"id":5918,"href":"https:\/\/semmelweis.hu\/varosmajor\/wp-json\/wp\/v2\/pages\/441\/revisions\/5918"}],"up":[{"embeddable":true,"href":"https:\/\/semmelweis.hu\/varosmajor\/wp-json\/wp\/v2\/pages\/425"}],"wp:attachment":[{"href":"https:\/\/semmelweis.hu\/varosmajor\/wp-json\/wp\/v2\/media?parent=441"}],"wp:term":[{"taxonomy":"category","embeddable":true,"href":"https:\/\/semmelweis.hu\/varosmajor\/wp-json\/wp\/v2\/categories?post=441"},{"taxonomy":"post_tag","embeddable":true,"href":"https:\/\/semmelweis.hu\/varosmajor\/wp-json\/wp\/v2\/tags?post=441"}],"curies":[{"name":"wp","href":"https:\/\/api.w.org\/{rel}","templated":true}]}}