{"id":437,"date":"2020-11-26T11:52:17","date_gmt":"2020-11-26T10:52:17","guid":{"rendered":"https:\/\/semmelweis.hu\/varosmajor\/?page_id=437"},"modified":"2024-11-29T12:13:22","modified_gmt":"2024-11-29T11:13:22","slug":"idopont-keres","status":"publish","type":"page","link":"https:\/\/semmelweis.hu\/varosmajor\/gyogyitas\/radiologia\/idopont-keres\/","title":{"rendered":"Id\u0151pont k\u00e9r\u00e9s &#8211; Radiol\u00f3gia"},"content":{"rendered":"<p style=\"text-align: justify\">NEAK \u00e1ltal finansz\u00edrozott k\u00e9palkot\u00f3 vizsg\u00e1latot k\u00e9rni legegyszer\u0171bben az al\u00e1bbi linken el\u00e9rhet\u0151 \u0171rlap kit\u00f6lt\u00e9s\u00e9vel lehets\u00e9ges:<\/p>\n<p style=\"text-align: justify\"><a class=\"button\" href=\"https:\/\/forms.gle\/wLX3n8bCgq87XDf16\" target=\"_blank\" rel=\"noopener noreferrer\">ID\u0150PONT-K\u00c9R\u0150 \u0170RLAP<\/a><\/p>\n<p style=\"text-align: justify\">Telefonon munkaid\u0151ben, 8-16 \u00f3ra k\u00f6z\u00f6tt a 06-1-458-68-78 sz\u00e1mon is k\u00e9rhet el\u0151jegyz\u00e9st. T\u00falterhelt telefonvonalaink miatt azonban javasoljuk a fenti \u0171rlap haszn\u00e1lat\u00e1t.<\/p>\n<p style=\"text-align: justify\">Sz\u00edv CT vizsg\u00e1lathoz <a href=\"https:\/\/semmelweis.hu\/varosmajor\/betegellatas\/radiologia\/vizsgalat-kerese\/\" target=\"_blank\" rel=\"noopener noreferrer\">az al\u00e1bbi k\u00e9r\u0151lapot<\/a> k\u00e9rj\u00fck kit\u00f6lteni.<\/p>\n<p>T\u00e9r\u00edt\u00e9ses szolg\u00e1ltat\u00e1sainkat is ig\u00e9nybe veheti, az el\u00e9rhet\u0151 vizsg\u00e1latokr\u00f3l a <a href=\"https:\/\/semmelweispremium.hu\/\">www.semmelweispremium.hu<\/a> weboldalon t\u00e1j\u00e9koz\u00f3dhat.<\/p>\n","protected":false},"excerpt":{"rendered":"<p>NEAK \u00e1ltal finansz\u00edrozott k\u00e9palkot\u00f3 vizsg\u00e1latot k\u00e9rni legegyszer\u0171bben az al\u00e1bbi linken el\u00e9rhet\u0151 \u0171rlap kit\u00f6lt\u00e9s\u00e9vel lehets\u00e9ges:<br \/>\n<a class=\"button\" href=\"https:\/\/forms.gle\/wLX3n8bCgq87XDf16\" target=\"_blank\" rel=\"noopener noreferrer\">ID\u0150PONT-K\u00c9R\u0150 \u0170RLAP<\/a><br \/>\nTelefonon munkaid\u0151ben, 8-16 \u00f3ra k\u00f6z\u00f6tt a 06-1-458-68-78 sz\u00e1mon is k\u00e9rhet el\u0151jegyz\u00e9st. T\u00falterhelt telefonvonalaink miatt azonban javasoljuk a fenti \u0171rlap haszn\u00e1lat\u00e1t.<br \/>\nSz\u00edv CT vizsg\u00e1lathoz <a href=\"https:\/\/semmelweis.hu\/varosmajor\/betegellatas\/radiologia\/vizsgalat-kerese\/\" target=\"_blank\" rel=\"noopener noreferrer\">az al\u00e1bbi k\u00e9r\u0151lapot<\/a> k\u00e9rj\u00fck kit\u00f6lteni.<br \/>\nT\u00e9r\u00edt\u00e9ses szolg\u00e1ltat\u00e1sainkat is ig\u00e9nybe veheti, az el\u00e9rhet\u0151 vizsg\u00e1latokr\u00f3l a <a href=\"https:\/\/semmelweispremium.hu\/\">www.semmelweispremium.hu<\/a> weboldalon t\u00e1j\u00e9koz\u00f3dhat.<\/p>\n","protected":false},"author":101844,"featured_media":0,"parent":425,"menu_order":7,"comment_status":"closed","ping_status":"closed","template":"","meta":{"_acf_changed":false,"footnotes":""},"categories":[],"tags":[],"class_list":["post-437","page","type-page","status-publish","hentry"],"acf":[],"_links":{"self":[{"href":"https:\/\/semmelweis.hu\/varosmajor\/wp-json\/wp\/v2\/pages\/437","targetHints":{"allow":["GET"]}}],"collection":[{"href":"https:\/\/semmelweis.hu\/varosmajor\/wp-json\/wp\/v2\/pages"}],"about":[{"href":"https:\/\/semmelweis.hu\/varosmajor\/wp-json\/wp\/v2\/types\/page"}],"author":[{"embeddable":true,"href":"https:\/\/semmelweis.hu\/varosmajor\/wp-json\/wp\/v2\/users\/101844"}],"replies":[{"embeddable":true,"href":"https:\/\/semmelweis.hu\/varosmajor\/wp-json\/wp\/v2\/comments?post=437"}],"version-history":[{"count":11,"href":"https:\/\/semmelweis.hu\/varosmajor\/wp-json\/wp\/v2\/pages\/437\/revisions"}],"predecessor-version":[{"id":7195,"href":"https:\/\/semmelweis.hu\/varosmajor\/wp-json\/wp\/v2\/pages\/437\/revisions\/7195"}],"up":[{"embeddable":true,"href":"https:\/\/semmelweis.hu\/varosmajor\/wp-json\/wp\/v2\/pages\/425"}],"wp:attachment":[{"href":"https:\/\/semmelweis.hu\/varosmajor\/wp-json\/wp\/v2\/media?parent=437"}],"wp:term":[{"taxonomy":"category","embeddable":true,"href":"https:\/\/semmelweis.hu\/varosmajor\/wp-json\/wp\/v2\/categories?post=437"},{"taxonomy":"post_tag","embeddable":true,"href":"https:\/\/semmelweis.hu\/varosmajor\/wp-json\/wp\/v2\/tags?post=437"}],"curies":[{"name":"wp","href":"https:\/\/api.w.org\/{rel}","templated":true}]}}