{"id":435,"date":"2020-11-26T11:47:32","date_gmt":"2020-11-26T10:47:32","guid":{"rendered":"https:\/\/semmelweis.hu\/varosmajor\/?page_id=435"},"modified":"2024-11-06T10:56:45","modified_gmt":"2024-11-06T09:56:45","slug":"ct-labor","status":"publish","type":"page","link":"https:\/\/semmelweis.hu\/varosmajor\/gyogyitas\/radiologia\/ct-labor\/","title":{"rendered":"CT labor"},"content":{"rendered":"<h1 style=\"text-align: center\"><strong>CT-labor<\/strong><\/h1>\n<p style=\"text-align: justify\"><strong>Laborvezet\u0151:<\/strong> Dr. Jermendy \u00c1d\u00e1m PhD, egyetemi tan\u00e1rseg\u00e9d<\/p>\n<p style=\"text-align: justify\"><strong>El\u0151jegyz\u00e9si telefonsz\u00e1m:<\/strong> 06-1-458-6878<br \/>\n<strong>Lelettel kapcsolatos inform\u00e1ci\u00f3<\/strong>: 06-1-458-6863<\/p>\n<p style=\"text-align: justify\"><strong>CT-k\u00e9palkot\u00e1s a V\u00e1rosmajori Sz\u00edv- \u00e9s \u00c9rgy\u00f3gy\u00e1szati Klinik\u00e1n:<\/strong><\/p>\n<p style=\"text-align: justify\">A CT (computer tomogr\u00e1fia) r\u00f6ntgensugarak seg\u00edts\u00e9g\u00e9vel r\u00e9tegfelv\u00e9teleket k\u00e9sz\u00edt az emberi testr\u0151l, ami \u00e1ltal pontos k\u00e9pet kaphatunk a vizsg\u00e1lni k\u00edv\u00e1nt szervekr\u0151l. A k\u00fcl\u00f6nb\u00f6z\u0151 sz\u00f6vetek elt\u00e9r\u0151 sug\u00e1relnyel\u0151 k\u00e9pess\u00e9ggel rendelkeznek, ezt a tulajdons\u00e1got haszn\u00e1ljuk az egyes testr\u00e9szek megk\u00fcl\u00f6nb\u00f6ztet\u00e9s\u00e9re, valamint az esetleges elt\u00e9r\u00e9sek jellemz\u00e9s\u00e9re. Kontrasztanyag ad\u00e1s\u00e1val a sz\u00f6veti k\u00fcl\u00f6nbs\u00e9geket tudjuk m\u00e9g jobban meg\u00edt\u00e9lni, seg\u00edts\u00e9g\u00e9vel pontosabban el lehet k\u00fcl\u00f6n\u00edteni a k\u00f3ros k\u00e9pleteket az eg\u00e9szs\u00e9ges sz\u00f6vetekt\u0151l. Az \u00e9rk\u00e9pletek fest\u00e9se is kontrasztanyaggal t\u00f6rt\u00e9nik (ezt h\u00edvjuk angiogr\u00e1fi\u00e1nak), ez\u00e1ltal lehet meg\u00edt\u00e9lni az \u00e9rfali elt\u00e9r\u00e9seket, illetve sz\u0171k\u00fcletek vagy elz\u00e1r\u00f3d\u00e1sok jelenl\u00e9t\u00e9t. \u00d6sszess\u00e9g\u00e9ben elmondhat\u00f3, hogy a CT-technol\u00f3gia gyorsas\u00e1g\u00e1nak \u00e9s precizit\u00e1s\u00e1nak k\u00f6sz\u00f6nhet\u0151en ma m\u00e1r a rutin klinikai diagnosztika megker\u00fclhetetlen r\u00e9sze.<\/p>\n<p style=\"text-align: justify\">Int\u00e9zet\u00fcnkben jelenleg k\u00e9t CT-k\u00e9sz\u00fcl\u00e9k van klinikai haszn\u00e1latban.<\/p>\n<p style=\"text-align: justify\">A 2010 \u00f3ta m\u0171k\u00f6d\u0151 Phillips Brilliance iCT az orsz\u00e1g els\u0151 256-szeletes CT-je volt. Ezen a g\u00e9pen t\u00f6rt\u00e9nt orsz\u00e1gunkban a legt\u00f6bb sz\u00edv CT-vizsg\u00e1lat. Ezt a k\u00e9sz\u00fcl\u00e9ket v\u00e1ltotta 2023-ban a korszer\u0171 Siemens Somatom Force CT berendez\u00e9s, mely a mai ig\u00e9nyeket szolg\u00e1lja ki.<\/p>\n<p style=\"text-align: justify\"><span style=\"font-size: 1rem\">GE CardioGraphe g\u00e9p\u00fcnk &#8211; a sz\u00edv vizsg\u00e1lat\u00e1ra<\/span><\/p>\n<p style=\"text-align: justify\">M\u00e1sodik g\u00e9p\u00fcnk, a GE CardioGraphe 2018-ban ker\u00fclt klinik\u00e1nkra, a vil\u00e1gon ez volt a m\u00e1sodik telep\u00edtett ilyen berendez\u00e9s. Ez a g\u00e9p a vil\u00e1g els\u0151, kifejezetten a sz\u00edv \u00e9s az erek k\u00e9palkot\u00e1s\u00e1ra kifejlesztett berendez\u00e9se.<\/p>\n<p style=\"text-align: justify\">Mindk\u00e9t eszk\u00f6z egyar\u00e1nt k\u00e9pes az erek \u00e9s egy\u00e9b strukt\u00far\u00e1k gyors, nagy felbont\u00e1s\u00fa felv\u00e9telez\u00e9s\u00e9re, \u00e9s mindezt alacsony alkalmazott sug\u00e1rd\u00f3zis mellett tudjuk el\u00e9rni. A vizsg\u00e1latokat a V\u00e1rosmajori Sz\u00edv- \u00e9s \u00c9rgy\u00f3gy\u00e1szati Klinika\u00a0 K\u00e9palkot\u00f3 Diagnosztikai Profilj\u00e1nak szakk\u00e9pzett oper\u00e1torai \u00e9s orvosai v\u00e9gzik el, majd \u00e9rt\u00e9kelik.<\/p>\n<p style=\"text-align: justify\"><strong>Int\u00e9zet\u00fcnk diagnosztikai profilja:<\/strong><\/p>\n<p style=\"text-align: justify\">Klinik\u00e1nkon d\u00f6nt\u0151en sz\u00edv- \u00e9s \u00e9rrendszeri betegs\u00e9gek diagnosztik\u00e1j\u00e1val foglalkozunk, azonban a profil r\u00e9sz\u00e9t k\u00e9pezik egy\u00e9b vizsg\u00e1latok is (pl. onkol\u00f3giai vagy pulmonol\u00f3giai jelleg\u0171 k\u00e9palkot\u00f3 diagnosztika). A leggyakoribb k\u00e9palkot\u00e1si elj\u00e1r\u00e1sok a sz\u00edv, a koszor\u00faerek, a f\u0151ver\u0151\u00e9r (aorta), valamint a nyaki, agyi \u00e9s als\u00f3 v\u00e9gtagi ver\u0151erek lek\u00e9pez\u00e9s\u00e9t lehet\u0151v\u00e9 tev\u0151 vizsg\u00e1latok. Ezeket a legt\u00f6bb esetben kontrasztanyag bead\u00e1s\u00e1t k\u00f6vet\u0151en v\u00e9gezz\u00fck el, ami lehet\u0151v\u00e9 teszi a potenci\u00e1lis sz\u0171k\u00fcletek, t\u00e1gulatok, valamint egy\u00e9b szerkezeti elt\u00e9r\u00e9sek prec\u00edz \u00e9rt\u00e9kel\u00e9s\u00e9t. Mindemellett a CT sok esetben az els\u0151vonalbeli diagnosztikai modalit\u00e1s daganatos betegs\u00e9g gyan\u00faja eset\u00e9n, illetve ismert tumoros folyamatok eset\u00e9ben ut\u00e1nk\u00f6vet\u00e9sre, a kiterjed\u00e9s pontos meghat\u00e1roz\u00e1s\u00e1ra.<\/p>\n<p style=\"text-align: justify\">A mellkas s\u00fcrg\u0151ss\u00e9gi CT-vizsg\u00e1lata \u2013 a koszor\u00faerek, a kis- \u00e9s a nagyv\u00e9rk\u00f6r egyidej\u0171 \u00e1br\u00e1zol\u00e1sa h\u00e1rom dimenzi\u00f3ban<\/p>\n<p style=\"text-align: justify\"><strong>Ki k\u00e9rhet CT-vizsg\u00e1latot \u00d6nnek?<\/strong><\/p>\n<p style=\"text-align: justify\">CT-vizsg\u00e1latot szab\u00e1lyos, r\u00e9szletes szakorvosi beutal\u00f3 alapj\u00e1n v\u00e9gz\u00fcnk, kezel\u0151orvos\u00e1nak k\u00e9r\u00e9s\u00e9re. Ebben az esetben el\u0151jegyz\u00e9s alapj\u00e1n, t\u00e1rsadalombiztos\u00edt\u00e1s \u00e1ltal finansz\u00edrozva t\u00f6rt\u00e9nik a vizsg\u00e1lat. H\u00e1ziorvos nem jegyezhet el\u0151 beteget CT-vizsg\u00e1latra.<\/p>\n<p style=\"text-align: justify\">Int\u00e9zet\u00fcnkben lehet\u0151s\u00e9g van \u00f6nk\u00f6lts\u00e9ges finansz\u00edroz\u00e1s\u00fa koszor\u00fa\u00e9r-CT-vizsg\u00e1lat elv\u00e9gz\u00e9s\u00e9re is, mely esetben beutal\u00f3 nem sz\u00fcks\u00e9ges, de az al\u00e1bb r\u00e9szletezett el\u0151zetes megfontol\u00e1sok ugyan\u00fagy felt\u00e9telei a vizsg\u00e1latnak.<\/p>\n<p style=\"text-align: justify\"><strong>Mit hozzon mag\u00e1val a vizsg\u00e1latra:<\/strong><\/p>\n<p style=\"text-align: justify\">Szem\u00e9lyi azonos\u00edt\u00f3 okm\u00e1nyai, \u00edgy <strong>szem\u00e9lyi igazolv\u00e1nya, lakc\u00edmk\u00e1rty\u00e1ja, <\/strong>valamint <strong>TAJ-k\u00e1rty\u00e1ja<\/strong> sz\u00fcks\u00e9ges a megfelel\u0151 azonos\u00edt\u00e1shoz, ezeket a betegfelv\u00e9teli pultban \u00e9rkez\u00e9skor be kell mutatni. A vizsg\u00e1lat elv\u00e9gz\u00e9s\u00e9nek felt\u00e9tele, hogy rendelkez\u00e9s\u00fcnkre \u00e1ll a szakorvos \u00e1ltal hiteles\u00edtett <strong>beutal\u00f3<\/strong>, \u00edgy azt is mindenk\u00e9ppen hozza mag\u00e1val. Amennyiben kontrasztanyagos vizsg\u00e1latra \u00e9rkezik, \u00fagy fontos az aktu\u00e1lis vesefunkci\u00f3 ismerete. Mivel a kontrasztanyag a ves\u00e9n kereszt\u00fcl \u00fcr\u00fcl, a rossz vesefunkci\u00f3 a kontrasztanyag ad\u00e1s\u00e1nak ellenjavallat\u00e1t k\u00e9pezi, \u00edgy k\u00e9rj\u00fck, felt\u00e9tlen\u00fcl hozzon mag\u00e1val <strong>ismert vesebetegs\u00e9g eset\u00e9n 1 h\u00e9ten bel\u00fcli, m\u00e1sk\u00e9ppen 3 h\u00f3napn\u00e1l nem r\u00e9gebbi, vesefunkci\u00f3s eredm\u00e9nyt tartalmaz\u00f3 laborleletet.<\/strong> Mindemellett k\u00e9rj\u00fck, hogy minden<strong> l\u00e9nyeges kor\u00e1bbi lelet\u00e9t, ambul\u00e1ns lapj\u00e1t, illetve z\u00e1r\u00f3jelent\u00e9s\u00e9t<\/strong> hozza mag\u00e1val. Amennyiben <strong>kor\u00e1bban k\u00e9sz\u00fclt k\u00e9palkot\u00f3 vizsg\u00e1lat<\/strong> (CT vagy MR), \u00e9s err\u0151l rendelkez\u00e9sre \u00e1ll a k\u00e9panyag <strong>CD\/DVD<\/strong>-n, k\u00e9rj\u00fck, azt is mindenk\u00e9ppen hozza mag\u00e1val, hogy koll\u00e9g\u00e1ink a kor\u00e1bbi el\u0151zm\u00e9nyekkel \u00f6sszehasonl\u00edt\u00e1st tudjanak v\u00e9gezni.<\/p>\n<p style=\"text-align: justify\"><strong>Hogyan k\u00e9sz\u00fclj\u00f6n fel a vizsg\u00e1latra?<\/strong><\/p>\n<p style=\"text-align: justify\">Kontrasztanyagos vizsg\u00e1lat eset\u00e9n k\u00e9rj\u00fck, a vizsg\u00e1latot megel\u0151z\u0151 <strong>4 \u00f3r\u00e1ban tart\u00f3zkodjon megterhel\u0151 \u00e9telek fogyaszt\u00e1s\u00e1t\u00f3l.<\/strong> Kis adag, k\u00f6nny\u0171 \u00e9tel fogyaszt\u00e1sa a vizsg\u00e1lat el\u0151tt otthon\u00e1ban nem tilos, de a klinik\u00e1ra \u00e9rkez\u00e9s ut\u00e1n lehet\u0151s\u00e9g szerint tart\u00f3zkodjon az \u00e9tkez\u00e9st\u0151l (kis adag sz\u0151l\u0151cukor, keksz stb. sz\u00fcks\u00e9g eset\u00e9n itt is elfogyaszthat\u00f3). Kiemelend\u0151 a megfelel\u0151 folyad\u00e9kbevitel fontoss\u00e1ga, <strong>b\u0151s\u00e9gesen fogyasszon vizet<\/strong> a vizsg\u00e1lat el\u0151tt, valamint a vizsg\u00e1latot k\u00f6vet\u0151 1-2 nap sor\u00e1n.<\/p>\n<p style=\"text-align: justify\">Amennyiben \u00d6n cukorbeteg \u00e9s <strong>metformin<\/strong> hat\u00f3anyag\u00fa gy\u00f3gyszert szed (pl.: Metformin, Merckformin, Meforal), annak szed\u00e9s\u00e9t a <strong>CT-vizsg\u00e1lat el\u0151tt \u00e9s ut\u00e1n 2 nappal fel kell<\/strong> <strong>f\u00fcggeszteni. Egy\u00e9b<\/strong> rendszeresen szedett <strong>gy\u00f3gyszereit<\/strong> a megszokott el\u0151\u00edr\u00e1s szerint <strong>szedheti<\/strong> tov\u00e1bbra is.<\/p>\n<p style=\"text-align: justify\">Egyes hasi-kismedencei CT-vizsg\u00e1latot megel\u0151z\u0151en 1-1,5 liter v\u00edz, vagy hig\u00edtott kontrasztanyag elfogyaszt\u00e1sa lehet indokolt a belek pontos meg\u00edt\u00e9l\u00e9se \u00e9rdek\u00e9ben. A folyad\u00e9k bevitel\u00e9nek \u00fctem\u00e9r\u0151l inform\u00e1ljuk \u00d6nt, k\u00e9rj\u00fck, ezt minden esetben tartsa be.<\/p>\n<p style=\"text-align: justify\">\u00c9rdemes olvasnival\u00f3val is k\u00e9sz\u00fclni az esetleges hosszabb v\u00e1rakoz\u00e1si id\u0151k eset\u00e9re. Int\u00e9zet\u00fcnkben akut betegek ell\u00e1t\u00e1sa is folyamatosan zajlik, a vizsg\u00e1latok sok esetben nem \u00e9rkez\u00e9si sorrendben t\u00f6rt\u00e9nnek. <strong>A k\u00f3rh\u00e1zban fekv\u0151 p\u00e1ciensek, illetve ment\u0151vel \u00e9rkez\u0151 betegek vizsg\u00e1lata minden esetben els\u0151bbs\u00e9get \u00e9lvez.<\/strong> K\u00e9rj\u00fck, t\u00fcrelemmel forduljon a klinika munkat\u00e1rsaihoz. Meg\u00e9rt\u00e9s\u00e9t k\u00f6sz\u00f6nj\u00fck!<\/p>\n<p style=\"text-align: justify\"><strong>Speci\u00e1lis megfontol\u00e1sok koszor\u00fa\u00e9r-CT eset\u00e9ben:<\/strong><\/p>\n<p style=\"text-align: justify\">Koszor\u00fa\u00e9r-CT eset\u00e9ben az optim\u00e1lis k\u00e9pmin\u0151s\u00e9g el\u00e9r\u00e9s\u00e9nek elengedhetetlen felt\u00e9tele a kell\u0151en alacsony (\u226460\/perc) sz\u00edvfrekvencia. Ennek \u00e9rdek\u00e9ben sz\u00fcks\u00e9g eset\u00e9n tablett\u00e1s\/intrav\u00e9n\u00e1s pulzussz\u00e1m-cs\u00f6kkent\u0151 gy\u00f3gyszer ad\u00e1sa el\u0151zheti meg a k\u00e9palkot\u00e1st. Az ide\u00e1lis pulzussz\u00e1m mihamarabbi el\u00e9r\u00e9s\u00e9nek \u00e9rdek\u00e9ben k\u00e9rj\u00fck, hogy a vizsg\u00e1lat napj\u00e1n <strong>minden olyan term\u00e9k fogyaszt\u00e1s\u00e1t mell\u0151zze, amely a sz\u00edvfrekvenci\u00e1t n\u00f6veli<\/strong> (k\u00e1v\u00e9, energiaital, tea, cigaretta). Mivel a pulzussz\u00e1m-cs\u00f6kkent\u0151 gy\u00f3gyszerek hat\u00e1sukat 1-2 \u00f3ra alatt fejtik ki, jelent\u0151sebb v\u00e1rakoz\u00e1si id\u0151k is el\u0151fordulhatnak. A sz\u00edv-CT-vizsg\u00e1lat maga hozz\u00e1vet\u0151leg 20 percet vesz ig\u00e9nybe. Vizsg\u00e1lat k\u00f6zben m\u00e9g tov\u00e1bbi pulzuscs\u00f6kkent\u0151 gy\u00f3gyszer ad\u00e1s\u00e1ra ker\u00fclhet sor, ami ny\u00fajthatja a vizsg\u00e1lat idej\u00e9t. A legt\u00f6bb esetben a p\u00e1ciensek nyelve al\u00e1 \u00e9rt\u00e1g\u00edt\u00f3 sprayt is adagolunk, mely a koszor\u00faerek pontosabb meg\u00edt\u00e9l\u00e9se c\u00e9lj\u00e1b\u00f3l sz\u00fcks\u00e9ges. A vizsg\u00e1latot k\u00f6vet\u0151en kb. 20-30 percet m\u00e9g a v\u00e1r\u00f3teremben kell v\u00e1rakoznia (esetlegesen jelentkez\u0151 gy\u00f3gyszermell\u00e9khat\u00e1si reakci\u00f3k kiz\u00e1r\u00e1s\u00e1nak \u00e9rdek\u00e9ben), ezut\u00e1n engedj\u00fck otthon\u00e1ba egy kontroll v\u00e9rnyom\u00e1sm\u00e9r\u00e9st k\u00f6vet\u0151en. \u00d6sszess\u00e9g\u00e9ben k\u00e9rj\u00fck, hogy egy f\u00e9l napot sz\u00e1njon a vizsg\u00e1latra!<\/p>\n<p style=\"text-align: justify\"><strong>Milyen kock\u00e1zattal j\u00e1r a CT-vizsg\u00e1lat?<\/strong><\/p>\n<p style=\"text-align: justify\">A folyamatos technikai fejl\u0151d\u00e9snek k\u00f6sz\u00f6nhet\u0151en a CT-vizsg\u00e1lattal j\u00e1r\u00f3 sug\u00e1rterhel\u00e9s egyre alacsonyabb, azonban tov\u00e1bbra sem elhanyagolhat\u00f3 m\u00e9rt\u00e9k\u0171. \u00c9ppen ez\u00e9rt v\u00e1rand\u00f3ss\u00e1g eset\u00e9n a vizsg\u00e1lat elv\u00e9gz\u00e9se \u00e1ltal\u00e1ban kontraindik\u00e1lt, m\u00edg fiatal korban csak kifejezetten indokolt esetben, alternat\u00edv diagnosztikai lehet\u0151s\u00e9gek hi\u00e1ny\u00e1ban v\u00e9gz\u00fcnk CT-diagnosztik\u00e1t. A kontrasztanyag ad\u00e1s\u00e1val kapcsolatosan ugyan ritk\u00e1n, de el\u0151fordulhat allergi\u00e1s reakci\u00f3. Ez leggyakrabban enyhe b\u0151rki\u00fct\u00e9s, viszket\u00e9s form\u00e1j\u00e1ban jelentkezik, \u00e9s r\u00f6vid id\u0151 alatt elm\u00falik. Nagyon ritk\u00e1n el\u0151fordulhat, hogy er\u0151sebb rosszull\u00e9t, t\u00edpusos allergi\u00e1s t\u00fcnetek (pl. neh\u00e9zl\u00e9gz\u00e9s, nyelv-\/ajakduzzanat, intenz\u00edv viszket\u0151 \u00e9rz\u00e9s) jelentkeznek; ilyen esetben azonnal \u00e9rtes\u00edtse a vizsg\u00e1latot v\u00e9gz\u0151 szem\u00e9lyzetet. Amennyiben kor\u00e1bban j\u00f3dtartalm\u00fa kontrasztanyag ad\u00e1s\u00e1t k\u00f6vet\u0151en allergi\u00e1s reakci\u00f3t \u00e9szlelt, azt mindenk\u00e9ppen jelezze beutal\u00f3 kezel\u0151orvos\u00e1nak, valamint a vizsg\u00e1latot v\u00e9gz\u0151 szem\u00e9lyzetnek! Ugyanakkor felh\u00edvjuk figyelm\u00e9t arra, hogy a kontrasztanyag-\u00e9rz\u00e9kenys\u00e9g nem egyenl\u0151 a j\u00f3d\u00e9rz\u00e9kenys\u00e9ggel, j\u00f3dos b\u0151rfert\u0151tlen\u00edt\u0151 kapcs\u00e1n kor\u00e1bban jelentkez\u0151 allergi\u00e1s reakci\u00f3 eset\u00e9n j\u00f3dtartalm\u00fa kontrasztanyag \u00e1ltal\u00e1ban biztons\u00e1ggal adhat\u00f3.<\/p>\n<p style=\"text-align: justify\"><strong>Hogyan zajlik a vizsg\u00e1lat?<\/strong><\/p>\n<p style=\"text-align: justify\">Amennyiben kontrasztanyag ad\u00e1sa sz\u00fcks\u00e9ges, \u00fagy \u2013 miut\u00e1n \u00d6n a vizsg\u00e1l\u00f3asztalon k\u00e9nyelmesen elhelyezkedett \u2013 el\u0151sz\u00f6r egy kan\u00fclt helyez\u00fcnk be egy alkari v\u00e9n\u00e1j\u00e1ba. Egyes vizsg\u00e1latokhoz EKG-elektr\u00f3d\u00e1kat is felhelyez\u00fcnk a fels\u0151test\u00e9re. A CT alapvet\u0151en nem egy z\u00e1rt g\u00e9p, \u00d6n egy keskeny, k\u00f6r alak\u00fa berendez\u00e9sben fekszik, mely a tapasztalatok szerint a legt\u00f6bb esetben nem jelent klausztrof\u00f3bi\u00e1t kiv\u00e1lt\u00f3 \u00e9lm\u00e9nyt. M\u0171k\u00f6d\u00e9s k\u00f6zben a CT \u00e1tmenetileg hangos, tov\u00e1bb\u00e1 az asztal a felv\u00e9telez\u00e9s idej\u00e9n kis m\u00e9rt\u00e9k\u0171 hosszanti mozg\u00e1st v\u00e9gez, ezekt\u0151l ne ijedjen meg. A megfelel\u0151 k\u00e9pmin\u0151s\u00e9g el\u00e9r\u00e9se \u00e9rdek\u00e9ben k\u00e9rj\u00fck, hogy a m\u00e9r\u00e9s p\u00e1r m\u00e1sodperce alatt tartsa vissza l\u00e9legzet\u00e9t, illetve ne mozogjon. Erre a megfelel\u0151 id\u0151ben hangsz\u00f3r\u00f3n kereszt\u00fcl fogjuk felsz\u00f3l\u00edtani. A tudnival\u00f3kat, illetve a sz\u00fcks\u00e9ges tennival\u00f3kat a vizsg\u00e1latot megel\u0151z\u0151en is megbesz\u00e9lj\u00fck \u00d6nnel.<\/p>\n<p style=\"text-align: justify\"><strong>Mikorra k\u00e9sz\u00fcl el a lelet?<\/strong><\/p>\n<p style=\"text-align: justify\">A felv\u00e9teleket koll\u00e9g\u00e1ink 10 munkanapon bel\u00fcl elemzik ki, ezt k\u00f6vet\u0151en felt\u00f6ltik az EESZT fel\u00fcletre, ahol \u00d6n is meg tudja tekinteni. Tov\u00e1bb\u00e1 az \u00d6n \u00e1ltal megadott e-mail c\u00edmre e-mail-t is kap t\u0151l\u00fcnk, melyben szint\u00e9n megtal\u00e1lhat\u00f3 a lelet. A lelet v\u00e9g\u00e9n tal\u00e1lhat\u00f3 inform\u00e1ci\u00f3k (azonos\u00edt\u00f3, bel\u00e9p\u00e9si k\u00f3d) seg\u00edts\u00e9g\u00e9vel online fel\u00fcleten<span style=\"font-size: 1rem\">\u00a0(<\/span><span style=\"font-size: 1rem\">leletek.semmelweis.hu) <\/span><span style=\"font-size: 1rem\">megtekinthet\u0151 az elk\u00e9sz\u00fclt k\u00e9panyag. Ezen a fel\u00fcleten 60 napig \u00e9rhet\u0151 el a f\u00e1jlok.\u00a0<\/span><\/p>\n<p style=\"text-align: justify\"><span style=\"font-size: 1rem\">Internettel nem rendelkez\u0151 betegeinknek sz\u00fcks\u00e9g eset\u00e9n a leletet \u00e9s a k\u00e9panyagot tartalmaz\u00f3 CD-t k\u00fcl\u00f6n k\u00e9r\u00e9sre tudjuk biztos\u00edtani. Ilyen esetben a lelet \u00e9s a CD a betegfelv\u00e9teli pultban csak el\u0151zetes megbesz\u00e9l\u00e9s alapj\u00e1n vehet\u0151 \u00e1t. <\/span><span style=\"font-size: 1rem\">Vid\u00e9ken \u00e9l\u0151 p\u00e1ciensek sz\u00e1m\u00e1ra lehet\u0151s\u00e9g van az eredm\u00e9ny post\u00e1z\u00e1s\u00e1ra is, ebben az esetben azonban hosszabb v\u00e1rakoz\u00e1si id\u0151vel kell sz\u00e1molni.<\/span><\/p>\n<p style=\"text-align: justify\">A leletekkel kapcsolatban a lelet@semmelweis.hu e-mailre \u00edrhatnak vagy a +36 1\/458 68 63-as telefonsz\u00e1mot h\u00edvhatj\u00e1k.\u00a0<\/p>\n<p style=\"text-align: justify\">R\u00f6vid\u00edtett hat\u00e1ridej\u0171 leletkiad\u00e1s csak abban az esetben lehets\u00e9ges, ha azt a vizsg\u00e1l\u00f3 orvossal egyeztett\u00e9k.\u00a0<\/p>\n","protected":false},"excerpt":{"rendered":"<p>CT-labor Laborvezet\u0151: Dr. Jermendy \u00c1d\u00e1m PhD, egyetemi tan\u00e1rseg\u00e9d El\u0151jegyz\u00e9si telefonsz\u00e1m: 06-1-458-6878 Lelettel kapcsolatos inform\u00e1ci\u00f3: 06-1-458-6863 CT-k\u00e9palkot\u00e1s a V\u00e1rosmajori Sz\u00edv- \u00e9s \u00c9rgy\u00f3gy\u00e1szati Klinik\u00e1n: A CT (computer tomogr\u00e1fia) r\u00f6ntgensugarak seg\u00edts\u00e9g\u00e9vel r\u00e9tegfelv\u00e9teleket k\u00e9sz\u00edt az emberi testr\u0151l, ami \u00e1ltal pontos k\u00e9pet kaphatunk a vizsg\u00e1lni k\u00edv\u00e1nt szervekr\u0151l. A k\u00fcl\u00f6nb\u00f6z\u0151 sz\u00f6vetek elt\u00e9r\u0151 sug\u00e1relnyel\u0151 k\u00e9pess\u00e9ggel rendelkeznek, ezt a tulajdons\u00e1got haszn\u00e1ljuk az egyes &hellip;<\/p>\n","protected":false},"author":101737,"featured_media":0,"parent":425,"menu_order":2,"comment_status":"closed","ping_status":"closed","template":"","meta":{"_acf_changed":false,"footnotes":""},"categories":[],"tags":[],"class_list":["post-435","page","type-page","status-publish","hentry"],"acf":[],"_links":{"self":[{"href":"https:\/\/semmelweis.hu\/varosmajor\/wp-json\/wp\/v2\/pages\/435","targetHints":{"allow":["GET"]}}],"collection":[{"href":"https:\/\/semmelweis.hu\/varosmajor\/wp-json\/wp\/v2\/pages"}],"about":[{"href":"https:\/\/semmelweis.hu\/varosmajor\/wp-json\/wp\/v2\/types\/page"}],"author":[{"embeddable":true,"href":"https:\/\/semmelweis.hu\/varosmajor\/wp-json\/wp\/v2\/users\/101737"}],"replies":[{"embeddable":true,"href":"https:\/\/semmelweis.hu\/varosmajor\/wp-json\/wp\/v2\/comments?post=435"}],"version-history":[{"count":10,"href":"https:\/\/semmelweis.hu\/varosmajor\/wp-json\/wp\/v2\/pages\/435\/revisions"}],"predecessor-version":[{"id":5917,"href":"https:\/\/semmelweis.hu\/varosmajor\/wp-json\/wp\/v2\/pages\/435\/revisions\/5917"}],"up":[{"embeddable":true,"href":"https:\/\/semmelweis.hu\/varosmajor\/wp-json\/wp\/v2\/pages\/425"}],"wp:attachment":[{"href":"https:\/\/semmelweis.hu\/varosmajor\/wp-json\/wp\/v2\/media?parent=435"}],"wp:term":[{"taxonomy":"category","embeddable":true,"href":"https:\/\/semmelweis.hu\/varosmajor\/wp-json\/wp\/v2\/categories?post=435"},{"taxonomy":"post_tag","embeddable":true,"href":"https:\/\/semmelweis.hu\/varosmajor\/wp-json\/wp\/v2\/tags?post=435"}],"curies":[{"name":"wp","href":"https:\/\/api.w.org\/{rel}","templated":true}]}}