{"id":433,"date":"2020-11-26T11:46:13","date_gmt":"2020-11-26T10:46:13","guid":{"rendered":"https:\/\/semmelweis.hu\/varosmajor\/?page_id=433"},"modified":"2026-04-15T13:43:16","modified_gmt":"2026-04-15T11:43:16","slug":"aorta-centrum","status":"publish","type":"page","link":"https:\/\/semmelweis.hu\/varosmajor\/gyogyitas\/radiologia\/aorta-centrum\/","title":{"rendered":"Aortacentrum"},"content":{"rendered":"<p style=\"text-align: justify\">2020 tavasz\u00e1n Klinik\u00e1nkon megalakult haz\u00e1nk els\u0151 aorta munkacsoportja, a Semmelweis Aortacentrum.<\/p>\n<p style=\"text-align: justify\">Klinik\u00e1nk az egyetlen olyan eg\u00e9szs\u00e9g\u00fcgyi ell\u00e1t\u00f3hely haz\u00e1nkban, ahol az aortabetegs\u00e9gek teljes spektruma ell\u00e1that\u00f3 az aortabillenty\u0171t\u0151l az iliaca bifurk\u00e1ci\u00f3ig, bele\u00e9rtve a klasszikus \u00e9s modern nyitott m\u0171t\u00e9teket, a leg\u00fajabb endovaszkul\u00e1ris lehet\u0151s\u00e9geket, illetve az ezeket \u00f6tv\u00f6z\u0151 hibrid technik\u00e1kat. A klinik\u00e1n t\u00f6rt\u00e9nik haz\u00e1nk legnagyobb esetsz\u00e1m\u00fa aortabeteg ell\u00e1t\u00e1sa. Kiemelked\u0151 esetsz\u00e1mban v\u00e9gz\u00fcnk:<\/p>\n<ul style=\"text-align: justify\">\n<li>nyitott aortagy\u00f6ki m\u0171t\u00e9tet (pl. Bentall-m\u0171t\u00e9t)<\/li>\n<li>aortabillenty\u0171 m\u0171t\u00e9tet nyitott \u00e9s kat\u00e9teres \u00faton (TAVI)<\/li>\n<li>aorta\u00edv cser\u00e9t hagyom\u00e1nyos, \u201eelephant trunk\u201d, ill. \u201efrozen elephant trunk\u201d technik\u00e1val<\/li>\n<li>aorta descendens m\u0171t\u00e9tet nyitott \u00e9s endovaszkul\u00e1ris technik\u00e1val<\/li>\n<li>thoracoabdominalis m\u0171t\u00e9tet nyitott \u00e9s endovaszkul\u00e1ris technik\u00e1val<\/li>\n<li>hasi aorta m\u0171t\u00e9tet nyitott \u00e9s endovaszkul\u00e1ris technik\u00e1val<\/li>\n<li>az iliaca bifurk\u00e1ci\u00f3t \u00e9rint\u0151 m\u0171t\u00e9tet nyitott \u00e9s endovaszkul\u00e1ris technik\u00e1val<\/li>\n<li>sz\u00edvtranszplant\u00e1ci\u00f3t, melynek tekintet\u00e9ben esetsz\u00e1mot tekintve Eur\u00f3pa m\u00e1sodik legnagyobb centruma vagyunk<\/li>\n<li>kor\u00e1bbi endovaszkul\u00e1ris aortam\u0171t\u00e9tek ut\u00e1na kialakul\u00f3 sz\u00f6v\u0151dm\u00e9nyek m\u0171t\u00e9tj\u00e9t endovaszkul\u00e1ris \u00e9s nyitott technik\u00e1val<\/li>\n<li>k\u00f6t\u0151sz\u00f6veti betegs\u00e9g (pl. Marfan-szindr\u00f3ma) kapcs\u00e1n kialakult aortabetegs\u00e9g miatti nyitott \u00e9s endovaszkul\u00e1ris m\u0171t\u00e9tet \u2013 a klinika haz\u00e1nk legnagyobb tapasztalat\u00fa Marfan-centruma<\/li>\n<\/ul>\n<p style=\"text-align: justify\">Munkacsoportunk tagjai:<\/p>\n<p style=\"text-align: justify\">Dr. Banga P\u00e9ter \u2013 \u00e9rseb\u00e9sz<\/p>\n<p style=\"text-align: justify\">Dr. Borzs\u00e1k Sarolta \u2013 radiol\u00f3gus szakorvos<\/p>\n<p style=\"text-align: justify\">Dr. Csik\u00f3s Gergely \u2013 aneszteziol\u00f3gus \u00e9s intenz\u00edv terapeuta<\/p>\n<p style=\"text-align: justify\">Dr. Csobay-Nov\u00e1k Csaba \u2013 intervenci\u00f3s radiol\u00f3gus, t\u00e1rseln\u00f6k<\/p>\n<p style=\"text-align: justify\">Dr. Fontanini Daniele Mariastefano<\/p>\n<p style=\"text-align: justify\">Dr. P\u00f3los Mikl\u00f3s \u2013 sz\u00edvseb\u00e9sz, t\u00e1rseln\u00f6k<\/p>\n<p style=\"text-align: justify\">Dr. S\u00f3tonyi P\u00e9ter \u2013 \u00e9rseb\u00e9sz<\/p>\n<p style=\"text-align: justify\">Dr. Szabolcs Zolt\u00e1n \u2013 sz\u00edvseb\u00e9sz<\/p>\n<p style=\"text-align: justify\">Dr. Szeberin Zolt\u00e1n \u2013 \u00e9rseb\u00e9sz, t\u00e1rseln\u00f6k<\/p>\n<p style=\"text-align: justify\">B\u0151vebb inform\u00e1ci\u00f3:<\/p>\n<p style=\"text-align: justify\"><a href=\"http:\/\/fb.com\/semmelweisaortic\" target=\"_blank\" rel=\"noopener noreferrer\">Facebook oldalunk<\/a><\/p>\n<p style=\"text-align: justify\">\u00a0<\/p>\n","protected":false},"excerpt":{"rendered":"<p>2020 tavasz\u00e1n Klinik\u00e1nkon megalakult haz\u00e1nk els\u0151 aorta munkacsoportja, a Semmelweis Aortacentrum. Klinik\u00e1nk az egyetlen olyan eg\u00e9szs\u00e9g\u00fcgyi ell\u00e1t\u00f3hely haz\u00e1nkban, ahol az aortabetegs\u00e9gek teljes spektruma ell\u00e1that\u00f3 az aortabillenty\u0171t\u0151l az iliaca bifurk\u00e1ci\u00f3ig, bele\u00e9rtve a klasszikus \u00e9s modern nyitott m\u0171t\u00e9teket, a leg\u00fajabb endovaszkul\u00e1ris lehet\u0151s\u00e9geket, illetve az ezeket \u00f6tv\u00f6z\u0151 hibrid technik\u00e1kat. A klinik\u00e1n t\u00f6rt\u00e9nik haz\u00e1nk legnagyobb esetsz\u00e1m\u00fa aortabeteg ell\u00e1t\u00e1sa. Kiemelked\u0151 &hellip;<\/p>\n","protected":false},"author":101844,"featured_media":0,"parent":425,"menu_order":1,"comment_status":"closed","ping_status":"closed","template":"","meta":{"_acf_changed":false,"footnotes":""},"categories":[],"tags":[],"class_list":["post-433","page","type-page","status-publish","hentry"],"acf":[],"_links":{"self":[{"href":"https:\/\/semmelweis.hu\/varosmajor\/wp-json\/wp\/v2\/pages\/433","targetHints":{"allow":["GET"]}}],"collection":[{"href":"https:\/\/semmelweis.hu\/varosmajor\/wp-json\/wp\/v2\/pages"}],"about":[{"href":"https:\/\/semmelweis.hu\/varosmajor\/wp-json\/wp\/v2\/types\/page"}],"author":[{"embeddable":true,"href":"https:\/\/semmelweis.hu\/varosmajor\/wp-json\/wp\/v2\/users\/101844"}],"replies":[{"embeddable":true,"href":"https:\/\/semmelweis.hu\/varosmajor\/wp-json\/wp\/v2\/comments?post=433"}],"version-history":[{"count":10,"href":"https:\/\/semmelweis.hu\/varosmajor\/wp-json\/wp\/v2\/pages\/433\/revisions"}],"predecessor-version":[{"id":15803,"href":"https:\/\/semmelweis.hu\/varosmajor\/wp-json\/wp\/v2\/pages\/433\/revisions\/15803"}],"up":[{"embeddable":true,"href":"https:\/\/semmelweis.hu\/varosmajor\/wp-json\/wp\/v2\/pages\/425"}],"wp:attachment":[{"href":"https:\/\/semmelweis.hu\/varosmajor\/wp-json\/wp\/v2\/media?parent=433"}],"wp:term":[{"taxonomy":"category","embeddable":true,"href":"https:\/\/semmelweis.hu\/varosmajor\/wp-json\/wp\/v2\/categories?post=433"},{"taxonomy":"post_tag","embeddable":true,"href":"https:\/\/semmelweis.hu\/varosmajor\/wp-json\/wp\/v2\/tags?post=433"}],"curies":[{"name":"wp","href":"https:\/\/api.w.org\/{rel}","templated":true}]}}