{"id":425,"date":"2020-11-26T11:31:45","date_gmt":"2020-11-26T10:31:45","guid":{"rendered":"https:\/\/semmelweis.hu\/varosmajor\/?page_id=425"},"modified":"2025-06-17T14:56:43","modified_gmt":"2025-06-17T12:56:43","slug":"radiologia","status":"publish","type":"page","link":"https:\/\/semmelweis.hu\/varosmajor\/gyogyitas\/radiologia\/","title":{"rendered":"Radiol\u00f3gia"},"content":{"rendered":"            <div class=\"qae-faqs-container qae-faqs-toggle-container\">\n\t\t\t\t\t\t\t<ul class=\"qe-faqs-filters-container\">\n\t\t\t\t<li class=\"active\"><a class=\"qe-faqs-filter all-faqs\" href=\"#\" data-filter=\"*\">All<\/a><\/li>\n\t\t\t\t<li><a class=\"qe-faqs-filter\" href=\"#radiologia-altalanos-informaciok\" data-filter=\".radiologia-altalanos-informaciok\">Radiol\u00f3gia \u00e1ltal\u00e1nos inform\u00e1ci\u00f3k<\/a><\/li>\t\t\t<\/ul>\n\t\t\t\t\t<div id=\"qaef-10399\" class=\"qe-faq-toggle radiologia-altalanos-informaciok\">\n\t\t\t<div class=\"qe-toggle-title\">\n\t\t\t\t<h4>\n\t\t\t\t\t<i class=\"fa fa-minus-circle\"><\/i> T\u00f6rt\u00e9net\t\t\t\t<\/h4>\n\t\t\t<\/div>\n\t\t\t<div class=\"qe-toggle-content\">\n\t\t\t\t<p style=\"text-align: justify\">K\u00e9palkot\u00f3 r\u00e9szleg\u00fcnk r\u00e9szletes t\u00f6rt\u00e9net\u00e9t 2012-ig az int\u00e9zm\u00e9ny 100 \u00e9ves \u00e9vfordul\u00f3j\u00e1ra megjelent kiadv\u00e1nyunkban olvashatj\u00e1k: <span style=\"color: #ff0000\">https:\/\/issuu.com\/vszek\/docs\/a-varosmajori-klinika-elso-100-eve-\/176<\/span><\/p>\n<p style=\"text-align: justify\">G\u00e9pparkunk az az\u00f3ta eltelt n\u00e9h\u00e1ny \u00e9vben is jelent\u0151sen fejl\u0151d\u00f6tt. 2018 janu\u00e1rj\u00e1ban int\u00e9zet\u00fcnk egy m\u00e1sodik CT berendez\u00e9ssel gyarapodott. A GE CardioGraphe berendez\u00e9s a vil\u00e1g els\u0151, kifejezetten a sz\u00edv vizsg\u00e1lat\u00e1ra tervezett CT berendez\u00e9se, melynek egyik protot\u00edpus\u00e1t a vil\u00e1gon m\u00e1sodikk\u00e9nt Klinik\u00e1nkon telep\u00edtett\u00e9k. Napjainkban l\u00e9nyeg\u00e9ben az \u00f6sszes sz\u00edv CT vizsg\u00e1latot ezen a berendez\u00e9sen v\u00e9gezz\u00fck, a kor\u00e1bbiakhoz k\u00e9pest alacsonyabb sug\u00e1rd\u00f3zis alkalmaz\u00e1s\u00e1val, jobb k\u00e9pmin\u0151s\u00e9get el\u00e9rve.<\/p>\n<p style=\"text-align: justify\">2019 \u00e9v elej\u00e9n H\u00fcttl K\u00e1lm\u00e1n professzor hal\u00e1l\u00e1val k\u00e9nyszer\u0171 strukt\u00farav\u00e1lt\u00e1s t\u00f6rt\u00e9nt. A CT, MR, r\u00f6ntgen \u00e9s ultrahang modalit\u00e1sok a Noninvaz\u00edv K\u00e9palkot\u00f3 Diagnosztikai r\u00e9szleg l\u00e9trej\u00f6tt\u00e9vel Csobay-Nov\u00e1k Csaba vezet\u00e9s\u00e9vel, az intervenci\u00f3s labor Nemes Bal\u00e1zs r\u00e9szlegvezet\u0151 ir\u00e1ny\u00edt\u00e1s\u00e1val m\u0171k\u00f6dik tov\u00e1bb.<\/p>\n<p style=\"text-align: justify\">2019 tavasz\u00e1n klinik\u00e1nk MR berendez\u00e9s\u00e9nek tervezett cser\u00e9je t\u00f6rt\u00e9nt meg. \u00daj g\u00e9p\u00fcnk, a Siemens Magnetom Aera 1,5T a leg\u00fajabb, sz\u00edv-\u00e9rrendszeri vizsg\u00e1latok elv\u00e9gz\u00e9s\u00e9re is alkalmas, modern berendez\u00e9s.<\/p>\n<p style=\"text-align: justify\">2020 \u0151sz\u00e9n a V\u00e1rosmajori Sz\u00edv- \u00e9s \u00c9rgy\u00f3gy\u00e1szati Klinika szervezeti egys\u00e9gek\u00e9nt l\u00e9trej\u00f6tt az Intervenci\u00f3s Radiol\u00f3giai Tansz\u00e9k, melynek tansz\u00e9kvezet\u0151je Nemes Bal\u00e1zs.<\/p>\n\t\t\t<\/div>\n\t\t<\/div>\n\t\t\t\t<div id=\"qaef-10398\" class=\"qe-faq-toggle radiologia-altalanos-informaciok\">\n\t\t\t<div class=\"qe-toggle-title\">\n\t\t\t\t<h4>\n\t\t\t\t\t<i class=\"fa fa-minus-circle\"><\/i> Vezet\u0151s\u00e9g\t\t\t\t<\/h4>\n\t\t\t<\/div>\n\t\t\t<div class=\"qe-toggle-content\">\n\t\t\t\t<ul>\n<li><a href=\"https:\/\/semmelweis.hu\/telefonkonyv\/?emp_id=16939\" target=\"_blank\" rel=\"noopener\">Dr. Csobay-Nov\u00e1k Csaba PhD<\/a><\/li>\n<\/ul>\n<p>profilvezet\u0151<\/p>\n<p>K\u00e9palkot\u00f3 Diagnosztikai Profil<\/p>\n<p>Email: major.rad@semmelweis.hu<\/p>\n<p>Telefonsz\u00e1m: 06-1-458-68-70<\/p>\n<p>&nbsp;<\/p>\n<ul>\n<li><a href=\"https:\/\/semmelweis.hu\/telefonkonyv\/?emp_id=6446\" target=\"_blank\" rel=\"noopener\">Dr. Nemes Bal\u00e1zs PhD<\/a> <br \/>\nangiogr\u00e1fi\u00e1s laborvezet\u0151<\/li>\n<\/ul>\n<p>&nbsp;<\/p>\n<ul>\n<li><a href=\"https:\/\/semmelweis.hu\/telefonkonyv\/?emp_id=17756\" target=\"_blank\" rel=\"noopener\">Dr. Jermendy \u00c1d\u00e1m Levente PhD<\/a> <br \/>\nprofilvezet\u0151-helyettes, CT-laborvezet\u0151<\/li>\n<\/ul>\n<p>&nbsp;<\/p>\n<ul>\n<li><a href=\"https:\/\/semmelweis.hu\/telefonkonyv\/?emp_id=14722\">Dr. Fontanini Daniele Mariastefano PhD<\/a><\/li>\n<\/ul>\n<p>\u00a0 \u00a0 \u00a0 \u00a0 profilvezet\u0151-helyettes<\/p>\n<p>&nbsp;<\/p>\n<ul>\n<li><a href=\"https:\/\/semmelweis.hu\/telefonkonyv\/?emp_id=16967\" target=\"_blank\" rel=\"noopener\">Dr. Suhai Ferenc Imre PhD<\/a> <br \/>\nMR-laborvezet\u0151<\/li>\n<\/ul>\n<p>&nbsp;<\/p>\n<ul>\n<li><a href=\"https:\/\/semmelweis.hu\/telefonkonyv\/?emp_id=16965\" target=\"_blank\" rel=\"noopener\">Dr. D\u00f3sa Edit PhD<\/a>\n<p>vaszkul\u00e1ris UH-laborvezet\u0151, tansz\u00e9kvezet\u0151,\u00a0<\/p>\n<\/li>\n<\/ul>\n<p style=\"padding-left: 40px\">Intervenci\u00f3s Radiol\u00f3gai Tansz\u00e9k<\/p>\n<p>&nbsp;<\/p>\n<ul>\n<li><a href=\"https:\/\/semmelweis.hu\/telefonkonyv\/?emp_id=16966\" target=\"_blank\" rel=\"noopener\">Dr. Panajotu Alexisz<\/a> <br \/>\nr\u00f6ntgen-laborvezet\u0151<\/li>\n<\/ul>\n<p>&nbsp;<\/p>\n<ul>\n<li>K\u00f3sn\u00e9 Teleki Bernadett<br \/>\nvezet\u0151 asszisztens<\/li>\n<\/ul>\n\t\t\t<\/div>\n\t\t<\/div>\n\t\t\t\t<div id=\"qaef-10397\" class=\"qe-faq-toggle radiologia-altalanos-informaciok\">\n\t\t\t<div class=\"qe-toggle-title\">\n\t\t\t\t<h4>\n\t\t\t\t\t<i class=\"fa fa-minus-circle\"><\/i> Orvosaink\t\t\t\t<\/h4>\n\t\t\t<\/div>\n\t\t\t<div class=\"qe-toggle-content\">\n\t\t\t\t<p>R\u00e9szlegeinken dolgoz\u00f3 orvosaink (friss\u00edtve: 2025. j\u00fanius)<\/p>\n<p>Dr. Bal\u00e1zs Gy\u00f6rgy \u2013 radiol\u00f3gus szakorvos<\/p>\n<p>Dr. B\u00e9rczi \u00c1kos PhD \u2013 radiol\u00f3gus szakorvos<\/p>\n<p>Dr. Borzs\u00e1k Sarolta PhD \u2013 radiol\u00f3gus szakorvos<\/p>\n<p>Dr. Boussoussou Melinda PhD \u2013 kardiol\u00f3gus rezidens<\/p>\n<p>Dr. Czimbalmos Csilla \u2013 kardiol\u00f3gus rezidens \/tart\u00f3san t\u00e1vol\/<\/p>\n<p>Dr. Csobay-Nov\u00e1k Csaba PhD \u2013 radiol\u00f3gus szakorvos, profilvezet\u0151, intervenci\u00f3s radiol\u00f3gus<\/p>\n<p>Dr. Cs\u0151re Judit PhD \u2013 radiol\u00f3gus szakorvos<\/p>\n<p>Dr. Dohy Zs\u00f3fia PhD \u2013 kardiol\u00f3gus rezidens<\/p>\n<p>Dr. D\u00f3sa Edit PhD \u2013 radiol\u00f3gus szakorvos, tansz\u00e9kvezet\u0151, intervenci\u00f3s radiol\u00f3gus<\/p>\n<p>Dr. Drobni Zs\u00f3fia PhD \u2013 kardiol\u00f3gus rezidens<\/p>\n<p>Dr. Fontanini Daniele Mariastefano PhD \u2013 radiol\u00f3gus szakorvos, profilvezet\u0151-helyettes<\/p>\n<p>Dr. Filipov Teod\u00f3ra \u2013 radiol\u00f3gus rezidens<\/p>\n<p>Dr. Gy\u00e1n\u00f3 Marcell PhD \u2013 radiol\u00f3gus szakorvos<\/p>\n<p>Dr. Gy\u00f6ngy\u00f6si Boldizs\u00e1r \u2013 radiol\u00f3gus rezidens<\/p>\n<p>Dr. H\u00fcttl Art\u00far \u2013 radiol\u00f3gus szakorvos<\/p>\n<p>Dr. Jermendy \u00c1d\u00e1m Levente PhD \u2013 radiol\u00f3gus szakorvos, profilvezet\u0151-helyettes, CT-laborvezet\u0151<\/p>\n<p>Dr. Jokkel Zs\u00f3fia \u2013 radiol\u00f3gus rezidens<\/p>\n<p>Dr. Juh\u00e1sz Georgina \u2013 radiol\u00f3gus rezidens<\/p>\n<p>Dr. Nemes Bal\u00e1zs PhD \u2013 radiol\u00f3gus szakorvos, angiogr\u00e1fi\u00e1s laborvezet\u0151, intervenci\u00f3s radiol\u00f3gus<\/p>\n<p>Dr. Nguyen Tin Dat \u2013 radiol\u00f3gus rezidens<\/p>\n<p>Dr. Ny\u00e1r\u00e1dy Bal\u00e1zs \u2013 radiol\u00f3gus rezidens<\/p>\n<p>Dr. Panajotu Alexisz \u2013 radiol\u00f3gus szakorvos, r\u00f6ntgen-laborvezet\u0151<\/p>\n<p>Dr. Pataki \u00c1kos \u2013 radiol\u00f3gus szakorvos, intervenci\u00f3s radiol\u00f3gus<\/p>\n<p>Dr. P\u00e9ter Csongor \u2013 radiol\u00f3gus szakorvosjel\u00f6lt<\/p>\n<p>Dr. Philippovich M\u00e1rton \u2013 radiol\u00f3gus rezidens<\/p>\n<p>Dr. Sarkadi Hunor PhD \u2013 radiol\u00f3gus szakorvos, intervenci\u00f3s radiol\u00f3gus<\/p>\n<p>Dr. Skriben Benjamin \u2013 radiol\u00f3gus rezidens<\/p>\n<p>Dr. Suhai Ferenc Imre PhD \u2013 radiol\u00f3gus szakorvos, MR-laborvezet\u0151<\/p>\n<p>Dr. Szab\u00f3 Lili\u00e1na PhD \u2013 radiol\u00f3gus rezidens<\/p>\n<p>Dr. Szentiv\u00e1nyi Andr\u00e1s Imre \u2013 radiol\u00f3gus rezidens<\/p>\n<p>Dr. Szilveszter B\u00e1lint PhD \u2013 kardiol\u00f3gus szakorvos<\/p>\n<p>Dr. Sz\u0151nyi \u00c1d\u00e1m \u2013 radiol\u00f3gus rezidens<\/p>\n<p>Dr. T\u00f3th Attila \u2013 radiol\u00f3gus szakorvos, sz\u00edv MR specialista<\/p>\n<p>Prof. Dr. V\u00e1g\u00f3 Hajnalka habil. PhD \u2013 egyetemi tan\u00e1r,\u00a0<span style=\"font-size: 1rem\">kardiol\u00f3gus,<\/span><span style=\"font-size: 1rem\"> S<\/span><span style=\"font-size: 1rem\">portorvostan tansz\u00e9kvezet\u0151, sz\u00edv MR munkacsoportvezet\u0151<\/span><\/p>\n<p>Dr. Varga Andrea PhD \u2013 egyetemi adjunktus, radiol\u00f3gus szakorvos<\/p>\n<p>Dr. Vattay Borb\u00e1la \u2013 kardiol\u00f3gus rezidens<\/p>\n<p>Dr. Vecsey-Nagy Mil\u00e1n PhD \u2013 radiol\u00f3gus rezidens \/tart\u00f3san t\u00e1vol\/<\/p>\n<p>Dr. Vincze Vikt\u00f3ria \u2013 kardiol\u00f3gus rezidens<\/p>\n\t\t\t<\/div>\n\t\t<\/div>\n\t\t\t\t<div id=\"qaef-10396\" class=\"qe-faq-toggle radiologia-altalanos-informaciok\">\n\t\t\t<div class=\"qe-toggle-title\">\n\t\t\t\t<h4>\n\t\t\t\t\t<i class=\"fa fa-minus-circle\"><\/i> Asszisztenseink\t\t\t\t<\/h4>\n\t\t\t<\/div>\n\t\t\t<div class=\"qe-toggle-content\">\n\t\t\t\t<p>Bajorn\u00e9 Varga Piroska \u2013 Diagnosztikai K\u00e9palkot\u00f3\u00a0<\/p>\n<p>Baranyi Ren\u00e1ta \u2013 Orvosi laborat\u00f3riumi \u00e9s k\u00e9palkot\u00f3 diagnosztikai analitikus<\/p>\n<p>B\u00e1rdi Alexandra \u2013 Orvosi laborat\u00f3riumi \u00e9s k\u00e9palkot\u00f3 diagnosztikai analitikus<\/p>\n<p>Berb\u00e9k\u00e1sy M\u00e1ty\u00e1s \u2013 K\u00e9pi diagnosztikai \u00e9s intervenci\u00f3s asszisztens<\/p>\n<p>Csuri Evelin \u2013 Orvosi laborat\u00f3riumi \u00e9s k\u00e9palkot\u00f3 diagnosztikai analitikus<\/p>\n<p>Eper Nikoletta \u2013 Orvosi laborat\u00f3riumi \u00e9s k\u00e9palkot\u00f3 diagnosztikai analitikus<\/p>\n<p>Hoffman Zs\u00f3fia \u2013 Adminisztr\u00e1tor, Orvos\u00edrnok<\/p>\n<p>Hrankai Ter\u00e9z \u2013 Orvosi laborat\u00f3riumi \u00e9s k\u00e9palkot\u00f3 diagnosztikai analitikus<\/p>\n<p><span style=\"font-size: 1rem\">Kelemenn\u00e9 Polg\u00e1r Anna R\u00f3zsa \u2013 Titk\u00e1rn\u0151, K\u00e9palkot\u00f3 Diagnosztikai Profil<\/span><\/p>\n<p>K\u00f3sn\u00e9 Teleki Bernadett \u2013 Diagnosztikai K\u00e9palkot\u00f3, Vezet\u0151 asszisztens<\/p>\n<p>Lehotai Gyul\u00e1n\u00e9 \u2013 Diagnosztikai K\u00e9palkot\u00f3<\/p>\n<p>Magyar M\u00e1ria \u2013 Orvosi laborat\u00f3riumi \u00e9s k\u00e9palkot\u00f3 diagnosztikai analitikus<\/p>\n<p>Mireisz-Leyer M\u00f3nika \u2013 K\u00e9pi Diagnosztikai Asszisztens<\/p>\n<p>Nagy Szilvia Vir\u00e1g \u2013 Orvosi laborat\u00f3riumi \u00e9s k\u00e9palkot\u00f3 diagnosztikai analitikus<\/p>\n<p>Ny\u00e9ki Levente \u2013 Orvosi laborat\u00f3riumi \u00e9s k\u00e9palkot\u00f3 diagnosztikai analitikus<\/p>\n<p>Sipiczki Veronika \u2013 Orvosi laborat\u00f3riumi \u00e9s k\u00e9palkot\u00f3 diagnosztikai analitikus<\/p>\n<p>Szab\u00f3 Brigitta \u2013 Orvosi laborat\u00f3riumi \u00e9s k\u00e9palkot\u00f3 diagnosztikai analitikus \/tart\u00f3san t\u00e1vol\/<\/p>\n<p>Szeles Zsuzsanna \u2013 El\u0151jegyz\u0151<\/p>\n<p>T\u00f6r\u00f6k Judit \u2013 Diagnosztikai K\u00e9palkot\u00f3<\/p>\n<p>T\u0151t\u0151s Anna M\u00e1ria \u2013 Titk\u00e1rn\u0151, Intervenci\u00f3s Radiol\u00f3giai Tansz\u00e9k<\/p>\n\t\t\t<\/div>\n\t\t<\/div>\n\t\t\t\t<div id=\"qaef-10393\" class=\"qe-faq-toggle radiologia-altalanos-informaciok\">\n\t\t\t<div class=\"qe-toggle-title\">\n\t\t\t\t<h4>\n\t\t\t\t\t<i class=\"fa fa-minus-circle\"><\/i> Jogi nyilatkozat\t\t\t\t<\/h4>\n\t\t\t<\/div>\n\t\t\t<div class=\"qe-toggle-content\">\n\t\t\t\t<p style=\"text-align: justify\">A Semmelweis Egyetem Noninvaz\u00edv K\u00e9palkot\u00f3 Diagnosztikai Profil weboldal\u00e1n \u00e9s az onnan el\u00e9rhet\u0151 al-oldalakon tal\u00e1lhat\u00f3 \u00f6sszes dokumentum a felt\u00fcntetett Szerz\u0151 szerz\u0151i jogi tulajdon\u00e1t k\u00e9pezi, amely jogr\u00f3l a Szerz\u0151 a weboldalon val\u00f3 k\u00f6zl\u00e9s c\u00e9lj\u00e1b\u00f3l \u2013 \u00e9s annak erej\u00e9ig \u2013 a Semmelweis Egyetem V\u00e1rosmajori Sz\u00edv- \u00e9s \u00c9rgy\u00f3gy\u00e1szati Klinika Noninvaz\u00edv K\u00e9palkot\u00f3 Diagnosztikai Profil r\u00e9sz\u00e9re lemondott.<\/p>\n<p style=\"text-align: justify\">Azon dokumentumok eset\u00e9ben, ahol Szerz\u0151 nincs felt\u0171ntetve, a szerz\u0151i jog minden esetben a Semmelweis Egyetem V\u00e1rosmajori Sz\u00edv- \u00e9s \u00c9rgy\u00f3gy\u00e1szati Klinika Noninvaz\u00edv K\u00e9palkot\u00f3 Diagnosztikai Profilt illeti.<\/p>\n<p style=\"text-align: justify\">A honlapon tal\u00e1lhat\u00f3 b\u00e1rmely (\u00edr\u00e1sos, k\u00e9pi, prezent\u00e1ci\u00f3s, egy\u00e9b) dokumentum vagy ezek b\u00e1rmely r\u00e9szlet\u00e9nek \u00fczleti c\u00e9l\u00fa felhaszn\u00e1l\u00e1sa \u00e9s\/vagy \u00fajrak\u00f6zl\u00e9se ak\u00e1r nyomtatott ak\u00e1r elektronikus form\u00e1ban a Klinika \u00edr\u00e1sos hozz\u00e1j\u00e1rul\u00e1sa n\u00e9lk\u00fcl szigor\u00faan tilos \u00e9s a jelenleg Magyarosz\u00e1gon hat\u00e1lyos t\u00f6rv\u00e9nyekbe \u00fctk\u00f6zik.<\/p>\n<p style=\"text-align: justify\">Minden jog fenntartva:<br \/>\nSemmelweis Egyetem V\u00e1rosmajori Sz\u00edv- \u00e9s \u00c9rgy\u00f3gy\u00e1szati Klinika, Noninvaz\u00edv K\u00e9palkot\u00f3 Diagnosztikai Profil 2019-2023.<\/p>\n\t\t\t<\/div>\n\t\t<\/div>\n\t\t            <\/div>\n\t\t\n","protected":false},"excerpt":{"rendered":"<p>A Semmelweis Egyetem Noninvaz\u00edv K\u00e9palkot\u00f3 Diagnosztikai Profil weboldal\u00e1n \u00e9s az onnan el\u00e9rhet\u0151 al-oldalakon tal\u00e1lhat\u00f3 \u00f6sszes dokumentum a felt\u00fcntetett Szerz\u0151 szerz\u0151i jogi tulajdon\u00e1t k\u00e9pezi, amely jogr\u00f3l a Szerz\u0151 a weboldalon val\u00f3 k\u00f6zl\u00e9s c\u00e9lj\u00e1b\u00f3l \u2013 \u00e9s annak erej\u00e9ig \u2013 a Semmelweis Egyetem V\u00e1rosmajori Sz\u00edv- \u00e9s \u00c9rgy\u00f3gy\u00e1szati Klinika Noninvaz\u00edv K\u00e9palkot\u00f3 Diagnosztikai Profil r\u00e9sz\u00e9re lemondott. Azon dokumentumok eset\u00e9ben, ahol &hellip;<\/p>\n","protected":false},"author":101737,"featured_media":0,"parent":23,"menu_order":7,"comment_status":"closed","ping_status":"closed","template":"","meta":{"_acf_changed":false,"footnotes":""},"categories":[],"tags":[],"class_list":["post-425","page","type-page","status-publish","hentry"],"acf":[],"_links":{"self":[{"href":"https:\/\/semmelweis.hu\/varosmajor\/wp-json\/wp\/v2\/pages\/425","targetHints":{"allow":["GET"]}}],"collection":[{"href":"https:\/\/semmelweis.hu\/varosmajor\/wp-json\/wp\/v2\/pages"}],"about":[{"href":"https:\/\/semmelweis.hu\/varosmajor\/wp-json\/wp\/v2\/types\/page"}],"author":[{"embeddable":true,"href":"https:\/\/semmelweis.hu\/varosmajor\/wp-json\/wp\/v2\/users\/101737"}],"replies":[{"embeddable":true,"href":"https:\/\/semmelweis.hu\/varosmajor\/wp-json\/wp\/v2\/comments?post=425"}],"version-history":[{"count":5,"href":"https:\/\/semmelweis.hu\/varosmajor\/wp-json\/wp\/v2\/pages\/425\/revisions"}],"predecessor-version":[{"id":10561,"href":"https:\/\/semmelweis.hu\/varosmajor\/wp-json\/wp\/v2\/pages\/425\/revisions\/10561"}],"up":[{"embeddable":true,"href":"https:\/\/semmelweis.hu\/varosmajor\/wp-json\/wp\/v2\/pages\/23"}],"wp:attachment":[{"href":"https:\/\/semmelweis.hu\/varosmajor\/wp-json\/wp\/v2\/media?parent=425"}],"wp:term":[{"taxonomy":"category","embeddable":true,"href":"https:\/\/semmelweis.hu\/varosmajor\/wp-json\/wp\/v2\/categories?post=425"},{"taxonomy":"post_tag","embeddable":true,"href":"https:\/\/semmelweis.hu\/varosmajor\/wp-json\/wp\/v2\/tags?post=425"}],"curies":[{"name":"wp","href":"https:\/\/api.w.org\/{rel}","templated":true}]}}