{"id":4040,"date":"2023-11-24T17:04:59","date_gmt":"2023-11-24T16:04:59","guid":{"rendered":"https:\/\/semmelweis.hu\/varosmajor\/?page_id=4040"},"modified":"2025-11-07T08:42:21","modified_gmt":"2025-11-07T07:42:21","slug":"fekvobeteg-ellatas","status":"publish","type":"page","link":"https:\/\/semmelweis.hu\/varosmajor\/gyogyitas\/szivsebeszet\/fekvobeteg-ellatas\/","title":{"rendered":"Fekv\u0151beteg ell\u00e1t\u00e1s"},"content":{"rendered":"<h1 style=\"text-align: center\"><span style=\"color: #ff0000\"><strong>FONTOS INFORM\u00c1CI\u00d3K!!!<\/strong><\/span><\/h1>\n<p style=\"text-align: justify\">Az al\u00e1bbi t\u00e1j\u00e9koztat\u00f3 fontos tudnival\u00f3kat tartalmaz a klinik\u00e1nkon t\u00f6rt\u00e9n\u0151 vizsg\u00e1latokkal \u00e9s kezel\u00e9sekkel kapcsolatban.<\/p>\n<p style=\"text-align: justify\"><b>K\u00e9rj\u00fck, minden esetben hozza mag\u00e1val:<\/b><\/p>\n<ul style=\"text-align: justify\">\n<li>a szedett\u00a0<b>gy\u00f3gyszereinek list\u00e1j\u00e1t<\/b>, amin szerepel a gy\u00f3gyszerek neve, adagja (h\u00e1ny milligramm) \u00e9s h\u00e1nyszor szedi naponta.<\/li>\n<li>Fontos, hogy tudja (legyen fel\u00edrva!) a\u00a0<b>saj\u00e1t \u00e9s a hozz\u00e1tartoz\u00f3ja<\/b>\u00a0<b>telefonsz\u00e1ma!<\/b><\/li>\n<li><b>Kor\u00e1bbi dokumentumait, z\u00e1r\u00f3jelent\u00e9seit, CT, MR \u00e9s egy\u00e9b vizsg\u00e1latainak eredm\u00e9ny\u00e9t,\u00a0<\/b>amelyek nem a klinik\u00e1n k\u00e9sz\u00fcltek.<\/li>\n<li><b>TAJ k\u00e1rty\u00e1j\u00e1t\u00a0<\/b>\u00e9s<b>\u00a0szem\u00e9lyi igazolv\u00e1ny\u00e1t<\/b><\/li>\n<\/ul>\n<p style=\"text-align: justify\"><b>M\u0171t\u00e9t reggel\u00e9n ne adjon be mag\u00e1nak semmilyen gy\u00f3gyszert megbesz\u00e9l\u00e9s n\u00e9lk\u00fcl!<\/b>\u00a0Csak azt kaphatja meg, amit kezel\u0151orvosa el\u0151\u00edrt a n\u0151v\u00e9rnek.<\/p>\n<p style=\"text-align: justify\"><b>Milyen gy\u00f3gyszereket hozzon mag\u00e1val\u00a0<\/b><b>minden esetben<\/b>\u00a0(vizsg\u00e1lat, kat\u00e9teres beavatkoz\u00e1s, m\u0171t\u00e9t):<\/p>\n<ul style=\"text-align: justify\">\n<li>l\u00e9gz\u0151szervi betegs\u00e9g (asztma, COPD) \u2013\u00a0<b>inhal\u00e1ci\u00f3s k\u00e9sz\u00fcl\u00e9k\u00e9t<\/b><\/li>\n<li>glauk\u00f3ma (z\u00f6ld h\u00e1lyog), egy\u00e9b szembetegs\u00e9g \u2013\u00a0<b>szemcseppet<\/b><\/li>\n<li>cukorbeteg \u2013<b>\u00a0inzulint\u00a0<\/b>(fontos, hogy tudja a sz\u00fcks\u00e9ges adagokat)<\/li>\n<li><b>pszichi\u00e1triai\u00a0<\/b>betegs\u00e9g \u2013\u00a0<b>emiatt szedett gy\u00f3gyszerei<\/b><\/li>\n<\/ul>\n<p style=\"text-align: justify\"><b>Ha m\u0171t\u00e9ti beavatkoz\u00e1sra j\u00f6n, akkor a k\u00f6vetkez\u0151 dolgokat hozza mag\u00e1val:<\/b><\/p>\n<ul style=\"text-align: justify\">\n<li>h\u00e1l\u00f3ing \u00e9s\/vagy pizsama<\/li>\n<li>k\u00f6nt\u00f6s<\/li>\n<li>papucs<\/li>\n<li>als\u00f3nem\u0171k, zokni (lehet\u0151leg ne szoros)<\/li>\n<li>t\u00f6r\u00f6lk\u00f6z\u0151\/k<\/li>\n<li>tiszt\u00e1lkod\u00e1si szerek (fogkefe-fogkr\u00e9m, szappan-tusf\u00fcrd\u0151)<\/li>\n<li>mosdat\u00f3 keszty\u0171 \u00e9s\/vagy mosdat\u00f3szivacs<\/li>\n<li><b>f\u00e9rfiak<\/b>: borotva, borotvahab-zsel\u00e9<\/li>\n<li>b\u00f6gre, ev\u0151eszk\u00f6z (kan\u00e1l, k\u00e9s, villa)<\/li>\n<li><b>fogprot\u00e9zist visel\u0151 betegek<\/b>: olyan poharat, aminek fedele van, \u00a0ha ki kell venni a prot\u00e9zis\u00e9t, azt bele tudja tenni<\/li>\n<li><b>\u00e9kszereit ne hozza mag\u00e1val<\/b>!<\/li>\n<li><b>az orvosi vizit h\u00e9tk\u00f6znap<\/b>\u00a0minden reggel\u00a0<b>7-kor, h\u00e9tv\u00e9g\u00e9n \u00e9s munkasz\u00fcneti napokon 8:30-kor kezd\u0151dik<\/b>. K\u00e9rj\u00fck \u00d6n\u00f6ket, hogy ekkor legyenek az \u00e1gyukn\u00e1l, hogy vizit alkalm\u00e1val el tudj\u00e1k mondani esetleges panaszaikat\/f\u00e1jdalmaikat, ne besz\u00e9lgessenek\u00a0<b>mobiltelefonon, a k\u00e9sz\u00fcl\u00e9k legyen lehalk\u00edtva.<\/b><\/li>\n<\/ul>\n<p>&nbsp;<\/p>\n<p style=\"text-align: center\"><strong>KEDVES L\u00c1TOGAT\u00d3K!<\/strong><\/p>\n<p style=\"text-align: center\"><span style=\"color: #ff0000\"><strong>Klinik\u00e1nkon a fekv\u0151beteg oszt\u00e1lyokon minden nap<\/strong><\/span><\/p>\n<p style=\"text-align: center\"><span style=\"color: #ff0000\"><strong>16:00 \u2013 18:00- ig<\/strong> <strong>van l\u00e1togat\u00e1si id\u0151.<\/p>\n<p><\/strong><\/span><\/p>\n<ul>\n<li>K\u00e9rj\u00fck, hogy egy betegn\u00e9l egyszerre legfeljebb <strong>k\u00e9t l\u00e1togat\u00f3<\/strong> tart\u00f3zkodjon.\n<\/li>\n<li>S\u00fcrg\u0151s\/\u00e9letment\u0151 ell\u00e1t\u00e1s, \u00faj beteg \u00e9rkez\u00e9se, vizit eset\u00e9n a l\u00e1togat\u00e1s a betegek ell\u00e1t\u00e1sa \u00e9rdek\u00e9ben a l\u00e1togat\u00e1si id\u0151 alatt is sz\u00fcnetelhet. Ebben az esetben t\u00fcrelm\u00fcket \u00e9s meg\u00e9rt\u00e9s\u00fcket k\u00e9rj\u00fck!\n<\/li>\n<li>K\u00e9rj\u00fck a hozz\u00e1tartoz\u00f3kat, az emeleti t\u00e1rsalg\u00f3n\u00e1l legyenek sz\u00edvesek v\u00e1rakozni!\n<\/li>\n<li>A fenti id\u0151n k\u00edv\u00fcli l\u00e1togat\u00e1s indokolt esetben k\u00fcl\u00f6n enged\u00e9llyel lehets\u00e9ges!\n<\/li>\n<li>K\u00e9rj\u00fck, 12 \u00e9ven aluli gyermeket ne hozz\u00e1k magukkal a klinik\u00e1ra!\n<\/li>\n<li>Bizonyos esetben az oszt\u00e1lyon fekv\u0151 betegek l\u00e1togat\u00e1s\u00e1hoz k\u00e9rj\u00fck a kihelyezett egyszer haszn\u00e1latos cip\u0151v\u00e9d\u0151, arcmaszk, haszn\u00e1lat\u00e1t, melyr\u0151l a klinika k\u00fcl\u00f6n \u00e9rtes\u00edti \u00d6n\u00f6ket.\n<\/li>\n<\/ul>\n<p>\u00a0\u00a0\u00a0\u00a0\u00a0\u00a0\u00a0\u00a0\u00a0\u00a0\u00a0\u00a0\u00a0\u00a0\u00a0\u00a0\u00a0\u00a0\u00a0\u00a0\u00a0\u00a0\u00a0\u00a0\u00a0\u00a0\u00a0\u00a0\u00a0\u00a0\u00a0\u00a0\u00a0\u00a0\u00a0\u00a0\u00a0\u00a0\u00a0\u00a0\u00a0\u00a0\u00a0\u00a0\u00a0\u00a0\u00a0\u00a0\u00a0\u00a0\u00a0\u00a0\u00a0\u00a0\u00a0\u00a0\u00a0\u00a0\u00a0\u00a0 Meg\u00e9rt\u00e9s\u00fcket k\u00f6sz\u00f6nj\u00fck!\u00a0<\/p>\n<p>2025. 10. 30.<\/p>\n","protected":false},"excerpt":{"rendered":"<p>FONTOS INFORM\u00c1CI\u00d3K!!! Az al\u00e1bbi t\u00e1j\u00e9koztat\u00f3 fontos tudnival\u00f3kat tartalmaz a klinik\u00e1nkon t\u00f6rt\u00e9n\u0151 vizsg\u00e1latokkal \u00e9s kezel\u00e9sekkel kapcsolatban. K\u00e9rj\u00fck, minden esetben hozza mag\u00e1val: a szedett\u00a0gy\u00f3gyszereinek list\u00e1j\u00e1t, amin szerepel a gy\u00f3gyszerek neve, adagja (h\u00e1ny milligramm) \u00e9s h\u00e1nyszor szedi naponta. Fontos, hogy tudja (legyen fel\u00edrva!) a\u00a0saj\u00e1t \u00e9s a hozz\u00e1tartoz\u00f3ja\u00a0telefonsz\u00e1ma! Kor\u00e1bbi dokumentumait, z\u00e1r\u00f3jelent\u00e9seit, CT, MR \u00e9s egy\u00e9b vizsg\u00e1latainak eredm\u00e9ny\u00e9t,\u00a0amelyek nem a &hellip;<\/p>\n","protected":false},"author":102080,"featured_media":0,"parent":2017,"menu_order":4,"comment_status":"closed","ping_status":"closed","template":"","meta":{"_acf_changed":false,"footnotes":""},"categories":[],"tags":[],"class_list":["post-4040","page","type-page","status-publish","hentry"],"acf":[],"_links":{"self":[{"href":"https:\/\/semmelweis.hu\/varosmajor\/wp-json\/wp\/v2\/pages\/4040","targetHints":{"allow":["GET"]}}],"collection":[{"href":"https:\/\/semmelweis.hu\/varosmajor\/wp-json\/wp\/v2\/pages"}],"about":[{"href":"https:\/\/semmelweis.hu\/varosmajor\/wp-json\/wp\/v2\/types\/page"}],"author":[{"embeddable":true,"href":"https:\/\/semmelweis.hu\/varosmajor\/wp-json\/wp\/v2\/users\/102080"}],"replies":[{"embeddable":true,"href":"https:\/\/semmelweis.hu\/varosmajor\/wp-json\/wp\/v2\/comments?post=4040"}],"version-history":[{"count":7,"href":"https:\/\/semmelweis.hu\/varosmajor\/wp-json\/wp\/v2\/pages\/4040\/revisions"}],"predecessor-version":[{"id":12850,"href":"https:\/\/semmelweis.hu\/varosmajor\/wp-json\/wp\/v2\/pages\/4040\/revisions\/12850"}],"up":[{"embeddable":true,"href":"https:\/\/semmelweis.hu\/varosmajor\/wp-json\/wp\/v2\/pages\/2017"}],"wp:attachment":[{"href":"https:\/\/semmelweis.hu\/varosmajor\/wp-json\/wp\/v2\/media?parent=4040"}],"wp:term":[{"taxonomy":"category","embeddable":true,"href":"https:\/\/semmelweis.hu\/varosmajor\/wp-json\/wp\/v2\/categories?post=4040"},{"taxonomy":"post_tag","embeddable":true,"href":"https:\/\/semmelweis.hu\/varosmajor\/wp-json\/wp\/v2\/tags?post=4040"}],"curies":[{"name":"wp","href":"https:\/\/api.w.org\/{rel}","templated":true}]}}