{"id":3968,"date":"2023-11-03T15:21:51","date_gmt":"2023-11-03T14:21:51","guid":{"rendered":"https:\/\/semmelweis.hu\/varosmajor\/?page_id=3968"},"modified":"2024-09-10T10:32:00","modified_gmt":"2024-09-10T08:32:00","slug":"klinikai-munka","status":"publish","type":"page","link":"https:\/\/semmelweis.hu\/varosmajor\/oktatas\/szivsebeszeti-tanszek\/klinikai-munka\/","title":{"rendered":"Klinikai munka"},"content":{"rendered":"<p style=\"text-align: justify\">Sz\u00edvseb\u00e9szeti Profilunkon lehet\u0151s\u00e9g van a sz\u00edvseb\u00e9szet ir\u00e1nt \u00e9rdekl\u0151d\u0151 hallgat\u00f3k sz\u00e1m\u00e1ra klinikai munk\u00e1t v\u00e9gezni. A klinikai munka c\u00e9lja lehet\u0151s\u00e9get biztos\u00edtani hallgat\u00f3ink sz\u00e1m\u00e1ra, hogy tanulm\u00e1nyaik sor\u00e1n bepillant\u00e1st nyerjenek a mindennapi gy\u00f3gy\u00edt\u00f3 tev\u00e9kenys\u00e9g\u00fcnkbe, r\u00e9szt vegyenek az oszt\u00e1lyos betegell\u00e1t\u00e1sban, megismerj\u00e9k a m\u0171t\u00e9ti el\u0151k\u00e9sz\u00edt\u00e9s, m\u0171t\u00e9t ut\u00e1ni gy\u00f3gykezel\u00e9s alapjait, akt\u00edvan r\u00e9szt vegyenek sz\u00edvm\u0171t\u00e9teken, bemosakodva megtapasztalj\u00e1k a sz\u00edvm\u0171t\u00e9tek menet\u00e9t, m\u0171t\u00e9t k\u00f6zbeni d\u00f6nt\u00e9si helyzeteket, alapvet\u0151 manu\u00e1lis k\u00e9szs\u00e9geket elsaj\u00e1t\u00edtsanak. A Profilunkon v\u00e9gzett klinikai munka a sz\u00edvseb\u00e9szeti amb\u00edci\u00f3kkal rendelkez\u0151 hallgat\u00f3ink sz\u00e1m\u00e1ra a diploma ut\u00e1ni sz\u00edvseb\u00e9szeti rezidens k\u00e9pz\u00e9s \u00e9s munka megalapoz\u00e1s\u00e1t jelenti.<\/p>\n<p style=\"text-align: justify\">Klinikai munk\u00e1ra t\u00f6rt\u00e9n\u0151 jelentkez\u00e9s <a href=\"https:\/\/semmelweis.hu\/telefonkonyv\/?emp_id=17748\">Dr Harty\u00e1nszky Istv\u00e1n<\/a> Sz\u00edvseb\u00e9szeti Profilvezet\u0151n\u00e9l t\u00f6rt\u00e9nik.<\/p>\n","protected":false},"excerpt":{"rendered":"<p>Sz\u00edvseb\u00e9szeti Profilunkon lehet\u0151s\u00e9g van a sz\u00edvseb\u00e9szet ir\u00e1nt \u00e9rdekl\u0151d\u0151 hallgat\u00f3k sz\u00e1m\u00e1ra klinikai munk\u00e1t v\u00e9gezni. A klinikai munka c\u00e9lja lehet\u0151s\u00e9get biztos\u00edtani hallgat\u00f3ink sz\u00e1m\u00e1ra, hogy tanulm\u00e1nyaik sor\u00e1n bepillant\u00e1st nyerjenek a mindennapi gy\u00f3gy\u00edt\u00f3 tev\u00e9kenys\u00e9g\u00fcnkbe, r\u00e9szt vegyenek az oszt\u00e1lyos betegell\u00e1t\u00e1sban, megismerj\u00e9k a m\u0171t\u00e9ti el\u0151k\u00e9sz\u00edt\u00e9s, m\u0171t\u00e9t ut\u00e1ni gy\u00f3gykezel\u00e9s alapjait, akt\u00edvan r\u00e9szt vegyenek sz\u00edvm\u0171t\u00e9teken, bemosakodva megtapasztalj\u00e1k a sz\u00edvm\u0171t\u00e9tek menet\u00e9t, m\u0171t\u00e9t k\u00f6zbeni d\u00f6nt\u00e9si &hellip;<\/p>\n","protected":false},"author":102080,"featured_media":0,"parent":2019,"menu_order":4,"comment_status":"closed","ping_status":"closed","template":"","meta":{"_acf_changed":false,"footnotes":""},"categories":[],"tags":[],"class_list":["post-3968","page","type-page","status-publish","hentry"],"acf":[],"_links":{"self":[{"href":"https:\/\/semmelweis.hu\/varosmajor\/wp-json\/wp\/v2\/pages\/3968","targetHints":{"allow":["GET"]}}],"collection":[{"href":"https:\/\/semmelweis.hu\/varosmajor\/wp-json\/wp\/v2\/pages"}],"about":[{"href":"https:\/\/semmelweis.hu\/varosmajor\/wp-json\/wp\/v2\/types\/page"}],"author":[{"embeddable":true,"href":"https:\/\/semmelweis.hu\/varosmajor\/wp-json\/wp\/v2\/users\/102080"}],"replies":[{"embeddable":true,"href":"https:\/\/semmelweis.hu\/varosmajor\/wp-json\/wp\/v2\/comments?post=3968"}],"version-history":[{"count":3,"href":"https:\/\/semmelweis.hu\/varosmajor\/wp-json\/wp\/v2\/pages\/3968\/revisions"}],"predecessor-version":[{"id":5820,"href":"https:\/\/semmelweis.hu\/varosmajor\/wp-json\/wp\/v2\/pages\/3968\/revisions\/5820"}],"up":[{"embeddable":true,"href":"https:\/\/semmelweis.hu\/varosmajor\/wp-json\/wp\/v2\/pages\/2019"}],"wp:attachment":[{"href":"https:\/\/semmelweis.hu\/varosmajor\/wp-json\/wp\/v2\/media?parent=3968"}],"wp:term":[{"taxonomy":"category","embeddable":true,"href":"https:\/\/semmelweis.hu\/varosmajor\/wp-json\/wp\/v2\/categories?post=3968"},{"taxonomy":"post_tag","embeddable":true,"href":"https:\/\/semmelweis.hu\/varosmajor\/wp-json\/wp\/v2\/tags?post=3968"}],"curies":[{"name":"wp","href":"https:\/\/api.w.org\/{rel}","templated":true}]}}