{"id":3965,"date":"2023-11-03T15:19:27","date_gmt":"2023-11-03T14:19:27","guid":{"rendered":"https:\/\/semmelweis.hu\/varosmajor\/?page_id=3965"},"modified":"2024-09-10T10:29:00","modified_gmt":"2024-09-10T08:29:00","slug":"vi-evfolyam-valaszthato-1-honapos-gyakorlat","status":"publish","type":"page","link":"https:\/\/semmelweis.hu\/varosmajor\/oktatas\/szivsebeszeti-tanszek\/vi-evfolyam-valaszthato-1-honapos-gyakorlat\/","title":{"rendered":"VI. \u00e9vfolyam, v\u00e1laszthat\u00f3 1 h\u00f3napos gyakorlat"},"content":{"rendered":"<p style=\"text-align: justify\">A tant\u00e1rgy felv\u00e9tele sor\u00e1n lehet\u0151s\u00e9g van a sz\u00edvseb\u00e9szet ir\u00e1nt \u00e9rdekl\u0151d\u0151 hallgat\u00f3k sz\u00e1m\u00e1ra akt\u00edv m\u0171t\u0151i r\u00e9szv\u00e9telre, az oszt\u00e1lyos pre- \u00e9s postoperat\u00edv betegell\u00e1t\u00e1s megismer\u00e9s\u00e9re, sz\u00edvseb\u00e9szeti akut m\u0171t\u00e9tek megfigyel\u00e9s\u00e9re, esetleg sz\u00edv\u00e1t\u00fcltet\u00e9s vagy m\u0171sz\u00edv be\u00fcltet\u00e9s megtekint\u00e9s\u00e9re.\u00a0<\/p>\n<p style=\"text-align: justify\">A t\u00e1rgy r\u00e9szletes tematik\u00e1ja \u00e9s k\u00f6vetelm\u00e9nyrendszere az al\u00e1bbi linken \u00e9rhet\u0151 el:\u00a0<\/p>\n<p><a href=\"https:\/\/semmelweis.hu\/aok\/files\/2020\/12\/Tanulm%C3%A1nyi-t%C3%A1j%C3%A9koztat%C3%B3-2020-2021..pdf\" target=\"_blank\" rel=\"noopener\">Tanulm\u00e1nyi t\u00e1j\u00e9koztat\u00f3 2020_21<\/a><\/p>\n","protected":false},"excerpt":{"rendered":"<p>A tant\u00e1rgy felv\u00e9tele sor\u00e1n lehet\u0151s\u00e9g van a sz\u00edvseb\u00e9szet ir\u00e1nt \u00e9rdekl\u0151d\u0151 hallgat\u00f3k sz\u00e1m\u00e1ra akt\u00edv m\u0171t\u0151i r\u00e9szv\u00e9telre, az oszt\u00e1lyos pre- \u00e9s postoperat\u00edv betegell\u00e1t\u00e1s megismer\u00e9s\u00e9re, sz\u00edvseb\u00e9szeti akut m\u0171t\u00e9tek megfigyel\u00e9s\u00e9re, esetleg sz\u00edv\u00e1t\u00fcltet\u00e9s vagy m\u0171sz\u00edv be\u00fcltet\u00e9s megtekint\u00e9s\u00e9re.\u00a0<br \/>\nA t\u00e1rgy r\u00e9szletes tematik\u00e1ja \u00e9s k\u00f6vetelm\u00e9nyrendszere az al\u00e1bbi linken \u00e9rhet\u0151 el:\u00a0<br \/>\n<a href=\"https:\/\/semmelweis.hu\/aok\/files\/2020\/12\/Tanulm%C3%A1nyi-t%C3%A1j%C3%A9koztat%C3%B3-2020-2021..pdf\" target=\"_blank\" rel=\"noopener\">Tanulm\u00e1nyi t\u00e1j\u00e9koztat\u00f3 2020_21<\/a><\/p>\n","protected":false},"author":102080,"featured_media":0,"parent":2019,"menu_order":3,"comment_status":"closed","ping_status":"closed","template":"","meta":{"_acf_changed":false,"footnotes":""},"categories":[],"tags":[],"class_list":["post-3965","page","type-page","status-publish","hentry"],"acf":[],"_links":{"self":[{"href":"https:\/\/semmelweis.hu\/varosmajor\/wp-json\/wp\/v2\/pages\/3965","targetHints":{"allow":["GET"]}}],"collection":[{"href":"https:\/\/semmelweis.hu\/varosmajor\/wp-json\/wp\/v2\/pages"}],"about":[{"href":"https:\/\/semmelweis.hu\/varosmajor\/wp-json\/wp\/v2\/types\/page"}],"author":[{"embeddable":true,"href":"https:\/\/semmelweis.hu\/varosmajor\/wp-json\/wp\/v2\/users\/102080"}],"replies":[{"embeddable":true,"href":"https:\/\/semmelweis.hu\/varosmajor\/wp-json\/wp\/v2\/comments?post=3965"}],"version-history":[{"count":2,"href":"https:\/\/semmelweis.hu\/varosmajor\/wp-json\/wp\/v2\/pages\/3965\/revisions"}],"predecessor-version":[{"id":5818,"href":"https:\/\/semmelweis.hu\/varosmajor\/wp-json\/wp\/v2\/pages\/3965\/revisions\/5818"}],"up":[{"embeddable":true,"href":"https:\/\/semmelweis.hu\/varosmajor\/wp-json\/wp\/v2\/pages\/2019"}],"wp:attachment":[{"href":"https:\/\/semmelweis.hu\/varosmajor\/wp-json\/wp\/v2\/media?parent=3965"}],"wp:term":[{"taxonomy":"category","embeddable":true,"href":"https:\/\/semmelweis.hu\/varosmajor\/wp-json\/wp\/v2\/categories?post=3965"},{"taxonomy":"post_tag","embeddable":true,"href":"https:\/\/semmelweis.hu\/varosmajor\/wp-json\/wp\/v2\/tags?post=3965"}],"curies":[{"name":"wp","href":"https:\/\/api.w.org\/{rel}","templated":true}]}}