{"id":3959,"date":"2023-11-03T15:11:54","date_gmt":"2023-11-03T14:11:54","guid":{"rendered":"https:\/\/semmelweis.hu\/varosmajor\/?page_id=3959"},"modified":"2024-09-10T10:25:02","modified_gmt":"2024-09-10T08:25:02","slug":"apolastan-nyari-gyakorlat-i-evfolyam","status":"publish","type":"page","link":"https:\/\/semmelweis.hu\/varosmajor\/oktatas\/szivsebeszeti-tanszek\/apolastan-nyari-gyakorlat-i-evfolyam\/","title":{"rendered":"\u00c1pol\u00e1stan ny\u00e1ri gyakorlat (I. \u00e9vfolyam)"},"content":{"rendered":"<p style=\"text-align: justify\">Az \u00e1pol\u00e1stan ny\u00e1ri gyakorlat c\u00e9lja a hallgat\u00f3kkal megismertetni a klinika\/k\u00f3rh\u00e1z szervezeti fel\u00e9p\u00edt\u00e9s\u00e9t, az adott oszt\u00e1ly m\u0171k\u00f6d\u00e9si rendj\u00e9t. A gyakorlati k\u00e9pz\u00e9s keret\u00e9ben elsaj\u00e1t\u00edtj\u00e1k az alapszint\u0171 betegell\u00e1t\u00f3i \u00e9s \u00e1pol\u00f3i feladatokat, melyeket a tov\u00e1bbi szakmai gyakorlatok sor\u00e1n \u00e9s a v\u00e9gz\u00e9st k\u00f6vet\u0151en is haszn\u00e1lni tudnak.<\/p>\n<p style=\"text-align: justify\">A t\u00e1rgy r\u00e9szletes tematik\u00e1ja \u00e9s k\u00f6vetelm\u00e9nyrendszere az al\u00e1bbi linkeken \u00e9rhet\u0151 el:\u00a0<\/p>\n<p style=\"text-align: justify\"><u><a href=\"https:\/\/semmelweis.hu\/aok\/oktatas\/szakmai-gyakorlatok\/\">Szakmai gyakorlatok<\/a><br \/>\n<\/u><\/p>\n<p style=\"text-align: justify\"><a href=\"https:\/\/semmelweis.hu\/aok\/files\/2020\/12\/Tanulm%C3%A1nyi-t%C3%A1j%C3%A9koztat%C3%B3-2020-2021..pdf\" target=\"_blank\" rel=\"noopener\">Tanulm\u00e1nyi t\u00e1j\u00e9koztat\u00f3 2020_21<\/a><\/p>\n","protected":false},"excerpt":{"rendered":"<p>Az \u00e1pol\u00e1stan ny\u00e1ri gyakorlat c\u00e9lja a hallgat\u00f3kkal megismertetni a klinika\/k\u00f3rh\u00e1z szervezeti fel\u00e9p\u00edt\u00e9s\u00e9t, az adott oszt\u00e1ly m\u0171k\u00f6d\u00e9si rendj\u00e9t. A gyakorlati k\u00e9pz\u00e9s keret\u00e9ben elsaj\u00e1t\u00edtj\u00e1k az alapszint\u0171 betegell\u00e1t\u00f3i \u00e9s \u00e1pol\u00f3i feladatokat, melyeket a tov\u00e1bbi szakmai gyakorlatok sor\u00e1n \u00e9s a v\u00e9gz\u00e9st k\u00f6vet\u0151en is haszn\u00e1lni tudnak.<br \/>\nA t\u00e1rgy r\u00e9szletes tematik\u00e1ja \u00e9s k\u00f6vetelm\u00e9nyrendszere az al\u00e1bbi linkeken \u00e9rhet\u0151 el:\u00a0<br \/>\n<a href=\"https:\/\/semmelweis.hu\/aok\/oktatas\/szakmai-gyakorlatok\/\">Szakmai gyakorlatok<\/a><\/p>\n<p><a href=\"https:\/\/semmelweis.hu\/aok\/files\/2020\/12\/Tanulm%C3%A1nyi-t%C3%A1j%C3%A9koztat%C3%B3-2020-2021..pdf\" target=\"_blank\" rel=\"noopener\">Tanulm\u00e1nyi t\u00e1j\u00e9koztat\u00f3 2020_21<\/a><\/p>\n","protected":false},"author":102080,"featured_media":0,"parent":2019,"menu_order":1,"comment_status":"closed","ping_status":"closed","template":"","meta":{"_acf_changed":false,"footnotes":""},"categories":[],"tags":[],"class_list":["post-3959","page","type-page","status-publish","hentry"],"acf":[],"_links":{"self":[{"href":"https:\/\/semmelweis.hu\/varosmajor\/wp-json\/wp\/v2\/pages\/3959","targetHints":{"allow":["GET"]}}],"collection":[{"href":"https:\/\/semmelweis.hu\/varosmajor\/wp-json\/wp\/v2\/pages"}],"about":[{"href":"https:\/\/semmelweis.hu\/varosmajor\/wp-json\/wp\/v2\/types\/page"}],"author":[{"embeddable":true,"href":"https:\/\/semmelweis.hu\/varosmajor\/wp-json\/wp\/v2\/users\/102080"}],"replies":[{"embeddable":true,"href":"https:\/\/semmelweis.hu\/varosmajor\/wp-json\/wp\/v2\/comments?post=3959"}],"version-history":[{"count":3,"href":"https:\/\/semmelweis.hu\/varosmajor\/wp-json\/wp\/v2\/pages\/3959\/revisions"}],"predecessor-version":[{"id":5815,"href":"https:\/\/semmelweis.hu\/varosmajor\/wp-json\/wp\/v2\/pages\/3959\/revisions\/5815"}],"up":[{"embeddable":true,"href":"https:\/\/semmelweis.hu\/varosmajor\/wp-json\/wp\/v2\/pages\/2019"}],"wp:attachment":[{"href":"https:\/\/semmelweis.hu\/varosmajor\/wp-json\/wp\/v2\/media?parent=3959"}],"wp:term":[{"taxonomy":"category","embeddable":true,"href":"https:\/\/semmelweis.hu\/varosmajor\/wp-json\/wp\/v2\/categories?post=3959"},{"taxonomy":"post_tag","embeddable":true,"href":"https:\/\/semmelweis.hu\/varosmajor\/wp-json\/wp\/v2\/tags?post=3959"}],"curies":[{"name":"wp","href":"https:\/\/api.w.org\/{rel}","templated":true}]}}