{"id":3956,"date":"2023-11-03T15:08:34","date_gmt":"2023-11-03T14:08:34","guid":{"rendered":"https:\/\/semmelweis.hu\/varosmajor\/?page_id=3956"},"modified":"2024-09-10T10:23:09","modified_gmt":"2024-09-10T08:23:09","slug":"iv-evfolyam-blokkgyakorlat","status":"publish","type":"page","link":"https:\/\/semmelweis.hu\/varosmajor\/oktatas\/szivsebeszeti-tanszek\/iv-evfolyam-blokkgyakorlat\/","title":{"rendered":"IV. \u00e9vfolyam blokkgyakorlat"},"content":{"rendered":"<p style=\"text-align: justify\">A kardiol\u00f3gia, sz\u00edvseb\u00e9szet, \u00e9rseb\u00e9szet, angiol\u00f3gia \u00e9s vaszkul\u00e1ris intervenci\u00f3s radiol\u00f3gia oktat\u00e1s c\u00e9lja az \u00e1ltal\u00e1nos orvosk\u00e9pz\u00e9s keretein bel\u00fcl sz\u00e9lesk\u00f6r\u0171, naprak\u00e9sz, haszn\u00e1lhat\u00f3 gyakorlati ismeretek ny\u00fajt\u00e1sa \u00e9s sz\u00e1monk\u00e9r\u00e9se a leend\u0151 orvosnemzed\u00e9kt\u0151l.\u00a0\u00a0\u00a0\u00a0\u00a0\u00a0\u00a0<\/p>\n<p style=\"text-align: justify\">A blokkgyakorlaton bel\u00fcl a hallgat\u00f3k r\u00e9szt vesznek sz\u00edvseb\u00e9szeti tantermi el\u0151ad\u00e1sokon, majd forg\u00f3 rendszerben gyakorlati k\u00e9pz\u00e9sben. A gyakorlati k\u00e9pz\u00e9s egy teljes napi sz\u00edvseb\u00e9szeti m\u0171t\u00e9ti programon\u00a0val\u00f3 r\u00e9szv\u00e9telt jelent. C\u00e9lunk a gyakorlat sor\u00e1n egy \u00f6sszefoglal\u00f3 ismeretanyag \u00e1tad\u00e1sa a sz\u00edvseb\u00e9szet alapjair\u00f3l, az egyes m\u0171t\u00e9tek indik\u00e1ci\u00f3ir\u00f3l, sz\u00edvm\u0171t\u00e9ten \u00e1tesett betegek kezel\u00e9se (b\u00e1rmely diszciplina) sor\u00e1n felmer\u00fcl\u0151 esszenci\u00e1lis k\u00e9rd\u00e9sekr\u0151l. A hat\u00e9kony sz\u00edvseb\u00e9szeti gyakorlathoz elengedhetetlen\u00fcl sz\u00fcks\u00e9ges egy megalapozott kardiol\u00f3giai, valamint sz\u00edvseb\u00e9szeti alap ismeretanyag. Ehhez let\u00f6lthet\u0151 tantermi el\u0151ad\u00e1sok \u00e9s sz\u00edvseb\u00e9szeti anyagok \u00e1llnak rendelkez\u00e9sre (l\u00e1sd let\u00f6lthet\u0151 anyagok \u00e9s let\u00f6lthet\u0151 el\u0151ad\u00e1sok men\u00fcpontokban).\u00a0<\/p>\n<p style=\"text-align: justify\">A t\u00e1rgy r\u00e9szletes tematik\u00e1ja \u00e9s k\u00f6vetelm\u00e9nyrendszere az al\u00e1bbi linken \u00e9rhet\u0151 el:\u00a0<\/p>\n<p style=\"text-align: justify\"><a href=\"https:\/\/semmelweis.hu\/aok\/files\/2020\/12\/Tanulm%C3%A1nyi-t%C3%A1j%C3%A9koztat%C3%B3-2020-2021..pdf\">Tanulm\u00e1nyi t\u00e1j\u00e9koztat\u00f3 2020_21<\/a><\/p>\n","protected":false},"excerpt":{"rendered":"<p>A kardiol\u00f3gia, sz\u00edvseb\u00e9szet, \u00e9rseb\u00e9szet, angiol\u00f3gia \u00e9s vaszkul\u00e1ris intervenci\u00f3s radiol\u00f3gia oktat\u00e1s c\u00e9lja az \u00e1ltal\u00e1nos orvosk\u00e9pz\u00e9s keretein bel\u00fcl sz\u00e9lesk\u00f6r\u0171, naprak\u00e9sz, haszn\u00e1lhat\u00f3 gyakorlati ismeretek ny\u00fajt\u00e1sa \u00e9s sz\u00e1monk\u00e9r\u00e9se a leend\u0151 orvosnemzed\u00e9kt\u0151l.\u00a0\u00a0\u00a0\u00a0\u00a0\u00a0\u00a0 A blokkgyakorlaton bel\u00fcl a hallgat\u00f3k r\u00e9szt vesznek sz\u00edvseb\u00e9szeti tantermi el\u0151ad\u00e1sokon, majd forg\u00f3 rendszerben gyakorlati k\u00e9pz\u00e9sben. A gyakorlati k\u00e9pz\u00e9s egy teljes napi sz\u00edvseb\u00e9szeti m\u0171t\u00e9ti programon\u00a0val\u00f3 r\u00e9szv\u00e9telt jelent. C\u00e9lunk a &hellip;<\/p>\n","protected":false},"author":102080,"featured_media":0,"parent":2019,"menu_order":0,"comment_status":"closed","ping_status":"closed","template":"","meta":{"_acf_changed":false,"footnotes":""},"categories":[],"tags":[],"class_list":["post-3956","page","type-page","status-publish","hentry"],"acf":[],"_links":{"self":[{"href":"https:\/\/semmelweis.hu\/varosmajor\/wp-json\/wp\/v2\/pages\/3956","targetHints":{"allow":["GET"]}}],"collection":[{"href":"https:\/\/semmelweis.hu\/varosmajor\/wp-json\/wp\/v2\/pages"}],"about":[{"href":"https:\/\/semmelweis.hu\/varosmajor\/wp-json\/wp\/v2\/types\/page"}],"author":[{"embeddable":true,"href":"https:\/\/semmelweis.hu\/varosmajor\/wp-json\/wp\/v2\/users\/102080"}],"replies":[{"embeddable":true,"href":"https:\/\/semmelweis.hu\/varosmajor\/wp-json\/wp\/v2\/comments?post=3956"}],"version-history":[{"count":2,"href":"https:\/\/semmelweis.hu\/varosmajor\/wp-json\/wp\/v2\/pages\/3956\/revisions"}],"predecessor-version":[{"id":5813,"href":"https:\/\/semmelweis.hu\/varosmajor\/wp-json\/wp\/v2\/pages\/3956\/revisions\/5813"}],"up":[{"embeddable":true,"href":"https:\/\/semmelweis.hu\/varosmajor\/wp-json\/wp\/v2\/pages\/2019"}],"wp:attachment":[{"href":"https:\/\/semmelweis.hu\/varosmajor\/wp-json\/wp\/v2\/media?parent=3956"}],"wp:term":[{"taxonomy":"category","embeddable":true,"href":"https:\/\/semmelweis.hu\/varosmajor\/wp-json\/wp\/v2\/categories?post=3956"},{"taxonomy":"post_tag","embeddable":true,"href":"https:\/\/semmelweis.hu\/varosmajor\/wp-json\/wp\/v2\/tags?post=3956"}],"curies":[{"name":"wp","href":"https:\/\/api.w.org\/{rel}","templated":true}]}}