{"id":3949,"date":"2023-11-03T14:47:10","date_gmt":"2023-11-03T13:47:10","guid":{"rendered":"https:\/\/semmelweis.hu\/varosmajor\/?page_id=3949"},"modified":"2024-09-06T11:14:46","modified_gmt":"2024-09-06T09:14:46","slug":"mutet-utani-tudnivalok","status":"publish","type":"page","link":"https:\/\/semmelweis.hu\/varosmajor\/gyogyitas\/szivsebeszet\/mutet-utani-tudnivalok\/","title":{"rendered":"M\u0171t\u00e9t ut\u00e1ni tudnival\u00f3k"},"content":{"rendered":"<h1>Korai posztoperat\u00edv kezel\u00e9s:\u00a0<\/h1>\n<p style=\"text-align: justify\">A m\u0171t\u00e9tet k\u00f6vet\u0151en minden beteg\u00fcnk az intenz\u00edv oszt\u00e1lyra \u00e9rkezik. Az intenz\u00edv oszt\u00e1lyos kezel\u00e9s ideje a m\u0171t\u00e9t komplexit\u00e1s\u00e1t\u00f3l \u00e9s a m\u0171t\u00e9t ut\u00e1ni \u00e1llapott\u00f3l f\u00fcgg. Sz\u00edvseb\u00e9szeti oszt\u00e1lyos kezel\u00e9s\u00fcnk idej\u00e9t szint\u00e9n a m\u0171t\u00e9t \u00f6sszetetts\u00e9ge \u00e9s betegeink \u00e1llapota hat\u00e1rozza meg. \u00c1tlagosan a m\u0171t\u00e9tet k\u00f6vet\u0151 3.-5. napon v\u00e9gezz\u00fck el\u00a0az ellen\u0151rz\u0151 vizsg\u00e1latokat (sz\u00edvultrahang, mellkasr\u00f6ntgen, laborvizsg\u00e1lat, EKG). Ezen vizsg\u00e1latok eredm\u00e9nye \u00e9s az \u00e1ltal\u00e1nos \u00e1llapot f\u00fcggv\u00e9ny\u00e9ben 6-7 nappal a beavatkoz\u00e1st k\u00f6vet\u0151en m\u0171t\u00e9t ut\u00e1ni rehabilit\u00e1ci\u00f3ra engedj\u00fcnk betegeinket. A rehabilit\u00e1ci\u00f3 vid\u00e9ki \u00e9s budapesti int\u00e9zetekben lehets\u00e9ges, az ut\u00f3kezel\u00e9s helysz\u00edn\u00e9t betegeink az oper\u00e1l\u00f3 sz\u00edvseb\u00e9sszel k\u00f6z\u00f6sen d\u00f6ntik el. A rehabilit\u00e1ci\u00f3ra t\u00f6rt\u00e9n\u0151 hely ig\u00e9nyl\u00e9s\u00e9t \u00e9s a betegsz\u00e1ll\u00edt\u00e1st adminisztr\u00e1toraink k\u00e9sz\u00edtik el\u0151. A z\u00e1r\u00f3jelent\u00e9s kiad\u00e1sa a t\u00e1voz\u00e1s napj\u00e1n 11 \u00f3rakor t\u00f6rt\u00e9nik.\u00a0<\/p>\n<h1>K\u00e9s\u0151i posztoperat\u00edv kezel\u00e9s:\u00a0<\/h1>\n<p style=\"text-align: justify\">A mellkasi seb k\u00f6t\u00f6z\u00e9se a m\u0171t\u00e9tt\u0151l sz\u00e1m\u00edtott k\u00e9t h\u00e9tig sz\u00fcks\u00e9ges. Eddig a sebet v\u00edz nem \u00e9rheti. Ezt k\u00f6vet\u0151en a sebet k\u00f6t\u00f6zni nem kell, foly\u00f3 v\u00edzzel zuhanyoztathat\u00f3. Sebgy\u00f3gyul\u00e1si zavar eset\u00e9n (v\u00e1lad\u00e9koz\u00e1s, gyullad\u00e1s) az oper\u00e1l\u00f3 seb\u00e9szt halad\u00e9ktalanul \u00e9rtes\u00edteni kell. A szegycsont teljes gy\u00f3gyul\u00e1s\u00e1nak ideje 2 h\u00f3nap, maxim\u00e1lis fizikai megterhel\u00e9s ezut\u00e1n lehets\u00e9ges. Rehabilit\u00e1ci\u00f3t k\u00f6vet\u0151en a k\u00e9t h\u00f3nap letelte el\u0151tt k\u00f6nny\u0171 fizikai ig\u00e9nybev\u00e9tel (p\u00e9ld\u00e1ul s\u00e9ta) a fizikai terhelhet\u0151s\u00e9gnek megfelel\u0151en lehets\u00e9ges, s\u0151t min\u00e9l akt\u00edvabb mobiliz\u00e1ci\u00f3 javasolt, azonban a fels\u0151 testf\u00e9l, a karok terhel\u00e9s\u00e9t, a karokkal val\u00f3 t\u00e1maszkod\u00e1st, illetve a hajolgat\u00e1st ker\u00fclni kell.\u00a0<\/p>\n<p style=\"text-align: justify\">Sz\u00edvseb\u00e9szeti kontroll vizsg\u00e1lat a m\u0171t\u00e9tet k\u00f6vet\u0151en 2-3 h\u00f3nappal sz\u00fcks\u00e9ges, melyre k\u00e9rj\u00fck a z\u00e1r\u00f3jelent\u00e9sen mell\u00e9kelt telefonsz\u00e1mon foglaljanak id\u0151pontot. A kontroll vizsg\u00e1latra az ut\u00f3kezel\u00e9sen kapott z\u00e1r\u00f3jelent\u00e9st hozz\u00e1k magukkal. Ezt k\u00f6vet\u0151en a tov\u00e1bbi sz\u00edvseb\u00e9szeti kontroll vizsg\u00e1latok id\u0151pontj\u00e1t a sz\u00edvseb\u00e9sz hat\u00e1rozza meg, illetve d\u00f6nti arr\u00f3l is, ha a k\u00e9s\u0151bbiekben ism\u00e9telt sz\u00edvseb\u00e9szeti kontroll m\u00e1r nem sz\u00fcks\u00e9ges. A sz\u00edvm\u0171t\u00e9tet k\u00f6vet\u0151en kardiol\u00f3giai gondoz\u00e1sba v\u00e9tel \u00e9s rendszeres, a kardiol\u00f3gus \u00e1ltal meghat\u00e1rozott gyakoris\u00e1g\u00fa kardiol\u00f3giai vizsg\u00e1lat javasolt.<\/p>\n<p style=\"text-align: justify\">Vezet\u0151i enged\u00e9ly meghosszabb\u00edt\u00e1s\u00e1hoz, valamint munkaalkalmass\u00e1g elb\u00edr\u00e1l\u00e1s\u00e1hoz kardiol\u00f3giai szakv\u00e9lem\u00e9ny sz\u00fcks\u00e9ges.<\/p>\n","protected":false},"excerpt":{"rendered":"<p>Korai posztoperat\u00edv kezel\u00e9s:\u00a0 A m\u0171t\u00e9tet k\u00f6vet\u0151en minden beteg\u00fcnk az intenz\u00edv oszt\u00e1lyra \u00e9rkezik. Az intenz\u00edv oszt\u00e1lyos kezel\u00e9s ideje a m\u0171t\u00e9t komplexit\u00e1s\u00e1t\u00f3l \u00e9s a m\u0171t\u00e9t ut\u00e1ni \u00e1llapott\u00f3l f\u00fcgg. Sz\u00edvseb\u00e9szeti oszt\u00e1lyos kezel\u00e9s\u00fcnk idej\u00e9t szint\u00e9n a m\u0171t\u00e9t \u00f6sszetetts\u00e9ge \u00e9s betegeink \u00e1llapota hat\u00e1rozza meg. \u00c1tlagosan a m\u0171t\u00e9tet k\u00f6vet\u0151 3.-5. napon v\u00e9gezz\u00fck el\u00a0az ellen\u0151rz\u0151 vizsg\u00e1latokat (sz\u00edvultrahang, mellkasr\u00f6ntgen, laborvizsg\u00e1lat, EKG). Ezen vizsg\u00e1latok &hellip;<\/p>\n","protected":false},"author":102080,"featured_media":0,"parent":2017,"menu_order":5,"comment_status":"closed","ping_status":"closed","template":"","meta":{"_acf_changed":false,"footnotes":""},"categories":[],"tags":[],"class_list":["post-3949","page","type-page","status-publish","hentry"],"acf":[],"_links":{"self":[{"href":"https:\/\/semmelweis.hu\/varosmajor\/wp-json\/wp\/v2\/pages\/3949","targetHints":{"allow":["GET"]}}],"collection":[{"href":"https:\/\/semmelweis.hu\/varosmajor\/wp-json\/wp\/v2\/pages"}],"about":[{"href":"https:\/\/semmelweis.hu\/varosmajor\/wp-json\/wp\/v2\/types\/page"}],"author":[{"embeddable":true,"href":"https:\/\/semmelweis.hu\/varosmajor\/wp-json\/wp\/v2\/users\/102080"}],"replies":[{"embeddable":true,"href":"https:\/\/semmelweis.hu\/varosmajor\/wp-json\/wp\/v2\/comments?post=3949"}],"version-history":[{"count":3,"href":"https:\/\/semmelweis.hu\/varosmajor\/wp-json\/wp\/v2\/pages\/3949\/revisions"}],"predecessor-version":[{"id":5755,"href":"https:\/\/semmelweis.hu\/varosmajor\/wp-json\/wp\/v2\/pages\/3949\/revisions\/5755"}],"up":[{"embeddable":true,"href":"https:\/\/semmelweis.hu\/varosmajor\/wp-json\/wp\/v2\/pages\/2017"}],"wp:attachment":[{"href":"https:\/\/semmelweis.hu\/varosmajor\/wp-json\/wp\/v2\/media?parent=3949"}],"wp:term":[{"taxonomy":"category","embeddable":true,"href":"https:\/\/semmelweis.hu\/varosmajor\/wp-json\/wp\/v2\/categories?post=3949"},{"taxonomy":"post_tag","embeddable":true,"href":"https:\/\/semmelweis.hu\/varosmajor\/wp-json\/wp\/v2\/tags?post=3949"}],"curies":[{"name":"wp","href":"https:\/\/api.w.org\/{rel}","templated":true}]}}