{"id":3940,"date":"2023-11-03T14:37:28","date_gmt":"2023-11-03T13:37:28","guid":{"rendered":"https:\/\/semmelweis.hu\/varosmajor\/?page_id=3940"},"modified":"2024-09-06T11:07:42","modified_gmt":"2024-09-06T09:07:42","slug":"muteti-tipusok","status":"publish","type":"page","link":"https:\/\/semmelweis.hu\/varosmajor\/gyogyitas\/szivsebeszet\/muteti-tipusok\/","title":{"rendered":"M\u0171t\u00e9ti t\u00edpusok"},"content":{"rendered":"<h1 style=\"text-align: center\"><u>Koszor\u00fa\u00e9r (bypass) m\u0171t\u00e9t<\/u><\/h1>\n<p style=\"text-align: justify\">S\u00falyos fok\u00fa koszor\u00fa\u00e9r sz\u0171k\u00fcletek eset\u00e9n a sz\u00edvizom nem kap megfelel\u0151 mennyis\u00e9g\u0171 v\u00e9rt, cs\u00f6kken a t\u00e1panyag \u00e9s oxig\u00e9n ell\u00e1t\u00e1sa. Amennyiben hirtelen j\u00f6n l\u00e9tre az oxig\u00e9nhi\u00e1nyos \u00e1llapot, sz\u00edvinfarktus alakulhat ki. Az orvosl\u00e1s c\u00e9lja a koszor\u00fa\u00e9r sz\u0171k\u00fcletek eset\u00e9n a sz\u00edvizom v\u00e9rell\u00e1t\u00e1s\u00e1nak helyre\u00e1ll\u00edt\u00e1sa, melynek m\u00f3dszere lehet kardiol\u00f3giai (sztent behelyez\u00e9se sz\u00edvkat\u00e9teres beavatkoz\u00e1ssal), vagy sz\u00edvseb\u00e9szeti megold\u00e1s: a koszor\u00fa\u00e9r bypass m\u0171t\u00e9t. A k\u00e9t m\u00f3dszer egym\u00e1st kieg\u00e9sz\u00edtve alkotja az optim\u00e1lis v\u00e9rkering\u00e9s helyre\u00e1ll\u00edt\u00e1s\u00e1t, mindig a kardiol\u00f3gus \u00e9s a sz\u00edvseb\u00e9sz k\u00f6z\u00f6s d\u00f6nt\u00e9se, hogy az adott beteg hossz\u00fa t\u00e1v\u00fa gy\u00f3gyul\u00e1s\u00e1t mely m\u00f3dszer szolg\u00e1lja a legjobban.\u00a0<\/p>\n<p style=\"text-align: justify\">A koszor\u00fa\u00e9r m\u0171t\u00e9t c\u00e9lja, hogy a sz\u0171k\u00fcleteket \u00e1thidaljuk, melyhez a test egy\u00e9b helyeir\u0151l nyer\u00fcnk ereket. Leggyakrabban a mellkas bels\u0151 felsz\u00edn\u00e9n fut\u00f3 art\u00e9ri\u00e1t, \u00e9s a l\u00e1bsz\u00e1rb\u00f3l nyert v\u00e9n\u00e1t haszn\u00e1ljuk. A koszor\u00fa\u00e9r m\u0171t\u00e9t sor\u00e1n k\u00e9tf\u00e9le technika alkalmazhat\u00f3: a klasszikus m\u00f3dszer szerint a sz\u00edvet meg\u00e1ll\u00edtjuk \u00e9s \u00e1ll\u00f3 sz\u00edven k\u00e9sz\u00edtj\u00fck el az \u00e1thidal\u00e1sokat, m\u00edg az \u00fagynevezett sz\u00edvmotor n\u00e9lk\u00fcli (off-pump) technika eset\u00e9n a sz\u00edvet nem \u00e1ll\u00edtjuk meg, az \u00e1thidal\u00e1sokat dobog\u00f3 sz\u00edven k\u00e9sz\u00edtj\u00fck el. A megfelel\u0151 technika kiv\u00e1laszt\u00e1sa a sz\u00edvseb\u00e9sz d\u00f6nt\u00e9se, mely sor\u00e1n m\u00e9rlegeli, hogy a beteg melyik m\u00f3dszerrel r\u00e9szes\u00fcl a sz\u00e1m\u00e1ra legmegfelel\u0151bb ell\u00e1t\u00e1sban.\u00a0<\/p>\n<h1 style=\"text-align: center\"><u>Aortabillenty\u0171 m\u0171t\u00e9t<\/u><\/h1>\n<p style=\"text-align: justify\">Az aortabillenty\u0171 a sz\u00edv bal kamr\u00e1ja \u00e9s a f\u0151ver\u0151\u00e9r k\u00f6z\u00f6tt helyezkedik el, funkci\u00f3ja, hogy biztos\u00edtja a v\u00e9r egyir\u00e1ny\u00fa \u00e1raml\u00e1s\u00e1t, vagyis megg\u00e1tolja, hogy a sz\u00edv ellazul\u00e1sakor abba a v\u00e9r visszafolyjon.\u00a0<\/p>\n<p style=\"text-align: justify\">Aortabillenty\u0171 sz\u0171k\u00fclet:\u00a0Az aortabillenty\u0171 sz\u0171k\u00fclete eset\u00e9n a sz\u00edvnek a sz\u0171k\u00fclt billenty\u0171n kell \u00e1tpump\u00e1lni a v\u00e9rt, mely a sz\u00edvizomzat sz\u00e1m\u00e1ra jelent\u0151s plusz terhel\u00e9ssel j\u00e1r, annak k\u00f6vetkezm\u00e9nyes megvastagod\u00e1s\u00e1t eredm\u00e9nyezi, mely hossz\u00fa fenn\u00e1ll\u00e1s eset\u00e9n a sz\u00edvizomzat \u201ckif\u00e1rad\u00e1s\u00e1hoz\u201d, el\u00e9gtelen m\u0171k\u00f6d\u00e9s\u00e9hez vezethet.\u00a0<\/p>\n<p style=\"text-align: justify\">Aortabillenty\u0171 el\u00e9gtelens\u00e9g: Az aortabillenty\u0171 el\u00e9gtelens\u00e9ge eset\u00e9n\u00a0a billenty\u0171 nem z\u00e1r megfelel\u0151en, \u00edgy a sz\u00edv fel\u00e9 is \u00e1ramlik a v\u00e9r a f\u0151ver\u0151\u00e9rb\u0151l, mely jelent\u0151s t\u00e9rfogat terhel\u00e9st okoz a sz\u00edvnek. Kezdetben a sz\u00edvizomzat megvastagszik, hogy a fokozott terhel\u00e9ssel szemben is megfelel\u0151en tudjon dolgozni, azonban hossz\u00fa t\u00e1von a sz\u00edv kimer\u00fcl, kit\u00e1gul, \u00e9s ez az \u00e1llapot is a sz\u00edv el\u00e9gtelen m\u0171k\u00f6d\u00e9s\u00e9hez vezethet.\u00a0<\/p>\n<p style=\"text-align: justify\">Az aortabillenty\u0171 m\u0171t\u00e9t eset\u00e9n a sz\u00edvet meg\u00e1ll\u00edtjuk \u00e9s a degener\u00e1l\u00f3dott, elmeszesedett vagy el\u00e9gtelen\u00fcl m\u0171k\u00f6d\u0151 billenty\u0171t elt\u00e1vol\u00edtjuk, hely\u00e9re m\u0171billenty\u0171t \u00fcltet\u00fcnk be. Bizonyos esetekben a billenty\u0171 megtarthat\u00f3, megfelel\u0151 technik\u00e1val jav\u00edthat\u00f3, ebben az esetben billenty\u0171 plasztik\u00e1r\u00f3l besz\u00e9l\u00fcnk, mely aortabillenty\u0171 betegs\u00e9g eset\u00e9n ritk\u00e1n alkalmazhat\u00f3.\u00a0<\/p>\n<h4 style=\"text-align: center\"><strong>M\u0171billenty\u0171 t\u00edpusok<\/strong><\/h4>\n<p style=\"text-align: justify\">A. Biol\u00f3giai m\u0171billenty\u0171: Term\u00e9szetes (\u00e1llati) sz\u00f6vetb\u0151l k\u00e9sz\u00fcl, \u00edgy a v\u00e9rkering\u00e9sbe \u00fcltetve j\u00f3val kev\u00e9sb\u00e9 k\u00e9pez v\u00e9rr\u00f6gk\u00e9pz\u0151d\u00e9sre hajlamos\u00edt\u00f3 felsz\u00ednt.\u00a0<\/p>\n<ul>\n<li style=\"text-align: justify\">El\u0151nye: Nem sz\u00fcks\u00e9ges mellette K-vitamin antagonista v\u00e9ralvad\u00e1sg\u00e1tl\u00f3 gy\u00f3gyszert szedni, \u00edgy annak nem k\u00edv\u00e1nt mell\u00e9khat\u00e1sai elker\u00fclhet\u0151ek. Degener\u00e1ci\u00f3 eset\u00e9n t\u00edpust\u00f3l f\u00fcgg\u0151en kat\u00e9teres \u00faton \u00fajabb m\u0171billenty\u0171 \u00fcltethet\u0151 be, \u00edgy egy esetleges ism\u00e9telt sz\u00edvm\u0171t\u00e9t elker\u00fclhet\u0151 lehet.\u00a0\n<\/li>\n<li style=\"text-align: justify\">H\u00e1tr\u00e1nya: Term\u00e9szetes mivolt\u00e1b\u00f3l ered\u0151en degener\u00e1l\u00f3dik, id\u0151vel elmeszesedik, ism\u00e9telten sz\u0171k\u00fclet alakulhat ki rajta. A folyamatos fejleszt\u00e9seknek k\u00f6sz\u00f6nhet\u0151en azonban egyre hosszabb \u00e9lettartam\u00fa biol\u00f3giai m\u0171billenty\u0171k jelennek meg a piacon. Az egyes gy\u00e1rt\u00f3k 10-15 \u00e9vre teszik a biol\u00f3giai billenty\u0171k \u00e1tlag \u00e9lettartam\u00e1t.\u00a0\u00a0\u00a0\u00a0\u00a0<\/li>\n<\/ul>\n<p style=\"text-align: justify\">B. Mechanikus m\u0171billenty\u0171: Gy\u00e1ri \u00faton el\u0151\u00e1ll\u00edtott, \u00e1ltal\u00e1ban pirolit-karbon \u00f6tv\u00f6zetb\u0151l k\u00e9sz\u00fcl, \u00edgy nem degener\u00e1l\u00f3dik, megfelel\u0151en be\u00e1ll\u00edtott \u00e9s kontroll\u00e1lt antikoagul\u00e1ci\u00f3 mellett \u00e9letre sz\u00f3l\u00f3 megold\u00e1st biztos\u00edt.<\/p>\n<ul>\n<li style=\"text-align: justify\">El\u0151nye: Megfelel\u0151en alkalmazott K-vitamin antagonista v\u00e9ralvad\u00e1sg\u00e1tl\u00f3 (p\u00e9ld\u00e1ul Syncumar, Warfarin, Marfarin) mellett \u00e9lettartama \u201ckorl\u00e1tlan\u201d, vagyis a billenty\u0171 nem haszn\u00e1l\u00f3dik el, \u00edgy v\u00e1rhat\u00f3an nem sz\u00fcks\u00e9ges \u00fajabb sz\u00edvm\u0171t\u00e9t vagy egy\u00e9b beavatkoz\u00e1s.\n<\/li>\n<li style=\"text-align: justify\">H\u00e1tr\u00e1nya: \u00c9lethosszig tart\u00f3 K-vitamin anagonist\u00e1val t\u00f6rt\u00e9n\u0151 v\u00e9ralvad\u00e1sg\u00e1tl\u00f3 kezel\u00e9s sz\u00fcks\u00e9ges mellette, mivel a m\u0171billenty\u0171 mesters\u00e9ges \u00f6tv\u00f6zet l\u00e9v\u00e9n hajlamos\u00edt a v\u00e9rr\u00f6g k\u00e9pz\u0151d\u00e9sre, mely okozhat p\u00e9ld\u00e1ul sztr\u00f3kot, vagy megg\u00e1tolhatja a m\u0171billenty\u0171 optim\u00e1lis m\u0171k\u00f6d\u00e9s\u00e9t, ezzel akut kering\u00e9si el\u00e9gtelens\u00e9get is okozhat. A v\u00e9ralvad\u00e1sg\u00e1tl\u00f3k alkalmaz\u00e1sa fokozott odafigyel\u00e9st ig\u00e9nyel az \u00e9tkez\u00e9st illet\u0151en, illetve fokozott kock\u00e1zatot jelent s\u00e9r\u00fcl\u00e9sek eset\u00e9n. Hat\u00e1s\u00e1nak (INR) ellen\u0151rz\u00e9s\u00e9re havonta egyszer v\u00e9rv\u00e9tel sz\u00fcks\u00e9ges, illetve gyakrabban, amennyiben a szintje nem megfelel\u0151 \u00e9s a d\u00f3zis v\u00e1ltoztat\u00e1sa sz\u00fcks\u00e9ges. Nem megfelel\u0151en be\u00e1ll\u00edtott v\u00e9ralvad\u00e1sg\u00e1tl\u00e1s eset\u00e9n nem csak v\u00e9rr\u00f6g\u00f6k alakulhatnak ki, hanem v\u00e9rz\u00e9sek is jelentkezhetnek a szervezetben, \u00edgy p\u00e9ld\u00e1ul az agyban, gyomorban. Megfelel\u0151en be\u00e1ll\u00edtott ter\u00e1pia mellett a m\u0171billenty\u0171 tromb\u00f3zis es\u00e9lye minim\u00e1lis.\u00a0 Mechanikus aorta m\u0171billenty\u0171 eset\u00e9n a v\u00e9ralvad\u00e1sg\u00e1tl\u00f3 szintje (INR) 2.0-\u00e9s 3.0 k\u00f6z\u00f6tt optim\u00e1lis.\u00a0<\/li>\n<\/ul>\n<h4 style=\"text-align: center\"><strong><u>Mitr\u00e1lis billenty\u0171 m\u0171t\u00e9t<\/u><\/strong><\/h4>\n<p style=\"text-align: justify\">A mitr\u00e1lis (k\u00e9thegy\u0171) billenty\u0171 a sz\u00edv bal pitvara \u00e9s bal kamr\u00e1ja k\u00f6z\u00f6tt helyezkedik el, funkci\u00f3ja, hogy a sz\u00edv \u00f6sszeh\u00faz\u00f3d\u00e1sakor megg\u00e1tolja, hogy a v\u00e9r a bal pitvarba \u00e9s onnan a t\u00fcd\u0151 (kisv\u00e9rk\u00f6r) ir\u00e1ny\u00e1ba \u00e1ramoljon.\u00a0<\/p>\n<p style=\"text-align: justify\">Mitr\u00e1lis billenty\u0171 sz\u0171k\u00fclet: A mitr\u00e1lis billenty\u0171 sz\u0171k\u00fclete a fejlett orsz\u00e1gokban egyre cs\u00f6kken\u0151 el\u0151fordul\u00e1s\u00fa k\u00f3rk\u00e9p, mely leggyakrabban az antibiotikumok sz\u00e9lesk\u00f6r\u0171 elterjed\u00e9se el\u0151tt Streptococcus fert\u0151z\u00e9st k\u00f6vet\u0151en alakult ki. Ebben az esetben a sz\u0171k\u00fclt billenty\u0171n a v\u00e9r \u00e1t\u00e1raml\u00e1sa a bal kamr\u00e1ba nehez\u00edtett, \u00edgy a szervezetbe is kevesebb v\u00e9r jut. Mivel a v\u00e9r nehezebben, lassabban jut \u00e1t a sz\u0171k\u00fclt billenty\u0171n, ez\u00e9rt a v\u00e9r egy r\u00e9sze felgy\u0171lik a bal pitvarban, ott megemeli a nyom\u00e1st \u00e9s kit\u00e1g\u00edtja a pitvart (mely ritmuszavarhoz vezethet), majd id\u0151vel k\u00f6vetkezm\u00e9nyesen megemelkedik a nyom\u00e1s a t\u00fcd\u0151 kering\u00e9s\u00e9ben is, mely a jobb sz\u00edvf\u00e9l plusz terhel\u00e9s\u00e9t is okozhatja.<\/p>\n<p style=\"text-align: justify\">Mitr\u00e1lis billenty\u0171 el\u00e9gtelens\u00e9g (regurgit\u00e1ci\u00f3): A mitr\u00e1lis billenty\u0171 el\u00e9gtelens\u00e9ge eset\u00e9n a billenty\u0171 z\u00e1r\u00f3d\u00e1sa nem t\u00f6k\u00e9letes, \u00edgy a sz\u00edv \u00f6sszeh\u00faz\u00f3d\u00e1sa sor\u00e1n a v\u00e9r nem csak a f\u0151ver\u0151\u00e9rbe, hanem a bal pitvarba, onnan pedig a kisv\u00e9rk\u00f6rbe is \u00e1ramlik, ezzel a kisv\u00e9rk\u00f6ri v\u00e9rnyom\u00e1s emelked\u00e9st, majd a jobb sz\u00edvf\u00e9l t\u00f6bblet terhel\u00e9s\u00e9t okozza, v\u00e9geredm\u00e9nyben sz\u00edvel\u00e9gtelens\u00e9ghez vezethet.\u00a0<\/p>\n<p style=\"text-align: justify\">Mitr\u00e1lis billenty\u0171 m\u0171t\u00e9t eset\u00e9n a sz\u00edvet meg\u00e1ll\u00edtjuk \u00e9s a degener\u00e1l\u00f3dott, elmeszesedett vagy el\u00e9gtelen\u00fcl m\u0171k\u00f6d\u0151 billenty\u0171t elt\u00e1vol\u00edtjuk, hely\u00e9re m\u0171billenty\u0171t \u00fcltet\u00fcnk be. Bizonyos esetekben a billenty\u0171 megtarthat\u00f3, megfelel\u0151 technik\u00e1val jav\u00edthat\u00f3, ezekben az esetekben billenty\u0171 plasztik\u00e1r\u00f3l besz\u00e9l\u00fcnk. Mitr\u00e1lis billenty\u0171 eset\u00e9n a plasztika gyakrabban kivitelezhet\u0151, mint aortabillenty\u0171 eset\u00e9n. Amennyiben a m\u0171t\u00e9t k\u00f6zbeni ultrahang vizsg\u00e1lat alapj\u00e1n a plasztika nem hat\u00e9kony, \u00fagy m\u0171billenty\u0171t \u00fcltet\u00fcnk be.\u00a0<\/p>\n<h6 style=\"text-align: center\"><strong>M\u0171billenty\u0171 t\u00edpusok\u00a0<\/strong><\/h6>\n<p style=\"text-align: justify\">A. Biol\u00f3giai m\u0171billenty\u0171: Term\u00e9szetes (\u00e1llati) sz\u00f6vetb\u0151l k\u00e9sz\u00fcl, \u00edgy a v\u00e9rkering\u00e9sbe \u00fcltetve j\u00f3val kev\u00e9sb\u00e9 k\u00e9pez v\u00e9rr\u00f6gk\u00e9pz\u0151d\u00e9sre hajlamos\u00edt\u00f3 felsz\u00ednt.\u00a0<\/p>\n<ul style=\"text-align: justify\">\n<li>El\u0151nye: Nem sz\u00fcks\u00e9ges mellette K-vitamin antagonista v\u00e9ralvad\u00e1sg\u00e1tl\u00f3 gy\u00f3gyszert szedni, \u00edgy annak nem k\u00edv\u00e1nt mell\u00e9khat\u00e1sai elker\u00fclhet\u0151ek.\u00a0\u00a0\n<\/li>\n<li>H\u00e1tr\u00e1nya: Term\u00e9szetes mivolt\u00e1b\u00f3l ered\u0151en degener\u00e1l\u00f3dik, id\u0151vel elmeszesedik, ism\u00e9telten sz\u0171k\u00fclet alakulhat ki rajta. A folyamatos fejleszt\u00e9seknek k\u00f6sz\u00f6nhet\u0151en egyre hosszabb \u00e9lettartam\u00fa biol\u00f3giai m\u0171billenty\u0171k jelennek meg a piacon. Az egyes gy\u00e1rt\u00f3k 10-15 \u00e9vre teszik a biol\u00f3giai m\u0171billenty\u0171k \u00e1tlag \u00e9lettartam\u00e1t. A mitr\u00e1lis m\u0171billenty\u0171 eset\u00e9n az ism\u00e9telt kat\u00e9teres billenty\u0171 be\u00fcltet\u00e9s m\u00e9g nem rutin beavatkoz\u00e1s, \u00edgy \u00fajabb sz\u00edvm\u0171t\u00e9t sz\u00fcks\u00e9ges<\/li>\n<\/ul>\n<p style=\"text-align: justify\">B. Mechanikus m\u0171billenty\u0171: Gy\u00e1ri \u00faton el\u0151\u00e1ll\u00edtott, \u00e1ltal\u00e1ban pirolit-karbon \u00f6tv\u00f6zetb\u0151l k\u00e9sz\u00fcl, \u00edgy nem degener\u00e1l\u00f3dik, megfelel\u0151en be\u00e1ll\u00edtott \u00e9s kontroll\u00e1lt antikoagul\u00e1ci\u00f3 mellett \u00e9letre sz\u00f3l\u00f3 megold\u00e1st biztos\u00edt.<\/p>\n<ul>\n<li style=\"text-align: justify\">El\u0151nye: Megfelel\u0151en alkalmazott K-vitamin antagonista v\u00e9ralvad\u00e1sg\u00e1tl\u00f3 (p\u00e9ld\u00e1ul Syncumar, Marfarin, Warfarin) mellett \u00e9lettartama \u201ckorl\u00e1tlan\u201d, vagyis a billenty\u0171 nem haszn\u00e1l\u00f3dik el, \u00edgy v\u00e1rhat\u00f3an nem sz\u00fcks\u00e9ges \u00fajabb sz\u00edvm\u0171t\u00e9t vagy egy\u00e9b beavatkoz\u00e1s.\n<\/li>\n<li style=\"text-align: justify\">H\u00e1tr\u00e1nya: \u00c9lethosszig tart\u00f3 K-vitamin anagonist\u00e1val t\u00f6rt\u00e9n\u0151 v\u00e9ralvad\u00e1sg\u00e1tl\u00f3 kezel\u00e9s sz\u00fcks\u00e9ges mellette, mivel a m\u0171billenty\u0171 mesters\u00e9ges \u00f6tv\u00f6zet l\u00e9v\u00e9n hajlamos\u00edt a v\u00e9rr\u00f6g k\u00e9pz\u0151d\u00e9sre, mely okozhat p\u00e9ld\u00e1ul sztr\u00f3kot, vagy megg\u00e1tolhatja a m\u0171billenty\u0171 optim\u00e1lis m\u0171k\u00f6d\u00e9s\u00e9t, ezzel akut kering\u00e9si el\u00e9gtelens\u00e9get is kialak\u00edthat. A v\u00e9ralvad\u00e1sg\u00e1tl\u00f3k alkalmaz\u00e1sa fokozott odafigyel\u00e9st ig\u00e9nyel az \u00e9tkez\u00e9st illet\u0151en, illetve fokozott kock\u00e1zatot jelent s\u00e9r\u00fcl\u00e9sek eset\u00e9n. Hat\u00e1s\u00e1nak ellen\u0151rz\u00e9s\u00e9re havonta egyszer v\u00e9rv\u00e9tel sz\u00fcks\u00e9ges (INR m\u00e9r\u00e9s), illetve gyakrabban, amennyiben a szintje nem megfelel\u0151 \u00e9s a d\u00f3zis v\u00e1ltoztat\u00e1sa sz\u00fcks\u00e9ges. Nem megfelel\u0151en be\u00e1ll\u00edtott v\u00e9ralvad\u00e1sg\u00e1tl\u00e1s eset\u00e9n nem csak v\u00e9rr\u00f6g\u00f6k alakulhatnak ki, hanem v\u00e9rz\u00e9sek is jelentkezhetnek a szervezetben, \u00edgy p\u00e9ld\u00e1ul az agyban, gyomorban. Megfelel\u0151en be\u00e1ll\u00edtott ter\u00e1pia mellett a m\u0171billenty\u0171 tromb\u00f3zis es\u00e9lye minim\u00e1lis. Mechanikus mitr\u00e1lis m\u0171billenty\u0171 eset\u00e9n a v\u00e9ralvad\u00e1sg\u00e1tl\u00f3 szintje (INR) 2.5-\u00e9s 3.5 k\u00f6z\u00f6tt optim\u00e1lis.\u00a0<\/li>\n<\/ul>\n<h1 style=\"text-align: center\"><u>Trikuszpid\u00e1lis billenty\u0171 m\u0171t\u00e9t<\/u><\/h1>\n<p style=\"text-align: justify\">A trikuszpid\u00e1lis vagy h\u00e1romhegy\u0171 billenty\u0171 a jobb sz\u00edvf\u00e9lben, a jobb kamra \u00e9s jobb pitvar k\u00f6z\u00f6tt helyezkedik el, funkci\u00f3ja, hogy megg\u00e1tolja a v\u00e9r jobb pitvarba t\u00f6rt\u00e9n\u0151 vissza\u00e1raml\u00e1s\u00e1t a sz\u00edv \u00f6sszeh\u00faz\u00f3d\u00e1sa sor\u00e1n. Leggyakrabban a billenty\u0171 el\u00e9gtelens\u00e9ge (regurgit\u00e1ci\u00f3) fordul el\u0151, mely \u00f6nmag\u00e1ban ritk\u00e1n jelentkezik, \u00e1ltal\u00e1ban egy\u00e9b billenty\u0171 betegs\u00e9gek k\u00f6vetkezm\u00e9nyeik\u00e9nt jelenik meg.\u00a0<\/p>\n<p style=\"text-align: justify\">A trikuszpid\u00e1lis billenty\u0171 el\u00e9gtelens\u00e9ge sor\u00e1n az egy\u00e9b sz\u00edvbillenty\u0171 m\u0171t\u00e9t mellett ezen a billenty\u0171n plasztik\u00e1t v\u00e9gz\u00fcnk, a billenty\u0171t kicser\u00e9lni m\u0171billenty\u0171re extr\u00e9m ritk\u00e1n sz\u00fcks\u00e9ges, p\u00e9ld\u00e1ul fert\u0151z\u00e9s okozta megbeteged\u00e9se eset\u00e9n.\u00a0<\/p>\n","protected":false},"excerpt":{"rendered":"<p>Koszor\u00fa\u00e9r (bypass) m\u0171t\u00e9t S\u00falyos fok\u00fa koszor\u00fa\u00e9r sz\u0171k\u00fcletek eset\u00e9n a sz\u00edvizom nem kap megfelel\u0151 mennyis\u00e9g\u0171 v\u00e9rt, cs\u00f6kken a t\u00e1panyag \u00e9s oxig\u00e9n ell\u00e1t\u00e1sa. Amennyiben hirtelen j\u00f6n l\u00e9tre az oxig\u00e9nhi\u00e1nyos \u00e1llapot, sz\u00edvinfarktus alakulhat ki. Az orvosl\u00e1s c\u00e9lja a koszor\u00fa\u00e9r sz\u0171k\u00fcletek eset\u00e9n a sz\u00edvizom v\u00e9rell\u00e1t\u00e1s\u00e1nak helyre\u00e1ll\u00edt\u00e1sa, melynek m\u00f3dszere lehet kardiol\u00f3giai (sztent behelyez\u00e9se sz\u00edvkat\u00e9teres beavatkoz\u00e1ssal), vagy sz\u00edvseb\u00e9szeti megold\u00e1s: a koszor\u00fa\u00e9r &hellip;<\/p>\n","protected":false},"author":102080,"featured_media":0,"parent":2017,"menu_order":2,"comment_status":"closed","ping_status":"closed","template":"","meta":{"_acf_changed":false,"footnotes":""},"categories":[],"tags":[],"class_list":["post-3940","page","type-page","status-publish","hentry"],"acf":[],"_links":{"self":[{"href":"https:\/\/semmelweis.hu\/varosmajor\/wp-json\/wp\/v2\/pages\/3940","targetHints":{"allow":["GET"]}}],"collection":[{"href":"https:\/\/semmelweis.hu\/varosmajor\/wp-json\/wp\/v2\/pages"}],"about":[{"href":"https:\/\/semmelweis.hu\/varosmajor\/wp-json\/wp\/v2\/types\/page"}],"author":[{"embeddable":true,"href":"https:\/\/semmelweis.hu\/varosmajor\/wp-json\/wp\/v2\/users\/102080"}],"replies":[{"embeddable":true,"href":"https:\/\/semmelweis.hu\/varosmajor\/wp-json\/wp\/v2\/comments?post=3940"}],"version-history":[{"count":5,"href":"https:\/\/semmelweis.hu\/varosmajor\/wp-json\/wp\/v2\/pages\/3940\/revisions"}],"predecessor-version":[{"id":5749,"href":"https:\/\/semmelweis.hu\/varosmajor\/wp-json\/wp\/v2\/pages\/3940\/revisions\/5749"}],"up":[{"embeddable":true,"href":"https:\/\/semmelweis.hu\/varosmajor\/wp-json\/wp\/v2\/pages\/2017"}],"wp:attachment":[{"href":"https:\/\/semmelweis.hu\/varosmajor\/wp-json\/wp\/v2\/media?parent=3940"}],"wp:term":[{"taxonomy":"category","embeddable":true,"href":"https:\/\/semmelweis.hu\/varosmajor\/wp-json\/wp\/v2\/categories?post=3940"},{"taxonomy":"post_tag","embeddable":true,"href":"https:\/\/semmelweis.hu\/varosmajor\/wp-json\/wp\/v2\/tags?post=3940"}],"curies":[{"name":"wp","href":"https:\/\/api.w.org\/{rel}","templated":true}]}}