{"id":3937,"date":"2023-11-03T14:18:17","date_gmt":"2023-11-03T13:18:17","guid":{"rendered":"https:\/\/semmelweis.hu\/varosmajor\/?page_id=3937"},"modified":"2024-09-06T11:05:18","modified_gmt":"2024-09-06T09:05:18","slug":"szivsebeszeti-ambulancia","status":"publish","type":"page","link":"https:\/\/semmelweis.hu\/varosmajor\/gyogyitas\/szivsebeszet\/szivsebeszeti-ambulancia\/","title":{"rendered":"J\u00e1r\u00f3beteg ell\u00e1t\u00e1s"},"content":{"rendered":"<p style=\"text-align: justify\">Sz\u00edvseb\u00e9szeti szakambulanci\u00e1nk a V\u00e1rosmajor utcai r\u00e9szlegben tal\u00e1lhat\u00f3. M\u0171t\u00e9t el\u0151tti konzult\u00e1ci\u00f3ra \u00e9s m\u0171t\u00e9t ut\u00e1ni kontroll vizsg\u00e1latra a 06 1 458 6800, illetve a 06 1 458 6893 telefonsz\u00e1mon, az <u><a href=\"mailto:ambulanica@kardio.sote.hu\">ambulancia@kardio.sote.hu<\/a><\/u> , vagy az oper\u00e1l\u00f3 orvosn\u00e1l sz\u00fcks\u00e9ges <strong>id\u0151pontot foglalni<\/strong>.\u00a0<\/p>\n<div class=\"tabcontent\">\n<p style=\"text-align: justify\">A Klinik\u00e1n beutal\u00f3val, el\u0151zetes id\u0151pont egyeztet\u00e9st k\u00f6vet\u0151en fogadjuk a betegeinket.<\/p>\n<p>K\u00e9rj\u00fck hozza mag\u00e1val:<\/p>\n<ul>\n<li style=\"text-align: justify\">TAJ k\u00e1rtya<\/li>\n<li style=\"text-align: justify\">Szem\u00e9lyi igazolv\u00e1ny<\/li>\n<li style=\"text-align: justify\">Lakc\u00edmk\u00e1rtya<\/li>\n<li style=\"text-align: justify\">Kor\u00e1bbi orvosi leletek, z\u00e1r\u00f3jelent\u00e9sek. Amennyiben kor\u00e1bban t\u00f6rt\u00e9nt CT vagy \u00e9rfest\u00e9ses vizsg\u00e1lat, annak k\u00e9panyag\u00e1t is hozza mag\u00e1val!<\/li>\n<\/ul>\n<p><strong>Rendel\u00e9si id\u0151k<\/strong><\/p>\n<table style=\"width: 99.973%;height: 256px\">\n<thead>\n<tr style=\"height: 28px\">\n<td style=\"height: 28px\"><strong>h\u00e9tf\u0151<\/strong><\/td>\n<td style=\"height: 28px\"><strong>kedd<\/strong><\/td>\n<td style=\"height: 28px\"><strong>szerda<\/strong><\/td>\n<td style=\"height: 28px\"><strong>cs\u00fct\u00f6rt\u00f6k<\/strong><\/td>\n<td style=\"height: 28px\"><strong>p\u00e9ntek<\/strong><\/td>\n<\/tr>\n<\/thead>\n<tbody>\n<tr style=\"height: 101px\">\n<td style=\"height: 101px\"><strong>Dr. Dar\u00f3czi L\u00e1szl\u00f3<\/strong><br \/>\n9:00 &#8211; 12:15<\/td>\n<td style=\"height: 101px\">\n<p>&nbsp;<\/p>\n<p><strong>Dr. P\u00f3los Mikl\u00f3s<\/strong><br \/>\n12:00-14:00<\/p>\n<\/td>\n<td style=\"height: 101px\">\n<p><strong>Dr. Fazekas Levente<br \/>\n<\/strong>8:00 &#8211; 9:00<strong><br \/>\n<\/strong><\/p>\n<p><strong>Dr. K\u0151szegi Andrea <br \/>\n<\/strong>(p\u00e1ratlan h\u00e9t)<br \/>\n14:00-14:30<\/p>\n<p><strong>Dr. Benke K\u00e1lm\u00e1n<\/strong> <br \/>\n(p\u00e1ros h\u00e9t)<br \/>\n14:00 &#8211; 16:00<\/p>\n<\/td>\n<td style=\"height: 101px\">\n<p><strong>Prof. Dr. Szabolcs <br \/>\n<\/strong><strong>Zolt\u00e1n Marfan<\/strong><br \/>\n9:00 &#8211;<\/p>\n<p><strong>Dr. Magyar Attila<\/strong><br \/>\n(p\u00e1ros h\u00e9t)<\/p>\n<p><strong>Dr. H\u00fcttl Tivadar<\/strong> <br \/>\n(p\u00e1ratlan h\u00e9t)<br \/>\n13:00 &#8211; 15:00<\/p>\n<\/td>\n<td style=\"height: 101px\">\n<p><b>Prof. Dr. Horkay Ferenc<br \/>\n<\/b>9:00 &#8211; 11:15<\/p>\n<p><strong>Dr. Harty\u00e1nszky Istv\u00e1n<\/strong><br \/>\n9:00 &#8211; 12:00<\/p>\n<p><strong>Dr. Kopp\u00e1nyi \u00c1d\u00e1m<\/strong><br \/>\n12:15 &#8211; 13:00<\/p>\n<\/td>\n<\/tr>\n<\/tbody>\n<\/table>\n<\/div>\n<p>&nbsp;<\/p>\n<p>&nbsp;<\/p>\n","protected":false},"excerpt":{"rendered":"<p>Sz\u00edvseb\u00e9szeti szakambulanci\u00e1nk a V\u00e1rosmajor utcai r\u00e9szlegben tal\u00e1lhat\u00f3. M\u0171t\u00e9t el\u0151tti konzult\u00e1ci\u00f3ra \u00e9s m\u0171t\u00e9t ut\u00e1ni kontroll vizsg\u00e1latra a 06 1 458 6800, illetve a 06 1 458 6893 telefonsz\u00e1mon, az <a href=\"mailto:ambulanica@kardio.sote.hu\">ambulancia@kardio.sote.hu<\/a> , vagy az oper\u00e1l\u00f3 orvosn\u00e1l sz\u00fcks\u00e9ges id\u0151pontot foglalni.\u00a0 A Klinik\u00e1n beutal\u00f3val, el\u0151zetes id\u0151pont egyeztet\u00e9st k\u00f6vet\u0151en fogadjuk a betegeinket. K\u00e9rj\u00fck hozza mag\u00e1val: TAJ k\u00e1rtya Szem\u00e9lyi igazolv\u00e1ny Lakc\u00edmk\u00e1rtya Kor\u00e1bbi &hellip;<\/p>\n","protected":false},"author":102080,"featured_media":0,"parent":2017,"menu_order":1,"comment_status":"closed","ping_status":"closed","template":"","meta":{"_acf_changed":false,"footnotes":""},"categories":[],"tags":[],"class_list":["post-3937","page","type-page","status-publish","hentry"],"acf":[],"_links":{"self":[{"href":"https:\/\/semmelweis.hu\/varosmajor\/wp-json\/wp\/v2\/pages\/3937","targetHints":{"allow":["GET"]}}],"collection":[{"href":"https:\/\/semmelweis.hu\/varosmajor\/wp-json\/wp\/v2\/pages"}],"about":[{"href":"https:\/\/semmelweis.hu\/varosmajor\/wp-json\/wp\/v2\/types\/page"}],"author":[{"embeddable":true,"href":"https:\/\/semmelweis.hu\/varosmajor\/wp-json\/wp\/v2\/users\/102080"}],"replies":[{"embeddable":true,"href":"https:\/\/semmelweis.hu\/varosmajor\/wp-json\/wp\/v2\/comments?post=3937"}],"version-history":[{"count":7,"href":"https:\/\/semmelweis.hu\/varosmajor\/wp-json\/wp\/v2\/pages\/3937\/revisions"}],"predecessor-version":[{"id":5747,"href":"https:\/\/semmelweis.hu\/varosmajor\/wp-json\/wp\/v2\/pages\/3937\/revisions\/5747"}],"up":[{"embeddable":true,"href":"https:\/\/semmelweis.hu\/varosmajor\/wp-json\/wp\/v2\/pages\/2017"}],"wp:attachment":[{"href":"https:\/\/semmelweis.hu\/varosmajor\/wp-json\/wp\/v2\/media?parent=3937"}],"wp:term":[{"taxonomy":"category","embeddable":true,"href":"https:\/\/semmelweis.hu\/varosmajor\/wp-json\/wp\/v2\/categories?post=3937"},{"taxonomy":"post_tag","embeddable":true,"href":"https:\/\/semmelweis.hu\/varosmajor\/wp-json\/wp\/v2\/tags?post=3937"}],"curies":[{"name":"wp","href":"https:\/\/api.w.org\/{rel}","templated":true}]}}