{"id":3933,"date":"2023-11-03T12:03:26","date_gmt":"2023-11-03T11:03:26","guid":{"rendered":"https:\/\/semmelweis.hu\/varosmajor\/?page_id=3933"},"modified":"2024-10-31T14:51:38","modified_gmt":"2024-10-31T13:51:38","slug":"profilunk-mukodesi-rendje","status":"publish","type":"page","link":"https:\/\/semmelweis.hu\/varosmajor\/gyogyitas\/szivsebeszet\/profilunk-mukodesi-rendje\/","title":{"rendered":"Hasznos inform\u00e1ci\u00f3k betegek r\u00e9sz\u00e9re"},"content":{"rendered":"<p style=\"text-align: justify\"><img loading=\"lazy\" decoding=\"async\" class=\"alignright\" src=\"https:\/\/semmelweis.hu\/varosmajor\/files\/2024\/09\/Hasznos_infok.jpg\" alt=\"\" width=\"289\" height=\"159\" \/>Sz\u00edvseb\u00e9szeti beavatkoz\u00e1st ig\u00e9nyl\u0151 betegs\u00e9g eset\u00e9n els\u0151 sz\u00edvseb\u00e9szeti konz\u00edliumra a sz\u00edvseb\u00e9szeti szakambulanci\u00e1n ker\u00fcl sor. A megl\u00e9v\u0151 kivizsg\u00e1l\u00e1si dokument\u00e1ci\u00f3 \u00e9s klinikai \u00e1llapot alapj\u00e1n szakorvosaink a beteggel a betegs\u00e9g\u00e9t, annak lefoly\u00e1s\u00e1t, a m\u0171t\u00e9t kock\u00e1zat\u00e1t \u00e9s a m\u0171t\u00e9t elmarad\u00e1s\u00e1nak kock\u00e1zat\u00e1t k\u00f6z\u00f6sen \u00e1tbesz\u00e9lik, majd t\u00e1j\u00e9kozott beleegyez\u00e9st k\u00f6vet\u0151en betegeinkkel k\u00f6z\u00f6sen meghat\u00e1rozz\u00e1k a m\u0171t\u00e9ti tervet.\u00a0<\/p>\n<p style=\"text-align: justify\">A sz\u00edvm\u0171t\u00e9t a rutin m\u0171t\u00e9ti kivizsg\u00e1l\u00e1son fel\u00fcl r\u00e9szletes, t\u00f6bb t\u00e1rsszakma \u00e1ltali m\u0171t\u00e9t el\u0151tti kivizsg\u00e1l\u00e1st ig\u00e9nyel. A kivizsg\u00e1l\u00e1s sor\u00e1n felt\u00e9rk\u00e9pez\u00e9sre ker\u00fclnek az egyes szervrendszerek esetleges lappang\u00f3 gyullad\u00e1sai (g\u00f3cai), a beteg t\u00e1rsbetegs\u00e9gei, melyek gy\u00f3gy\u00edt\u00e1s\u00e1val, illetve megfelel\u0151 kezel\u00e9s\u00e9vel a m\u0171t\u00e9ti kock\u00e1zat minimaliz\u00e1lhat\u00f3.\u00a0<\/p>\n<p style=\"text-align: justify\">A g\u00f3cvizsg\u00e1latok list\u00e1j\u00e1t l\u00e1sd a m\u0171t\u00e9ti el\u0151k\u00e9sz\u00edt\u00e9s men\u00fcpontban.\u00a0<\/p>\n<p style=\"text-align: justify\">Profilunk fekv\u0151beteg oszt\u00e1ly\u00e1ra a megfelel\u0151 m\u0171t\u00e9t el\u0151tti kivizsg\u00e1l\u00e1st k\u00f6vet\u0151en fogadjuk betegeinket. A m\u0171t\u00e9t tervezett id\u0151pontj\u00e1r\u00f3l telefonon \u00e9rtes\u00edt\u00e9st k\u00fcld\u00fcnk az oszt\u00e1lyra t\u00f6rt\u00e9n\u0151 befekv\u00e9s a m\u0171t\u00e9t el\u0151tti napon sz\u00fcks\u00e9ges, reggel, \u00e9hgyomorra. A m\u0171t\u00e9t el\u0151tt minden esetben t\u00f6rt\u00e9nik sz\u00edvultrahang, mellkasr\u00f6ntgen, EKG \u00e9s labor vizsg\u00e1lat. A rendszeresen szedett gy\u00f3gyszerekr\u0151l az oper\u00e1l\u00f3 sz\u00edvseb\u00e9sszel t\u00f6rt\u00e9n\u0151 konzult\u00e1ci\u00f3 sz\u00fcks\u00e9ges, k\u00fcl\u00f6n\u00f6sen v\u00e9ralvad\u00e1sg\u00e1tl\u00f3 k\u00e9sz\u00edtm\u00e9nyek alkalmaz\u00e1sa eset\u00e9n. Ezeket, a t\u00edpusukt\u00f3l \u00e9s az alapbetegs\u00e9gt\u0151l f\u00fcgg\u0151en vagy abba kell hagyni, vagy a sz\u00edvseb\u00e9sz \u00e1ltal elrendelt m\u00e1s t\u00edpus\u00fa k\u00e9sz\u00edtm\u00e9nyre kell \u00e1tt\u00e9rni.\u00a0<\/p>\n<p style=\"text-align: justify\">Tekintettel arra, hogy egyes, a v\u00e9rcukorszintet szab\u00e1lyoz\u00f3 gy\u00f3gyszerek a m\u0171t\u00e9t ut\u00e1ni id\u0151szakban kedvez\u0151tlen\u00fcl hathatnak az anyagcser\u00e9re, \u00edgy azok k\u00f6zvetlen m\u0171t\u00e9t el\u0151tti szed\u00e9s\u00e9r\u0151l vagy abbahagy\u00e1s\u00e1r\u00f3l is konzult\u00e1lni sz\u00fcks\u00e9ges az oper\u00e1l\u00f3 orvossal.<\/p>\n<p style=\"text-align: justify\">M\u0171t\u00e9t ut\u00e1ni rehabilit\u00e1ci\u00f3 minden sz\u00edvseb\u00e9szeti beavatkoz\u00e1st k\u00f6vet\u0151en javasolt, ennek helysz\u00edne betegeink \u00e1ltal v\u00e1laszthat\u00f3, a lehet\u0151s\u00e9gekr\u0151l az oper\u00e1l\u00f3 sz\u00edvseb\u00e9sszel sz\u00fcks\u00e9ges konzult\u00e1lni.\u00a0<\/p>\n<p><img loading=\"lazy\" decoding=\"async\" class=\"wp-image-4613 aligncenter\" src=\"https:\/\/semmelweis.hu\/varosmajor\/files\/2024\/06\/plakat-400x400.png\" alt=\"\" width=\"315\" height=\"315\" srcset=\"https:\/\/semmelweis.hu\/varosmajor\/files\/2024\/06\/plakat-400x400.png 400w, https:\/\/semmelweis.hu\/varosmajor\/files\/2024\/06\/plakat-150x150.png 150w, https:\/\/semmelweis.hu\/varosmajor\/files\/2024\/06\/plakat-768x768.png 768w, https:\/\/semmelweis.hu\/varosmajor\/files\/2024\/06\/plakat-75x75.png 75w, https:\/\/semmelweis.hu\/varosmajor\/files\/2024\/06\/plakat-753x753.png 753w, https:\/\/semmelweis.hu\/varosmajor\/files\/2024\/06\/plakat.png 900w\" sizes=\"auto, (max-width: 315px) 100vw, 315px\" \/><\/p>\n","protected":false},"excerpt":{"rendered":"<p>Sz\u00edvseb\u00e9szeti beavatkoz\u00e1st ig\u00e9nyl\u0151 betegs\u00e9g eset\u00e9n els\u0151 sz\u00edvseb\u00e9szeti konz\u00edliumra a sz\u00edvseb\u00e9szeti szakambulanci\u00e1n ker\u00fcl sor. A megl\u00e9v\u0151 kivizsg\u00e1l\u00e1si dokument\u00e1ci\u00f3 \u00e9s klinikai \u00e1llapot alapj\u00e1n szakorvosaink a beteggel a betegs\u00e9g\u00e9t, annak lefoly\u00e1s\u00e1t, a m\u0171t\u00e9t kock\u00e1zat\u00e1t \u00e9s a m\u0171t\u00e9t elmarad\u00e1s\u00e1nak kock\u00e1zat\u00e1t k\u00f6z\u00f6sen \u00e1tbesz\u00e9lik, majd t\u00e1j\u00e9kozott beleegyez\u00e9st k\u00f6vet\u0151en betegeinkkel k\u00f6z\u00f6sen meghat\u00e1rozz\u00e1k a m\u0171t\u00e9ti tervet.\u00a0 A sz\u00edvm\u0171t\u00e9t a rutin m\u0171t\u00e9ti kivizsg\u00e1l\u00e1son fel\u00fcl &hellip;<\/p>\n","protected":false},"author":102080,"featured_media":0,"parent":2017,"menu_order":0,"comment_status":"closed","ping_status":"closed","template":"","meta":{"_acf_changed":false,"footnotes":""},"categories":[],"tags":[],"class_list":["post-3933","page","type-page","status-publish","hentry"],"acf":[],"_links":{"self":[{"href":"https:\/\/semmelweis.hu\/varosmajor\/wp-json\/wp\/v2\/pages\/3933","targetHints":{"allow":["GET"]}}],"collection":[{"href":"https:\/\/semmelweis.hu\/varosmajor\/wp-json\/wp\/v2\/pages"}],"about":[{"href":"https:\/\/semmelweis.hu\/varosmajor\/wp-json\/wp\/v2\/types\/page"}],"author":[{"embeddable":true,"href":"https:\/\/semmelweis.hu\/varosmajor\/wp-json\/wp\/v2\/users\/102080"}],"replies":[{"embeddable":true,"href":"https:\/\/semmelweis.hu\/varosmajor\/wp-json\/wp\/v2\/comments?post=3933"}],"version-history":[{"count":8,"href":"https:\/\/semmelweis.hu\/varosmajor\/wp-json\/wp\/v2\/pages\/3933\/revisions"}],"predecessor-version":[{"id":5745,"href":"https:\/\/semmelweis.hu\/varosmajor\/wp-json\/wp\/v2\/pages\/3933\/revisions\/5745"}],"up":[{"embeddable":true,"href":"https:\/\/semmelweis.hu\/varosmajor\/wp-json\/wp\/v2\/pages\/2017"}],"wp:attachment":[{"href":"https:\/\/semmelweis.hu\/varosmajor\/wp-json\/wp\/v2\/media?parent=3933"}],"wp:term":[{"taxonomy":"category","embeddable":true,"href":"https:\/\/semmelweis.hu\/varosmajor\/wp-json\/wp\/v2\/categories?post=3933"},{"taxonomy":"post_tag","embeddable":true,"href":"https:\/\/semmelweis.hu\/varosmajor\/wp-json\/wp\/v2\/tags?post=3933"}],"curies":[{"name":"wp","href":"https:\/\/api.w.org\/{rel}","templated":true}]}}