{"id":388,"date":"2020-11-24T14:16:17","date_gmt":"2020-11-24T13:16:17","guid":{"rendered":"https:\/\/semmelweis.hu\/varosmajor\/?page_id=388"},"modified":"2025-11-12T11:39:53","modified_gmt":"2025-11-12T10:39:53","slug":"tdk-temak","status":"publish","type":"page","link":"https:\/\/semmelweis.hu\/varosmajor\/kutatas\/kardiologia\/tdk-temak\/","title":{"rendered":"TDK t\u00e9m\u00e1k \/ Rektori p\u00e1ly\u00e1zatok \/ Szakdolgozati t\u00e9m\u00e1k"},"content":{"rendered":"<h1>TDK T\u00c9M\u00c1K<\/h1>\n<p>A 2025-26-os tan\u00e9vre meghirdetett TDK t\u00e9m\u00e1inkat az al\u00e1bbi linken \u00e9rheti el:<\/p>\n<p><a href=\"https:\/\/semmelweis.hu\/varosmajor\/files\/2025\/11\/Kardiologia-TDK-temak-2025_26.pdf\">Kardiol\u00f3gia TDK t\u00e9m\u00e1k 2025-26 (pdf)<\/a><\/p>\n<p><a href=\"https:\/\/semmelweis.hu\/varosmajor\/files\/2020\/12\/TDK-munka-ertekelolap.pdf\">TDK \u00e9rt\u00e9kel\u0151 lapok<\/a><\/p>\n<p>El\u00e9rhet\u0151s\u00e9g: <a href=\"https:\/\/semmelweis.hu\/telefonkonyv\/?emp_id=14695\">Dr. Kiss Orsolya<\/a>, egyetemi docens<\/p>\n<h1>Rektori P\u00e1ly\u00e1zatok<\/h1>\n<p>A 2025-26-os tan\u00e9vben meghirdetett rektori p\u00e1ly\u00e1zati t\u00e9m\u00e1inkat az al\u00e1bbi linkre kattintva t\u00f6ltheti le:<\/p>\n<p><a href=\"https:\/\/semmelweis.hu\/varosmajor\/files\/2025\/11\/Kardiologia-Rektori-Palyatetelek-2025_26.pdf\" rel=\"noopener noreferrer\">Kardiol\u00f3gia Rektori P\u00e1lyat\u00e9telek 2025-26 (pdf)<\/a><\/p>\n<h1>Szakdolgozati c\u00edmlista<\/h1>\n<p>A 2025-26-os tan\u00e9vben meghirdetett szakdolgozati c\u00edmlist\u00e1t az al\u00e1bbi linkre kattintva t\u00f6ltheti le:<\/p>\n<p><a href=\"https:\/\/semmelweis.hu\/varosmajor\/files\/2025\/11\/Kardiologia-Szakdolgozat-Cimlista-2025_26.pdf\" rel=\"noopener noreferrer\">Kardiol\u00f3gia Szakdolgozat C\u00edmlista 2025-26 (pdf)<\/a><\/p>\n","protected":false},"excerpt":{"rendered":"<p>TDK T\u00c9M\u00c1K<br \/>\nA 2025-26-os tan\u00e9vre meghirdetett TDK t\u00e9m\u00e1inkat az al\u00e1bbi linken \u00e9rheti el:<br \/>\n<a href=\"https:\/\/semmelweis.hu\/varosmajor\/files\/2025\/11\/Kardiologia-TDK-temak-2025_26.pdf\">Kardiol\u00f3gia TDK t\u00e9m\u00e1k 2025-26 (pdf)<\/a><br \/>\n<a href=\"https:\/\/semmelweis.hu\/varosmajor\/files\/2020\/12\/TDK-munka-ertekelolap.pdf\">TDK \u00e9rt\u00e9kel\u0151 lapok<\/a><br \/>\nEl\u00e9rhet\u0151s\u00e9g: <a href=\"https:\/\/semmelweis.hu\/telefonkonyv\/?emp_id=14695\">Dr. Kiss Orsolya<\/a>, egyetemi docens<br \/>\nRektori P\u00e1ly\u00e1zatok<br \/>\nA 2025-26-os tan\u00e9vben meghirdetett rektori p\u00e1ly\u00e1zati t\u00e9m\u00e1inkat az al\u00e1bbi linkre kattintva t\u00f6ltheti le:<br \/>\n<a href=\"https:\/\/semmelweis.hu\/varosmajor\/files\/2025\/11\/Kardiologia-Rektori-Palyatetelek-2025_26.pdf\" rel=\"noopener noreferrer\">Kardiol\u00f3gia Rektori P\u00e1lyat\u00e9telek 2025-26 (pdf)<\/a><br \/>\nSzakdolgozati c\u00edmlista<br \/>\nA 2025-26-os tan\u00e9vben meghirdetett szakdolgozati c\u00edmlist\u00e1t az al\u00e1bbi linkre kattintva t\u00f6ltheti le:<br \/>\n<a href=\"https:\/\/semmelweis.hu\/varosmajor\/files\/2025\/11\/Kardiologia-Szakdolgozat-Cimlista-2025_26.pdf\" rel=\"noopener noreferrer\">Kardiol\u00f3gia Szakdolgozat C\u00edmlista 2025-26 (pdf)<\/a><\/p>\n","protected":false},"author":101844,"featured_media":0,"parent":784,"menu_order":5,"comment_status":"closed","ping_status":"closed","template":"","meta":{"_acf_changed":false,"footnotes":""},"categories":[],"tags":[],"class_list":["post-388","page","type-page","status-publish","hentry"],"acf":[],"_links":{"self":[{"href":"https:\/\/semmelweis.hu\/varosmajor\/wp-json\/wp\/v2\/pages\/388","targetHints":{"allow":["GET"]}}],"collection":[{"href":"https:\/\/semmelweis.hu\/varosmajor\/wp-json\/wp\/v2\/pages"}],"about":[{"href":"https:\/\/semmelweis.hu\/varosmajor\/wp-json\/wp\/v2\/types\/page"}],"author":[{"embeddable":true,"href":"https:\/\/semmelweis.hu\/varosmajor\/wp-json\/wp\/v2\/users\/101844"}],"replies":[{"embeddable":true,"href":"https:\/\/semmelweis.hu\/varosmajor\/wp-json\/wp\/v2\/comments?post=388"}],"version-history":[{"count":12,"href":"https:\/\/semmelweis.hu\/varosmajor\/wp-json\/wp\/v2\/pages\/388\/revisions"}],"predecessor-version":[{"id":12949,"href":"https:\/\/semmelweis.hu\/varosmajor\/wp-json\/wp\/v2\/pages\/388\/revisions\/12949"}],"up":[{"embeddable":true,"href":"https:\/\/semmelweis.hu\/varosmajor\/wp-json\/wp\/v2\/pages\/784"}],"wp:attachment":[{"href":"https:\/\/semmelweis.hu\/varosmajor\/wp-json\/wp\/v2\/media?parent=388"}],"wp:term":[{"taxonomy":"category","embeddable":true,"href":"https:\/\/semmelweis.hu\/varosmajor\/wp-json\/wp\/v2\/categories?post=388"},{"taxonomy":"post_tag","embeddable":true,"href":"https:\/\/semmelweis.hu\/varosmajor\/wp-json\/wp\/v2\/tags?post=388"}],"curies":[{"name":"wp","href":"https:\/\/api.w.org\/{rel}","templated":true}]}}