{"id":378,"date":"2020-11-24T14:15:13","date_gmt":"2020-11-24T13:15:13","guid":{"rendered":"https:\/\/semmelweis.hu\/varosmajor\/?page_id=378"},"modified":"2024-09-10T10:38:49","modified_gmt":"2024-09-10T08:38:49","slug":"kiserleti-kutato-laboratorium","status":"publish","type":"page","link":"https:\/\/semmelweis.hu\/varosmajor\/kutatas\/kardiologia\/kiserleti-kutato-laboratorium\/","title":{"rendered":"K\u00eds\u00e9rleti Kutat\u00f3 Laborat\u00f3rium"},"content":{"rendered":"<p style=\"text-align: justify\">A K\u00eds\u00e9rleti Kutat\u00f3 Laborat\u00f3rium a V\u00e1rosmajori Sz\u00edv- \u00e9s \u00c9rgy\u00f3gy\u00e1szati Klinika gy\u00f3gy\u00edt\u00f3 tev\u00e9kenys\u00e9g\u00e9hez kapcsol\u00f3d\u00f3an sz\u00e9lesk\u00f6r\u0171 lehet\u0151s\u00e9get k\u00edn\u00e1l a sz\u00edv- \u00e9s \u00e9rrendszeri betegs\u00e9gek h\u00e1tter\u00e9ben \u00e1ll\u00f3 morfol\u00f3giai, biok\u00e9miai, immunol\u00f3giai \u00e9s genetikai v\u00e1ltoz\u00e1sok hum\u00e1n vizsg\u00e1latokban val\u00f3 felt\u00e1r\u00e1s\u00e1ra.<\/p>\n<p style=\"text-align: justify\">A kering\u00e9s\u00e9lettani kutat\u00f3labort Juh\u00e1sz-Nagy S\u00e1ndor alap\u00edtotta (1966) \u00e9s vezette t\u00f6bb mint negyven \u00e9ven \u00e1t, jelent\u0151s eredm\u00e9nyeket \u00e9rve el a sz\u00edvm\u0171k\u00f6d\u00e9s (k\u00f3r)\u00e9lettani folyamatainak vizsg\u00e1lat\u00e1val.<\/p>\n<p style=\"text-align: justify\">A klinik\u00e1n foly\u00f3 &#8211; r\u00e9szben t\u00e1rsint\u00e9zetekkel egy\u00fcttm\u0171k\u00f6d\u00e9sben v\u00e9gzett &#8211; kutat\u00f3munka f\u0151 ir\u00e1nyvonala az ischaemi\u00e1s sz\u00edvbetegs\u00e9gek, sz\u00edvizombetegs\u00e9gek, illetve a sz\u00edvritmuszavarok diagnosztik\u00e1ja \u00e9s ter\u00e1pi\u00e1ja.<\/p>\n<p>Klinik\u00e1nk akkredit\u00e1lt doktori programmal rendelkezik.<\/p>\n<h2 style=\"text-align: justify\">Tudom\u00e1nyos kooper\u00e1ci\u00f3k<\/h2>\n<p style=\"text-align: justify\"><strong>Universit\u00e4tsklinik Heidelberg, N\u00e9metorsz\u00e1g<\/strong><\/p>\n<ul style=\"text-align: justify\">\n<li>Prof. G\u00e1bor Szab\u00f3<\/li>\n<li>Dr. Weymann Alexander<\/li>\n<li>Dr. Bastian Schmack<\/li>\n<\/ul>\n<p style=\"text-align: justify\"><strong>Catholic University of Leuven, Belgium<\/strong><\/p>\n<ul>\n<li style=\"text-align: justify\">Prof. Stefan Janssens<\/li>\n<li style=\"text-align: justify\">Dr. Peter Pokreisz<\/li>\n<\/ul>\n","protected":false},"excerpt":{"rendered":"<p>A K\u00eds\u00e9rleti Kutat\u00f3 Laborat\u00f3rium a V\u00e1rosmajori Sz\u00edv- \u00e9s \u00c9rgy\u00f3gy\u00e1szati Klinika gy\u00f3gy\u00edt\u00f3 tev\u00e9kenys\u00e9g\u00e9hez kapcsol\u00f3d\u00f3an sz\u00e9lesk\u00f6r\u0171 lehet\u0151s\u00e9get k\u00edn\u00e1l a sz\u00edv- \u00e9s \u00e9rrendszeri betegs\u00e9gek h\u00e1tter\u00e9ben \u00e1ll\u00f3 morfol\u00f3giai, biok\u00e9miai, immunol\u00f3giai \u00e9s genetikai v\u00e1ltoz\u00e1sok hum\u00e1n vizsg\u00e1latokban val\u00f3 felt\u00e1r\u00e1s\u00e1ra. A kering\u00e9s\u00e9lettani kutat\u00f3labort Juh\u00e1sz-Nagy S\u00e1ndor alap\u00edtotta (1966) \u00e9s vezette t\u00f6bb mint negyven \u00e9ven \u00e1t, jelent\u0151s eredm\u00e9nyeket \u00e9rve el a sz\u00edvm\u0171k\u00f6d\u00e9s (k\u00f3r)\u00e9lettani folyamatainak &hellip;<\/p>\n","protected":false},"author":101737,"featured_media":0,"parent":784,"menu_order":0,"comment_status":"closed","ping_status":"closed","template":"","meta":{"_acf_changed":false,"footnotes":""},"categories":[],"tags":[],"class_list":["post-378","page","type-page","status-publish","hentry"],"acf":[],"_links":{"self":[{"href":"https:\/\/semmelweis.hu\/varosmajor\/wp-json\/wp\/v2\/pages\/378","targetHints":{"allow":["GET"]}}],"collection":[{"href":"https:\/\/semmelweis.hu\/varosmajor\/wp-json\/wp\/v2\/pages"}],"about":[{"href":"https:\/\/semmelweis.hu\/varosmajor\/wp-json\/wp\/v2\/types\/page"}],"author":[{"embeddable":true,"href":"https:\/\/semmelweis.hu\/varosmajor\/wp-json\/wp\/v2\/users\/101737"}],"replies":[{"embeddable":true,"href":"https:\/\/semmelweis.hu\/varosmajor\/wp-json\/wp\/v2\/comments?post=378"}],"version-history":[{"count":5,"href":"https:\/\/semmelweis.hu\/varosmajor\/wp-json\/wp\/v2\/pages\/378\/revisions"}],"predecessor-version":[{"id":5824,"href":"https:\/\/semmelweis.hu\/varosmajor\/wp-json\/wp\/v2\/pages\/378\/revisions\/5824"}],"up":[{"embeddable":true,"href":"https:\/\/semmelweis.hu\/varosmajor\/wp-json\/wp\/v2\/pages\/784"}],"wp:attachment":[{"href":"https:\/\/semmelweis.hu\/varosmajor\/wp-json\/wp\/v2\/media?parent=378"}],"wp:term":[{"taxonomy":"category","embeddable":true,"href":"https:\/\/semmelweis.hu\/varosmajor\/wp-json\/wp\/v2\/categories?post=378"},{"taxonomy":"post_tag","embeddable":true,"href":"https:\/\/semmelweis.hu\/varosmajor\/wp-json\/wp\/v2\/tags?post=378"}],"curies":[{"name":"wp","href":"https:\/\/api.w.org\/{rel}","templated":true}]}}