{"id":375,"date":"2020-11-24T12:45:35","date_gmt":"2020-11-24T11:45:35","guid":{"rendered":"https:\/\/semmelweis.hu\/varosmajor\/?page_id=375"},"modified":"2024-10-31T14:48:05","modified_gmt":"2024-10-31T13:48:05","slug":"ambulans-bejelentkezes","status":"publish","type":"page","link":"https:\/\/semmelweis.hu\/varosmajor\/gyogyitas\/ambulans-bejelentkezes\/","title":{"rendered":"Ambul\u00e1ns bejelentkez\u00e9s"},"content":{"rendered":"<p style=\"text-align: justify\">A lenti \u0171rlap kit\u00f6lt\u00e9s\u00e9vel tud id\u0151pontot k\u00e9rni ambul\u00e1ns kezel\u00e9sre. Adatait bizalmasan kezelj\u00fck a mindenkori adatv\u00e9delmi t\u00f6rv\u00e9nyeknek megfelel\u0151en.<\/p>\n\n<div class=\"wpcf7 no-js\" id=\"wpcf7-f700-o1\" lang=\"hu-HU\" dir=\"ltr\" data-wpcf7-id=\"700\">\n<div class=\"screen-reader-response\"><p role=\"status\" aria-live=\"polite\" aria-atomic=\"true\"><\/p> <ul><\/ul><\/div>\n<form action=\"\/varosmajor\/wp-json\/wp\/v2\/pages\/375#wpcf7-f700-o1\" method=\"post\" class=\"wpcf7-form init\" aria-label=\"Kapcsolatfelv\u00e9teli \u0171rlap\" novalidate=\"novalidate\" data-status=\"init\">\n<div style=\"display: none;\">\n<input type=\"hidden\" name=\"_wpcf7\" value=\"700\" \/>\n<input type=\"hidden\" name=\"_wpcf7_version\" value=\"6.0.5\" \/>\n<input type=\"hidden\" name=\"_wpcf7_locale\" value=\"hu_HU\" \/>\n<input type=\"hidden\" name=\"_wpcf7_unit_tag\" value=\"wpcf7-f700-o1\" \/>\n<input type=\"hidden\" name=\"_wpcf7_container_post\" value=\"0\" \/>\n<input type=\"hidden\" name=\"_wpcf7_posted_data_hash\" value=\"\" \/>\n<input type=\"hidden\" name=\"_wpcf7_recaptcha_response\" value=\"\" \/>\n<\/div>\n<p><label> <b>Az \u00d6n neve<\/b> (k\u00f6telez\u0151)<br \/>\n<span class=\"wpcf7-form-control-wrap\" data-name=\"nev\"><input size=\"40\" maxlength=\"400\" class=\"wpcf7-form-control wpcf7-text wpcf7-validates-as-required\" aria-required=\"true\" aria-invalid=\"false\" value=\"\" type=\"text\" name=\"nev\" \/><\/span> <\/label>\n<\/p>\n<p><label> <b>Az \u00d6n telefonsz\u00e1ma, melyen napk\u00f6zben el\u00e9rhet\u0151<\/b> (k\u00f6telez\u0151)<br \/>\n<span class=\"wpcf7-form-control-wrap\" data-name=\"telszam\"><input size=\"40\" maxlength=\"400\" class=\"wpcf7-form-control wpcf7-text wpcf7-validates-as-required\" aria-required=\"true\" aria-invalid=\"false\" placeholder=\"pl.: +3630 111 22 33\" value=\"\" type=\"text\" name=\"telszam\" \/><\/span><\/label>\n<\/p>\n<p><label> <b>E-mail c\u00edm<\/b> (k\u00f6telez\u0151)<br \/>\n<span class=\"wpcf7-form-control-wrap\" data-name=\"emailcim\"><input size=\"40\" maxlength=\"400\" class=\"wpcf7-form-control wpcf7-email wpcf7-validates-as-required wpcf7-text wpcf7-validates-as-email\" aria-required=\"true\" aria-invalid=\"false\" value=\"\" type=\"email\" name=\"emailcim\" \/><\/span> <\/label>\n<\/p>\n<p><i>Telefonsz\u00e1m\u00e1t \u00e9s email c\u00edm\u00e9t bizalmasan kezelj\u00fck<\/i>\n<\/p>\n<p><label> <b>A beteg neve<\/b><br \/>\n<span class=\"wpcf7-form-control-wrap\" data-name=\"beteg_neve\"><input size=\"40\" maxlength=\"400\" class=\"wpcf7-form-control wpcf7-text wpcf7-validates-as-required\" aria-required=\"true\" aria-invalid=\"false\" value=\"\" type=\"text\" name=\"beteg_neve\" \/><\/span> <\/label>\n<\/p>\n<p><label> <b>Sz\u00fclet\u00e9si d\u00e1tum<\/b><br \/>\n<span class=\"wpcf7-form-control-wrap\" data-name=\"szul_datum\"><input class=\"wpcf7-form-control wpcf7-date wpcf7-validates-as-required wpcf7-validates-as-date\" aria-required=\"true\" aria-invalid=\"false\" value=\"\" type=\"date\" name=\"szul_datum\" \/><\/span><\/label>\n<\/p>\n<p><label> <b>TAJ sz\u00e1m<\/b><br \/>\n<span class=\"wpcf7-form-control-wrap\" data-name=\"tajszam\"><input size=\"40\" maxlength=\"400\" class=\"wpcf7-form-control wpcf7-text wpcf7-validates-as-required\" aria-required=\"true\" aria-invalid=\"false\" value=\"\" type=\"text\" name=\"tajszam\" \/><\/span> <\/label>\n<\/p>\n<p><b>Milyen vizsg\u00e1latra jelentkezik?<\/b><br \/>\n<span class=\"wpcf7-form-control-wrap\" data-name=\"vizsgalat\"><select class=\"wpcf7-form-control wpcf7-select wpcf7-validates-as-required\" aria-required=\"true\" aria-invalid=\"false\" name=\"vizsgalat\"><option value=\"\u00c9rseb\u00e9szet\">\u00c9rseb\u00e9szet<\/option><option value=\"Kardiol\u00f3gia\">Kardiol\u00f3gia<\/option><option value=\"Sz\u00edvseb\u00e9szet\">Sz\u00edvseb\u00e9szet<\/option><\/select><\/span>\n<\/p>\n<p><label> <b>Az \u00d6n \u00fczenete<\/b><br \/>\n<span class=\"wpcf7-form-control-wrap\" data-name=\"uzenet\"><textarea cols=\"40\" rows=\"10\" maxlength=\"2000\" class=\"wpcf7-form-control wpcf7-textarea\" aria-invalid=\"false\" placeholder=\"Az \u00d6n \u00fczenete\" name=\"uzenet\"><\/textarea><\/span> <\/label>\n<\/p>\n<p><span class=\"wpcf7-form-control-wrap\" data-name=\"privacy\"><span class=\"wpcf7-form-control wpcf7-checkbox wpcf7-validates-as-required\"><span class=\"wpcf7-list-item first last\"><input type=\"checkbox\" name=\"privacy[]\" value=\"Elolvastam \u00e9s elfogadom az adatv\u00e9delmi elveket:\" \/><span class=\"wpcf7-list-item-label\">Elolvastam \u00e9s elfogadom az adatv\u00e9delmi elveket:<\/span><\/span><\/span><\/span><a href=\"https:\/\/semmelweis.hu\/adatvedelem\"> Semmelweis Adatv\u00e9delem<\/a>\n<\/p>\n<p><input class=\"wpcf7-form-control wpcf7-submit has-spinner\" type=\"submit\" value=\"K\u00fcld\u00e9s\" \/>\n<\/p><div class=\"wpcf7-response-output\" aria-hidden=\"true\"><\/div>\n<\/form>\n<\/div>\n\n","protected":false},"excerpt":{"rendered":"<p>A lenti \u0171rlap kit\u00f6lt\u00e9s\u00e9vel tud id\u0151pontot k\u00e9rni ambul\u00e1ns kezel\u00e9sre. Adatait bizalmasan kezelj\u00fck a mindenkori adatv\u00e9delmi t\u00f6rv\u00e9nyeknek megfelel\u0151en.<\/p>\n","protected":false},"author":101737,"featured_media":0,"parent":23,"menu_order":0,"comment_status":"closed","ping_status":"closed","template":"","meta":{"_acf_changed":false,"footnotes":""},"categories":[],"tags":[],"class_list":["post-375","page","type-page","status-publish","hentry"],"acf":[],"_links":{"self":[{"href":"https:\/\/semmelweis.hu\/varosmajor\/wp-json\/wp\/v2\/pages\/375","targetHints":{"allow":["GET"]}}],"collection":[{"href":"https:\/\/semmelweis.hu\/varosmajor\/wp-json\/wp\/v2\/pages"}],"about":[{"href":"https:\/\/semmelweis.hu\/varosmajor\/wp-json\/wp\/v2\/types\/page"}],"author":[{"embeddable":true,"href":"https:\/\/semmelweis.hu\/varosmajor\/wp-json\/wp\/v2\/users\/101737"}],"replies":[{"embeddable":true,"href":"https:\/\/semmelweis.hu\/varosmajor\/wp-json\/wp\/v2\/comments?post=375"}],"version-history":[{"count":7,"href":"https:\/\/semmelweis.hu\/varosmajor\/wp-json\/wp\/v2\/pages\/375\/revisions"}],"predecessor-version":[{"id":5724,"href":"https:\/\/semmelweis.hu\/varosmajor\/wp-json\/wp\/v2\/pages\/375\/revisions\/5724"}],"up":[{"embeddable":true,"href":"https:\/\/semmelweis.hu\/varosmajor\/wp-json\/wp\/v2\/pages\/23"}],"wp:attachment":[{"href":"https:\/\/semmelweis.hu\/varosmajor\/wp-json\/wp\/v2\/media?parent=375"}],"wp:term":[{"taxonomy":"category","embeddable":true,"href":"https:\/\/semmelweis.hu\/varosmajor\/wp-json\/wp\/v2\/categories?post=375"},{"taxonomy":"post_tag","embeddable":true,"href":"https:\/\/semmelweis.hu\/varosmajor\/wp-json\/wp\/v2\/tags?post=375"}],"curies":[{"name":"wp","href":"https:\/\/api.w.org\/{rel}","templated":true}]}}