{"id":3361,"date":"2022-09-15T10:50:49","date_gmt":"2022-09-15T08:50:49","guid":{"rendered":"https:\/\/semmelweis.hu\/varosmajor\/?page_id=3361"},"modified":"2024-10-31T15:08:21","modified_gmt":"2024-10-31T14:08:21","slug":"beteginformacio","status":"publish","type":"page","link":"https:\/\/semmelweis.hu\/varosmajor\/beteginformacio\/","title":{"rendered":"Beteginform\u00e1ci\u00f3"},"content":{"rendered":"<h2>\u00c1ltal\u00e1nos inform\u00e1ci\u00f3k a V\u00e1rosmajori Sz\u00edv- \u00e9s \u00c9rgy\u00f3gy\u00e1szati Klinik\u00e1r\u00f3l<\/h2>\n<p style=\"text-align: justify\">A V\u00e1rosmajori Sz\u00edv- \u00e9s \u00c9rgy\u00f3gy\u00e1szati Klinika a Semmelweis Egyetem egyik legnagyobb betegforgalm\u00fa s\u00fcrg\u0151ss\u00e9gi k\u00f6zpontja. Klinik\u00e1nkon a teljes kardiol\u00f3giai profil (transthoracalis \u00e9s transoesophagealis echocardiographia, Holter EKG, terhel\u00e9les vizsg\u00e1lat &#8211; ergometria, CT, sz\u00edv-MR) mellett s\u00falyponti feladat az invaz\u00edv kardiol\u00f3gia minden \u00e1g\u00e1nak m\u0171vel\u00e9se. Kiemelt ter\u00fclet a heveny koszor\u00fa\u00e9r szindr\u00f3ma (akut coronaria syndroma-ACS) sz\u00edvkat\u00e9teres koszor\u00fa\u00e9r-t\u00e1g\u00edt\u00e1s (percut\u00e1n coronaria intervenci\u00f3ja-PCI), valamint a hagyom\u00e1nyos coronaria intervenci\u00f3 mellett speci\u00e1lis koszor\u00fa\u00e9r beavatkoz\u00e1sok v\u00e9gz\u00e9se (pl. rotabl\u00e1ci\u00f3).<\/p>\n<p style=\"text-align: justify\"><strong>A Klinika ter\u00fclet\u00e9n doh\u00e1nyz\u00e1s csak a kijel\u00f6lt helyen lehets\u00e9ges!<\/strong><\/p>\n<p style=\"text-align: justify\"><strong>Alkoholos italt fogyasztani, valamint alkoholos befoly\u00e1solts\u00e1g alatt a Klinik\u00e1n tart\u00f3zkodni szigor\u00faan tilos!<\/strong>\u00a0<\/p>\n<p style=\"text-align: justify\">A Klinika patin\u00e1s \u00e9p\u00fclete t\u00f6bb mint egy \u00e9vsz\u00e1zadnyi t\u00f6rt\u00e9nelmet hordoz, tisztas\u00e1g\u00e1nak, \u00e1llag\u00e1nak \u00e9s \u00e9rt\u00e9k\u00e9nek meg\u0151rz\u00e9se mindannyiunk k\u00f6z\u00f6s k\u00f6teless\u00e9ge, rong\u00e1l\u00e1s\u00e9rt mindenki anyagi felel\u0151ss\u00e9ggel tartozik.<\/p>\n<h2>Tev\u00e9kenys\u00e9g\u00fcnk bemutat\u00e1sa<\/h2>\n<p style=\"text-align: justify\">A\u00a0<strong>2003. janu\u00e1r 1-t\u0151l<\/strong>\u00a0m\u0171k\u00f6d\u0151 szervezett budapesti (\u00e9s k\u00f6z\u00e9p-magyarorsz\u00e1gi) akut infarctus s\u00fcrg\u0151ss\u00e9gi koszor\u00fa\u00e9r t\u00e1g\u00edt\u00e1ssal t\u00f6rt\u00e9n\u0151 (un. primer PCI) ell\u00e1t\u00e1sban akt\u00edv r\u00e9szt v\u00e1llalunk.<\/p>\n<p style=\"text-align: justify\">Munkanapokon napk\u00f6zben\u00a0<strong>8 \u00e9s 18 \u00f3ra k\u00f6z\u00f6tt<\/strong>\u00a0a region\u00e1lis (Buda \u00e9s Pest megye budai r\u00e9sze, kiv\u00e9ve a Budai Irgalmas K\u00f3rh\u00e1z ter\u00fclet\u00e9t)<strong>\u00a0\u00fcgyeletet l\u00e1tjuk el<\/strong>, emellett minden szerd\u00e1n 18 \u00e9s m\u00e1snap reggel 8 illetve minden vas\u00e1rnap reggel 8, \u00e9s m\u00e1snap reggel 8 \u00f3ra k\u00f6z\u00f6tt a teljes budapesti \u00e9s k\u00f6z\u00e9p-magyarorsz\u00e1gi r\u00e9gi\u00f3b\u00f3l \u00e9rkez\u0151 12 \u00f3r\u00e1s akut sz\u00edvizom infarktusos betegek azonnali s\u00fcrg\u0151ss\u00e9gi koszor\u00fa\u00e9r t\u00e1g\u00edt\u00e1s\u00e1t v\u00e9gezz\u00fck.<\/p>\n<p style=\"text-align: justify\">Int\u00e9zet\u00fcnk m\u00e1sik kiemelt ter\u00fclete az elektrofiziol\u00f3gia; ritmuszavarok \u00e9s sz\u00edvel\u00e9gtelens\u00e9g nem-gy\u00f3gyszeres kezel\u00e9se, hagyom\u00e1nyos \u00e9s speci\u00e1lis pacemaker k\u00e9sz\u00fcl\u00e9kek (ICD, biventricularis k\u00e9sz\u00fcl\u00e9kek) nagysz\u00e1m\u00fa be\u00fcltet\u00e9se, tov\u00e1bb\u00e1 s\u00falyos ritmuszavarok kat\u00e9ter-ablatioja.<\/p>\n<p style=\"text-align: justify\">Az elm\u00falt \u00e9vek sor\u00e1n kialak\u00edtottunk a sz\u00edvel\u00e9gtelens\u00e9g j\u00e1r\u00f3- \u00e9s fekv\u0151betegell\u00e1t\u00e1s\u00e1t is. Ez szervesen kapcsol\u00f3dik a klinik\u00e1nkon foly\u00f3 sz\u00edvtranszplant\u00e1ci\u00f3s \u00e9s m\u0171sz\u00edvprogramhoz is.<\/p>\n<h2>Betegutak a V\u00e1rosmajori Sz\u00edv- \u00e9s \u00c9rgy\u00f3gy\u00e1szati Klinik\u00e1n<\/h2>\n<p style=\"text-align: justify\">A V\u00e1rosmajori Sz\u00edv- \u00e9s \u00c9rgy\u00f3gy\u00e1szati Klinika a progressz\u00edv betegell\u00e1t\u00e1s egyik cs\u00facsint\u00e9zm\u00e9nye. Betegek a Kardiol\u00f3giai K\u00f6zpontba a k\u00f6vetkez\u0151 m\u00f3dokon \u00e9rkezhetnek:<\/p>\n<ul>\n<li style=\"text-align: justify\">Akut ell\u00e1t\u00e1st ig\u00e9nyl\u0151 betegek a h\u00e1ziorvos, az \u00fcgyelet, a ment\u0151szolg\u00e1lat, illetve m\u00e1s k\u00f3rh\u00e1zak orvosai \u00e1ltal meg\u00e1llap\u00edtott betegs\u00e9g eset\u00e9n ker\u00fclhetnek felv\u00e9telre.<\/li>\n<li style=\"text-align: justify\">Tervezett beavatkoz\u00e1sra m\u00e1s k\u00f3rh\u00e1zak, illetve ambulanci\u00e1nk \u00e1ltal el\u0151jegyezve \u00e9rkezhetnek a betegek.<\/li>\n<li style=\"text-align: justify\">Ambulanci\u00e1nkon a h\u00e1ziorvosok \u00e1ltal beutalt betegek vizsg\u00e1lata, illetve int\u00e9zet\u00fcnkben kor\u00e1bban beavatkoz\u00e1son \u00e1tesett betegek kontroll\u00e1l\u00e1sa t\u00f6rt\u00e9nik, el\u0151jegyz\u00e9s alapj\u00e1n.<\/li>\n<\/ul>\n<h2>J\u00e1r\u00f3beteg szakrendel\u00e9sek<\/h2>\n<p style=\"text-align: justify\">Klinik\u00e1nk az Orsz\u00e1gos Eg\u00e9szs\u00e9gbiztos\u00edt\u00e1si P\u00e9nzt\u00e1r \u00e1ltal finansz\u00edrozott j\u00e1r\u00f3beteg szakrendel\u00e9seken fogadja az \u00e9rv\u00e9nyes t\u00e1rsadalombiztos\u00edt\u00e1ssal rendelkez\u0151 betegeket.<br \/>\n<a href=\"https:\/\/semmelweis.hu\/varosmajor\/betegellatas\/jarobeteg-szakrendeles\/\"><strong>Az int\u00e9zm\u00e9ny\u00fcnkben el\u00e9rhet\u0151 j\u00e1r\u00f3beteg szakrendel\u00e9sek list\u00e1j\u00e1t\u00a0az al\u00e1bbi oldalon \u00e9rheti el.<\/strong><\/a><\/p>\n<h2>H\u00e1zirendek<\/h2>\n<ul style=\"list-style-type: square\">\n<li><a href=\"https:\/\/semmelweis.hu\/varosmajor\/files\/2024\/09\/SE-AOK-VSZEK-F-HAZI-04-2024.07.31.pdf\">BETEGT\u00c1J\u00c9KOZTAT\u00d3 &#8211; H\u00c1ZIREND (pdf)<\/a><\/li>\n<li><a href=\"https:\/\/semmelweis.hu\/varosmajor\/files\/2020\/12\/SE-AOK-VSZEK-J-HAZI-02-2020.02.10.pdf\">J\u00c1R\u00d3BETEG T\u00c1J\u00c9KOZTAT\u00d3 &#8211; H\u00c1ZIREND (pdf)<\/a><\/li>\n<\/ul>\n","protected":false},"excerpt":{"rendered":"<p>\u00c1ltal\u00e1nos inform\u00e1ci\u00f3k a V\u00e1rosmajori Sz\u00edv- \u00e9s \u00c9rgy\u00f3gy\u00e1szati Klinik\u00e1r\u00f3l A V\u00e1rosmajori Sz\u00edv- \u00e9s \u00c9rgy\u00f3gy\u00e1szati Klinika a Semmelweis Egyetem egyik legnagyobb betegforgalm\u00fa s\u00fcrg\u0151ss\u00e9gi k\u00f6zpontja. Klinik\u00e1nkon a teljes kardiol\u00f3giai profil (transthoracalis \u00e9s transoesophagealis echocardiographia, Holter EKG, terhel\u00e9les vizsg\u00e1lat &#8211; ergometria, CT, sz\u00edv-MR) mellett s\u00falyponti feladat az invaz\u00edv kardiol\u00f3gia minden \u00e1g\u00e1nak m\u0171vel\u00e9se. Kiemelt ter\u00fclet a heveny koszor\u00fa\u00e9r szindr\u00f3ma (akut &hellip;<\/p>\n","protected":false},"author":102080,"featured_media":0,"parent":0,"menu_order":4,"comment_status":"closed","ping_status":"closed","template":"","meta":{"_acf_changed":false,"footnotes":""},"categories":[],"tags":[],"class_list":["post-3361","page","type-page","status-publish","hentry"],"acf":[],"_links":{"self":[{"href":"https:\/\/semmelweis.hu\/varosmajor\/wp-json\/wp\/v2\/pages\/3361","targetHints":{"allow":["GET"]}}],"collection":[{"href":"https:\/\/semmelweis.hu\/varosmajor\/wp-json\/wp\/v2\/pages"}],"about":[{"href":"https:\/\/semmelweis.hu\/varosmajor\/wp-json\/wp\/v2\/types\/page"}],"author":[{"embeddable":true,"href":"https:\/\/semmelweis.hu\/varosmajor\/wp-json\/wp\/v2\/users\/102080"}],"replies":[{"embeddable":true,"href":"https:\/\/semmelweis.hu\/varosmajor\/wp-json\/wp\/v2\/comments?post=3361"}],"version-history":[{"count":10,"href":"https:\/\/semmelweis.hu\/varosmajor\/wp-json\/wp\/v2\/pages\/3361\/revisions"}],"predecessor-version":[{"id":5903,"href":"https:\/\/semmelweis.hu\/varosmajor\/wp-json\/wp\/v2\/pages\/3361\/revisions\/5903"}],"wp:attachment":[{"href":"https:\/\/semmelweis.hu\/varosmajor\/wp-json\/wp\/v2\/media?parent=3361"}],"wp:term":[{"taxonomy":"category","embeddable":true,"href":"https:\/\/semmelweis.hu\/varosmajor\/wp-json\/wp\/v2\/categories?post=3361"},{"taxonomy":"post_tag","embeddable":true,"href":"https:\/\/semmelweis.hu\/varosmajor\/wp-json\/wp\/v2\/tags?post=3361"}],"curies":[{"name":"wp","href":"https:\/\/api.w.org\/{rel}","templated":true}]}}