{"id":336,"date":"2020-11-24T12:35:22","date_gmt":"2020-11-24T11:35:22","guid":{"rendered":"https:\/\/semmelweis.hu\/varosmajor\/?page_id=336"},"modified":"2025-06-18T14:41:14","modified_gmt":"2025-06-18T12:41:14","slug":"betegjog","status":"publish","type":"page","link":"https:\/\/semmelweis.hu\/varosmajor\/beteginformacio\/betegjog\/","title":{"rendered":"Panaszkezel\u00e9s &#8211; Betegjogi k\u00e9pvisel\u0151"},"content":{"rendered":"<p style=\"text-align: justify;\">Az eg\u00e9szs\u00e9g\u00fcgyi int\u00e9zm\u00e9nyben az \u00d6n ter\u00fcletileg illet\u00e9kes betegjogi k\u00e9pvisel\u0151je:<\/p>\n<p style=\"text-align: justify;\"><strong>DR. MUNK JULIANNA<br \/>\n<\/strong>\u00a0+36 20 489 9520<br \/>\n<a href=\"mailto:julianna.munk@ijsz.bm.gov.hu\" target=\"_blank\" rel=\"noopener noreferrer\">julianna.munk@ijsz.bm.gov.hu<\/a><\/p>\n<p style=\"text-align: justify;\"><strong>Fogad\u00f3\u00f3ra\u00a0<\/strong><strong>helye: <br \/>\n<\/strong>K\u00e9palkot\u00f3 Diagnosztika t\u00e1rgyal\u00f3 <br \/>\n1122 Budapest, Hat\u00e1r\u0151r \u00fat 18. I. em.<br \/>\n<strong>A fogad\u00f3\u00f3ra telefonon egyeztet\u00e9st ig\u00e9nyel.<\/strong><\/p>\n<div class=\"fontos_div\">\n<p style=\"text-align: justify;\">A BETEGJOGI K\u00c9PVISEL\u0150 AZ INTEGR\u00c1LT JOGV\u00c9DELMI SZOLG\u00c1LAT (IJSZ) MUNKAT\u00c1RSA, <strong>AZ EG\u00c9SZS\u00c9G\u00dcGYI INT\u00c9ZM\u00c9NYT\u0150L F\u00dcGGETLEN SZEM\u00c9LY.<\/strong><\/p>\n<\/div>\n<p style=\"text-align: justify;\">A fenti el\u00e9rhet\u0151s\u00e9gek sikertelens\u00e9ge eset\u00e9n az IJSZ z\u00f6ldsz\u00e1ma h\u00edvhat\u00f3: +36 80 620 055<\/p>\n<p style=\"text-align: justify;\">On affairs of patients\u2019 rights foreign language patients should contact the following phone number: +36 20 489 9614<\/p>\n","protected":false},"excerpt":{"rendered":"<p>Az eg\u00e9szs\u00e9g\u00fcgyi int\u00e9zm\u00e9nyben az \u00d6n ter\u00fcletileg illet\u00e9kes betegjogi k\u00e9pvisel\u0151je: DR. MUNK JULIANNA \u00a0+36 20 489 9520 <a href=\"mailto:julianna.munk@ijsz.bm.gov.hu\" target=\"_blank\" rel=\"noopener noreferrer\">julianna.munk@ijsz.bm.gov.hu<\/a> Fogad\u00f3\u00f3ra\u00a0helye: K\u00e9palkot\u00f3 Diagnosztika t\u00e1rgyal\u00f3 1122 Budapest, Hat\u00e1r\u0151r \u00fat 18. I. em. A fogad\u00f3\u00f3ra telefonon egyeztet\u00e9st ig\u00e9nyel. A BETEGJOGI K\u00c9PVISEL\u0150 AZ INTEGR\u00c1LT JOGV\u00c9DELMI SZOLG\u00c1LAT (IJSZ) MUNKAT\u00c1RSA, AZ EG\u00c9SZS\u00c9G\u00dcGYI INT\u00c9ZM\u00c9NYT\u0150L F\u00dcGGETLEN SZEM\u00c9LY. A fenti el\u00e9rhet\u0151s\u00e9gek sikertelens\u00e9ge eset\u00e9n az IJSZ z\u00f6ldsz\u00e1ma h\u00edvhat\u00f3: &hellip;<\/p>\n","protected":false},"author":101737,"featured_media":0,"parent":3361,"menu_order":4,"comment_status":"closed","ping_status":"closed","template":"","meta":{"_acf_changed":false,"footnotes":""},"categories":[],"tags":[],"class_list":["post-336","page","type-page","status-publish","hentry"],"acf":[],"_links":{"self":[{"href":"https:\/\/semmelweis.hu\/varosmajor\/wp-json\/wp\/v2\/pages\/336","targetHints":{"allow":["GET"]}}],"collection":[{"href":"https:\/\/semmelweis.hu\/varosmajor\/wp-json\/wp\/v2\/pages"}],"about":[{"href":"https:\/\/semmelweis.hu\/varosmajor\/wp-json\/wp\/v2\/types\/page"}],"author":[{"embeddable":true,"href":"https:\/\/semmelweis.hu\/varosmajor\/wp-json\/wp\/v2\/users\/101737"}],"replies":[{"embeddable":true,"href":"https:\/\/semmelweis.hu\/varosmajor\/wp-json\/wp\/v2\/comments?post=336"}],"version-history":[{"count":11,"href":"https:\/\/semmelweis.hu\/varosmajor\/wp-json\/wp\/v2\/pages\/336\/revisions"}],"predecessor-version":[{"id":10614,"href":"https:\/\/semmelweis.hu\/varosmajor\/wp-json\/wp\/v2\/pages\/336\/revisions\/10614"}],"up":[{"embeddable":true,"href":"https:\/\/semmelweis.hu\/varosmajor\/wp-json\/wp\/v2\/pages\/3361"}],"wp:attachment":[{"href":"https:\/\/semmelweis.hu\/varosmajor\/wp-json\/wp\/v2\/media?parent=336"}],"wp:term":[{"taxonomy":"category","embeddable":true,"href":"https:\/\/semmelweis.hu\/varosmajor\/wp-json\/wp\/v2\/categories?post=336"},{"taxonomy":"post_tag","embeddable":true,"href":"https:\/\/semmelweis.hu\/varosmajor\/wp-json\/wp\/v2\/tags?post=336"}],"curies":[{"name":"wp","href":"https:\/\/api.w.org\/{rel}","templated":true}]}}