{"id":332,"date":"2020-11-24T12:35:02","date_gmt":"2020-11-24T11:35:02","guid":{"rendered":"https:\/\/semmelweis.hu\/varosmajor\/?page_id=332"},"modified":"2023-11-16T10:57:20","modified_gmt":"2023-11-16T09:57:20","slug":"alapitvanyok-egyesuletek","status":"publish","type":"page","link":"https:\/\/semmelweis.hu\/varosmajor\/klinikankrol\/alapitvanyok-egyesuletek\/","title":{"rendered":"Alap\u00edtv\u00e1nyok\/Egyes\u00fcletek"},"content":{"rendered":"<p>Klinik\u00e1nk tev\u00e9kenys\u00e9g\u00e9t seg\u00edtik \u00e9s t\u00e1mogatj\u00e1k a k\u00f6vetkez\u0151 alap\u00edtv\u00e1nyok:<\/p>\n<table class=\"bottom-border\">\n<thead>\n<tr>\n<td style=\"text-align: center\">Az alap\u00edtv\u00e1ny neve<\/td>\n<td style=\"text-align: center\">k\u00e9pvisel\u0151je<\/td>\n<td style=\"text-align: center\">sz\u00e9khelye<\/td>\n<td style=\"text-align: center\">ad\u00f3sz\u00e1ma<\/td>\n<\/tr>\n<\/thead>\n<tbody>\n<tr>\n<td><a href=\"https:\/\/semmelweis.hu\/varosmajor\/betegellatas\/kardiologia\/alapitvany\/\">Aritmia Kutat\u00e1s-Gy\u00f3gy\u00edt\u00e1s Alap\u00edtv\u00e1ny<\/a><\/td>\n<td>Demetern\u00e9 Dr. Kiss Orsolya<\/td>\n<td>1122 Budapest, V\u00e1rosmajor u. 68.<\/td>\n<td>18236648-2-43<\/td>\n<\/tr>\n<tr>\n<td><a href=\"https:\/\/semmelweis.hu\/ersebeszet\/magunkrol\/alapitvany\/\" target=\"_blank\" rel=\"noopener noreferrer\">V\u00e1rosmajori Alap\u00edtv\u00e1ny az \u00c9r- \u00e9s Sz\u00edvbetegek\u00e9rt<\/a><\/td>\n<td>&nbsp;<\/td>\n<td>1122 Budapest, V\u00e1rosmajor u. 68<\/td>\n<td>18006788-1-43<\/td>\n<\/tr>\n<tr>\n<td><a href=\"http:\/\/www.marfan.hu\/\" target=\"_blank\" rel=\"noopener noreferrer\">Marfan Alap\u00edtv\u00e1ny<\/a><\/td>\n<td>Prof. Dr. Szabolcs Zolt\u00e1n<\/td>\n<td>1122 Budapest, V\u00e1rosmajor u. 68<\/td>\n<td>18248371-1-43<\/td>\n<\/tr>\n<tr>\n<td><a href=\"https:\/\/semmelweis.hu\/varosmajor\/klinikankrol\/alapitvanyok\/studia-physiologica\/\">Studia Physiologica Alap\u00edtv\u00e1ny<\/a><\/td>\n<td>\n<p>Prof. Dr. Nagy Zolt\u00e1n<\/p>\n<p>Prof. Dr. Radovits Tam\u00e1s<\/p>\n<\/td>\n<td>1122 Budapest, V\u00e1rosmajor u. 68<\/td>\n<td>18235238-1-43<\/td>\n<\/tr>\n<\/tbody>\n<\/table>\n","protected":false},"excerpt":{"rendered":"<p>Klinik\u00e1nk tev\u00e9kenys\u00e9g\u00e9t seg\u00edtik \u00e9s t\u00e1mogatj\u00e1k a k\u00f6vetkez\u0151 alap\u00edtv\u00e1nyok: Az alap\u00edtv\u00e1ny neve k\u00e9pvisel\u0151je sz\u00e9khelye ad\u00f3sz\u00e1ma <a href=\"https:\/\/semmelweis.hu\/varosmajor\/betegellatas\/kardiologia\/alapitvany\/\">Aritmia Kutat\u00e1s-Gy\u00f3gy\u00edt\u00e1s Alap\u00edtv\u00e1ny<\/a> Demetern\u00e9 Dr. Kiss Orsolya 1122 Budapest, V\u00e1rosmajor u. 68. 18236648-2-43 <a href=\"https:\/\/semmelweis.hu\/ersebeszet\/magunkrol\/alapitvany\/\" target=\"_blank\" rel=\"noopener noreferrer\">V\u00e1rosmajori Alap\u00edtv\u00e1ny az \u00c9r- \u00e9s Sz\u00edvbetegek\u00e9rt<\/a> &nbsp; 1122 Budapest, V\u00e1rosmajor u. 68 18006788-1-43 <a href=\"http:\/\/www.marfan.hu\/\" target=\"_blank\" rel=\"noopener noreferrer\">Marfan Alap\u00edtv\u00e1ny<\/a> Prof. Dr. Szabolcs Zolt\u00e1n 1122 Budapest, V\u00e1rosmajor u. 68 18248371-1-43 <a href=\"https:\/\/semmelweis.hu\/varosmajor\/klinikankrol\/alapitvanyok\/studia-physiologica\/\">Studia Physiologica Alap\u00edtv\u00e1ny<\/a> Prof. Dr. Nagy Zolt\u00e1n Prof. Dr. Radovits Tam\u00e1s 1122 Budapest, V\u00e1rosmajor u. 68 18235238-1-43 &hellip;<\/p>\n","protected":false},"author":101737,"featured_media":0,"parent":104,"menu_order":8,"comment_status":"closed","ping_status":"closed","template":"","meta":{"_acf_changed":false,"footnotes":""},"categories":[],"tags":[],"class_list":["post-332","page","type-page","status-publish","hentry"],"acf":[],"_links":{"self":[{"href":"https:\/\/semmelweis.hu\/varosmajor\/wp-json\/wp\/v2\/pages\/332","targetHints":{"allow":["GET"]}}],"collection":[{"href":"https:\/\/semmelweis.hu\/varosmajor\/wp-json\/wp\/v2\/pages"}],"about":[{"href":"https:\/\/semmelweis.hu\/varosmajor\/wp-json\/wp\/v2\/types\/page"}],"author":[{"embeddable":true,"href":"https:\/\/semmelweis.hu\/varosmajor\/wp-json\/wp\/v2\/users\/101737"}],"replies":[{"embeddable":true,"href":"https:\/\/semmelweis.hu\/varosmajor\/wp-json\/wp\/v2\/comments?post=332"}],"version-history":[{"count":10,"href":"https:\/\/semmelweis.hu\/varosmajor\/wp-json\/wp\/v2\/pages\/332\/revisions"}],"predecessor-version":[{"id":4004,"href":"https:\/\/semmelweis.hu\/varosmajor\/wp-json\/wp\/v2\/pages\/332\/revisions\/4004"}],"up":[{"embeddable":true,"href":"https:\/\/semmelweis.hu\/varosmajor\/wp-json\/wp\/v2\/pages\/104"}],"wp:attachment":[{"href":"https:\/\/semmelweis.hu\/varosmajor\/wp-json\/wp\/v2\/media?parent=332"}],"wp:term":[{"taxonomy":"category","embeddable":true,"href":"https:\/\/semmelweis.hu\/varosmajor\/wp-json\/wp\/v2\/categories?post=332"},{"taxonomy":"post_tag","embeddable":true,"href":"https:\/\/semmelweis.hu\/varosmajor\/wp-json\/wp\/v2\/tags?post=332"}],"curies":[{"name":"wp","href":"https:\/\/api.w.org\/{rel}","templated":true}]}}