{"id":3312,"date":"2022-07-22T11:22:42","date_gmt":"2022-07-22T09:22:42","guid":{"rendered":"https:\/\/semmelweis.hu\/varosmajor\/?page_id=3312"},"modified":"2022-07-22T11:22:42","modified_gmt":"2022-07-22T09:22:42","slug":"hasznos-weboldalak","status":"publish","type":"page","link":"https:\/\/semmelweis.hu\/varosmajor\/gyogyitas\/szivtranszplantacio\/hasznos-weboldalak\/","title":{"rendered":"Tov\u00e1bbi hasznos weboldalak"},"content":{"rendered":"<p><img loading=\"lazy\" decoding=\"async\" class=\"wp-image-3314 alignright\" src=\"https:\/\/semmelweis.hu\/varosmajor\/files\/2022\/07\/vecteezy_couple-hands-holding-red-heart-love-and-health-care-concept__496-1-400x267.jpg\" alt=\"\" width=\"259\" height=\"173\" srcset=\"https:\/\/semmelweis.hu\/varosmajor\/files\/2022\/07\/vecteezy_couple-hands-holding-red-heart-love-and-health-care-concept__496-1-400x267.jpg 400w, https:\/\/semmelweis.hu\/varosmajor\/files\/2022\/07\/vecteezy_couple-hands-holding-red-heart-love-and-health-care-concept__496-1-1024x684.jpg 1024w, https:\/\/semmelweis.hu\/varosmajor\/files\/2022\/07\/vecteezy_couple-hands-holding-red-heart-love-and-health-care-concept__496-1-768x513.jpg 768w, https:\/\/semmelweis.hu\/varosmajor\/files\/2022\/07\/vecteezy_couple-hands-holding-red-heart-love-and-health-care-concept__496-1-753x503.jpg 753w, https:\/\/semmelweis.hu\/varosmajor\/files\/2022\/07\/vecteezy_couple-hands-holding-red-heart-love-and-health-care-concept__496-1-203x135.jpg 203w, https:\/\/semmelweis.hu\/varosmajor\/files\/2022\/07\/vecteezy_couple-hands-holding-red-heart-love-and-health-care-concept__496-1.jpg 1200w\" sizes=\"auto, (max-width: 259px) 100vw, 259px\" \/>Az al\u00e1bbi weboldalakon v\u00e1laszt tal\u00e1l tov\u00e1bbi k\u00e9rd\u00e9seire, vagy vegye fel a kapcsolatot vel\u00fcnk:<\/p>\n<p><a href=\"https:\/\/www.ovsz.hu\/hu\/sziv-transzplantacios-varolista\">Orsz\u00e1gos V\u00e9rell\u00e1t\u00f3 Szolg\u00e1lat V\u00e1r\u00f3lista<\/a><\/p>\n<p><a href=\"https:\/\/www.trapilap.hu\/\">Magyar Szerv\u00e1t\u00fcltetettek Sz\u00f6vets\u00e9ge<\/a><\/p>\n<p><a href=\"https:\/\/open.spotify.com\/show\/4nCTyq1dsnezJg5XZulGVu\">Magyar Szerv\u00e1t\u00fcltetettek Sz\u00f6vets\u00e9g\u00e9nek Lelki immuner\u0151s\u00edt\u0151 podcastja<\/a><\/p>\n<p><a href=\"https:\/\/www.doki.net\/tarsasag\/transplant\/info.aspx?sp=16&amp;web_id=\">Magyar Transzplant\u00e1ci\u00f3s T\u00e1rsas\u00e1g<\/a><\/p>\n<p><a href=\"https:\/\/www.youtube.com\/channel\/UCaM3VDuKcI2ipXJZDLLWw1w\">Szervkoordin\u00e1ci\u00f3s Iroda Youtube csatorn\u00e1ja; A szervadom\u00e1nyoz\u00e1sr\u00f3l \u00e9s szerv\u00e1t\u00fcltet\u00e9sr\u0151l \u00e1ltal\u00e1ban<\/a><\/p>\n<p>&nbsp;<\/p>\n","protected":false},"excerpt":{"rendered":"<p>Az al\u00e1bbi weboldalakon v\u00e1laszt tal\u00e1l tov\u00e1bbi k\u00e9rd\u00e9seire, vagy vegye fel a kapcsolatot vel\u00fcnk:<br \/>\n<a href=\"https:\/\/www.ovsz.hu\/hu\/sziv-transzplantacios-varolista\">Orsz\u00e1gos V\u00e9rell\u00e1t\u00f3 Szolg\u00e1lat V\u00e1r\u00f3lista<\/a><br \/>\n<a href=\"https:\/\/www.trapilap.hu\/\">Magyar Szerv\u00e1t\u00fcltetettek Sz\u00f6vets\u00e9ge<\/a><br \/>\n<a href=\"https:\/\/open.spotify.com\/show\/4nCTyq1dsnezJg5XZulGVu\">Magyar Szerv\u00e1t\u00fcltetettek Sz\u00f6vets\u00e9g\u00e9nek Lelki immuner\u0151s\u00edt\u0151 podcastja<\/a><br \/>\n<a href=\"https:\/\/www.doki.net\/tarsasag\/transplant\/info.aspx?sp=16&amp;web_id=\">Magyar Transzplant\u00e1ci\u00f3s T\u00e1rsas\u00e1g<\/a><br \/>\n<a href=\"https:\/\/www.youtube.com\/channel\/UCaM3VDuKcI2ipXJZDLLWw1w\">Szervkoordin\u00e1ci\u00f3s Iroda Youtube csatorn\u00e1ja; A szervadom\u00e1nyoz\u00e1sr\u00f3l \u00e9s szerv\u00e1t\u00fcltet\u00e9sr\u0151l \u00e1ltal\u00e1ban<\/a><br \/>\n&nbsp;<\/p>\n","protected":false},"author":102080,"featured_media":0,"parent":673,"menu_order":8,"comment_status":"closed","ping_status":"closed","template":"","meta":{"_acf_changed":false,"footnotes":""},"categories":[],"tags":[],"class_list":["post-3312","page","type-page","status-publish","hentry"],"acf":[],"_links":{"self":[{"href":"https:\/\/semmelweis.hu\/varosmajor\/wp-json\/wp\/v2\/pages\/3312","targetHints":{"allow":["GET"]}}],"collection":[{"href":"https:\/\/semmelweis.hu\/varosmajor\/wp-json\/wp\/v2\/pages"}],"about":[{"href":"https:\/\/semmelweis.hu\/varosmajor\/wp-json\/wp\/v2\/types\/page"}],"author":[{"embeddable":true,"href":"https:\/\/semmelweis.hu\/varosmajor\/wp-json\/wp\/v2\/users\/102080"}],"replies":[{"embeddable":true,"href":"https:\/\/semmelweis.hu\/varosmajor\/wp-json\/wp\/v2\/comments?post=3312"}],"version-history":[{"count":5,"href":"https:\/\/semmelweis.hu\/varosmajor\/wp-json\/wp\/v2\/pages\/3312\/revisions"}],"predecessor-version":[{"id":3318,"href":"https:\/\/semmelweis.hu\/varosmajor\/wp-json\/wp\/v2\/pages\/3312\/revisions\/3318"}],"up":[{"embeddable":true,"href":"https:\/\/semmelweis.hu\/varosmajor\/wp-json\/wp\/v2\/pages\/673"}],"wp:attachment":[{"href":"https:\/\/semmelweis.hu\/varosmajor\/wp-json\/wp\/v2\/media?parent=3312"}],"wp:term":[{"taxonomy":"category","embeddable":true,"href":"https:\/\/semmelweis.hu\/varosmajor\/wp-json\/wp\/v2\/categories?post=3312"},{"taxonomy":"post_tag","embeddable":true,"href":"https:\/\/semmelweis.hu\/varosmajor\/wp-json\/wp\/v2\/tags?post=3312"}],"curies":[{"name":"wp","href":"https:\/\/api.w.org\/{rel}","templated":true}]}}