{"id":3298,"date":"2022-07-22T10:46:38","date_gmt":"2022-07-22T08:46:38","guid":{"rendered":"https:\/\/semmelweis.hu\/varosmajor\/?page_id=3298"},"modified":"2025-10-10T14:58:58","modified_gmt":"2025-10-10T12:58:58","slug":"lelki-tamogatas","status":"publish","type":"page","link":"https:\/\/semmelweis.hu\/varosmajor\/gyogyitas\/szivtranszplantacio\/lelki-tamogatas\/","title":{"rendered":"Lelki t\u00e1mogat\u00e1s sz\u00edvtranszplant\u00e1ltaknak"},"content":{"rendered":"<h1>\u00daj sz\u00edvben \u00c9p l\u00e9lek Program<\/h1>\n<div class=\"keretes w-100\">\n<p><strong>Az \u00daj sz\u00edvben \u00c9p l\u00e9lek Program a Semmelweis Egyetem V\u00e1rosmajori Sz\u00edv-\u00e9s \u00c9rgy\u00f3gy\u00e1szati Klinika Sz\u00edvtranszplant\u00e1ci\u00f3s Munkacsoportj\u00e1nak kezdem\u00e9nyez\u00e9se. C\u00e9lunk, hogy fizikai gy\u00f3gy\u00edt\u00e1son t\u00fal a lelki eg\u00e9szs\u00e9g meg\u0151rz\u00e9s\u00e9re vagy helyre\u00e1ll\u00edt\u00e1s\u00e1ra ir\u00e1nyul\u00f3 kezdem\u00e9nyez\u00e9sekkel t\u00e1mogassuk sz\u00edvtranszplant\u00e1lt betegeinket \u00e9s hozz\u00e1tartoz\u00f3ikat.<\/strong><\/p>\n<\/div>\n<p>Amennyiben \u00fagy \u00e9rzi, hogy a sz\u00edvtranszplant\u00e1ci\u00f3ra val\u00f3 felk\u00e9sz\u00fcl\u00e9sben vagy a folyamat sor\u00e1n lelki t\u00e1mogat\u00e1sra lenne sz\u00fcks\u00e9ge, keresse bizalommal Koll\u00e9g\u00e1inkat:<\/p>\n<p><strong>dr. Assabiny Alexandra<\/strong> <br \/>\nkardiol\u00f3gus szakorvos, ment\u00e1lhigi\u00e9n\u00e9s szakember, addiktol\u00f3giai konzult\u00e1ns<br \/>\n<a href=\"mailto:assabiny.alexandra@semmelweis.hu\">assabiny.alexandra@semmelweis.hu<\/a><\/p>\n<p><strong>Dr. Ocsovszky Zs\u00f3fia<\/strong> <strong>PhD<\/strong><br \/>\n<span style=\"font-weight: 400\">alkalmazott eg\u00e9szs\u00e9g szakpszichol\u00f3gus, addikt\u00edv viselked\u00e9sek tan\u00e1csad\u00f3 szakpszichol\u00f3gusa, pszichoterapeuta jel\u00f6lt<\/span><br \/>\n+36 20\/670-1122<\/p>\n<p><strong>Otohal J\u00f3zsef<\/strong> <br \/>\npszichol\u00f3gus, <span style=\"font-weight: 400\">klinikai szakpszichol\u00f3gus jel\u00f6lt<\/span><br \/>\n+36 30\/016-4459<\/p>\n<p><strong>Ehrenberger Blanka<\/strong><br \/>\npszichol\u00f3gus, sportpszichol\u00f3giai szakpszichol\u00f3gus jel\u00f6lt<\/p>\n<p><strong>Dr. Papp-Zipernovszky Orsolya PhD<br \/>\n<\/strong><span style=\"font-weight: 400\">alkalmazott eg\u00e9szs\u00e9g szakpszichol\u00f3gus, <\/span>mentor szuperv\u00edzor, mentorprogram szervez\u0151, tr\u00e9ner, <span style=\"font-weight: 400\">pszichoterapeuta jel\u00f6lt<\/span><\/p>\n<p>A <a href=\"https:\/\/www.youtube.com\/channel\/UCHEZU0LV-vdBWeO7dXk1epg\" target=\"_blank\" rel=\"noopener\">Youtube csatorn\u00e1nkra folyamatosan tesz\u00fcnk k\u00f6zz\u00e9 olyan vide\u00f3kat<\/a>,\u00a0 amelyben az orvosi t\u00e1j\u00e9koztat\u00e1s mellett nagy hangs\u00falyt fektet\u00fcnk arra, hogy sz\u00edvtranszplant\u00e1lt sorst\u00e1rsak seg\u00edts\u00e9g\u00e9vel a beteg \u00e9s a hozz\u00e1tartoz\u00f3 szemsz\u00f6g\u00e9b\u0151l is bemutassuk a sz\u00edvtranszplant\u00e1ci\u00f3s folyamatot. Tekintse meg a Sz\u00edvtranszplant\u00e1lt beteg \u00fatja c\u00edm\u0171 els\u0151 film\u00fcnket!<\/p>\n<p style=\"text-align: center\"><iframe loading=\"lazy\" title=\"A sz\u00edvtranszplant\u00e1lt beteg \u00fatja\" width=\"753\" height=\"424\" src=\"https:\/\/www.youtube.com\/embed\/Lq63gsIImvQ?feature=oembed\" frameborder=\"0\" allow=\"accelerometer; autoplay; clipboard-write; encrypted-media; gyroscope; picture-in-picture; web-share\" referrerpolicy=\"strict-origin-when-cross-origin\" allowfullscreen><\/iframe><\/p>\n<p style=\"text-align: center\">\u00a0<\/p>\n","protected":false},"excerpt":{"rendered":"<p>\u00daj sz\u00edvben \u00c9p l\u00e9lek Program Az \u00daj sz\u00edvben \u00c9p l\u00e9lek Program a Semmelweis Egyetem V\u00e1rosmajori Sz\u00edv-\u00e9s \u00c9rgy\u00f3gy\u00e1szati Klinika Sz\u00edvtranszplant\u00e1ci\u00f3s Munkacsoportj\u00e1nak kezdem\u00e9nyez\u00e9se. C\u00e9lunk, hogy fizikai gy\u00f3gy\u00edt\u00e1son t\u00fal a lelki eg\u00e9szs\u00e9g meg\u0151rz\u00e9s\u00e9re vagy helyre\u00e1ll\u00edt\u00e1s\u00e1ra ir\u00e1nyul\u00f3 kezdem\u00e9nyez\u00e9sekkel t\u00e1mogassuk sz\u00edvtranszplant\u00e1lt betegeinket \u00e9s hozz\u00e1tartoz\u00f3ikat. Amennyiben \u00fagy \u00e9rzi, hogy a sz\u00edvtranszplant\u00e1ci\u00f3ra val\u00f3 felk\u00e9sz\u00fcl\u00e9sben vagy a folyamat sor\u00e1n lelki t\u00e1mogat\u00e1sra lenne sz\u00fcks\u00e9ge, &hellip;<\/p>\n","protected":false},"author":102080,"featured_media":0,"parent":673,"menu_order":6,"comment_status":"closed","ping_status":"closed","template":"","meta":{"_acf_changed":false,"footnotes":""},"categories":[],"tags":[],"class_list":["post-3298","page","type-page","status-publish","hentry"],"acf":[],"_links":{"self":[{"href":"https:\/\/semmelweis.hu\/varosmajor\/wp-json\/wp\/v2\/pages\/3298","targetHints":{"allow":["GET"]}}],"collection":[{"href":"https:\/\/semmelweis.hu\/varosmajor\/wp-json\/wp\/v2\/pages"}],"about":[{"href":"https:\/\/semmelweis.hu\/varosmajor\/wp-json\/wp\/v2\/types\/page"}],"author":[{"embeddable":true,"href":"https:\/\/semmelweis.hu\/varosmajor\/wp-json\/wp\/v2\/users\/102080"}],"replies":[{"embeddable":true,"href":"https:\/\/semmelweis.hu\/varosmajor\/wp-json\/wp\/v2\/comments?post=3298"}],"version-history":[{"count":12,"href":"https:\/\/semmelweis.hu\/varosmajor\/wp-json\/wp\/v2\/pages\/3298\/revisions"}],"predecessor-version":[{"id":12437,"href":"https:\/\/semmelweis.hu\/varosmajor\/wp-json\/wp\/v2\/pages\/3298\/revisions\/12437"}],"up":[{"embeddable":true,"href":"https:\/\/semmelweis.hu\/varosmajor\/wp-json\/wp\/v2\/pages\/673"}],"wp:attachment":[{"href":"https:\/\/semmelweis.hu\/varosmajor\/wp-json\/wp\/v2\/media?parent=3298"}],"wp:term":[{"taxonomy":"category","embeddable":true,"href":"https:\/\/semmelweis.hu\/varosmajor\/wp-json\/wp\/v2\/categories?post=3298"},{"taxonomy":"post_tag","embeddable":true,"href":"https:\/\/semmelweis.hu\/varosmajor\/wp-json\/wp\/v2\/tags?post=3298"}],"curies":[{"name":"wp","href":"https:\/\/api.w.org\/{rel}","templated":true}]}}