{"id":3197,"date":"2022-01-04T09:21:27","date_gmt":"2022-01-04T08:21:27","guid":{"rendered":"https:\/\/semmelweis.hu\/varosmajor\/?page_id=3197"},"modified":"2026-01-29T19:27:54","modified_gmt":"2026-01-29T18:27:54","slug":"lelki-tamogatas","status":"publish","type":"page","link":"https:\/\/semmelweis.hu\/varosmajor\/beteginformacio\/lelki-tamogatas\/","title":{"rendered":"Lelki t\u00e1mogat\u00e1s"},"content":{"rendered":"<p style=\"text-align: justify\">A V\u00e1rosmajori Sz\u00edv- \u00e9s \u00c9rgy\u00f3gy\u00e1szati Klinika a vil\u00e1g \u00e9s Eur\u00f3pa \u00e9lvonalbeli sz\u00edvcentrumak\u00e9nt betegeinek a legkiemelked\u0151bb \u00e9s legteljesebb ell\u00e1t\u00e1st k\u00edv\u00e1nja ny\u00fajtani, \u00edgy a sz\u00edvbetegs\u00e9ggel egy\u00fctt j\u00e1r\u00f3 lelki\u00e1llapotok hull\u00e1mv\u00f6lgyeiben is sz\u00e1m\u00edthatnak szakembereinkre.<\/p>\n<p style=\"text-align: justify\">A kardiol\u00f3giai, sz\u00edv-\u00e9s \u00e9rseb\u00e9szeti k\u00f3rk\u00e9pekkel val\u00f3 egy\u00fctt\u00e9l\u00e9s nemcsak fizikailag, de lelkileg is megterhel\u0151 lehet mind a beteg, mind a csal\u00e1dtagok sz\u00e1m\u00e1ra. A betegs\u00e9g elfogad\u00e1sa \u00e9s a fel\u00e9p\u00fcl\u00e9s \u00fatja hossz\u00fa lehet. Klinik\u00e1nk ment\u00e1lhigi\u00e9n\u00e9s t\u00e1mogat\u00e1st ny\u00fajt betegei \u00e9s csal\u00e1dtagjaik sz\u00e1m\u00e1ra, hogy a gy\u00f3gyul\u00e1shoz vezet\u0151 utat olyan t\u00e1mogat\u00f3 szakemberek seg\u00edts\u00e9g\u00e9vel tehess\u00e9k meg, akik folyamatosan nyomon k\u00f6vetik a betegek lelki\u00e1llapot\u00e1t, k\u00eds\u00e9rnek \u00e9s t\u00e1mogatnak, sz\u00fcks\u00e9g eset\u00e9n ter\u00e1pi\u00e1s lehet\u0151s\u00e9geket k\u00edn\u00e1lnak.<\/p>\n<p style=\"text-align: justify\">A hull\u00e1mz\u00f3 lelki\u00e1llapot term\u00e9szetes reakci\u00f3 ebben az \u00e9lethelyzetben, ez\u00e9rt b\u00e1tor\u00edtjuk betegeinket \u00e9s hozz\u00e1tartoz\u00f3ikat, hogy amennyiben \u00fagy \u00e9rzik, szeretn\u00e9nek besz\u00e9lgetni valakivel, keress\u00e9k szakembereinket!<\/p>\n<p style=\"text-align: justify\">Klinik\u00e1nkon lehet\u0151s\u00e9g van m\u0171t\u00e9t el\u0151tti felk\u00e9sz\u00edt\u0151 konzult\u00e1ci\u00f3n val\u00f3 r\u00e9szv\u00e9telre is. Egy m\u0171t\u00e9ti beavatkoz\u00e1s lelkileg is pr\u00f3b\u00e1ra tehet minket. A m\u0171t\u00e9tre v\u00e1r\u00f3k egy\u00e9ni m\u00f3don \u00e9lik meg ezt a folyamatot, hiszen m\u00e1sok vagyunk, k\u00fcl\u00f6nb\u00f6z\u0151 m\u00f3dokon reag\u00e1lunk. El\u0151fordulhat, hogy \u00fagy \u00e9rezz\u00fck, a f\u00e9lelmeink eluralkodnak rajtunk, kil\u00e1t\u00e1stalans\u00e1got \u00e9lhet\u00fcnk meg, nehezen b\u00edrjuk a k\u00f3rh\u00e1zi tart\u00f3zkod\u00e1st vagy egyszer\u0171en csak j\u00f3l esne egy kis lelki meger\u0151s\u00edt\u00e9s ebben a helyzetben.<\/p>\n<p style=\"text-align: justify\">M\u0171t\u00e9t el\u0151tti felk\u00e9sz\u00edt\u0151 konzult\u00e1ci\u00f3nkon stresszold\u00f3 technik\u00e1kkal ismerkedhet meg, valamint t\u00e1mogatjuk a m\u0171t\u00e9tre val\u00f3 ment\u00e1lis felk\u00e9sz\u00fcl\u00e9sben. A megfelel\u0151 lelki egyens\u00faly, alacsony stressz-szint seg\u00edti \u00e9s meggyors\u00edthatja a gy\u00f3gyul\u00e1si, fel\u00e9p\u00fcl\u00e9si folyamatot, hogy \u00d6n mihamarabb visszar\u00e1z\u00f3dhasson a mindennapokba!<\/p>\n<p style=\"text-align: justify\">Id\u0151pontegyeztet\u00e9s, jelentkez\u00e9s kapcs\u00e1n az al\u00e1bbi el\u00e9rhet\u0151s\u00e9geken kereshet minket:<\/p>\n<p style=\"text-align: justify\"><strong>Dr. Ocsovszky Zs\u00f3fia<\/strong> <strong>PhD<\/strong><br \/>\nalkalmazott eg\u00e9szs\u00e9g szakpszichol\u00f3gus, addikt\u00edv viselked\u00e9sek tan\u00e1csad\u00f3 szakpszichol\u00f3gusa, pszichoterapeuta jel\u00f6lt<br \/>\n+36 20\/670-1122<\/p>\n<p style=\"text-align: justify\"><strong>Otohal J\u00f3zsef<\/strong><strong><br \/>\n<\/strong>pszichol\u00f3gus, klinikai szakpszichol\u00f3gus jel\u00f6lt <br \/>\n+3630\/016-4459<\/p>\n<p><strong>Ehrenberger Blanka<\/strong><br \/>\npszichol\u00f3gus, sportpszichol\u00f3giai szakpszichol\u00f3gus jel\u00f6lt<\/p>\n<p><strong>Dr. Papp-Zipernovszky Orsolya PhD<br \/>\n<\/strong>alkalmazott eg\u00e9szs\u00e9gpszichol\u00f3giai <span class=\"outlook-search-highlight\" data-markjs=\"true\">szakpszichol\u00f3gus<\/span>,\u00a0Semmelweis Transzplant\u00e1ci\u00f3s Sorst\u00e1rsi Mentorprogram mentor-szuperv\u00edzor<\/p>\n<p><strong>dr. Assabiny Alexandra<\/strong><br \/>\nkardiol\u00f3gus szakorvos, ment\u00e1lhigi\u00e9n\u00e9s szakember, addiktol\u00f3giai konzult\u00e1ns<br \/>\n+3620\/663-2938<\/p>\n<p><img loading=\"lazy\" decoding=\"async\" class=\"aligncenter\" src=\"https:\/\/semmelweis.hu\/varosmajor\/files\/2024\/04\/plakat.png\" alt=\"\" width=\"446\" height=\"446\" \/><\/p>\n","protected":false},"excerpt":{"rendered":"<p>A V\u00e1rosmajori Sz\u00edv- \u00e9s \u00c9rgy\u00f3gy\u00e1szati Klinika a vil\u00e1g \u00e9s Eur\u00f3pa \u00e9lvonalbeli sz\u00edvcentrumak\u00e9nt betegeinek a legkiemelked\u0151bb \u00e9s legteljesebb ell\u00e1t\u00e1st k\u00edv\u00e1nja ny\u00fajtani, \u00edgy a sz\u00edvbetegs\u00e9ggel egy\u00fctt j\u00e1r\u00f3 lelki\u00e1llapotok hull\u00e1mv\u00f6lgyeiben is sz\u00e1m\u00edthatnak szakembereinkre. A kardiol\u00f3giai, sz\u00edv-\u00e9s \u00e9rseb\u00e9szeti k\u00f3rk\u00e9pekkel val\u00f3 egy\u00fctt\u00e9l\u00e9s nemcsak fizikailag, de lelkileg is megterhel\u0151 lehet mind a beteg, mind a csal\u00e1dtagok sz\u00e1m\u00e1ra. A betegs\u00e9g elfogad\u00e1sa \u00e9s &hellip;<\/p>\n","protected":false},"author":12,"featured_media":0,"parent":3361,"menu_order":2,"comment_status":"closed","ping_status":"closed","template":"","meta":{"_acf_changed":false,"footnotes":""},"categories":[],"tags":[],"class_list":["post-3197","page","type-page","status-publish","hentry"],"acf":[],"_links":{"self":[{"href":"https:\/\/semmelweis.hu\/varosmajor\/wp-json\/wp\/v2\/pages\/3197","targetHints":{"allow":["GET"]}}],"collection":[{"href":"https:\/\/semmelweis.hu\/varosmajor\/wp-json\/wp\/v2\/pages"}],"about":[{"href":"https:\/\/semmelweis.hu\/varosmajor\/wp-json\/wp\/v2\/types\/page"}],"author":[{"embeddable":true,"href":"https:\/\/semmelweis.hu\/varosmajor\/wp-json\/wp\/v2\/users\/12"}],"replies":[{"embeddable":true,"href":"https:\/\/semmelweis.hu\/varosmajor\/wp-json\/wp\/v2\/comments?post=3197"}],"version-history":[{"count":10,"href":"https:\/\/semmelweis.hu\/varosmajor\/wp-json\/wp\/v2\/pages\/3197\/revisions"}],"predecessor-version":[{"id":14394,"href":"https:\/\/semmelweis.hu\/varosmajor\/wp-json\/wp\/v2\/pages\/3197\/revisions\/14394"}],"up":[{"embeddable":true,"href":"https:\/\/semmelweis.hu\/varosmajor\/wp-json\/wp\/v2\/pages\/3361"}],"wp:attachment":[{"href":"https:\/\/semmelweis.hu\/varosmajor\/wp-json\/wp\/v2\/media?parent=3197"}],"wp:term":[{"taxonomy":"category","embeddable":true,"href":"https:\/\/semmelweis.hu\/varosmajor\/wp-json\/wp\/v2\/categories?post=3197"},{"taxonomy":"post_tag","embeddable":true,"href":"https:\/\/semmelweis.hu\/varosmajor\/wp-json\/wp\/v2\/tags?post=3197"}],"curies":[{"name":"wp","href":"https:\/\/api.w.org\/{rel}","templated":true}]}}