{"id":3119,"date":"2021-09-09T13:32:31","date_gmt":"2021-09-09T11:32:31","guid":{"rendered":"https:\/\/semmelweis.hu\/varosmajor\/?page_id=3119"},"modified":"2024-09-10T10:44:00","modified_gmt":"2024-09-10T08:44:00","slug":"a-digitalis-ekg-elektrofiziologia-mesterseges-intelligencia-projekt-tdk-felhivasa","status":"publish","type":"page","link":"https:\/\/semmelweis.hu\/varosmajor\/kutatas\/kardiologia\/a-digitalis-ekg-elektrofiziologia-mesterseges-intelligencia-projekt-tdk-felhivasa\/","title":{"rendered":"A &#8220;Digit\u00e1lis EKG-elektrofiziol\u00f3gia-Mesters\u00e9ges intelligencia&#8221; projekt TDK-felh\u00edv\u00e1sa"},"content":{"rendered":"<p style=\"text-align: justify\"><strong>Kedves Fiatal Koll\u00e9g\u00e1k!<\/strong><\/p>\n<p style=\"text-align: justify\">Szeretn\u00e9nk felh\u00edvni a figyelmeteket egy a V\u00e1rosmajori Sz\u00edv \u00e9s \u00c9rgy\u00f3gy\u00e1szati Klinik\u00e1n indul\u00f3, innovat\u00edv kutat\u00e1sra, mely a legmodernebb technikai lehet\u0151s\u00e9geket k\u00edv\u00e1nja integr\u00e1lni a kardiol\u00f3giai kutat\u00e1sba. A kutat\u00e1s kapcs\u00e1n TDK-munk\u00e1ra is lehet\u0151s\u00e9get biztos\u00edtunk.<\/p>\n<p style=\"text-align: justify\"><span style=\"text-decoration: underline\">A kutat\u00e1s t\u00e9m\u00e1ja:<\/span> Digit\u00e1lis EKG-bevezet\u00e9se (pap\u00edralap\u00fa regisztr\u00e1tumok kiv\u00e1lt\u00e1sa), majd a felv\u00e9teleken l\u00e1that\u00f3, csak mesters\u00e9ges intelligencia \u00e1ltal felismerhet\u0151, szabad szemmel nem l\u00e1that\u00f3 mint\u00e1zatok alapj\u00e1n egyes k\u00f3rk\u00e9pek kialakul\u00e1s\u00e1nak \u00e9s\/vagy kimenet\u00e9nek predikci\u00f3ja.<br \/>\nA fenti ter\u00fclet kutat\u00e1sa a legfontosabb nemzetk\u00f6zi k\u00f6zpontokban indult el az elm\u00falt \u00e9vekben, \u00edgy pl. a Mayo Clinic kutat\u00f3i olyan algoritmusokat k\u00e9sz\u00edtettek, melyek t\u00f6bbek k\u00f6z\u00f6tt a felsz\u00edni, 12 elvezet\u00e9ses EKG alapj\u00e1n sinus ritmusban negat\u00edv anamn\u00e9zis\u0171 betegekr\u0151l k\u00e9sz\u00fclt felv\u00e9telek alapj\u00e1n k\u00e9pesek el\u0151rejelezni a cs\u00f6kkent ejekci\u00f3s frakci\u00f3val j\u00e1r\u00f3 sz\u00edvel\u00e9gtelens\u00e9g, vagy a pitvarfibrill\u00e1ci\u00f3 kialakul\u00e1s\u00e1t, vagy nagy pontoss\u00e1ggal megbecs\u00fclik a beteg k\u00e1liumszintj\u00e9t.<\/p>\n<p><img loading=\"lazy\" decoding=\"async\" class=\"alignnone size-medium wp-image-3120\" src=\"https:\/\/semmelweis.hu\/varosmajor\/files\/2021\/09\/image-2-400x215.png\" alt=\"\" width=\"400\" height=\"215\" srcset=\"https:\/\/semmelweis.hu\/varosmajor\/files\/2021\/09\/image-2-400x215.png 400w, https:\/\/semmelweis.hu\/varosmajor\/files\/2021\/09\/image-2.png 556w\" sizes=\"auto, (max-width: 400px) 100vw, 400px\" \/><\/p>\n<p style=\"text-align: justify\">Az \u00faj kutat\u00e1s mellett lehet\u0151s\u00e9g lesz bekapcsol\u00f3dni a m\u00e1r <span style=\"text-decoration: underline\">r\u00e9gebb \u00f3ta foly\u00f3 kutat\u00e1sainkba<\/span> is, melyek c\u00e9lja szint\u00e9n a mesters\u00e9ges intelligencia felhaszn\u00e1l\u00e1sa predikt\u00edv modellek fel\u00e9p\u00edt\u00e9s\u00e9ben, de hagyom\u00e1nyos bemeneti v\u00e1ltoz\u00f3kra \u00e9p\u00edtve (anamnesztikus adatok, k\u00e9palkot\u00f3 vizsg\u00e1latok eredm\u00e9nyeinek param\u00e9terei, egy\u00e9b le\u00edr\u00f3 adatok stb.). Ez\u00e1ltal k\u00fcl\u00f6nb\u00f6z\u0151 ritmuszavarok abl\u00e1ci\u00f3j\u00e1nak predikt\u00edv szerep\u00e9t vizsg\u00e1ljuk a kimenetel \u00e9s a beavatkoz\u00e1s sikeress\u00e9g\u00e9nek tekintet\u00e9ben mesters\u00e9ges<br \/>\nintelligencia felhaszn\u00e1l\u00e1s\u00e1val.<\/p>\n<p style=\"text-align: justify\"><span style=\"text-decoration: underline\">A megfelel\u0151 jelentkez\u0151:<\/span><br \/>\n\uf0b7 3.-5. \u00e9vfolyamos tanulm\u00e1nyokat folytat \u00e1ltal\u00e1nos orvosi szakon,<br \/>\n\uf0b7 4,0 feletti a tanulm\u00e1nyi \u00e1tlaga,<br \/>\n\uf0b7 heti 4-6 \u00f3r\u00e1s, leggyakrabban szem\u00e9lyes klinikai jelenl\u00e9tet ig\u00e9nyl\u0151 elfoglalts\u00e1got be tud \u00e9p\u00edteni \u00f3rarendj\u00e9be.<\/p>\n<p style=\"text-align: justify\">\n<strong>A kiv\u00e1lasztott jelentkez\u0151kkel egy szem\u00e9lyes interj\u00fat is fogunk tartani, el\u0151rel\u00e1that\u00f3lag szeptember 13-\u00e1n, h\u00e9tf\u0151 d\u00e9lut\u00e1n, melynek id\u0151pontj\u00e1t szeptember 12-\u00e9n telefonon egyeztetj\u00fck.<\/strong><\/p>\n<p style=\"text-align: justify\">\n<strong>Jelentkez\u00e9s m\u00f3dja:<\/strong> a vamosi.peter@semmelweis-univ.hu email-c\u00edmre f\u00e9nyk\u00e9pes szakmai-tudom\u00e1nyos \u00f6n\u00e9letrajzzal, melyben a megszokott tartalmi elemeken fel\u00fcl k\u00e9rj\u00fck az eddigi tanulm\u00e1nyi \u00e1tlag(ok) felt\u00fcntet\u00e9s\u00e9t, a kardiol\u00f3gia tant\u00e1rgyat (kor\u00e1bban: Belgy\u00f3gy\u00e1szat (Kardiol\u00f3gia), jelenleg:<br \/>\nKardiol\u00f3gia, angiol\u00f3gia, sz\u00edvseb\u00e9szet \u00e9s \u00e9rseb\u00e9szet) m\u00e1r teljes\u00edtettek eset\u00e9n pedig annak eredm\u00e9ny\u00e9nek megad\u00e1s\u00e1t is, tov\u00e1bb\u00e1 telefonsz\u00e1m felt\u00fcntet\u00e9s\u00e9t.<br \/>\n<strong>Hat\u00e1rid\u0151: 2021. 09. 12. (szombat) 23:59.<\/strong><\/p>\n<p style=\"text-align: justify\">Tov\u00e1bbi inform\u00e1ci\u00f3 is a fenti email c\u00edmen k\u00e9rhet\u0151, m\u00e1r ebben a lev\u00e9lben is k\u00e9rj\u00fck mobiltelefonsz\u00e1m megad\u00e1s\u00e1t is.<\/p>\n<p>&nbsp;<\/p>\n<p style=\"text-align: justify\"><strong>Dr. V\u00e1mosi P\u00e9ter<\/strong><\/p>\n<p style=\"text-align: justify\">PHD-hallgat\u00f3, kardiol\u00f3gus szakorvos-jel\u00f6lt<\/p>\n<p style=\"text-align: justify\">\u00a0<\/p>\n<p style=\"text-align: justify\"><strong>Dr. Nagy Klaudia Vivien<\/strong><\/p>\n<p style=\"text-align: justify\">egyetemi adjunktus, kardiol\u00f3gus szakorvos<\/p>\n<p>&nbsp;<\/p>\n<p><img loading=\"lazy\" decoding=\"async\" class=\"alignnone size-medium wp-image-3121\" src=\"https:\/\/semmelweis.hu\/varosmajor\/files\/2021\/09\/image-400x339.png\" alt=\"\" width=\"400\" height=\"339\" srcset=\"https:\/\/semmelweis.hu\/varosmajor\/files\/2021\/09\/image-400x339.png 400w, https:\/\/semmelweis.hu\/varosmajor\/files\/2021\/09\/image.png 600w\" sizes=\"auto, (max-width: 400px) 100vw, 400px\" \/><\/p>\n<p>&nbsp;<\/p>\n","protected":false},"excerpt":{"rendered":"<p>Kedves Fiatal Koll\u00e9g\u00e1k! Szeretn\u00e9nk felh\u00edvni a figyelmeteket egy a V\u00e1rosmajori Sz\u00edv \u00e9s \u00c9rgy\u00f3gy\u00e1szati Klinik\u00e1n indul\u00f3, innovat\u00edv kutat\u00e1sra, mely a legmodernebb technikai lehet\u0151s\u00e9geket k\u00edv\u00e1nja integr\u00e1lni a kardiol\u00f3giai kutat\u00e1sba. A kutat\u00e1s kapcs\u00e1n TDK-munk\u00e1ra is lehet\u0151s\u00e9get biztos\u00edtunk. A kutat\u00e1s t\u00e9m\u00e1ja: Digit\u00e1lis EKG-bevezet\u00e9se (pap\u00edralap\u00fa regisztr\u00e1tumok kiv\u00e1lt\u00e1sa), majd a felv\u00e9teleken l\u00e1that\u00f3, csak mesters\u00e9ges intelligencia \u00e1ltal felismerhet\u0151, szabad szemmel nem l\u00e1that\u00f3 &hellip;<\/p>\n","protected":false},"author":101840,"featured_media":0,"parent":784,"menu_order":6,"comment_status":"closed","ping_status":"closed","template":"","meta":{"_acf_changed":false,"footnotes":""},"categories":[],"tags":[],"class_list":["post-3119","page","type-page","status-publish","hentry"],"acf":[],"_links":{"self":[{"href":"https:\/\/semmelweis.hu\/varosmajor\/wp-json\/wp\/v2\/pages\/3119","targetHints":{"allow":["GET"]}}],"collection":[{"href":"https:\/\/semmelweis.hu\/varosmajor\/wp-json\/wp\/v2\/pages"}],"about":[{"href":"https:\/\/semmelweis.hu\/varosmajor\/wp-json\/wp\/v2\/types\/page"}],"author":[{"embeddable":true,"href":"https:\/\/semmelweis.hu\/varosmajor\/wp-json\/wp\/v2\/users\/101840"}],"replies":[{"embeddable":true,"href":"https:\/\/semmelweis.hu\/varosmajor\/wp-json\/wp\/v2\/comments?post=3119"}],"version-history":[{"count":5,"href":"https:\/\/semmelweis.hu\/varosmajor\/wp-json\/wp\/v2\/pages\/3119\/revisions"}],"predecessor-version":[{"id":5829,"href":"https:\/\/semmelweis.hu\/varosmajor\/wp-json\/wp\/v2\/pages\/3119\/revisions\/5829"}],"up":[{"embeddable":true,"href":"https:\/\/semmelweis.hu\/varosmajor\/wp-json\/wp\/v2\/pages\/784"}],"wp:attachment":[{"href":"https:\/\/semmelweis.hu\/varosmajor\/wp-json\/wp\/v2\/media?parent=3119"}],"wp:term":[{"taxonomy":"category","embeddable":true,"href":"https:\/\/semmelweis.hu\/varosmajor\/wp-json\/wp\/v2\/categories?post=3119"},{"taxonomy":"post_tag","embeddable":true,"href":"https:\/\/semmelweis.hu\/varosmajor\/wp-json\/wp\/v2\/tags?post=3119"}],"curies":[{"name":"wp","href":"https:\/\/api.w.org\/{rel}","templated":true}]}}